{"id":2348,"date":"2012-05-18T08:00:36","date_gmt":"2012-05-18T06:00:36","guid":{"rendered":"http:\/\/wp.unil.ch\/allezsavoir\/?page_id=2348"},"modified":"2026-02-16T10:12:56","modified_gmt":"2026-02-16T08:12:56","slug":"electronique","status":"publish","type":"page","link":"https:\/\/wp.unil.ch\/allezsavoir\/electronique\/","title":{"rendered":"Edition \u00e9lectronique"},"content":{"rendered":"\n<p>Pour t\u00e9l\u00e9charger <a href=\"https:\/\/com-www.unil.ch\/allezsavoir\/AS091.pdf\" data-type=\"link\" data-id=\"https:\/\/com-www.unil.ch\/allezsavoir\/AS088.pdf\" target=\"_blank\" rel=\"noreferrer noopener\">le PDF du dernier num\u00e9ro (91, f\u00e9vrier 2026)<\/a><\/p>\n\n\n\n<p><a href=\"https:\/\/wp.unil.ch\/allezsavoir\/archives\/\" data-type=\"URL\" data-id=\"https:\/\/wp.unil.ch\/allezsavoir\/archives\/\" target=\"_blank\" rel=\"noreferrer noopener\">Tous les magazines en format pdf<\/a><\/p>\n\n\n\n<p>Allez savoir! au complet est disponible sur <a rel=\"noreferrer noopener\" href=\"https:\/\/scriptorium.bcu-lausanne.ch\/browse\" target=\"_blank\">scriptorium<\/a><\/p>\n\n\n\n<p><\/p>\n","protected":false},"excerpt":{"rendered":"<p>Pour t\u00e9l\u00e9charger le PDF du dernier num\u00e9ro (91, f\u00e9vrier 2026) Tous les magazines en format pdf Allez savoir! au complet est disponible sur scriptorium<\/p>\n","protected":false},"author":825,"featured_media":0,"parent":0,"menu_order":2,"comment_status":"closed","ping_status":"closed","template":"","meta":{"_seopress_robots_primary_cat":"","_seopress_titles_title":"","_seopress_titles_desc":"","_seopress_robots_index":"","footnotes":""},"class_list":["post-2348","page","type-page","status-publish"],"_links":{"self":[{"href":"https:\/\/wp.unil.ch\/allezsavoir\/wp-json\/wp\/v2\/pages\/2348","targetHints":{"allow":["GET"]}}],"collection":[{"href":"https:\/\/wp.unil.ch\/allezsavoir\/wp-json\/wp\/v2\/pages"}],"about":[{"href":"https:\/\/wp.unil.ch\/allezsavoir\/wp-json\/wp\/v2\/types\/page"}],"author":[{"embeddable":true,"href":"https:\/\/wp.unil.ch\/allezsavoir\/wp-json\/wp\/v2\/users\/825"}],"replies":[{"embeddable":true,"href":"https:\/\/wp.unil.ch\/allezsavoir\/wp-json\/wp\/v2\/comments?post=2348"}],"version-history":[{"count":5,"href":"https:\/\/wp.unil.ch\/allezsavoir\/wp-json\/wp\/v2\/pages\/2348\/revisions"}],"predecessor-version":[{"id":15458,"href":"https:\/\/wp.unil.ch\/allezsavoir\/wp-json\/wp\/v2\/pages\/2348\/revisions\/15458"}],"wp:attachment":[{"href":"https:\/\/wp.unil.ch\/allezsavoir\/wp-json\/wp\/v2\/media?parent=2348"}],"curies":[{"name":"wp","href":"https:\/\/api.w.org\/{rel}","templated":true}]}}