{"id":121,"date":"2009-12-11T16:47:33","date_gmt":"2009-12-11T14:47:33","guid":{"rendered":"http:\/\/wp.unil.ch\/allezsavoir\/?page_id=121"},"modified":"2025-09-16T15:03:36","modified_gmt":"2025-09-16T13:03:36","slug":"a-propos","status":"publish","type":"page","link":"https:\/\/wp.unil.ch\/allezsavoir\/a-propos\/","title":{"rendered":"\u00c0 propos"},"content":{"rendered":"\n<h4 class=\"wp-block-heading\" id=\"le-magazine-de-l-universite-de-lausanne-unil\">Le magazine de l&rsquo;Universit\u00e9 de Lausanne (Unil)<\/h4>\n\n\n\n<p><em>Allez savoir!<\/em> compte 3 num\u00e9ros par ann\u00e9e et para\u00eet en mai, en octobre et en f\u00e9vrier. Son tirage papier est de 16\u2019000 exemplaires dont 12&rsquo;000 sont adress\u00e9s \u00e0 des abonn\u00e9s. Il est par ailleurs distribu\u00e9 sur le campus de l\u2019Unil et au CHUV, ainsi qu&rsquo;\u00e0 la Biblioth\u00e8que cantonale et universitaire &#8211; Site Riponne.<\/p>\n\n\n\n<p>Le magazine gratuit de l\u2019UNIL est \u00e9galement disponible dans son int\u00e9gralit\u00e9 sous <a href=\"https:\/\/wp.unil.ch\/allezsavoir\/electronique\/\">forme \u00e9lectronique<\/a>.<\/p>\n\n\n\n<p><em>Allez savoir!<\/em> est r\u00e9alis\u00e9 par Unicom, le service de communication de l\u2019UNIL, en collaboration avec une \u00e9quipe de journalistes professionnels externes.<\/p>\n\n\n\n<p>Le c\u0153ur du magazine r\u00e9side dans sept articles de fond portant sur des th\u00e8mes d\u2019actualit\u00e9 en lien avec la recherche men\u00e9es \u00e0 l&rsquo;Unil, compl\u00e9t\u00e9s par des chroniques, un portrait d&rsquo;alumni, une rencontre avec un scientifique, des portfolios d&rsquo;images, des br\u00e8ves qui rendent compte de la vie de l\u2019institution, une offre de formation continue Unil-EPFL ainsi que des recensions d&rsquo;ouvrages dont les auteurs sont li\u00e9s \u00e0 l&rsquo;institution.<\/p>\n","protected":false},"excerpt":{"rendered":"<p>Le magazine de l&rsquo;Universit\u00e9 de Lausanne (Unil) Allez savoir! compte 3 num\u00e9ros par ann\u00e9e et para\u00eet en mai, en octobre et en f\u00e9vrier. Son tirage papier est de 16\u2019000 exemplaires &hellip; <\/p>\n","protected":false},"author":825,"featured_media":0,"parent":0,"menu_order":3,"comment_status":"closed","ping_status":"closed","template":"","meta":{"_seopress_robots_primary_cat":"","_seopress_titles_title":"","_seopress_titles_desc":"","_seopress_robots_index":"","footnotes":""},"class_list":["post-121","page","type-page","status-publish"],"_links":{"self":[{"href":"https:\/\/wp.unil.ch\/allezsavoir\/wp-json\/wp\/v2\/pages\/121","targetHints":{"allow":["GET"]}}],"collection":[{"href":"https:\/\/wp.unil.ch\/allezsavoir\/wp-json\/wp\/v2\/pages"}],"about":[{"href":"https:\/\/wp.unil.ch\/allezsavoir\/wp-json\/wp\/v2\/types\/page"}],"author":[{"embeddable":true,"href":"https:\/\/wp.unil.ch\/allezsavoir\/wp-json\/wp\/v2\/users\/825"}],"replies":[{"embeddable":true,"href":"https:\/\/wp.unil.ch\/allezsavoir\/wp-json\/wp\/v2\/comments?post=121"}],"version-history":[{"count":4,"href":"https:\/\/wp.unil.ch\/allezsavoir\/wp-json\/wp\/v2\/pages\/121\/revisions"}],"predecessor-version":[{"id":15090,"href":"https:\/\/wp.unil.ch\/allezsavoir\/wp-json\/wp\/v2\/pages\/121\/revisions\/15090"}],"wp:attachment":[{"href":"https:\/\/wp.unil.ch\/allezsavoir\/wp-json\/wp\/v2\/media?parent=121"}],"curies":[{"name":"wp","href":"https:\/\/api.w.org\/{rel}","templated":true}]}}