{"id":459,"date":"2020-11-09T17:21:58","date_gmt":"2020-11-09T16:21:58","guid":{"rendered":"https:\/\/wp.unil.ch\/agrarianrepublics\/?page_id=459"},"modified":"2022-04-08T14:51:36","modified_gmt":"2022-04-08T12:51:36","slug":"publications","status":"publish","type":"page","link":"https:\/\/wp.unil.ch\/agrarianrepublics\/publications\/","title":{"rendered":"Publications"},"content":{"rendered":"\n<figure class=\"wp-block-image size-large\"><a href=\"https:\/\/wp.unil.ch\/agrarianrepublics\/files\/2021\/02\/Enlightenment_Agrarian_Republics_EUR25_H_Res.jpg\" target=\"_blank\" rel=\"noopener\"><img alt=\"\" loading=\"lazy\" decoding=\"async\" width=\"1024\" height=\"670\" src=\"https:\/\/wp.unil.ch\/agrarianrepublics\/files\/2021\/02\/Enlightenment_Agrarian_Republics_EUR25_H_Res-1024x670.jpg\" alt=\"\" class=\"wp-image-598\" srcset=\"https:\/\/wp.unil.ch\/agrarianrepublics\/files\/2021\/02\/Enlightenment_Agrarian_Republics_EUR25_H_Res-1024x670.jpg 1024w, https:\/\/wp.unil.ch\/agrarianrepublics\/files\/2021\/02\/Enlightenment_Agrarian_Republics_EUR25_H_Res-300x196.jpg 300w, https:\/\/wp.unil.ch\/agrarianrepublics\/files\/2021\/02\/Enlightenment_Agrarian_Republics_EUR25_H_Res-768x503.jpg 768w, https:\/\/wp.unil.ch\/agrarianrepublics\/files\/2021\/02\/Enlightenment_Agrarian_Republics_EUR25_H_Res-1536x1006.jpg 1536w, https:\/\/wp.unil.ch\/agrarianrepublics\/files\/2021\/02\/Enlightenment_Agrarian_Republics_EUR25_H_Res-336x220.jpg 336w, https:\/\/wp.unil.ch\/agrarianrepublics\/files\/2021\/02\/Enlightenment_Agrarian_Republics_EUR25_H_Res.jpg 1833w\" sizes=\"auto, (max-width: 1024px) 100vw, 1024px\" \/><\/a><\/figure>\n\n\n\n<p>Auguste Bertholet, <a href=\"https:\/\/www.slatkine.com\/fr\/editions-slatkine\/75250-book-05077807-3600120175625.html\" data-type=\"URL\" data-id=\"https:\/\/www.slatkine.com\/fr\/editions-slatkine\/75250-book-05077807-3600120175625.html\" target=\"_blank\" rel=\"noreferrer noopener\">&#8220;Constant, Sismondi et la Pologne&#8221;<\/a>, <em>Annales Benjamin Constant<\/em>, n\u00b0 46, 2021, pp. 65-85.<\/p>\n\n\n\n<p>Auguste Bertholet,&nbsp;<a rel=\"noreferrer noopener\" href=\"https:\/\/doi.org\/10.1080\/01916599.2020.1763745\" target=\"_blank\">&#8220;The intellectual origins of Mirabeau&#8221;<\/a>,&nbsp;<em>History of European Ideas<\/em>, vol. 47, 2021, pp. 91-96.<\/p>\n\n\n\n<p>Auguste Bertholet,&nbsp;<a rel=\"noreferrer noopener\" href=\"https:\/\/lumieres.unil.ch\/media\/files\/2021\/06\/Trouvaille_LL_6_2021_BertholetA_pAciWiI.pdf\" data-type=\"URL\" data-id=\"https:\/\/lumieres.unil.ch\/media\/files\/2021\/06\/Trouvaille_LL_6_2021_BertholetA_pAciWiI.pdf\" target=\"_blank\">&#8220;Le &#8216;M\u00e9moire sur la vie de Monsieur Elie Bertrand&#8217; (1783), ou la construction de la post\u00e9rit\u00e9 d&#8217;un &#8216;grand homme&#8217; des Lumi\u00e8res helv\u00e9tiques&#8221;<\/a>,&nbsp;<em>Trouvailles Lumi\u00e8re.Lausanne<\/em>, n\u00b0 6, 2021; along with the annotated transcription of Bertrand&#8217;s &#8220;M\u00e9moire&#8221; on <a rel=\"noreferrer noopener\" href=\"https:\/\/lumieres.unil.ch\/fiches\/trans\/1098\/\" data-type=\"URL\" data-id=\"https:\/\/lumieres.unil.ch\/fiches\/trans\/1098\/\" target=\"_blank\">Lumi\u00e8res.Lausanne<\/a>.<\/p>\n\n\n\n<p>Auguste Bertholet and B\u00e9la&nbsp;Kapossy (eds.),&nbsp;<em>La Physiocratie et la Suisse. \u00c9tudes de la correspondance du marquis de Mirabeau et Marc Charles Fr\u00e9d\u00e9ric de&nbsp;Sacconay (1731-1787)<\/em>, Geneva,&nbsp;Slatkine (\u00abTravaux sur la Suisse des&nbsp;Lumi\u00e8res\u00bb), 2022 (forthcoming). Based on a <a href=\"https:\/\/wp.unil.ch\/agrarianrepublics\/2018\/10\/27-10-2018-conference-on-the-correspondence-of-marquis-de-mirabeau-and-charles-frederic-de-sacconay-1731-1787-unil-lausanne\/\"><strong>conference<\/strong> held in Lausanne in 2018<\/a>. With chapters by Clure and Szymanski.<\/p>\n\n\n\n<p>Graham Clure,&nbsp;<em>Rousseau&#8217;s Last Masterpiece: The Political Institutions of Poland<\/em>, manuscript in preparation.<\/p>\n\n\n\n<p>Graham Clure and Richard Butterwick-Pawlikowski (eds.),&nbsp;<em>Rousseau and Poland: Federalism, Political Economy, and Representative Democracy<\/em>. Under contract with Brill for&nbsp;its&nbsp;series,&nbsp;<em>History of European and Constitutional Thought<\/em>. Based on a&nbsp;<a href=\"https:\/\/wp.unil.ch\/agrarianrepublics\/2018\/02\/international-conference-rousseau-poland-and-europe-federalism-sovereignty-prosperity-patriotism-1-02-2018-3-02-2018\/\"><strong>conference<\/strong>&nbsp;held in Warsaw in 2018<\/a>. With chapters by Kapossy and Szymanski.<\/p>\n\n\n\n<p>Graham Clure, <a rel=\"noreferrer noopener\" href=\"https:\/\/doi.org\/10.1080\/01916599.2015.1029728\" data-type=\"URL\" data-id=\"https:\/\/doi.org\/10.1080\/01916599.2015.1029728\" target=\"_blank\">&#8220;Rousseau, Diderot and the Spirit of Catherine the Great&#8217;s Reforms&#8221;<\/a>,&nbsp;<em>History of European Ideas<\/em>, vol.&nbsp;41, 2015, pp. 883-908.<\/p>\n\n\n\n<p>B\u00e9la Kapossy, et al. (eds.) <em><a href=\"https:\/\/www.cambridge.org\/core\/books\/commerce-and-peace-in-the-enlightenment\/676A765BBC18C7C32AC85B1CB5A55773\" data-type=\"URL\" data-id=\"https:\/\/www.cambridge.org\/core\/books\/commerce-and-peace-in-the-enlightenment\/676A765BBC18C7C32AC85B1CB5A55773\" target=\"_blank\" rel=\"noreferrer noopener\">Commerce and Peace in the Enlightenment<\/a><\/em>, Cambridge, Cambridge University Press, 2017.<\/p>\n\n\n\n<p>B\u00e9la Kapossy, et al. (eds.) <em><a rel=\"noreferrer noopener\" href=\"https:\/\/www.hup.harvard.edu\/catalog.php?isbn=9780674976337\" data-type=\"URL\" data-id=\"https:\/\/www.hup.harvard.edu\/catalog.php?isbn=9780674976337\" target=\"_blank\">Markets, Morals, Politics<\/a><\/em>, Cambridge (MA), Harvard University Press, 2018. <a href=\"https:\/\/wp.unil.ch\/agrarianrepublics\/2018\/03\/markets-morals-politics-jealousy-of-trade-and-the-history-of-political-thought-a-volume-in-memory-of-istvan-hont-coedited-by-bela-kapossy\/\">Read more.<\/a><\/p>\n\n\n\n<p>B\u00e9la Kapossy &amp; B. Lovis (eds.)\u00a0<em><a href=\"https:\/\/www.infolio.ch\/livre\/edward-gibbon-et-lausanne\/\" data-type=\"URL\" data-id=\"https:\/\/www.infolio.ch\/livre\/edward-gibbon-et-lausanne\/\">Gibbon et Lausanne<\/a><\/em>, Infolio, Lausanne, 2022. With chapters by Kapossy and Szymanski. <\/p>\n\n\n\n<p>Radoslaw Szymanski, <a rel=\"noreferrer noopener\" href=\"https:\/\/link.springer.com\/book\/10.1007\/978-3-030-23838-4\" data-type=\"URL\" data-id=\"https:\/\/link.springer.com\/book\/10.1007\/978-3-030-23838-4\" target=\"_blank\">&#8220;Vattel as an Intermediary Between the Economic Society of Berne and Poland&#8221;<\/a>, in K. Stapelbroek and A. Trampus (eds.), <em>The Legacy of Vattel\u2019s Droit Des Gens<\/em>, London, Palgrave Macmillan, 2019, pp. 29-52. <a href=\"https:\/\/wp.unil.ch\/agrarianrepublics\/2019\/09\/publication-by-radoslaw-szymanski-in-the-edited-volume-the-legacy-of-vattels-droit-des-gens-k-stapelbroek-a-trampus-eds-palgrave-macmillan-2019\/\">Read more.<\/a><\/p>\n\n\n\n<p>Radoslaw Szymanski,  \u2018The Swiss Economy and Politics of the 1760s in the Travel Journals of Two Reform-minded Poles\u2019 in: Kapossy, B. &amp; A. Bertholet (eds.) <em>Correspondance du marquis de Mirabeau et Fr\u00e9d\u00e9ric de Sacconay (1731-1787). Itin\u00e9raire intellectuel \u00e0 travers la Suisse et l\u2019Europe des Lumi\u00e8res, entre id\u00e9al physiocratique et r\u00e9formes \u00e9conomiques<\/em>, Slatkine, Geneva (upcoming in 2022), pp. 105-118.<\/p>\n\n\n\n<p>Radoslaw Szymanski,  \u2018Lausanne et Berne vus par deux jeunes voyageurs polonais et leur pr\u00e9cepteur (1762-1765)\u2019 in: B. Lovis &amp; B. Kapossy (eds.) <em>Gibbon et Lausanne<\/em>, Infolio, Lausanne, 2022.<\/p>\n","protected":false},"excerpt":{"rendered":"<p>Auguste Bertholet, &#8220;Constant, Sismondi et la Pologne&#8221;, Annales Benjamin Constant, n\u00b0 46, 2021, pp. 65-85. Auguste Bertholet,&nbsp;&#8220;The intellectual origins of Mirabeau&#8221;,&nbsp;History of European Ideas, vol. 47, 2021, pp. 91-96. Auguste &hellip; <\/p>\n","protected":false},"author":1001695,"featured_media":0,"parent":0,"menu_order":0,"comment_status":"closed","ping_status":"closed","template":"","meta":{"_seopress_robots_primary_cat":"","_seopress_titles_title":"","_seopress_titles_desc":"","_seopress_robots_index":"","footnotes":""},"class_list":["post-459","page","type-page","status-publish"],"_links":{"self":[{"href":"https:\/\/wp.unil.ch\/agrarianrepublics\/wp-json\/wp\/v2\/pages\/459","targetHints":{"allow":["GET"]}}],"collection":[{"href":"https:\/\/wp.unil.ch\/agrarianrepublics\/wp-json\/wp\/v2\/pages"}],"about":[{"href":"https:\/\/wp.unil.ch\/agrarianrepublics\/wp-json\/wp\/v2\/types\/page"}],"author":[{"embeddable":true,"href":"https:\/\/wp.unil.ch\/agrarianrepublics\/wp-json\/wp\/v2\/users\/1001695"}],"replies":[{"embeddable":true,"href":"https:\/\/wp.unil.ch\/agrarianrepublics\/wp-json\/wp\/v2\/comments?post=459"}],"version-history":[{"count":0,"href":"https:\/\/wp.unil.ch\/agrarianrepublics\/wp-json\/wp\/v2\/pages\/459\/revisions"}],"wp:attachment":[{"href":"https:\/\/wp.unil.ch\/agrarianrepublics\/wp-json\/wp\/v2\/media?parent=459"}],"curies":[{"name":"wp","href":"https:\/\/api.w.org\/{rel}","templated":true}]}}