{"id":11,"date":"2017-10-11T10:33:17","date_gmt":"2017-10-11T08:33:17","guid":{"rendered":"http:\/\/wp.unil.ch\/agrarianrepublics\/?page_id=11"},"modified":"2020-11-25T16:54:40","modified_gmt":"2020-11-25T15:54:40","slug":"contact","status":"publish","type":"page","link":"https:\/\/wp.unil.ch\/agrarianrepublics\/contact\/","title":{"rendered":"The Team"},"content":{"rendered":"<p>\u00a0<\/p>\n<p><img alt=\"\" loading=\"lazy\" decoding=\"async\" class=\"alignnone size-medium wp-image-82\" src=\"https:\/\/wp.unil.ch\/agrarianrepublics\/files\/2018\/02\/BelaKapossy_59-300x298.jpg\" alt=\"\" width=\"300\" height=\"298\" srcset=\"https:\/\/wp.unil.ch\/agrarianrepublics\/files\/2018\/02\/BelaKapossy_59-300x298.jpg 300w, https:\/\/wp.unil.ch\/agrarianrepublics\/files\/2018\/02\/BelaKapossy_59-150x150.jpg 150w, https:\/\/wp.unil.ch\/agrarianrepublics\/files\/2018\/02\/BelaKapossy_59-90x90.jpg 90w, https:\/\/wp.unil.ch\/agrarianrepublics\/files\/2018\/02\/BelaKapossy_59-222x220.jpg 222w, https:\/\/wp.unil.ch\/agrarianrepublics\/files\/2018\/02\/BelaKapossy_59.jpg 386w\" sizes=\"auto, (max-width: 300px) 100vw, 300px\" \/><\/p>\n<p><strong>Prof. B\u00e9la Kapossy<\/strong><\/p>\n<p>B\u00e9la Kapossy is a professor of Early Modern History at the University of Lausanne and, since 2018, a professor of humanities and dean of College des Humanit\u00e9s at the \u00c9cole polytechnique f\u00e9d\u00e9rale de Lausanne (EPFL). He is interested in the study of Enlightenment political thought, political economy, and historiography. Currently, he is working on two book projects that both feed into the project on Agrarian Republics. The first is a collective volume on Gibbon and Lausanne, the second is a monograph on Swiss international thought during the eighteenth and nineteenth century.<\/p>\n<p>contact: <a href=\"mailto:bela.kapossy@unil.ch\">bela.kapossy@unil.ch<\/a><\/p>\n<p><a href=\"https:\/\/wp.unil.ch\/agrarianrepublics\/files\/2020\/09\/Photo-Graham-St-Imier-e1600327150996.jpg\"><img alt=\"\" loading=\"lazy\" decoding=\"async\" class=\"alignnone wp-image-351 size-medium\" src=\"https:\/\/wp.unil.ch\/agrarianrepublics\/files\/2020\/09\/Photo-Graham-St-Imier-e1600327150996-300x271.jpg\" alt=\"\" width=\"300\" height=\"271\" srcset=\"https:\/\/wp.unil.ch\/agrarianrepublics\/files\/2020\/09\/Photo-Graham-St-Imier-e1600327150996-300x271.jpg 300w, https:\/\/wp.unil.ch\/agrarianrepublics\/files\/2020\/09\/Photo-Graham-St-Imier-e1600327150996-1024x925.jpg 1024w, https:\/\/wp.unil.ch\/agrarianrepublics\/files\/2020\/09\/Photo-Graham-St-Imier-e1600327150996-768x694.jpg 768w, https:\/\/wp.unil.ch\/agrarianrepublics\/files\/2020\/09\/Photo-Graham-St-Imier-e1600327150996-243x220.jpg 243w, https:\/\/wp.unil.ch\/agrarianrepublics\/files\/2020\/09\/Photo-Graham-St-Imier-e1600327150996.jpg 1328w\" sizes=\"auto, (max-width: 300px) 100vw, 300px\" \/><\/a><\/p>\n<p><strong>Dr. Graham Clure<\/strong><\/p>\n<p>Graham Clure\u00a0<span lang=\"EN-US\">is a Senior FNS Researcher in the Department of History at the University of Lausanne. He is currently completing a first monograph, based on his doctoral dissertation, titled <i>Rousseau&#8217;s Last Masterpiece: the Political Institutions of Poland<\/i>. A second monograph project represents the American segment of the Enlightenment Agrarian Republics Project.<\/span><\/p>\n<p>contact: <a href=\"mailto:graham.clure@unil.ch\">graham.clure@unil.ch<\/a><\/p>\n<p><img alt=\"\" loading=\"lazy\" decoding=\"async\" class=\"alignnone size-medium wp-image-81\" src=\"https:\/\/wp.unil.ch\/agrarianrepublics\/files\/2018\/02\/Auguste-Bertholet-199x300.jpg\" alt=\"\" width=\"199\" height=\"300\" srcset=\"https:\/\/wp.unil.ch\/agrarianrepublics\/files\/2018\/02\/Auguste-Bertholet-199x300.jpg 199w, https:\/\/wp.unil.ch\/agrarianrepublics\/files\/2018\/02\/Auguste-Bertholet-768x1156.jpg 768w, https:\/\/wp.unil.ch\/agrarianrepublics\/files\/2018\/02\/Auguste-Bertholet-680x1024.jpg 680w, https:\/\/wp.unil.ch\/agrarianrepublics\/files\/2018\/02\/Auguste-Bertholet-146x220.jpg 146w, https:\/\/wp.unil.ch\/agrarianrepublics\/files\/2018\/02\/Auguste-Bertholet.jpg 797w\" sizes=\"auto, (max-width: 199px) 100vw, 199px\" \/><\/p>\n<p><strong>Auguste Bertholet<\/strong><\/p>\n<p>Auguste Bertholet is completing his doctoral dissertation in the Department of History at the University of Lausanne. His research concerns the Swiss political and economic thought of the late eighteenth century. His previous work includes research on Mirabeau the Elder&#8217;s correspondence with Sacconay.<\/p>\n<p>contact: <a href=\"mailto:auguste.bertholet@unil.ch\">auguste.bertholet@unil.ch<\/a><\/p>\n<p><img alt=\"\" loading=\"lazy\" decoding=\"async\" class=\"alignnone wp-image-197 size-medium\" src=\"https:\/\/wp.unil.ch\/agrarianrepublics\/files\/2018\/03\/photo-300x300.jpg\" alt=\"\" width=\"300\" height=\"300\" srcset=\"https:\/\/wp.unil.ch\/agrarianrepublics\/files\/2018\/03\/photo-300x300.jpg 300w, https:\/\/wp.unil.ch\/agrarianrepublics\/files\/2018\/03\/photo-150x150.jpg 150w, https:\/\/wp.unil.ch\/agrarianrepublics\/files\/2018\/03\/photo-768x768.jpg 768w, https:\/\/wp.unil.ch\/agrarianrepublics\/files\/2018\/03\/photo-1024x1024.jpg 1024w, https:\/\/wp.unil.ch\/agrarianrepublics\/files\/2018\/03\/photo-90x90.jpg 90w, https:\/\/wp.unil.ch\/agrarianrepublics\/files\/2018\/03\/photo-220x220.jpg 220w, https:\/\/wp.unil.ch\/agrarianrepublics\/files\/2018\/03\/photo.jpg 1151w\" sizes=\"auto, (max-width: 300px) 100vw, 300px\" \/><\/p>\n<p><strong>Radek Szymanski<\/strong><\/p>\n<p>Radek Szymanski is is completing his doctoral dissertation in the Department of History at the University of Lausanne. He works on late eighteenth-century Swiss and French projects for political and economic reform, especially those concerning Poland &#8211; and their reception in Poland. He previously worked on Michal Wielhorski, a Polish political writer known for his collaboration with Mably and Rousseau.<\/p>\n<p>contact: <a href=\"mailto:radoslaw.szymanski@unil.ch\">radoslaw.szymanski@unil.ch<\/a><\/p>\n<p><img alt=\"\" loading=\"lazy\" decoding=\"async\" class=\"alignnone size-medium wp-image-82\" src=\"https:\/\/wp.unil.ch\/agrarianrepublics\/files\/2020\/11\/IMG_1178-1024x683.jpg\" alt=\"\" width=\"393\" height=\"261\" \/><\/p>\n\n\n<p><strong>Aris Della Fontana<\/strong><\/p>\n\n\n\n<p>Aris Della Fontana is a doctoral student&nbsp;at the Scuola Normale Superiore di Pisa and (in cotutelle) at the Universit\u00e9 de Lausanne. He is working on&nbsp;eighteenth-century Venetian reform debates and the reception of European political economy. He previously worked on the English reception of Fran\u00e7ois F\u00e9nelon&#8217;s&nbsp;<em>T\u00e9l\u00e9maque<\/em>&nbsp;and Jacques-Joseph Duguet&#8217;s&nbsp;<em>Institution d&#8217;un Prince<\/em>. With Antonella Alimento (Universit\u00e0 di Pisa) he is editing a volume on&nbsp;<em>Histories of trade&nbsp;<\/em>understood as a peculiar literary genre.&nbsp;<\/p>\n\n\n\n<p>Contact:&nbsp;<a href=\"mailto:aris.dellafontana@sns.it\">aris.dellafontana@sns.it<\/a>;&nbsp;<a href=\"mailto:aris.dellafontana@unil.ch\">aris.dellafontana@unil.ch<\/a>.&nbsp;<br><\/p>\n","protected":false},"excerpt":{"rendered":"<p>\u00a0 Prof. B\u00e9la Kapossy B\u00e9la Kapossy is a professor of Early Modern History at the University of Lausanne and, since 2018, a professor of humanities and dean of College des &hellip; <\/p>\n","protected":false},"author":108,"featured_media":0,"parent":0,"menu_order":0,"comment_status":"closed","ping_status":"closed","template":"","meta":{"_seopress_robots_primary_cat":"","_seopress_titles_title":"","_seopress_titles_desc":"","_seopress_robots_index":"","footnotes":""},"class_list":["post-11","page","type-page","status-publish"],"_links":{"self":[{"href":"https:\/\/wp.unil.ch\/agrarianrepublics\/wp-json\/wp\/v2\/pages\/11","targetHints":{"allow":["GET"]}}],"collection":[{"href":"https:\/\/wp.unil.ch\/agrarianrepublics\/wp-json\/wp\/v2\/pages"}],"about":[{"href":"https:\/\/wp.unil.ch\/agrarianrepublics\/wp-json\/wp\/v2\/types\/page"}],"author":[{"embeddable":true,"href":"https:\/\/wp.unil.ch\/agrarianrepublics\/wp-json\/wp\/v2\/users\/108"}],"replies":[{"embeddable":true,"href":"https:\/\/wp.unil.ch\/agrarianrepublics\/wp-json\/wp\/v2\/comments?post=11"}],"version-history":[{"count":0,"href":"https:\/\/wp.unil.ch\/agrarianrepublics\/wp-json\/wp\/v2\/pages\/11\/revisions"}],"wp:attachment":[{"href":"https:\/\/wp.unil.ch\/agrarianrepublics\/wp-json\/wp\/v2\/media?parent=11"}],"curies":[{"name":"wp","href":"https:\/\/api.w.org\/{rel}","templated":true}]}}