{"id":957,"date":"2024-12-19T12:41:38","date_gmt":"2024-12-19T11:41:38","guid":{"rendered":"https:\/\/wp.unil.ch\/aetsr\/?page_id=957"},"modified":"2025-03-12T14:22:07","modified_gmt":"2025-03-12T13:22:07","slug":"la-bibliotheque","status":"publish","type":"page","link":"https:\/\/wp.unil.ch\/aetsr\/la-bibliotheque\/","title":{"rendered":"La Biblioth\u00e8que du CF"},"content":{"rendered":"\n<h2 class=\"wp-block-heading has-large-font-size\">Pr\u00e9ambule<\/h2>\n\n\n\n<p>L&rsquo;acc\u00e8s \u00e0 la Biblioth\u00e8que du C\u0153ur de section est ouvert \u00e0 tous-tes les membres de la Facult\u00e9 de Th\u00e9ologie et de Sciences des Religions. Les ouvrages peuvent \u00eatre directement consult\u00e9s sur place. Vous pouvez consulter la liste Excel de tous les documents disponibles au CF <a href=\"https:\/\/docs.google.com\/spreadsheets\/d\/1phuNu8lLSDi5bInjkox6uSnKvwTyy7vNorlYbpvuj2Y\/edit?usp=sharing\">ici<\/a>.<\/p>\n\n\n\n<h2 class=\"wp-block-heading has-large-font-size\">R\u00e8glement<\/h2>\n\n\n\n<ul class=\"wp-block-list\">\n<li><strong>Tout emprunt doit \u00eatre signal\u00e9<\/strong> sur les tableaux Excel imprim\u00e9s et mis \u00e0 dispositions sur les \u00e9tag\u00e8res par l\u2019indication du nom et pr\u00e9nom de l\u2019emprunteur<strong>\u00b7<\/strong>euse. Lors du retour de l\u2019ouvrage, veillez \u00e0 effacer votre nom de la case remplie au pr\u00e9alable, afin d\u2019\u00e9viter tout type de confusion.<\/li>\n\n\n\n<li>Les ouvrages ne doivent<strong> quitter le b\u00e2timent de l\u2019Anthropole<\/strong> <strong>sous aucun pr\u00e9texte<\/strong>. Toutefois, ils peuvent bien entendu \u00eatre scann\u00e9s.<\/li>\n\n\n\n<li><strong>Tout endommagement doit \u00eatre signal\u00e9 <\/strong>au comit\u00e9 de l\u2019AETSR \u00e0 l\u2019adresse mail aetsr@unil.ch.<\/li>\n\n\n\n<li>L\u2019AETSR se r\u00e9serve le droit de contacter par mail l\u2019usager<strong>\u00b7<\/strong>\u00e8re ayant emprunt\u00e9 un ouvrage si celle-ci ou celui-ci ne l\u2019a pas rendu dans un <strong>d\u00e9lai d\u2019une semaine<\/strong>.<br><\/li>\n<\/ul>\n\n\n\n<h2 class=\"wp-block-heading has-large-font-size\"><strong>Ouvrage de la BCUL<\/strong><\/h2>\n\n\n\n<p>Certains ouvrages (ceux ayant une cote) font partie de la collection de la BCUL et ont \u00e9t\u00e9 d\u00e9pos\u00e9s dans le C\u0153ur de fac&rsquo; afin de faciliter l\u2019acc\u00e8s \u00e0 ces derniers aux membres de la Facult\u00e9. Toutefois, ces livres sont toujours catalogu\u00e9s et par cons\u00e9quent empruntables sur Renouvaud. Par cons\u00e9quent, il est <strong>imp\u00e9ratif que ces livres soient continuellement \u00e0 disposition au sein du C\u0153ur de fac&rsquo;<\/strong> et, s\u2019ils doivent \u00eatre emprunt\u00e9s, que l\u2019emprunt ne d\u00e9passe pas le d\u00e9lai d\u2019une journ\u00e9e.<\/p>\n\n\n\n<h2 class=\"wp-block-heading has-large-font-size\">Rangement<\/h2>\n\n\n\n<p>Certaines \u00e9tag\u00e8res sont utilis\u00e9es par les \u00e9tudiant-es afin d\u2019entreposer les ouvrages sur lesquels ils travaillent. Bien que cet espace tende de plus en plus \u00e0 se restreindre, au vu des acquisitions r\u00e9centes et futures d\u2019ouvrages pour la Biblioth\u00e8que du CF, il est toujours possible de les utiliser pour entreposer vos divers documents et\/ou livres. Toutefois, il est imp\u00e9ratif que ces \u00e9tag\u00e8res soient un minimum ordonn\u00e9es et que l\u2019espace occup\u00e9 par chaque \u00e9tudiant<strong>\u00b7<\/strong>e ne soit pas excessif, ou de dur\u00e9e ind\u00e9termin\u00e9e.<\/p>\n","protected":false},"excerpt":{"rendered":"<p>Pr\u00e9ambule L&rsquo;acc\u00e8s \u00e0 la Biblioth\u00e8que du C\u0153ur de section est ouvert \u00e0 tous-tes les membres de la Facult\u00e9 de Th\u00e9ologie et de Sciences des Religions. Les ouvrages peuvent&hellip;<\/p>\n","protected":false},"author":1002588,"featured_media":0,"parent":0,"menu_order":0,"comment_status":"closed","ping_status":"closed","template":"","meta":{"_seopress_robots_primary_cat":"","_seopress_titles_title":"","_seopress_titles_desc":"","_seopress_robots_index":"","footnotes":""},"class_list":["post-957","page","type-page","status-publish","has-post-thumbnail"],"_links":{"self":[{"href":"https:\/\/wp.unil.ch\/aetsr\/wp-json\/wp\/v2\/pages\/957","targetHints":{"allow":["GET"]}}],"collection":[{"href":"https:\/\/wp.unil.ch\/aetsr\/wp-json\/wp\/v2\/pages"}],"about":[{"href":"https:\/\/wp.unil.ch\/aetsr\/wp-json\/wp\/v2\/types\/page"}],"author":[{"embeddable":true,"href":"https:\/\/wp.unil.ch\/aetsr\/wp-json\/wp\/v2\/users\/1002588"}],"replies":[{"embeddable":true,"href":"https:\/\/wp.unil.ch\/aetsr\/wp-json\/wp\/v2\/comments?post=957"}],"version-history":[{"count":5,"href":"https:\/\/wp.unil.ch\/aetsr\/wp-json\/wp\/v2\/pages\/957\/revisions"}],"predecessor-version":[{"id":1002,"href":"https:\/\/wp.unil.ch\/aetsr\/wp-json\/wp\/v2\/pages\/957\/revisions\/1002"}],"wp:attachment":[{"href":"https:\/\/wp.unil.ch\/aetsr\/wp-json\/wp\/v2\/media?parent=957"}],"curies":[{"name":"wp","href":"https:\/\/api.w.org\/{rel}","templated":true}]}}