{"id":772,"date":"2024-01-19T08:53:50","date_gmt":"2024-01-19T07:53:50","guid":{"rendered":"https:\/\/wp.unil.ch\/aetsr\/?page_id=772"},"modified":"2025-03-05T10:28:29","modified_gmt":"2025-03-05T09:28:29","slug":"le-coeur-de-fac","status":"publish","type":"page","link":"https:\/\/wp.unil.ch\/aetsr\/home\/le-coeur-de-fac\/","title":{"rendered":"Le Coeur de fac&rsquo;"},"content":{"rendered":"\n<p>Que serait l&rsquo;AETSR sans notre cher C\u0153ur de fac&rsquo; ?<\/p>\n\n\n\n<div class=\"wp-block-columns is-layout-flex wp-container-core-columns-is-layout-9d6595d7 wp-block-columns-is-layout-flex\">\n<div class=\"wp-block-column is-layout-flow wp-block-column-is-layout-flow\" style=\"flex-basis:100%\">\n<p>Le C\u0153ur de fac&rsquo;, C\u0153ur de facult\u00e9 ou CF est une salle <strong>(ANT 5036)<\/strong> dans laquelle toute personne suivant un ou des cours en th\u00e9ologie ou sciences des religions est la bienvenue. Cette salle a pour but de permettre aux \u00e9tudiant<strong>\u00b7<\/strong>e<strong>\u00b7<\/strong>s d&rsquo;\u00e9tudier en toute tranquillit\u00e9, de consulter les livres de la biblioth\u00e8ques, de se se reposer, ou m\u00eame de prendre un th\u00e9\/caf\u00e9 entre ami<strong>\u00b7<\/strong>e<strong>\u00b7<\/strong>s.<\/p>\n<\/div>\n<\/div>\n\n\n\n<figure class=\"wp-block-image size-large\"><img alt=\"\" loading=\"lazy\" decoding=\"async\" width=\"1024\" height=\"694\" src=\"https:\/\/wp.unil.ch\/aetsr\/files\/2020\/11\/118042984_769503980467584_2526645164176276069_n1-1024x694.jpg\" alt=\"\" class=\"wp-image-467\" srcset=\"https:\/\/wp.unil.ch\/aetsr\/files\/2020\/11\/118042984_769503980467584_2526645164176276069_n1-1024x694.jpg 1024w, https:\/\/wp.unil.ch\/aetsr\/files\/2020\/11\/118042984_769503980467584_2526645164176276069_n1-300x203.jpg 300w, https:\/\/wp.unil.ch\/aetsr\/files\/2020\/11\/118042984_769503980467584_2526645164176276069_n1-768x521.jpg 768w, https:\/\/wp.unil.ch\/aetsr\/files\/2020\/11\/118042984_769503980467584_2526645164176276069_n1-1536x1041.jpg 1536w, https:\/\/wp.unil.ch\/aetsr\/files\/2020\/11\/118042984_769503980467584_2526645164176276069_n1.jpg 1770w\" sizes=\"auto, (max-width: 1024px) 100vw, 1024px\" \/><\/figure>\n\n\n\n<hr class=\"wp-block-separator has-text-color has-background-color has-alpha-channel-opacity has-background-background-color has-background is-style-default\" \/>\n\n\n\n<h2 class=\"wp-block-heading has-normal-font-size\"><strong>Les r\u00e8gles de biens\u00e9ance<\/strong><\/h2>\n\n\n\n<p>Pour que le C\u0153ur de fac&rsquo; puisse rester accueillant pout tous le monde, nous vous enjoignons \u00e0 respecter ces quelques r\u00e8gles lorsque vous vous y trouvez : <\/p>\n\n\n\n<ul class=\"wp-block-list\">\n<li class=\"has-normal-font-size\">Nous vous prions de bien vouloir <strong>respecter les heures de silence et le travail des autres<\/strong>, nous vous demandons donc de passer vos appels en dehors de cette salle ainsi que de<strong> chuchoter<\/strong> lorsque les personnes autour de vous travaillent <\/li>\n<\/ul>\n\n\n\n<ul class=\"wp-block-list\">\n<li class=\"has-normal-font-size\">Nous vous prions de bien vouloir <strong>nettoyer votre vaisselle apr\u00e8s utilisation<\/strong> (le fond de caf\u00e9 moisi n&rsquo;est pas rago\u00fbtant\u2026) et de <strong>la ranger l\u00e0 o\u00f9 vous l&rsquo;avez trouv\u00e9e<\/strong> <\/li>\n<\/ul>\n\n\n\n<ul class=\"wp-block-list\">\n<li class=\"has-normal-font-size\">Nous vous prions de bien vouloir <strong>ramener la vaisselle de la caf\u00e9t\u00e9ria \u00e0 la caf\u00e9t\u00e9ria<\/strong> et de ne pas la laisser au C\u0153ur de fac&rsquo;. &nbsp;Des chariots au 4\u00e8me \u00e9tage sont \u00e0 disposition pour qui vous puissiez d\u00e9poser votre vaisselle sans avoir \u00e0 redescendre \u00e0 la caf\u00e9t. <\/li>\n<\/ul>\n\n\n\n<ul class=\"wp-block-list\">\n<li>Nous vous prions de bien vouloir<strong>&nbsp;payer vos caf\u00e9s <\/strong>et nous vous serions reconnaissant<strong>\u00b7<\/strong>e<strong>\u00b7<\/strong>s de&nbsp;<strong>ne pas attendre d&rsquo;avoir consomm\u00e9 10 caf\u00e9s avant de payer<\/strong>. Plut\u00f4t, nous vous&nbsp;<strong>conseillons de payer en avance<\/strong>,&nbsp;par exemple avec une pi\u00e8ce de 5.- ou un billet de 10.- et de consommer en cons\u00e9quence&nbsp;<\/li>\n<\/ul>\n\n\n\n<ul class=\"wp-block-list\">\n<li class=\"has-normal-font-size\">Nous vous prions de bien vouloir <strong>prendre soin des appareils \u00e9lectrom\u00e9nagers<\/strong> (bouilloire, multiprise, machine \u00e0 caf\u00e9 et micro-ondes) et des les <strong>nettoyer<\/strong> lorsque n\u00e9cessaire  <\/li>\n<\/ul>\n\n\n\n<ul class=\"wp-block-list\">\n<li>Nous vous prions de <strong>ne pas sortir les livres de la biblioth\u00e8que<\/strong> du Coeur de fac&rsquo;<\/li>\n<\/ul>\n\n\n\n<p>Merci pour votre compr\u00e9hension ! Ces r\u00e8gles permettent le vivre ensemble et de s&rsquo;assurer que ce lieux reste un lieux convivial.<\/p>\n","protected":false},"excerpt":{"rendered":"<p>Que serait l&rsquo;AETSR sans notre cher C\u0153ur de fac&rsquo; ? Le C\u0153ur de fac&rsquo;, C\u0153ur de facult\u00e9 ou CF est une salle (ANT 5036) dans laquelle toute personne&hellip;<\/p>\n","protected":false},"author":1002588,"featured_media":0,"parent":6,"menu_order":0,"comment_status":"closed","ping_status":"closed","template":"","meta":{"_seopress_robots_primary_cat":"","_seopress_titles_title":"","_seopress_titles_desc":"","_seopress_robots_index":"","footnotes":""},"class_list":["post-772","page","type-page","status-publish","has-post-thumbnail"],"_links":{"self":[{"href":"https:\/\/wp.unil.ch\/aetsr\/wp-json\/wp\/v2\/pages\/772","targetHints":{"allow":["GET"]}}],"collection":[{"href":"https:\/\/wp.unil.ch\/aetsr\/wp-json\/wp\/v2\/pages"}],"about":[{"href":"https:\/\/wp.unil.ch\/aetsr\/wp-json\/wp\/v2\/types\/page"}],"author":[{"embeddable":true,"href":"https:\/\/wp.unil.ch\/aetsr\/wp-json\/wp\/v2\/users\/1002588"}],"replies":[{"embeddable":true,"href":"https:\/\/wp.unil.ch\/aetsr\/wp-json\/wp\/v2\/comments?post=772"}],"version-history":[{"count":5,"href":"https:\/\/wp.unil.ch\/aetsr\/wp-json\/wp\/v2\/pages\/772\/revisions"}],"predecessor-version":[{"id":987,"href":"https:\/\/wp.unil.ch\/aetsr\/wp-json\/wp\/v2\/pages\/772\/revisions\/987"}],"up":[{"embeddable":true,"href":"https:\/\/wp.unil.ch\/aetsr\/wp-json\/wp\/v2\/pages\/6"}],"wp:attachment":[{"href":"https:\/\/wp.unil.ch\/aetsr\/wp-json\/wp\/v2\/media?parent=772"}],"curies":[{"name":"wp","href":"https:\/\/api.w.org\/{rel}","templated":true}]}}