{"id":6,"date":"2017-10-11T10:32:19","date_gmt":"2017-10-11T08:32:19","guid":{"rendered":"http:\/\/wp.unil.ch\/aetsr\/?page_id=6"},"modified":"2025-10-06T11:36:55","modified_gmt":"2025-10-06T09:36:55","slug":"home","status":"publish","type":"page","link":"https:\/\/wp.unil.ch\/aetsr\/","title":{"rendered":"A propos de l&rsquo;AETSR"},"content":{"rendered":"\n<p>Bienvenue sur le site de l&rsquo;AETSR ! <\/p>\n\n\n\n<p>L\u2019AETSR (Association Estudiantine de Th\u00e9ologie et Sciences des Religions) est l\u2019association repr\u00e9sentative pour tous les \u00e9tudiant<strong>\u00b7<\/strong>e<strong>\u00b7<\/strong>s suivant des enseignements dans la facult\u00e9 de th\u00e9ologie et sciences des religions de l&rsquo;Universit\u00e9 de Lausanne. L\u2019assoc\u2019 a pour but de cr\u00e9er une vie estudiantine au sein de la facult\u00e9 (alors lisez vos mails si vous ne voulez pas en louper) mais \u00e9galement de d\u00e9fendre les droits des \u00e9tudiants.<\/p>\n\n\n\n<p>Ici, vous pourrez trouver diff\u00e9rentes infos sur les \u00e9v\u00e9nements de l\u2019association, ses projets et son fonctionnement. Et n\u2019h\u00e9sitez pas \u00e0 nous <a href=\"https:\/\/wp.unil.ch\/aetsr\/contact\/\" target=\"_blank\" rel=\"noreferrer noopener\">contacter<\/a> ou \u00e0 passer nous voir au <a href=\"https:\/\/wp.unil.ch\/aetsr\/home\/le-coeur-de-fac\/\">C\u0153ur de Fac&rsquo;<\/a> si vous avez des questions, des id\u00e9es ou si vous souhaitez vous impliquer dans la vie associative !<\/p>\n\n\n\n<h2 class=\"wp-block-heading\">Ev\u00e9nements <\/h2>\n\n\n<!=========Events list Template 2.6.2=========><div id=\"ect-events-list-content\"><div id=\"list-wrp\" class=\"ect-list-wrapper all\"><div id=\"event-1089\" class=\"ect-list-post style-1 ect-simple-event future\"><div class=\"ect-list-post-left \">\n\t\t\t\t<div class=\"ect-list-img\" style=\"background-image:url(&#039;https:\/\/wp.unil.ch\/aetsr\/wp-content\/plugins\/template-events-calendar\/assets\/images\/event-template-bg.png&#039;);background-size:cover;\"><a href=\"https:\/\/wp.unil.ch\/aetsr\/event\/grande-soiree-4\/\" alt=\"Grande Soir\u00e9e\" rel=\"bookmark\"><div class=\"ect-list-date\"><div class=\"ect-date-area default-schedule\"><span class=\"ev-day\">29<\/span>\n\t\t\t\t\t<span class=\"ev-mo\">mai<\/span>\n\t\t\t\t\t<span class=\"ev-yr\">2026<\/span><\/div><\/div><\/a><\/div><\/div><!-- left-post close --><div class=\"ect-list-post-right\">\n\t\t\t\t<div class=\"ect-list-post-right-table\"><div class=\"ect-list-description\" style=\"width:100%;\"><h2 class=\"ect-list-title\"><a class=\"ect-event-url\" href=\"https:\/\/wp.unil.ch\/aetsr\/event\/grande-soiree-4\/\" rel=\"bookmark\">Grande Soir\u00e9e<\/a><\/h2><!-- Event Content --><div class=\"ect-event-content\"><\/div><a href=\"https:\/\/wp.unil.ch\/aetsr\/event\/grande-soiree-4\/\" class=\"ect-events-read-more\" rel=\"bookmark\">Find out more<\/a><\/div><\/div><\/div><!-- right-wrapper close --><\/div><!-- event-loop-end --><div id=\"event-1093\" class=\"ect-list-post style-1 ect-simple-event future\"><div class=\"ect-list-post-left \">\n\t\t\t\t<div class=\"ect-list-img\" style=\"background-image:url(&#039;https:\/\/wp.unil.ch\/aetsr\/wp-content\/plugins\/template-events-calendar\/assets\/images\/event-template-bg.png&#039;);background-size:cover;\"><a href=\"https:\/\/wp.unil.ch\/aetsr\/event\/solstice-4\/\" alt=\"Solstice\" rel=\"bookmark\"><div class=\"ect-list-date\"><div class=\"ect-date-area default-schedule\"><span class=\"ev-day\">19<\/span>\n\t\t\t\t\t<span class=\"ev-mo\">juin<\/span>\n\t\t\t\t\t<span class=\"ev-yr\">2026<\/span><\/div><\/div><\/a><\/div><\/div><!-- left-post close --><div class=\"ect-list-post-right\">\n\t\t\t\t<div class=\"ect-list-post-right-table\"><div class=\"ect-list-description\" style=\"width:100%;\"><h2 class=\"ect-list-title\"><a class=\"ect-event-url\" href=\"https:\/\/wp.unil.ch\/aetsr\/event\/solstice-4\/\" rel=\"bookmark\">Solstice<\/a><\/h2><!-- Event Content --><div class=\"ect-event-content\"><\/div><a href=\"https:\/\/wp.unil.ch\/aetsr\/event\/solstice-4\/\" class=\"ect-events-read-more\" rel=\"bookmark\">Find out more<\/a><\/div><\/div><\/div><!-- right-wrapper close --><\/div><!-- event-loop-end --><\/div><\/div>\n\n\n<h2 class=\"wp-block-heading\">Annonces<\/h2>\n\n\n\n<p>L&rsquo;assoc&rsquo; poss\u00e8de encore quelques goodies (tote-bags et hoodies) ! \u00c9crivez-nous ou passer nous voir au CF (Ant 5036) pour vous les procurer. Nous nous r\u00e9jouissons de vous voir avec dans les couloirs.<\/p>\n\n\n\n<p><\/p>\n","protected":false},"excerpt":{"rendered":"<p>Bienvenue sur le site de l&rsquo;AETSR ! L\u2019AETSR (Association Estudiantine de Th\u00e9ologie et Sciences des Religions) est l\u2019association repr\u00e9sentative pour tous les \u00e9tudiant\u00b7e\u00b7s suivant des enseignements dans la&hellip;<\/p>\n","protected":false},"author":108,"featured_media":809,"parent":0,"menu_order":0,"comment_status":"closed","ping_status":"closed","template":"template-full-width-cover.php","meta":{"_seopress_robots_primary_cat":"","_seopress_titles_title":"","_seopress_titles_desc":"","_seopress_robots_index":"","footnotes":""},"class_list":["post-6","page","type-page","status-publish","has-post-thumbnail"],"_links":{"self":[{"href":"https:\/\/wp.unil.ch\/aetsr\/wp-json\/wp\/v2\/pages\/6","targetHints":{"allow":["GET"]}}],"collection":[{"href":"https:\/\/wp.unil.ch\/aetsr\/wp-json\/wp\/v2\/pages"}],"about":[{"href":"https:\/\/wp.unil.ch\/aetsr\/wp-json\/wp\/v2\/types\/page"}],"author":[{"embeddable":true,"href":"https:\/\/wp.unil.ch\/aetsr\/wp-json\/wp\/v2\/users\/108"}],"replies":[{"embeddable":true,"href":"https:\/\/wp.unil.ch\/aetsr\/wp-json\/wp\/v2\/comments?post=6"}],"version-history":[{"count":5,"href":"https:\/\/wp.unil.ch\/aetsr\/wp-json\/wp\/v2\/pages\/6\/revisions"}],"predecessor-version":[{"id":1113,"href":"https:\/\/wp.unil.ch\/aetsr\/wp-json\/wp\/v2\/pages\/6\/revisions\/1113"}],"wp:featuredmedia":[{"embeddable":true,"href":"https:\/\/wp.unil.ch\/aetsr\/wp-json\/wp\/v2\/media\/809"}],"wp:attachment":[{"href":"https:\/\/wp.unil.ch\/aetsr\/wp-json\/wp\/v2\/media?parent=6"}],"curies":[{"name":"wp","href":"https:\/\/api.w.org\/{rel}","templated":true}]}}