{"id":521,"date":"2023-09-26T09:34:24","date_gmt":"2023-09-26T07:34:24","guid":{"rendered":"https:\/\/wp.unil.ch\/aetsr\/?page_id=521"},"modified":"2026-02-20T14:31:52","modified_gmt":"2026-02-20T13:31:52","slug":"quest-ce-que-cest","status":"publish","type":"page","link":"https:\/\/wp.unil.ch\/aetsr\/home\/quest-ce-que-cest\/","title":{"rendered":"Repr\u00e9sentation estudiantine"},"content":{"rendered":"\n<h2 class=\"wp-block-heading has-large-font-size\"><strong>Qu&rsquo;est-ce que c&rsquo;est ?<\/strong><\/h2>\n\n\n\n<p>La repr\u00e9sentation estudiantine fait r\u00e9f\u00e9rence aux diff\u00e9rentes mani\u00e8res dont le&nbsp; corps estudiantin est pr\u00e9sent dans les instances universitaires dans le but de d\u00e9fendre ses droits. Cette repr\u00e9sentation est assur\u00e9e par les r\u00e8glements des diff\u00e9rents organismes et les personnes charg\u00e9es de la repr\u00e9sentation sont \u00e9lues dans les assembl\u00e9es g\u00e9n\u00e9rales. C&rsquo;est un aspect essentiel du r\u00f4le de l&rsquo;association car il permet au corps estudiantin de participer aux d\u00e9cisions qui le concernent.<\/p>\n\n\n\n<h2 class=\"wp-block-heading has-large-font-size\">Comment ?<\/h2>\n\n\n\n<p>Toute personne membre de l&rsquo;association peut se proposer pour un des postes mentionn\u00e9s ci-dessous d\u00e8s lors qu&rsquo;elle est \u00e9ligible au niveau des crit\u00e8res formels. Pour ce faire, il suffit de se proposer lors d&rsquo;une assembl\u00e9e g\u00e9n\u00e9rale.<\/p>\n\n\n\n<div class=\"wp-block-group\"><div class=\"wp-block-group__inner-container is-layout-constrained wp-block-group-is-layout-constrained\">\n<h2 class=\"wp-block-heading has-large-font-size\"><strong>O\u00f9 \u00e7a?<\/strong><\/h2>\n\n\n\n<div class=\"wp-block-group\"><div class=\"wp-block-group__inner-container is-layout-constrained wp-block-group-is-layout-constrained\">\n<p><strong>Conseil de facult\u00e9 : <\/strong>Organe d\u00e9cisionnel de la Facult\u00e9 compos\u00e9 de 22 personnes dont 6 membres du corps estudiantin (3 de th\u00e9ologie et 3 de sciences des religions). <\/p>\n\n\n\n<p><strong>Conseil du Coll\u00e8ge de th\u00e9ologie protestante: <\/strong>Organe en charge des cursus en th\u00e9ologie de l&rsquo;Unil et de l&rsquo;Unige (r\u00e8glement d&rsquo;\u00e9tudes, plans d&rsquo;\u00e9tudes) et d&rsquo;autres aspects li\u00e9s \u00e0 l&rsquo;enseignement; deux membre du corps estudiantin si\u00e8gent (un\u00b7e par Facult\u00e9).<\/p>\n\n\n\n<p><strong>Commission p\u00e9dagogique en histoire et sciences des religions: <\/strong>Organe en charge des cursus en \u00ab\u00a0histoire et sciences des religions\u00a0\u00bb (Lettres) et en \u00ab\u00a0sciences des religions\u00a0\u00bb (FTSR) (r\u00e8glement d&rsquo;\u00e9tudes, plans d&rsquo;\u00e9tudes) et d&rsquo;autres aspects li\u00e9s \u00e0 l&rsquo;enseignement; 3 membres du corps estudiantin, si possible rattach\u00e9s aux 3 facult\u00e9s concern\u00e9es, y si\u00e8gent.<\/p>\n\n\n\n<p><strong>F\u00e9d\u00e9ration des associations \u00e9tudiantes: <\/strong>Chaque association repr\u00e9sentative est repr\u00e9sent\u00e9e \u00e0 l&rsquo;assembl\u00e9e des d\u00e9l\u00e9gu\u00e9s (AD) de la FAE; la FTSR y occupe 2 si\u00e8ges.<\/p>\n\n\n\n<p><strong>Commission des recours: <\/strong>Y si\u00e8ge 1 membre du corps estudiantin.<\/p>\n\n\n\n<p><strong>Commission des bourses d&rsquo;\u00e9tudes: <\/strong>Y si\u00e8ge 1 membre du corps estudiantin.<\/p>\n\n\n\n<p><strong>Conseils des instituts: <\/strong>Un si\u00e8ge consultatif est alou\u00e9 au corps estudiantin au sein des conseils des&nbsp; 3 instituts de la Facult\u00e9 (IRSB, ISSR, IHAR). Il faut \u00eatre en train d&rsquo;effectuer son travail de m\u00e9moire avec un membre du corps professoral de l&rsquo;institut respectif pour y \u00eatre \u00e9ligible.<\/p>\n\n\n\n<p><strong>Commission de planification : <\/strong>Le but et les activit\u00e9s de cette commission consistent \u00e0 se pencher sur les postes \u00e0 repourvoir au sein des instances de la facult\u00e9 et de reconsid\u00e9rer s&rsquo;il est n\u00e9cessaire de changer le type de profil souhait\u00e9.&nbsp;Y si\u00e8ge 1 membre du corps estudiantin en FTSR.<\/p>\n<\/div><\/div>\n<\/div><\/div>\n\n\n\n<p><strong>Quelle autre repr\u00e9sentation?<\/strong><\/p>\n\n\n\n<p>Finalement, le corps estudiantin de la Facult\u00e9 est repr\u00e9sent\u00e9 par un si\u00e8ge au sein du <strong>Conseil de l&rsquo;Universit\u00e9<\/strong>; la Facult\u00e9 organise les \u00e9lections.<\/p>\n\n\n\n<p>Y si\u00e8ge actuellement : Eduardo Couto<\/p>\n\n\n\n<h2 class=\"wp-block-heading has-large-font-size\">Membres actuels<\/h2>\n\n\n\n<figure class=\"wp-block-table\"><table class=\"has-fixed-layout\"><tbody><tr><td><strong>Commission ou conseil<\/strong><\/td><td><strong>Membres du corps estudiantin<\/strong><\/td><\/tr><tr><td>Conseil de Facult\u00e9<\/td><td>Eduardo Couto<br>Nikita Catzeflis<br>Martin Hayoz<br>Melina Geiser<br>Maryline Duruz<br>Alex P\u00e9rez<br>Kimia Huguenin-Dumittan<br>Nathan Robert Nicoud<\/td><\/tr><tr><td>Conseil du Coll\u00e8ge de th\u00e9ologie protestante <\/td><td>Eduardo Couto <\/td><\/tr><tr><td>Commission p\u00e9dagogique en histoire et sciences des religions<\/td><td>Marilyne Duruz<br>Melina Geiser<br>Davide Missaglia<\/td><\/tr><tr><td>F\u00e9d\u00e9ration des associations \u00e9tudiantes<\/td><td>Melina Geiser<br>Kimia Huguenin-Dumittan<\/td><\/tr><tr><td>Commission des recours<\/td><td>Eduardo Couto<\/td><\/tr><tr><td>Commission des bourses d&rsquo;\u00e9tudes<\/td><td>Melina Geiser<\/td><\/tr><tr><td>Conseil des Instituts <\/td><td>Nikita Catzeflis<\/td><\/tr><tr><td>Commission de planification<\/td><td>Eduardo Couto<\/td><\/tr><tr><td>Conseil de l&rsquo;UNIL<\/td><td>Eduardo Couto<\/td><\/tr><\/tbody><\/table><\/figure>\n\n\n\n<p><\/p>\n","protected":false},"excerpt":{"rendered":"<p>Qu&rsquo;est-ce que c&rsquo;est ? La repr\u00e9sentation estudiantine fait r\u00e9f\u00e9rence aux diff\u00e9rentes mani\u00e8res dont le&nbsp; corps estudiantin est pr\u00e9sent dans les instances universitaires dans le but de d\u00e9fendre ses&hellip;<\/p>\n","protected":false},"author":1002588,"featured_media":0,"parent":6,"menu_order":1,"comment_status":"closed","ping_status":"closed","template":"","meta":{"_seopress_robots_primary_cat":"","_seopress_titles_title":"","_seopress_titles_desc":"","_seopress_robots_index":"","footnotes":""},"class_list":["post-521","page","type-page","status-publish","has-post-thumbnail"],"_links":{"self":[{"href":"https:\/\/wp.unil.ch\/aetsr\/wp-json\/wp\/v2\/pages\/521","targetHints":{"allow":["GET"]}}],"collection":[{"href":"https:\/\/wp.unil.ch\/aetsr\/wp-json\/wp\/v2\/pages"}],"about":[{"href":"https:\/\/wp.unil.ch\/aetsr\/wp-json\/wp\/v2\/types\/page"}],"author":[{"embeddable":true,"href":"https:\/\/wp.unil.ch\/aetsr\/wp-json\/wp\/v2\/users\/1002588"}],"replies":[{"embeddable":true,"href":"https:\/\/wp.unil.ch\/aetsr\/wp-json\/wp\/v2\/comments?post=521"}],"version-history":[{"count":5,"href":"https:\/\/wp.unil.ch\/aetsr\/wp-json\/wp\/v2\/pages\/521\/revisions"}],"predecessor-version":[{"id":1144,"href":"https:\/\/wp.unil.ch\/aetsr\/wp-json\/wp\/v2\/pages\/521\/revisions\/1144"}],"up":[{"embeddable":true,"href":"https:\/\/wp.unil.ch\/aetsr\/wp-json\/wp\/v2\/pages\/6"}],"wp:attachment":[{"href":"https:\/\/wp.unil.ch\/aetsr\/wp-json\/wp\/v2\/media?parent=521"}],"curies":[{"name":"wp","href":"https:\/\/api.w.org\/{rel}","templated":true}]}}