{"id":518,"date":"2023-09-26T09:25:20","date_gmt":"2023-09-26T07:25:20","guid":{"rendered":"https:\/\/wp.unil.ch\/aetsr\/?page_id=518"},"modified":"2025-03-12T10:34:53","modified_gmt":"2025-03-12T09:34:53","slug":"lassociation-qui-fait-quoi","status":"publish","type":"page","link":"https:\/\/wp.unil.ch\/aetsr\/home\/lassociation-qui-fait-quoi\/","title":{"rendered":"L&rsquo;association"},"content":{"rendered":"\n<p>L\u2019AETSR est l\u2019association repr\u00e9sentative pour tous les \u00e9tudiant<strong>\u00b7<\/strong>e<strong>\u00b7<\/strong>s suivant des enseignements dans la Facult\u00e9 de Th\u00e9ologie et Sciences des Religions de l&rsquo;Universit\u00e9 de Lausanne. L\u2019assoc\u2019 a pour but de cr\u00e9er une vie estudiantine au sein de la facult\u00e9 (alors lisez vos mails si vous ne voulez pas en louper) mais \u00e9galement de d\u00e9fendre les droits des \u00e9tudiants.<\/p>\n\n\n\n<p>Ici, tu pourras trouver diff\u00e9rentes infos sur les \u00e9v\u00e9nements de l\u2019association, ses projets et son fonctionnement. Et n\u2019h\u00e9site pas \u00e0 nous <a href=\"https:\/\/wp.unil.ch\/aetsr\/contact\/\">contacter<\/a> si tu as des questions, des id\u00e9es ou si tu souhaites t\u2019impliquer!<\/p>\n\n\n\n<h2 class=\"wp-block-heading has-large-font-size\"><strong>Qui fait quoi ?<\/strong><\/h2>\n\n\n\n<p>L\u2019Association est compos\u00e9e des membres du corps estudiantin de la Facult\u00e9 de Th\u00e9ologie et Sciences des Religions. En tant que membre de l&rsquo;association, il est possible de participer aux<strong> assembl\u00e9es g\u00e9n\u00e9rales<\/strong> (AG), l&rsquo;organe d\u00e9cisionnel de l&rsquo;assoc&rsquo; et de prendre part aux discussions et aux votes. Aux AG, chacun<strong>\u00b7<\/strong>e a l&rsquo;occasion de se prononcer sur le fonctionnement de l&rsquo;association, ses politiques, son programme \u00e9v\u00e9nementiel, son budget ou toute autre chose jug\u00e9e pertinente. C&rsquo;est \u00e9galement \u00e0 l&rsquo;assembl\u00e9e d&rsquo;\u00e9lire les membres du <a href=\"https:\/\/wp.unil.ch\/aetsr\/le-comite\/\" target=\"_blank\" rel=\"noreferrer noopener\">Comit\u00e9<\/a>, l&rsquo;organe ex\u00e9cutif, et les responsables des diff\u00e9rents postes de <a href=\"https:\/\/wp.unil.ch\/aetsr\/representation\/\" target=\"_blank\" rel=\"noreferrer noopener\">repr\u00e9sentation \u00e9tudiante<\/a> au sein de l&rsquo;Universit\u00e9.<\/p>\n\n\n\n<h2 class=\"wp-block-heading has-large-font-size\">En cas de probl\u00e8me <\/h2>\n\n\n\n<p>Si vous ou veniez \u00e0 rencontrer ou constater des probl\u00e8mes de types harc\u00e8lement (sexuel, moral, &#8230;) plusieurs outils sont \u00e0 votre disposition : <\/p>\n\n\n\n<ul class=\"wp-block-list\">\n<li>Vous pouvez contacter le D\u00e9canat ou les conseiller<strong>\u00b7<\/strong>\u00e8re<strong>\u00b7<\/strong>s aux \u00e9tudes<\/li>\n\n\n\n<li>Vous pouvez contacter le centre <a href=\"https:\/\/www.unil.ch\/aide-help\/fr\/home.html\" data-type=\"link\" data-id=\"https:\/\/www.unil.ch\/aide-help\/fr\/home.html\">Help Unil<\/a>, le centre traite les cas de mani\u00e8re totalement anonymis\u00e9e et saura vous conseiller !<\/li>\n<\/ul>\n\n\n\n<h2 class=\"wp-block-heading has-large-font-size\"><strong>Mais encore&#8230;<\/strong><\/h2>\n\n\n\n<p>L&rsquo;association c&rsquo;est \u00e9galement un espace d&rsquo;\u00e9change. Et pour cela il y a le <strong><a href=\"https:\/\/wp.unil.ch\/aetsr\/home\/le-coeur-de-fac\/\" data-type=\"link\" data-id=\"https:\/\/wp.unil.ch\/aetsr\/home\/le-coeur-de-fac\/\" target=\"_blank\" rel=\"noreferrer noopener\">C\u0153ur de fac&rsquo; (ANT 5036)<\/a><\/strong>, o\u00f9 tous les membres sont les bienvenus, que vous vouliez \u00e9tudier, discuter ou juste prendre une petite pause.<\/p>\n\n\n<div class=\"wp-block-image\">\n<figure class=\"alignleft is-resized\"><img alt=\"\" loading=\"lazy\" decoding=\"async\" width=\"300\" height=\"203\" src=\"https:\/\/wp.unil.ch\/aetsr\/files\/2020\/11\/118042984_769503980467584_2526645164176276069_n1-300x203.jpg\" alt=\"\" class=\"wp-image-467\" style=\"width:395px;height:auto\" srcset=\"https:\/\/wp.unil.ch\/aetsr\/files\/2020\/11\/118042984_769503980467584_2526645164176276069_n1-300x203.jpg 300w, https:\/\/wp.unil.ch\/aetsr\/files\/2020\/11\/118042984_769503980467584_2526645164176276069_n1-1024x694.jpg 1024w, https:\/\/wp.unil.ch\/aetsr\/files\/2020\/11\/118042984_769503980467584_2526645164176276069_n1-768x521.jpg 768w, https:\/\/wp.unil.ch\/aetsr\/files\/2020\/11\/118042984_769503980467584_2526645164176276069_n1-1536x1041.jpg 1536w, https:\/\/wp.unil.ch\/aetsr\/files\/2020\/11\/118042984_769503980467584_2526645164176276069_n1.jpg 1770w\" sizes=\"auto, (max-width: 300px) 100vw, 300px\" \/><\/figure>\n<\/div>","protected":false},"excerpt":{"rendered":"<p>L\u2019AETSR est l\u2019association repr\u00e9sentative pour tous les \u00e9tudiant\u00b7e\u00b7s suivant des enseignements dans la Facult\u00e9 de Th\u00e9ologie et Sciences des Religions de l&rsquo;Universit\u00e9 de Lausanne. L\u2019assoc\u2019 a pour but&hellip;<\/p>\n","protected":false},"author":1002588,"featured_media":0,"parent":6,"menu_order":0,"comment_status":"closed","ping_status":"closed","template":"","meta":{"_seopress_robots_primary_cat":"","_seopress_titles_title":"","_seopress_titles_desc":"","_seopress_robots_index":"","footnotes":""},"class_list":["post-518","page","type-page","status-publish","has-post-thumbnail"],"_links":{"self":[{"href":"https:\/\/wp.unil.ch\/aetsr\/wp-json\/wp\/v2\/pages\/518","targetHints":{"allow":["GET"]}}],"collection":[{"href":"https:\/\/wp.unil.ch\/aetsr\/wp-json\/wp\/v2\/pages"}],"about":[{"href":"https:\/\/wp.unil.ch\/aetsr\/wp-json\/wp\/v2\/types\/page"}],"author":[{"embeddable":true,"href":"https:\/\/wp.unil.ch\/aetsr\/wp-json\/wp\/v2\/users\/1002588"}],"replies":[{"embeddable":true,"href":"https:\/\/wp.unil.ch\/aetsr\/wp-json\/wp\/v2\/comments?post=518"}],"version-history":[{"count":5,"href":"https:\/\/wp.unil.ch\/aetsr\/wp-json\/wp\/v2\/pages\/518\/revisions"}],"predecessor-version":[{"id":988,"href":"https:\/\/wp.unil.ch\/aetsr\/wp-json\/wp\/v2\/pages\/518\/revisions\/988"}],"up":[{"embeddable":true,"href":"https:\/\/wp.unil.ch\/aetsr\/wp-json\/wp\/v2\/pages\/6"}],"wp:attachment":[{"href":"https:\/\/wp.unil.ch\/aetsr\/wp-json\/wp\/v2\/media?parent=518"}],"curies":[{"name":"wp","href":"https:\/\/api.w.org\/{rel}","templated":true}]}}