{"id":514,"date":"2023-09-26T09:07:41","date_gmt":"2023-09-26T07:07:41","guid":{"rendered":"https:\/\/wp.unil.ch\/aetsr\/?page_id=514"},"modified":"2026-02-20T14:33:01","modified_gmt":"2026-02-20T13:33:01","slug":"le-comite","status":"publish","type":"page","link":"https:\/\/wp.unil.ch\/aetsr\/home\/le-comite\/","title":{"rendered":"Le Comit\u00e9"},"content":{"rendered":"\n<p>Le<strong> Comit\u00e9<\/strong> actuel de l&rsquo;association estudiantine de Th\u00e9ologie et Sciences des Religions est compos\u00e9 de :<\/p>\n\n\n\n<div class=\"wp-block-media-text is-stacked-on-mobile\" style=\"grid-template-columns:36% auto\"><figure class=\"wp-block-media-text__media\"><img alt=\"\" loading=\"lazy\" decoding=\"async\" width=\"642\" height=\"1024\" src=\"https:\/\/wp.unil.ch\/aetsr\/files\/2024\/09\/IMG_Eduardo2-642x1024.jpeg\" alt=\"\" class=\"wp-image-903 size-full\" srcset=\"https:\/\/wp.unil.ch\/aetsr\/files\/2024\/09\/IMG_Eduardo2-642x1024.jpeg 642w, https:\/\/wp.unil.ch\/aetsr\/files\/2024\/09\/IMG_Eduardo2-188x300.jpeg 188w, https:\/\/wp.unil.ch\/aetsr\/files\/2024\/09\/IMG_Eduardo2-540x862.jpeg 540w, https:\/\/wp.unil.ch\/aetsr\/files\/2024\/09\/IMG_Eduardo2.jpeg 752w\" sizes=\"auto, (max-width: 642px) 100vw, 642px\" \/><\/figure><div class=\"wp-block-media-text__content\">\n<p>Eduardo Couto : co-pr\u00e9sident<\/p>\n<\/div><\/div>\n\n\n\n<div class=\"wp-block-media-text is-stacked-on-mobile\" style=\"grid-template-columns:36% auto\"><figure class=\"wp-block-media-text__media\"><img loading=\"lazy\" decoding=\"async\" width=\"768\" height=\"1024\" src=\"https:\/\/wp.unil.ch\/aetsr\/files\/2025\/03\/img_maryline-768x1024.jpg\" alt=\"img maryline\" class=\"wp-image-1014 size-full\" srcset=\"https:\/\/wp.unil.ch\/aetsr\/files\/2025\/03\/img_maryline-768x1024.jpg 768w, https:\/\/wp.unil.ch\/aetsr\/files\/2025\/03\/img_maryline-225x300.jpg 225w, https:\/\/wp.unil.ch\/aetsr\/files\/2025\/03\/img_maryline-540x720.jpg 540w, https:\/\/wp.unil.ch\/aetsr\/files\/2025\/03\/img_maryline.jpg 900w\" sizes=\"auto, (max-width: 768px) 100vw, 768px\" \/><\/figure><div class=\"wp-block-media-text__content\">\n<p>Marilyne Duruz : co-pr\u00e9sidente<\/p>\n<\/div><\/div>\n\n\n\n<div class=\"wp-block-media-text is-stacked-on-mobile\" style=\"grid-template-columns:36% auto\"><figure class=\"wp-block-media-text__media\"><img alt=\"\" loading=\"lazy\" decoding=\"async\" width=\"699\" height=\"1024\" src=\"https:\/\/wp.unil.ch\/aetsr\/files\/2024\/09\/IMG_Ewan2-699x1024.jpeg\" alt=\"\" class=\"wp-image-904 size-full\" srcset=\"https:\/\/wp.unil.ch\/aetsr\/files\/2024\/09\/IMG_Ewan2-699x1024.jpeg 699w, https:\/\/wp.unil.ch\/aetsr\/files\/2024\/09\/IMG_Ewan2-205x300.jpeg 205w, https:\/\/wp.unil.ch\/aetsr\/files\/2024\/09\/IMG_Ewan2-768x1125.jpeg 768w, https:\/\/wp.unil.ch\/aetsr\/files\/2024\/09\/IMG_Ewan2-540x791.jpeg 540w, https:\/\/wp.unil.ch\/aetsr\/files\/2024\/09\/IMG_Ewan2.jpeg 819w\" sizes=\"auto, (max-width: 699px) 100vw, 699px\" \/><\/figure><div class=\"wp-block-media-text__content\">\n<p>Ewan Germanier : graphisme<\/p>\n<\/div><\/div>\n\n\n\n<div class=\"wp-block-media-text is-stacked-on-mobile\" style=\"grid-template-columns:36% auto\"><figure class=\"wp-block-media-text__media\"><img alt=\"\" loading=\"lazy\" decoding=\"async\" width=\"768\" height=\"1024\" src=\"https:\/\/wp.unil.ch\/aetsr\/files\/2024\/09\/IMG_Nikita2-768x1024.jpeg\" alt=\"\" class=\"wp-image-902 size-full\" srcset=\"https:\/\/wp.unil.ch\/aetsr\/files\/2024\/09\/IMG_Nikita2-768x1024.jpeg 768w, https:\/\/wp.unil.ch\/aetsr\/files\/2024\/09\/IMG_Nikita2-225x300.jpeg 225w, https:\/\/wp.unil.ch\/aetsr\/files\/2024\/09\/IMG_Nikita2-540x720.jpeg 540w, https:\/\/wp.unil.ch\/aetsr\/files\/2024\/09\/IMG_Nikita2.jpeg 900w\" sizes=\"auto, (max-width: 768px) 100vw, 768px\" \/><\/figure><div class=\"wp-block-media-text__content\">\n<p>Nikita Catzeflis : tr\u00e9sori\u00e8re<\/p>\n<\/div><\/div>\n\n\n\n<div class=\"wp-block-media-text is-stacked-on-mobile\" style=\"grid-template-columns:36% auto\"><figure class=\"wp-block-media-text__media\"><img loading=\"lazy\" decoding=\"async\" width=\"768\" height=\"1024\" src=\"https:\/\/wp.unil.ch\/aetsr\/files\/2025\/03\/img_martin-768x1024.jpg\" alt=\"img martin\" class=\"wp-image-1015 size-full\" srcset=\"https:\/\/wp.unil.ch\/aetsr\/files\/2025\/03\/img_martin-768x1024.jpg 768w, https:\/\/wp.unil.ch\/aetsr\/files\/2025\/03\/img_martin-225x300.jpg 225w, https:\/\/wp.unil.ch\/aetsr\/files\/2025\/03\/img_martin-540x720.jpg 540w, https:\/\/wp.unil.ch\/aetsr\/files\/2025\/03\/img_martin.jpg 900w\" sizes=\"auto, (max-width: 768px) 100vw, 768px\" \/><\/figure><div class=\"wp-block-media-text__content\">\n<p>Martin Hayoz : \u00e9v\u00e9nementiel <\/p>\n<\/div><\/div>\n\n\n\n<div class=\"wp-block-media-text is-stacked-on-mobile\" style=\"grid-template-columns:35% auto\"><figure class=\"wp-block-media-text__media\"><img loading=\"lazy\" decoding=\"async\" width=\"753\" height=\"1019\" src=\"https:\/\/wp.unil.ch\/aetsr\/files\/2026\/02\/img_jasper.jpeg\" alt=\"img jasper\" class=\"wp-image-1141 size-full\" srcset=\"https:\/\/wp.unil.ch\/aetsr\/files\/2026\/02\/img_jasper.jpeg 753w, https:\/\/wp.unil.ch\/aetsr\/files\/2026\/02\/img_jasper-222x300.jpeg 222w, https:\/\/wp.unil.ch\/aetsr\/files\/2026\/02\/img_jasper-540x731.jpeg 540w\" sizes=\"auto, (max-width: 753px) 100vw, 753px\" \/><\/figure><div class=\"wp-block-media-text__content\">\n<p>Juliane Grin : \u00e9v\u00e9nementiel<\/p>\n<\/div><\/div>\n\n\n\n<div class=\"wp-block-media-text is-stacked-on-mobile\" style=\"grid-template-columns:35% auto\"><figure class=\"wp-block-media-text__media\"><img loading=\"lazy\" decoding=\"async\" width=\"692\" height=\"1024\" src=\"https:\/\/wp.unil.ch\/aetsr\/files\/2026\/02\/img_louna-1-692x1024.jpeg\" alt=\"img louna\" class=\"wp-image-1139 size-full\" srcset=\"https:\/\/wp.unil.ch\/aetsr\/files\/2026\/02\/img_louna-1-692x1024.jpeg 692w, https:\/\/wp.unil.ch\/aetsr\/files\/2026\/02\/img_louna-1-203x300.jpeg 203w, https:\/\/wp.unil.ch\/aetsr\/files\/2026\/02\/img_louna-1-768x1136.jpeg 768w, https:\/\/wp.unil.ch\/aetsr\/files\/2026\/02\/img_louna-1-540x799.jpeg 540w, https:\/\/wp.unil.ch\/aetsr\/files\/2026\/02\/img_louna-1.jpeg 811w\" sizes=\"auto, (max-width: 692px) 100vw, 692px\" \/><\/figure><div class=\"wp-block-media-text__content\">\n<p>Louna Ponnaz : \u00e9v\u00e9nementiel<\/p>\n<\/div><\/div>\n\n\n\n<div class=\"wp-block-media-text is-stacked-on-mobile\" style=\"grid-template-columns:35% auto\"><figure class=\"wp-block-media-text__media\"><img loading=\"lazy\" decoding=\"async\" width=\"786\" height=\"993\" src=\"https:\/\/wp.unil.ch\/aetsr\/files\/2026\/02\/img_viviane-.jpeg\" alt=\"img viviane\" class=\"wp-image-1140 size-full\" srcset=\"https:\/\/wp.unil.ch\/aetsr\/files\/2026\/02\/img_viviane-.jpeg 786w, https:\/\/wp.unil.ch\/aetsr\/files\/2026\/02\/img_viviane--237x300.jpeg 237w, https:\/\/wp.unil.ch\/aetsr\/files\/2026\/02\/img_viviane--768x970.jpeg 768w, https:\/\/wp.unil.ch\/aetsr\/files\/2026\/02\/img_viviane--540x682.jpeg 540w\" sizes=\"auto, (max-width: 786px) 100vw, 786px\" \/><\/figure><div class=\"wp-block-media-text__content\">\n<p>Viviane Bossi : \u00e9v\u00e9nementiel<\/p>\n<\/div><\/div>\n\n\n\n<div class=\"wp-block-media-text is-stacked-on-mobile\" style=\"grid-template-columns:36% auto\"><figure class=\"wp-block-media-text__media\"><img alt=\"\" loading=\"lazy\" decoding=\"async\" width=\"768\" height=\"1024\" src=\"https:\/\/wp.unil.ch\/aetsr\/files\/2024\/10\/mel-768x1024.jpg\" alt=\"\" class=\"wp-image-910 size-full\" srcset=\"https:\/\/wp.unil.ch\/aetsr\/files\/2024\/10\/mel-768x1024.jpg 768w, https:\/\/wp.unil.ch\/aetsr\/files\/2024\/10\/mel-225x300.jpg 225w, https:\/\/wp.unil.ch\/aetsr\/files\/2024\/10\/mel-540x720.jpg 540w, https:\/\/wp.unil.ch\/aetsr\/files\/2024\/10\/mel.jpg 900w\" sizes=\"auto, (max-width: 768px) 100vw, 768px\" \/><\/figure><div class=\"wp-block-media-text__content\">\n<p>Melina Geiser : webmaster<\/p>\n<\/div><\/div>\n\n\n\n<div class=\"wp-block-media-text is-stacked-on-mobile\"><figure class=\"wp-block-media-text__media\"><\/figure><div class=\"wp-block-media-text__content\">\n<p>Irina Rasolondraibe<\/p>\n<\/div><\/div>\n","protected":false},"excerpt":{"rendered":"<p>Le Comit\u00e9 actuel de l&rsquo;association estudiantine de Th\u00e9ologie et Sciences des Religions est compos\u00e9 de : Eduardo Couto : co-pr\u00e9sident Marilyne Duruz : co-pr\u00e9sidente Ewan Germanier : graphisme&hellip;<\/p>\n","protected":false},"author":1002588,"featured_media":0,"parent":6,"menu_order":3,"comment_status":"closed","ping_status":"closed","template":"","meta":{"_seopress_robots_primary_cat":"","_seopress_titles_title":"","_seopress_titles_desc":"","_seopress_robots_index":"","footnotes":""},"class_list":["post-514","page","type-page","status-publish","has-post-thumbnail"],"_links":{"self":[{"href":"https:\/\/wp.unil.ch\/aetsr\/wp-json\/wp\/v2\/pages\/514","targetHints":{"allow":["GET"]}}],"collection":[{"href":"https:\/\/wp.unil.ch\/aetsr\/wp-json\/wp\/v2\/pages"}],"about":[{"href":"https:\/\/wp.unil.ch\/aetsr\/wp-json\/wp\/v2\/types\/page"}],"author":[{"embeddable":true,"href":"https:\/\/wp.unil.ch\/aetsr\/wp-json\/wp\/v2\/users\/1002588"}],"replies":[{"embeddable":true,"href":"https:\/\/wp.unil.ch\/aetsr\/wp-json\/wp\/v2\/comments?post=514"}],"version-history":[{"count":5,"href":"https:\/\/wp.unil.ch\/aetsr\/wp-json\/wp\/v2\/pages\/514\/revisions"}],"predecessor-version":[{"id":1145,"href":"https:\/\/wp.unil.ch\/aetsr\/wp-json\/wp\/v2\/pages\/514\/revisions\/1145"}],"up":[{"embeddable":true,"href":"https:\/\/wp.unil.ch\/aetsr\/wp-json\/wp\/v2\/pages\/6"}],"wp:attachment":[{"href":"https:\/\/wp.unil.ch\/aetsr\/wp-json\/wp\/v2\/media?parent=514"}],"curies":[{"name":"wp","href":"https:\/\/api.w.org\/{rel}","templated":true}]}}