{"id":403,"date":"2020-04-04T23:24:34","date_gmt":"2020-04-04T21:24:34","guid":{"rendered":"http:\/\/wp.unil.ch\/aetsr\/?page_id=403"},"modified":"2024-01-18T19:16:27","modified_gmt":"2024-01-18T18:16:27","slug":"activites","status":"publish","type":"page","link":"https:\/\/wp.unil.ch\/aetsr\/activites\/","title":{"rendered":"Activit\u00e9s"},"content":{"rendered":"\n<p>Voici la liste des prochaines activit\u00e9s de l&rsquo;assoc&rsquo; auxquelles nous nous r\u00e9jouissons de vous retrouver. <\/p>\n\n\n\n<p>N&rsquo;h\u00e9sitez pas \u00e0 nous proposer des id\u00e9es d&rsquo;\u00e9v\u00e9nements !<\/p>\n\n\n<!=========Events list Template 2.6.2=========><div id=\"ect-events-list-content\"><div id=\"list-wrp\" class=\"ect-list-wrapper all\"><div id=\"event-1089\" class=\"ect-list-post style-1 ect-simple-event future\"><div class=\"ect-list-post-left \">\n\t\t\t\t<div class=\"ect-list-img\" style=\"background-image:url(&#039;https:\/\/wp.unil.ch\/aetsr\/wp-content\/plugins\/template-events-calendar\/assets\/images\/event-template-bg.png&#039;);background-size:cover;\"><a href=\"https:\/\/wp.unil.ch\/aetsr\/event\/grande-soiree-4\/\" alt=\"Grande Soir\u00e9e\" rel=\"bookmark\"><div class=\"ect-list-date\"><div class=\"ect-date-area default-schedule\"><span class=\"ev-day\">29<\/span>\n\t\t\t\t\t<span class=\"ev-mo\">mai<\/span>\n\t\t\t\t\t<span class=\"ev-yr\">2026<\/span><\/div><\/div><\/a><\/div><\/div><!-- left-post close --><div class=\"ect-list-post-right\">\n\t\t\t\t<div class=\"ect-list-post-right-table\"><div class=\"ect-list-description\" style=\"width:100%;\"><h2 class=\"ect-list-title\"><a class=\"ect-event-url\" href=\"https:\/\/wp.unil.ch\/aetsr\/event\/grande-soiree-4\/\" rel=\"bookmark\">Grande Soir\u00e9e<\/a><\/h2><!-- Event Content --><div class=\"ect-event-content\"><\/div><a href=\"https:\/\/wp.unil.ch\/aetsr\/event\/grande-soiree-4\/\" class=\"ect-events-read-more\" rel=\"bookmark\">Find out more<\/a><\/div><\/div><\/div><!-- right-wrapper close --><\/div><!-- event-loop-end --><div id=\"event-1093\" class=\"ect-list-post style-1 ect-simple-event future\"><div class=\"ect-list-post-left \">\n\t\t\t\t<div class=\"ect-list-img\" style=\"background-image:url(&#039;https:\/\/wp.unil.ch\/aetsr\/wp-content\/plugins\/template-events-calendar\/assets\/images\/event-template-bg.png&#039;);background-size:cover;\"><a href=\"https:\/\/wp.unil.ch\/aetsr\/event\/solstice-4\/\" alt=\"Solstice\" rel=\"bookmark\"><div class=\"ect-list-date\"><div class=\"ect-date-area default-schedule\"><span class=\"ev-day\">19<\/span>\n\t\t\t\t\t<span class=\"ev-mo\">juin<\/span>\n\t\t\t\t\t<span class=\"ev-yr\">2026<\/span><\/div><\/div><\/a><\/div><\/div><!-- left-post close --><div class=\"ect-list-post-right\">\n\t\t\t\t<div class=\"ect-list-post-right-table\"><div class=\"ect-list-description\" style=\"width:100%;\"><h2 class=\"ect-list-title\"><a class=\"ect-event-url\" href=\"https:\/\/wp.unil.ch\/aetsr\/event\/solstice-4\/\" rel=\"bookmark\">Solstice<\/a><\/h2><!-- Event Content --><div class=\"ect-event-content\"><\/div><a href=\"https:\/\/wp.unil.ch\/aetsr\/event\/solstice-4\/\" class=\"ect-events-read-more\" rel=\"bookmark\">Find out more<\/a><\/div><\/div><\/div><!-- right-wrapper close --><\/div><!-- event-loop-end --><\/div><\/div>\n\n\n<p><\/p>\n","protected":false},"excerpt":{"rendered":"<p>Voici la liste des prochaines activit\u00e9s de l&rsquo;assoc&rsquo; auxquelles nous nous r\u00e9jouissons de vous retrouver. N&rsquo;h\u00e9sitez pas \u00e0 nous proposer des id\u00e9es d&rsquo;\u00e9v\u00e9nements !<\/p>\n","protected":false},"author":1002015,"featured_media":0,"parent":0,"menu_order":0,"comment_status":"closed","ping_status":"closed","template":"","meta":{"_seopress_robots_primary_cat":"","_seopress_titles_title":"","_seopress_titles_desc":"","_seopress_robots_index":"","footnotes":""},"class_list":["post-403","page","type-page","status-publish","has-post-thumbnail"],"_links":{"self":[{"href":"https:\/\/wp.unil.ch\/aetsr\/wp-json\/wp\/v2\/pages\/403","targetHints":{"allow":["GET"]}}],"collection":[{"href":"https:\/\/wp.unil.ch\/aetsr\/wp-json\/wp\/v2\/pages"}],"about":[{"href":"https:\/\/wp.unil.ch\/aetsr\/wp-json\/wp\/v2\/types\/page"}],"author":[{"embeddable":true,"href":"https:\/\/wp.unil.ch\/aetsr\/wp-json\/wp\/v2\/users\/1002015"}],"replies":[{"embeddable":true,"href":"https:\/\/wp.unil.ch\/aetsr\/wp-json\/wp\/v2\/comments?post=403"}],"version-history":[{"count":4,"href":"https:\/\/wp.unil.ch\/aetsr\/wp-json\/wp\/v2\/pages\/403\/revisions"}],"predecessor-version":[{"id":761,"href":"https:\/\/wp.unil.ch\/aetsr\/wp-json\/wp\/v2\/pages\/403\/revisions\/761"}],"wp:attachment":[{"href":"https:\/\/wp.unil.ch\/aetsr\/wp-json\/wp\/v2\/media?parent=403"}],"curies":[{"name":"wp","href":"https:\/\/api.w.org\/{rel}","templated":true}]}}