{"id":7141,"date":"2024-09-11T03:10:37","date_gmt":"2024-09-11T01:10:37","guid":{"rendered":"https:\/\/wp.unil.ch\/aessp\/?page_id=7141"},"modified":"2025-09-13T16:21:10","modified_gmt":"2025-09-13T14:21:10","slug":"parrainage-marrainage","status":"publish","type":"page","link":"https:\/\/wp.unil.ch\/aessp\/parrainage-marrainage\/","title":{"rendered":"Parrainage &#8211; Marrainage"},"content":{"rendered":"\n<p>Hello hello ! Bienvenue \u00e0 l&rsquo;UNIL et dans la facult\u00e9 des SSP ! Nous sommes ravi<strong>\u00b7<\/strong>e<strong>\u00b7<\/strong>s de voir que tu aies d\u00e9cid\u00e9 de demander une marraine\/un parrain pour te guider dans tes premiers pas sur le campus et dans le monde acad\u00e9mique. Nous savons combien cela peut \u00eatre d\u00e9stabilisant d&rsquo;arriver dans ce tout nouvel environnement et encore plus difficile de&nbsp;l&rsquo;apprivoiser.<\/p>\n\n\n\n<div class=\"wp-block-columns is-layout-flex wp-container-core-columns-is-layout-28f84493 wp-block-columns-is-layout-flex\">\n<div class=\"wp-block-column is-layout-flow wp-block-column-is-layout-flow\" style=\"flex-basis:100%\">\n<div class=\"wp-block-group is-nowrap is-layout-flex wp-container-core-group-is-layout-6c531013 wp-block-group-is-layout-flex\">\n<p class=\"has-contrast-color has-text-color has-link-color wp-elements-1403f61e6fbeea0c5ce30e6e48437131\">Si tu veux <strong>devenir <\/strong>un parrain \/ une marraine <\/p>\n\n\n\n<div class=\"wp-block-uagb-buttons uagb-buttons__outer-wrap uagb-btn__default-btn uagb-btn-tablet__default-btn uagb-btn-mobile__default-btn uagb-block-0ffbd761\"><div class=\"uagb-buttons__wrap uagb-buttons-layout-wrap \">\n<div class=\"wp-block-uagb-buttons-child uagb-buttons__outer-wrap uagb-block-c40f036a wp-block-button\"><div class=\"uagb-button__wrapper\"><a class=\"uagb-buttons-repeater wp-block-button__link\" aria-label=\"\" href=\"https:\/\/docs.google.com\/forms\/d\/e\/1FAIpQLSfAMTwDhWW03TwFbK_iFPUyC_xAKw7uB_AhTZ0MA0Ti979MWA\/viewform\" rel=\"follow noopener\" target=\"_self\" role=\"button\"><div class=\"uagb-button__link\">C&rsquo;est ici !<\/div><\/a><\/div><\/div>\n<\/div><\/div>\n<\/div>\n<\/div>\n<\/div>\n\n\n\n<div class=\"wp-block-columns is-layout-flex wp-container-core-columns-is-layout-28f84493 wp-block-columns-is-layout-flex\">\n<div class=\"wp-block-column is-layout-flow wp-block-column-is-layout-flow\" style=\"flex-basis:100%\">\n<div class=\"wp-block-group is-nowrap is-layout-flex wp-container-core-group-is-layout-6c531013 wp-block-group-is-layout-flex\">\n<p class=\"has-contrast-color has-text-color has-link-color wp-elements-845f5bafc2a9c0679d0dd2f77fd61974\">Si tu veux <strong>trouver <\/strong>un parrain \/ une marraine<\/p>\n\n\n\n<div class=\"wp-block-uagb-buttons uagb-buttons__outer-wrap uagb-btn__-btn uagb-btn-tablet__-btn uagb-btn-mobile__-btn uagb-block-bd12c421\"><div class=\"uagb-buttons__wrap uagb-buttons-layout-wrap \">\n<div class=\"wp-block-uagb-buttons-child uagb-buttons__outer-wrap uagb-block-7051309e wp-block-button\"><div class=\"uagb-button__wrapper\"><a class=\"uagb-buttons-repeater wp-block-button__link\" aria-label=\"\" href=\"https:\/\/docs.google.com\/forms\/d\/e\/1FAIpQLSeJoWBbJP5aXEYBhu3KC_tHVWPe_j56swPC1DQUFMJiNxd4VA\/viewform\" rel=\"follow noopener\" target=\"_self\" role=\"button\"><div class=\"uagb-button__link\">C&rsquo;est ici !<\/div><\/a><\/div><\/div>\n<\/div><\/div>\n<\/div>\n<\/div>\n<\/div>\n\n\n\n<div class=\"wp-block-uagb-image uagb-block-3b5e94bd wp-block-uagb-image--layout-default wp-block-uagb-image--effect-static wp-block-uagb-image--align-none\"><figure class=\"wp-block-uagb-image__figure\"><img decoding=\"async\" src=\"https:\/\/wp.unil.ch\/aessp\/files\/2025\/09\/ajouter-un-titre-724x1024.png\" alt=\"parrainage 25\/26\" class=\"uag-image-7869\" width=\"724\" height=\"1024\" title=\"ajouter un titre\" loading=\"lazy\" role=\"img\" \/><\/figure><\/div>\n\n\n\n<p><\/p>\n","protected":false},"excerpt":{"rendered":"<p>Hello hello ! Bienvenue \u00e0 l&rsquo;UNIL et dans la facult\u00e9 des SSP ! Nous sommes ravi\u00b7e\u00b7s de voir que tu aies d\u00e9cid\u00e9 de demander une marraine\/un parrain pour te guider dans tes premiers pas sur le campus et dans le monde acad\u00e9mique. Nous savons combien cela peut \u00eatre d\u00e9stabilisant d&rsquo;arriver dans ce tout nouvel environnement [&hellip;]<\/p>\n","protected":false},"author":1002759,"featured_media":0,"parent":0,"menu_order":0,"comment_status":"closed","ping_status":"closed","template":"","meta":{"_seopress_robots_primary_cat":"","_seopress_titles_title":"","_seopress_titles_desc":"","_seopress_robots_index":"","_seopress_analysis_target_kw":"","_uag_custom_page_level_css":"","footnotes":""},"class_list":["post-7141","page","type-page","status-publish"],"uagb_featured_image_src":{"full":false,"thumbnail":false,"medium":false,"medium_large":false,"large":false,"1536x1536":false,"2048x2048":false,"mailpoet_newsletter_max":false},"uagb_author_info":{"display_name":"Amphitryon","author_link":"https:\/\/wp.unil.ch\/aessp\/author\/afontesc\/"},"uagb_comment_info":0,"uagb_excerpt":"Hello hello ! Bienvenue \u00e0 l&rsquo;UNIL et dans la facult\u00e9 des SSP ! Nous sommes ravi\u00b7e\u00b7s de voir que tu aies d\u00e9cid\u00e9 de demander une marraine\/un parrain pour te guider dans tes premiers pas sur le campus et dans le monde acad\u00e9mique. Nous savons combien cela peut \u00eatre d\u00e9stabilisant d&rsquo;arriver dans ce tout nouvel environnement&hellip;","_links":{"self":[{"href":"https:\/\/wp.unil.ch\/aessp\/wp-json\/wp\/v2\/pages\/7141","targetHints":{"allow":["GET"]}}],"collection":[{"href":"https:\/\/wp.unil.ch\/aessp\/wp-json\/wp\/v2\/pages"}],"about":[{"href":"https:\/\/wp.unil.ch\/aessp\/wp-json\/wp\/v2\/types\/page"}],"author":[{"embeddable":true,"href":"https:\/\/wp.unil.ch\/aessp\/wp-json\/wp\/v2\/users\/1002759"}],"replies":[{"embeddable":true,"href":"https:\/\/wp.unil.ch\/aessp\/wp-json\/wp\/v2\/comments?post=7141"}],"version-history":[{"count":6,"href":"https:\/\/wp.unil.ch\/aessp\/wp-json\/wp\/v2\/pages\/7141\/revisions"}],"predecessor-version":[{"id":7969,"href":"https:\/\/wp.unil.ch\/aessp\/wp-json\/wp\/v2\/pages\/7141\/revisions\/7969"}],"wp:attachment":[{"href":"https:\/\/wp.unil.ch\/aessp\/wp-json\/wp\/v2\/media?parent=7141"}],"curies":[{"name":"wp","href":"https:\/\/api.w.org\/{rel}","templated":true}]}}