{"id":6838,"date":"2024-04-11T15:45:04","date_gmt":"2024-04-11T13:45:04","guid":{"rendered":"https:\/\/wp.unil.ch\/aessp\/?page_id=6838"},"modified":"2026-04-01T01:03:03","modified_gmt":"2026-03-31T23:03:03","slug":"pulls","status":"publish","type":"page","link":"https:\/\/wp.unil.ch\/aessp\/pulls\/","title":{"rendered":"PULLS"},"content":{"rendered":"\n<div class=\"wp-block-columns alignwide is-layout-flex wp-container-core-columns-is-layout-28f84493 wp-block-columns-is-layout-flex\">\n<div class=\"wp-block-column is-layout-flow wp-block-column-is-layout-flow\" style=\"flex-basis:100%\">\n<p class=\"has-contrast-color has-text-color has-link-color uag-hide-desktop uag-hide-tab uag-hide-mob wp-elements-b94e44fc0c9d2a2b0bd415949e2ccc04\">Merci \u00e0 toustes ! Les pulls de cette ann\u00e9e sont pr\u00eats. Si vous en avez command\u00e9 un, n&rsquo;oubliez pas de venir le r\u00e9cup\u00e9rer au bureau de l&rsquo;AESSP, <strong>GEO 2216<\/strong>. Restez \u00e0 l&rsquo;aff\u00fbt, nous reviendrons bient\u00f4t avec les mod\u00e8les pour 2025-2026 !<\/p>\n<\/div>\n<\/div>\n\n\n\n<div class=\"wp-block-columns alignwide is-layout-flex wp-container-core-columns-is-layout-28f84493 wp-block-columns-is-layout-flex\">\n<div class=\"wp-block-column is-layout-flow wp-block-column-is-layout-flow\" style=\"flex-basis:100%\">\n<p>Hey ! Tu es bien arriv\u00e9\u00b7e sur notre site pour commander ton pull de section 25-26. Comme tu peux le voir ci-dessous et sur insta, cette ann\u00e9e nous proposons deux mod\u00e8les diff\u00e9rents (avec ou sans capuche) et de plusieurs couleurs. Impossible que tu ne trouves pas ton bonheur !<\/p>\n\n\n\n<figure class=\"wp-block-gallery has-nested-images columns-default is-cropped wp-block-gallery-1 is-layout-flex wp-block-gallery-is-layout-flex\">\n<figure class=\"wp-block-image size-large\"><img loading=\"lazy\" decoding=\"async\" width=\"683\" height=\"1024\" data-id=\"8107\" src=\"https:\/\/wp.unil.ch\/aessp\/files\/2026\/04\/1-683x1024.jpeg\" alt=\"1\" class=\"wp-image-8107\" srcset=\"https:\/\/wp.unil.ch\/aessp\/files\/2026\/04\/1-683x1024.jpeg 683w, https:\/\/wp.unil.ch\/aessp\/files\/2026\/04\/1-400x600.jpeg 400w, https:\/\/wp.unil.ch\/aessp\/files\/2026\/04\/1-768x1152.jpeg 768w, https:\/\/wp.unil.ch\/aessp\/files\/2026\/04\/1.jpeg 800w\" sizes=\"auto, (max-width: 683px) 100vw, 683px\" \/><\/figure>\n\n\n\n<figure class=\"wp-block-image size-large\"><img loading=\"lazy\" decoding=\"async\" width=\"683\" height=\"1024\" data-id=\"8108\" src=\"https:\/\/wp.unil.ch\/aessp\/files\/2026\/04\/2-683x1024.jpeg\" alt=\"2\" class=\"wp-image-8108\" srcset=\"https:\/\/wp.unil.ch\/aessp\/files\/2026\/04\/2-683x1024.jpeg 683w, https:\/\/wp.unil.ch\/aessp\/files\/2026\/04\/2-400x600.jpeg 400w, https:\/\/wp.unil.ch\/aessp\/files\/2026\/04\/2-768x1152.jpeg 768w, https:\/\/wp.unil.ch\/aessp\/files\/2026\/04\/2.jpeg 800w\" sizes=\"auto, (max-width: 683px) 100vw, 683px\" \/><\/figure>\n\n\n\n<figure class=\"wp-block-image size-large\"><img loading=\"lazy\" decoding=\"async\" width=\"683\" height=\"1024\" data-id=\"8109\" src=\"https:\/\/wp.unil.ch\/aessp\/files\/2026\/04\/3-683x1024.jpeg\" alt=\"3\" class=\"wp-image-8109\" srcset=\"https:\/\/wp.unil.ch\/aessp\/files\/2026\/04\/3-683x1024.jpeg 683w, https:\/\/wp.unil.ch\/aessp\/files\/2026\/04\/3-400x600.jpeg 400w, https:\/\/wp.unil.ch\/aessp\/files\/2026\/04\/3-768x1152.jpeg 768w, https:\/\/wp.unil.ch\/aessp\/files\/2026\/04\/3.jpeg 800w\" sizes=\"auto, (max-width: 683px) 100vw, 683px\" \/><\/figure>\n<\/figure>\n<\/div>\n<\/div>\n\n\n\n<div class=\"wp-block-columns alignwide is-layout-flex wp-container-core-columns-is-layout-28f84493 wp-block-columns-is-layout-flex\">\n<div class=\"wp-block-column is-layout-flow wp-block-column-is-layout-flow\" style=\"flex-basis:100%\">\n<figure class=\"wp-block-gallery has-nested-images columns-default is-cropped wp-block-gallery-2 is-layout-flex wp-block-gallery-is-layout-flex\">\n<figure class=\"wp-block-image size-large\"><img loading=\"lazy\" decoding=\"async\" width=\"683\" height=\"1024\" data-id=\"8112\" src=\"https:\/\/wp.unil.ch\/aessp\/files\/2026\/04\/4-1-683x1024.jpeg\" alt=\"4\" class=\"wp-image-8112\" srcset=\"https:\/\/wp.unil.ch\/aessp\/files\/2026\/04\/4-1-683x1024.jpeg 683w, https:\/\/wp.unil.ch\/aessp\/files\/2026\/04\/4-1-400x600.jpeg 400w, https:\/\/wp.unil.ch\/aessp\/files\/2026\/04\/4-1-768x1152.jpeg 768w, https:\/\/wp.unil.ch\/aessp\/files\/2026\/04\/4-1.jpeg 800w\" sizes=\"auto, (max-width: 683px) 100vw, 683px\" \/><\/figure>\n\n\n\n<figure class=\"wp-block-image size-large\"><img loading=\"lazy\" decoding=\"async\" width=\"683\" height=\"1024\" data-id=\"8111\" src=\"https:\/\/wp.unil.ch\/aessp\/files\/2026\/04\/whatsapp-image-2026-03-26-at-21.26.31-683x1024.jpeg\" alt=\"whatsapp image 2026 03 26 at 21.26.31\" class=\"wp-image-8111\" srcset=\"https:\/\/wp.unil.ch\/aessp\/files\/2026\/04\/whatsapp-image-2026-03-26-at-21.26.31-683x1024.jpeg 683w, https:\/\/wp.unil.ch\/aessp\/files\/2026\/04\/whatsapp-image-2026-03-26-at-21.26.31-400x600.jpeg 400w, https:\/\/wp.unil.ch\/aessp\/files\/2026\/04\/whatsapp-image-2026-03-26-at-21.26.31-768x1152.jpeg 768w, https:\/\/wp.unil.ch\/aessp\/files\/2026\/04\/whatsapp-image-2026-03-26-at-21.26.31.jpeg 800w\" sizes=\"auto, (max-width: 683px) 100vw, 683px\" \/><\/figure>\n<\/figure>\n\n\n\n<p class=\"has-medium-font-size\"><strong>Nous souhaitons que ce soit le plus abordable possible. Ainsi le prix, peu importe la couleur ou le mod\u00e8le, est \u00e0 20 chf<\/strong> !!! <strong>Pour l&rsquo;acheter il te suffit de cliquer sur commander et de suivre les instructions dans le formulaire<\/strong>.<\/p>\n\n\n\n<div class=\"wp-block-buttons is-content-justification-center is-layout-flex wp-container-core-buttons-is-layout-a89b3969 wp-block-buttons-is-layout-flex\">\n<div class=\"wp-block-button is-style-fill\"><a class=\"wp-block-button__link has-base-2-color has-custom-scs-background-color has-text-color has-background has-link-color has-medium-font-size has-custom-font-size wp-element-button\" href=\"https:\/\/docs.google.com\/forms\/d\/e\/1FAIpQLSfD1dduDyWUsZn0QUh_Tz9RtzStbAN1UgcYGDeDWwJ24xW3Pg\/viewform?usp=header\" style=\"border-style:none;border-width:0px;border-top-left-radius:5px;border-top-right-radius:5px;border-bottom-left-radius:5px;border-bottom-right-radius:5px;padding-top:0;padding-bottom:0\">Commander<\/a><\/div>\n<\/div>\n<\/div>\n<\/div>\n\n\n\n<div class=\"wp-block-uagb-container uag-hide-desktop uag-hide-tab uag-hide-mob uagb-block-a6422c6b alignfull uagb-is-root-container\"><div class=\"uagb-container-inner-blocks-wrap\">\n<div class=\"wp-block-uagb-container uagb-block-9247ac2c\">\n<div class=\"wp-block-group is-nowrap is-layout-flex wp-container-core-group-is-layout-6c531013 wp-block-group-is-layout-flex\">\n<h2 class=\"wp-block-heading has-text-align-center\">Psychologie<\/h2>\n\n\n\n<div class=\"wp-block-uagb-image uagb-block-6ddc94e7 wp-block-uagb-image--layout-default wp-block-uagb-image--effect-static wp-block-uagb-image--align-none\"><figure class=\"wp-block-uagb-image__figure\"><img decoding=\"async\" src=\"https:\/\/wp.unil.ch\/aessp\/files\/2022\/11\/ESPYL-1-1.png\" alt=\"\" class=\"uag-image-6066\" width=\"99\" height=\"95\" title=\"ESPYL-1-1\" loading=\"lazy\" role=\"img\" \/><\/figure><\/div>\n<\/div>\n\n\n\n<div style=\"height:5px\" aria-hidden=\"true\" class=\"wp-block-spacer\"><\/div>\n\n\n\n<div class=\"wp-block-uagb-slider uagb-block-27a699a1 uagb-slider-container\"><div class=\"uagb-slides uagb-swiper\"><div class=\"swiper-wrapper\">\n<div class=\"wp-block-uagb-slider-child uagb-slider-child-wrap swiper-slide uagb-block-b1018a1a\"><div class=\"swiper-content\">\n<div class=\"wp-block-uagb-container uagb-block-ff0c8037\">\n<div class=\"wp-block-uagb-info-box uagb-block-9ce87029 uagb-infobox__content-wrap  uagb-infobox-icon-above-title uagb-infobox-image-valign-top\"><div class=\"uagb-ifb-content\"><div class=\"uagb-ifb-image-content\"><img decoding=\"async\" src=\"https:\/\/wp.unil.ch\/aessp\/files\/2025\/03\/IMG-20250307-WA0005.jpg\" alt=\"\" width=\"180\" height=\"180\" loading=\"lazy\" \/><\/div><div class=\"uagb-ifb-title-wrap\"><\/div><\/div><\/div>\n<\/div>\n<\/div><\/div>\n\n\n\n<div class=\"wp-block-uagb-slider-child uagb-slider-child-wrap swiper-slide uagb-block-6dbcaad4\"><div class=\"swiper-content\">\n<div class=\"wp-block-uagb-container uagb-block-53f64938\">\n<div class=\"wp-block-uagb-info-box uagb-block-7bb69d16 uagb-infobox__content-wrap  uagb-infobox-icon-above-title uagb-infobox-image-valign-top\"><div class=\"uagb-ifb-content\"><div class=\"uagb-ifb-image-content\"><img decoding=\"async\" src=\"https:\/\/wp.unil.ch\/aessp\/files\/2025\/03\/IMG_2305.jpg\" alt=\"\" width=\"180\" height=\"319\" loading=\"lazy\" \/><\/div><div class=\"uagb-ifb-title-wrap\"><\/div><\/div><\/div>\n<\/div>\n<\/div><\/div>\n\n\n\n<div class=\"wp-block-uagb-slider-child uagb-slider-child-wrap swiper-slide uagb-block-a1e23bfd\"><div class=\"swiper-content\">\n<div class=\"wp-block-uagb-container uagb-block-aaac0a70\">\n<div class=\"wp-block-uagb-info-box uagb-block-49ce561f uagb-infobox__content-wrap  uagb-infobox-icon-above-title uagb-infobox-image-valign-top\"><div class=\"uagb-ifb-content\"><div class=\"uagb-ifb-image-content\"><img decoding=\"async\" src=\"https:\/\/wp.unil.ch\/aessp\/files\/2025\/03\/IMG_2308.jpg\" alt=\"\" width=\"180\" height=\"320\" loading=\"lazy\" \/><\/div><div class=\"uagb-ifb-title-wrap\"><\/div><\/div><\/div>\n<\/div>\n<\/div><\/div>\n<\/div><\/div><div class=\"swiper-pagination\"><\/div><div class=\"swiper-button-prev\"><\/div><div class=\"swiper-button-next\"><\/div><\/div>\n\n\n\n<div class=\"wp-block-uagb-buttons uagb-buttons__outer-wrap uagb-btn__default-btn uagb-btn-tablet__default-btn uagb-btn-mobile__default-btn uagb-block-f62bb524\"><div class=\"uagb-buttons__wrap uagb-buttons-layout-wrap \">\n<div class=\"wp-block-uagb-buttons-child uagb-buttons__outer-wrap uagb-block-fb356c65 wp-block-button\"><div class=\"uagb-button__wrapper\"><a class=\"uagb-buttons-repeater wp-block-button__link\" aria-label=\"\" href=\"https:\/\/forms.gle\/4ZFEjqWhm4E1aptt9\" rel=\"follow noopener\" target=\"_self\" role=\"button\"><div class=\"uagb-button__link\">COMMANDER<\/div><\/a><\/div><\/div>\n<\/div><\/div>\n<\/div>\n\n\n\n<div class=\"wp-block-uagb-container uagb-block-cb8cd94d\">\n<div class=\"wp-block-group is-nowrap is-layout-flex wp-container-core-group-is-layout-6c531013 wp-block-group-is-layout-flex\">\n<h2 class=\"wp-block-heading has-text-align-center\">Sciences  du Sport<\/h2>\n\n\n\n<div class=\"wp-block-uagb-image uagb-block-60fe81cf wp-block-uagb-image--layout-default wp-block-uagb-image--effect-static wp-block-uagb-image--align-none\"><figure class=\"wp-block-uagb-image__figure\"><img decoding=\"async\" src=\"https:\/\/wp.unil.ch\/aessp\/files\/2022\/11\/Sport.jpg\" alt=\"\" class=\"uag-image-6039\" width=\"156\" height=\"112\" title=\"Sport\" loading=\"lazy\" role=\"img\" \/><\/figure><\/div>\n<\/div>\n\n\n\n<div class=\"wp-block-uagb-slider uagb-block-cecd69dd uagb-slider-container\"><div class=\"uagb-slides uagb-swiper\"><div class=\"swiper-wrapper\">\n<div class=\"wp-block-uagb-slider-child uagb-slider-child-wrap swiper-slide uagb-block-0977d8e3\"><div class=\"swiper-content\">\n<div class=\"wp-block-uagb-container uagb-block-ae780ab9\">\n<div class=\"wp-block-uagb-info-box uagb-block-2e0a546d uagb-infobox__content-wrap  uagb-infobox-icon-above-title uagb-infobox-image-valign-top\"><div class=\"uagb-ifb-content\"><div class=\"uagb-ifb-image-content\"><img decoding=\"async\" src=\"https:\/\/wp.unil.ch\/aessp\/files\/2025\/03\/IMG-20250307-WA0003.jpg\" alt=\"\" width=\"180\" height=\"180\" loading=\"lazy\" \/><\/div><div class=\"uagb-ifb-title-wrap\"><\/div><\/div><\/div>\n<\/div>\n<\/div><\/div>\n\n\n\n<div class=\"wp-block-uagb-slider-child uagb-slider-child-wrap swiper-slide uagb-block-8a7dd536\"><div class=\"swiper-content\">\n<div class=\"wp-block-uagb-container uagb-block-6ee55d46\">\n<div class=\"wp-block-uagb-info-box uagb-block-af24823e uagb-infobox__content-wrap  uagb-infobox-icon-above-title uagb-infobox-image-valign-top\"><div class=\"uagb-ifb-content\"><div class=\"uagb-ifb-image-content\"><img decoding=\"async\" src=\"https:\/\/wp.unil.ch\/aessp\/files\/2025\/03\/IMG_2306.jpg\" alt=\"\" width=\"180\" height=\"320\" loading=\"lazy\" \/><\/div><div class=\"uagb-ifb-title-wrap\"><\/div><\/div><\/div>\n<\/div>\n<\/div><\/div>\n\n\n\n<div class=\"wp-block-uagb-slider-child uagb-slider-child-wrap swiper-slide uagb-block-cc49a495\"><div class=\"swiper-content\">\n<div class=\"wp-block-uagb-container uagb-block-049f118b\">\n<div class=\"wp-block-uagb-info-box uagb-block-4e091b2b uagb-infobox__content-wrap  uagb-infobox-icon-above-title uagb-infobox-image-valign-top\"><div class=\"uagb-ifb-content\"><div class=\"uagb-ifb-image-content\"><img decoding=\"async\" src=\"https:\/\/wp.unil.ch\/aessp\/files\/2025\/03\/IMG_2309.jpg\" alt=\"\" width=\"180\" height=\"319\" loading=\"lazy\" \/><\/div><div class=\"uagb-ifb-title-wrap\"><\/div><\/div><\/div>\n<\/div>\n<\/div><\/div>\n<\/div><\/div><div class=\"swiper-pagination\"><\/div><div class=\"swiper-button-prev\"><\/div><div class=\"swiper-button-next\"><\/div><\/div>\n\n\n\n<div class=\"wp-block-uagb-buttons uagb-buttons__outer-wrap uagb-btn__default-btn uagb-btn-tablet__default-btn uagb-btn-mobile__default-btn uagb-block-0c944770\"><div class=\"uagb-buttons__wrap uagb-buttons-layout-wrap \">\n<div class=\"wp-block-uagb-buttons-child uagb-buttons__outer-wrap uagb-block-0c287f5b wp-block-button\"><div class=\"uagb-button__wrapper\"><a class=\"uagb-buttons-repeater wp-block-button__link\" aria-label=\"\" href=\"https:\/\/forms.gle\/4ZFEjqWhm4E1aptt9\" rel=\"follow noopener\" target=\"_self\" role=\"button\"><div class=\"uagb-button__link\">COMMANDER<\/div><\/a><\/div><\/div>\n<\/div><\/div>\n<\/div>\n\n\n\n<div class=\"wp-block-uagb-container uagb-block-2e95c6d5\">\n<div class=\"wp-block-group is-nowrap is-layout-flex wp-container-core-group-is-layout-6c531013 wp-block-group-is-layout-flex\">\n<h2 class=\"wp-block-heading has-text-align-center\">Sciences Politiques<\/h2>\n\n\n\n<div class=\"wp-block-uagb-image uagb-block-3c0799d3 wp-block-uagb-image--layout-default wp-block-uagb-image--effect-static wp-block-uagb-image--align-none\"><figure class=\"wp-block-uagb-image__figure\"><img decoding=\"async\" src=\"https:\/\/wp.unil.ch\/aessp\/files\/2022\/11\/Science-Politique.jpg\" alt=\"\" class=\"uag-image-6052\" width=\"162\" height=\"92\" title=\"Science Politique\" loading=\"lazy\" role=\"img\" \/><\/figure><\/div>\n<\/div>\n\n\n\n<div class=\"wp-block-uagb-slider uagb-block-8d5f36f9 uagb-slider-container\"><div class=\"uagb-slides uagb-swiper\"><div class=\"swiper-wrapper\">\n<div class=\"wp-block-uagb-slider-child uagb-slider-child-wrap swiper-slide uagb-block-8970ae2e\"><div class=\"swiper-content\">\n<div class=\"wp-block-uagb-container uagb-block-dabf640f\">\n<div class=\"wp-block-uagb-info-box uagb-block-7cca4cc0 uagb-infobox__content-wrap  uagb-infobox-icon-above-title uagb-infobox-image-valign-top\"><div class=\"uagb-ifb-content\"><div class=\"uagb-ifb-image-content\"><img decoding=\"async\" src=\"https:\/\/wp.unil.ch\/aessp\/files\/2025\/03\/IMG-20250307-WA0004.jpg\" alt=\"\" width=\"180\" height=\"180\" loading=\"lazy\" \/><\/div><div class=\"uagb-ifb-title-wrap\"><\/div><\/div><\/div>\n<\/div>\n<\/div><\/div>\n\n\n\n<div class=\"wp-block-uagb-slider-child uagb-slider-child-wrap swiper-slide uagb-block-57c9546e\"><div class=\"swiper-content\">\n<div class=\"wp-block-uagb-container uagb-block-b49ff8ad\">\n<div class=\"wp-block-uagb-info-box uagb-block-c9604bf9 uagb-infobox__content-wrap  uagb-infobox-icon-above-title uagb-infobox-image-valign-top\"><div class=\"uagb-ifb-content\"><div class=\"uagb-ifb-image-content\"><img decoding=\"async\" src=\"https:\/\/wp.unil.ch\/aessp\/files\/2025\/03\/IMG_2304.jpg\" alt=\"\" width=\"180\" height=\"319\" loading=\"lazy\" \/><\/div><div class=\"uagb-ifb-title-wrap\"><\/div><\/div><\/div>\n<\/div>\n<\/div><\/div>\n\n\n\n<div class=\"wp-block-uagb-slider-child uagb-slider-child-wrap swiper-slide uagb-block-68e429dc\"><div class=\"swiper-content\">\n<div class=\"wp-block-uagb-container uagb-block-adf63652\">\n<div class=\"wp-block-uagb-info-box uagb-block-8d85d9a9 uagb-infobox__content-wrap  uagb-infobox-icon-above-title uagb-infobox-image-valign-top\"><div class=\"uagb-ifb-content\"><div class=\"uagb-ifb-image-content\"><img decoding=\"async\" src=\"https:\/\/wp.unil.ch\/aessp\/files\/2025\/03\/IMG_2307.jpg\" alt=\"\" width=\"180\" height=\"320\" loading=\"lazy\" \/><\/div><div class=\"uagb-ifb-title-wrap\"><\/div><\/div><\/div>\n<\/div>\n<\/div><\/div>\n<\/div><\/div><div class=\"swiper-pagination\"><\/div><div class=\"swiper-button-prev\"><\/div><div class=\"swiper-button-next\"><\/div><\/div>\n\n\n\n<div class=\"wp-block-uagb-buttons uagb-buttons__outer-wrap uagb-btn__default-btn uagb-btn-tablet__default-btn uagb-btn-mobile__default-btn uagb-block-3da343d6\"><div class=\"uagb-buttons__wrap uagb-buttons-layout-wrap \">\n<div class=\"wp-block-uagb-buttons-child uagb-buttons__outer-wrap uagb-block-076d85a7 wp-block-button\"><div class=\"uagb-button__wrapper\"><a class=\"uagb-buttons-repeater wp-block-button__link\" aria-label=\"\" href=\"https:\/\/forms.gle\/4ZFEjqWhm4E1aptt9\" rel=\"follow noopener\" target=\"_self\" role=\"button\"><div class=\"uagb-button__link\">COMMANDER<\/div><\/a><\/div><\/div>\n<\/div><\/div>\n<\/div>\n\n\n\n<div class=\"wp-block-uagb-container uagb-block-f94bd4dd\">\n<div class=\"wp-block-group is-nowrap is-layout-flex wp-container-core-group-is-layout-6c531013 wp-block-group-is-layout-flex\">\n<h2 class=\"wp-block-heading has-text-align-center\">Sciences Sociales<\/h2>\n\n\n\n<div class=\"wp-block-uagb-image uagb-block-77db20a6 wp-block-uagb-image--layout-default wp-block-uagb-image--effect-static wp-block-uagb-image--align-none\"><figure class=\"wp-block-uagb-image__figure\"><img decoding=\"async\" src=\"https:\/\/wp.unil.ch\/aessp\/files\/2022\/11\/Sciences-Sociales.jpg\" alt=\"\" class=\"uag-image-6053\" width=\"154\" height=\"112\" title=\"Sciences Sociales\" loading=\"lazy\" role=\"img\" \/><\/figure><\/div>\n<\/div>\n\n\n\n<div class=\"wp-block-uagb-slider uagb-block-c61f9281 uagb-slider-container\"><div class=\"uagb-slides uagb-swiper\"><div class=\"swiper-wrapper\">\n<div class=\"wp-block-uagb-slider-child uagb-slider-child-wrap swiper-slide uagb-block-e36c7501\"><div class=\"swiper-content\">\n<div class=\"wp-block-uagb-container uagb-block-16b201c8\">\n<div class=\"wp-block-uagb-info-box uagb-block-a263683c uagb-infobox__content-wrap  uagb-infobox-icon-above-title uagb-infobox-image-valign-top\"><div class=\"uagb-ifb-content\"><div class=\"uagb-ifb-image-content\"><img decoding=\"async\" src=\"https:\/\/wp.unil.ch\/aessp\/files\/2025\/03\/IMG-20250307-WA0001.jpg\" alt=\"\" width=\"180\" height=\"180\" loading=\"lazy\" \/><\/div><div class=\"uagb-ifb-title-wrap\"><\/div><\/div><\/div>\n<\/div>\n<\/div><\/div>\n\n\n\n<div class=\"wp-block-uagb-slider-child uagb-slider-child-wrap swiper-slide uagb-block-807b512f\"><div class=\"swiper-content\">\n<div class=\"wp-block-uagb-container uagb-block-a5dc04d2\">\n<div class=\"wp-block-uagb-info-box uagb-block-89983159 uagb-infobox__content-wrap  uagb-infobox-icon-above-title uagb-infobox-image-valign-top\"><div class=\"uagb-ifb-content\"><div class=\"uagb-ifb-image-content\"><img decoding=\"async\" src=\"https:\/\/wp.unil.ch\/aessp\/files\/2025\/03\/IMG_2303.jpg\" alt=\"\" width=\"180\" height=\"319\" loading=\"lazy\" \/><\/div><div class=\"uagb-ifb-title-wrap\"><\/div><\/div><\/div>\n<\/div>\n<\/div><\/div>\n\n\n\n<div class=\"wp-block-uagb-slider-child uagb-slider-child-wrap swiper-slide uagb-block-2c97e09f\"><div class=\"swiper-content\">\n<div class=\"wp-block-uagb-container uagb-block-1995a6f1\">\n<div class=\"wp-block-uagb-info-box uagb-block-437345d5 uagb-infobox__content-wrap  uagb-infobox-icon-above-title uagb-infobox-image-valign-top\"><div class=\"uagb-ifb-content\"><div class=\"uagb-ifb-image-content\"><img decoding=\"async\" src=\"https:\/\/wp.unil.ch\/aessp\/files\/2025\/03\/IMG_2302.jpg\" alt=\"\" width=\"180\" height=\"320\" loading=\"lazy\" \/><\/div><div class=\"uagb-ifb-title-wrap\"><\/div><\/div><\/div>\n<\/div>\n<\/div><\/div>\n<\/div><\/div><div class=\"swiper-pagination\"><\/div><div class=\"swiper-button-prev\"><\/div><div class=\"swiper-button-next\"><\/div><\/div>\n\n\n\n<div class=\"wp-block-uagb-buttons uagb-buttons__outer-wrap uagb-btn__default-btn uagb-btn-tablet__default-btn uagb-btn-mobile__default-btn uagb-block-e4e599f7\"><div class=\"uagb-buttons__wrap uagb-buttons-layout-wrap \">\n<div class=\"wp-block-uagb-buttons-child uagb-buttons__outer-wrap uagb-block-45e26e6f wp-block-button\"><div class=\"uagb-button__wrapper\"><a class=\"uagb-buttons-repeater wp-block-button__link\" aria-label=\"\" href=\"https:\/\/forms.gle\/4ZFEjqWhm4E1aptt9\" rel=\"follow noopener\" target=\"_self\" role=\"button\"><div class=\"uagb-button__link\">COMMANDER<\/div><\/a><\/div><\/div>\n<\/div><\/div>\n<\/div>\n<\/div><\/div>\n\n\n\n<h2 class=\"wp-block-heading alignwide has-text-align-center\">Paiement<\/h2>\n\n\n\n<div class=\"wp-block-columns alignwide is-layout-flex wp-container-core-columns-is-layout-28f84493 wp-block-columns-is-layout-flex\">\n<div class=\"wp-block-column is-layout-flow wp-block-column-is-layout-flow\" style=\"flex-basis:100%\">\n<p class=\"has-text-align-center\"><strong>Le paiement s\u2019effectue par virement ou en cash au bureau (GEO 2216) durant les heures de permanence<\/strong><\/p>\n<\/div>\n<\/div>\n\n\n\n<div class=\"wp-block-columns alignwide is-layout-flex wp-container-core-columns-is-layout-28f84493 wp-block-columns-is-layout-flex\">\n<div class=\"wp-block-column is-layout-flow wp-block-column-is-layout-flow\" style=\"flex-basis:100%\">\n<div class=\"wp-block-group alignwide has-global-padding is-layout-constrained wp-block-group-is-layout-constrained\">\n<div class=\"wp-block-group alignwide has-global-padding is-layout-constrained wp-block-group-is-layout-constrained\">\n<div class=\"wp-block-columns alignwide is-layout-flex wp-container-core-columns-is-layout-28f84493 wp-block-columns-is-layout-flex\">\n<div class=\"wp-block-column is-layout-flow wp-block-column-is-layout-flow\" style=\"flex-basis:100%\">\n<p><em>Si tu souhaites effectuer un virement, merci d&rsquo;indiquer en communication au destinataire :<\/em> <strong>\u00ab\u00a0Pull SSP [nom] [pr\u00e9nom] [email]\u00a0\u00bb<\/strong><\/p>\n\n\n\n<p>IBAN: CH88 0076 7000 T547 2201 9<\/p>\n\n\n\n<p>Association des \u00e9tudiant-e-s en sciences sociales et politiques<\/p>\n\n\n\n<p>1015 Lausanne<\/p>\n\n\n\n<p>Swift\/BIC : BCVLCH2LXXX<\/p>\n\n\n\n<p>CCP : 10-725-4<\/p>\n\n\n\n<p>N\u2019oublie pas de bien v\u00e9rifier que les informations que tu nous transmets sont correctes et qu\u2019elles correspondent \u00e0 celles indiqu\u00e9es dans ton versement.<\/p>\n\n\n\n<p><em>Tu peux aussi passer \u00e0 notre bureau au G\u00e9opolis 2216 durant les heures de permanence afin d&rsquo;essayer et de payer ton pull en cash !<\/em><\/p>\n\n\n\n<p>Tu recevras un e-mail de confirmation dans les jours suivants la fermeture des pr\u00e9commandes (<em>le lundi 5 avril \u00e0 23h59<\/em>).<\/p>\n\n\n\n<p><strong>Si tu ne re\u00e7ois rien \u00e0 ce moment-l\u00e0, c\u2019est \u00e0 toi de nous contacter (Aessp.dep.academique@gmail.com). Dans le cas contraire, ton pull ne sera pas command\u00e9 et nous te rembourserons uniquement \u00e0 la suite d\u2019une demande de ta part.<\/strong><\/p>\n<\/div>\n<\/div>\n<\/div>\n<\/div>\n<\/div>\n<\/div>\n","protected":false},"excerpt":{"rendered":"<p>Merci \u00e0 toustes ! Les pulls de cette ann\u00e9e sont pr\u00eats. Si vous en avez command\u00e9 un, n&rsquo;oubliez pas de venir le r\u00e9cup\u00e9rer au bureau de l&rsquo;AESSP, GEO 2216. Restez \u00e0 l&rsquo;aff\u00fbt, nous reviendrons bient\u00f4t avec les mod\u00e8les pour 2025-2026 ! Hey ! Tu es bien arriv\u00e9\u00b7e sur notre site pour commander ton pull de [&hellip;]<\/p>\n","protected":false},"author":1002759,"featured_media":7650,"parent":0,"menu_order":0,"comment_status":"closed","ping_status":"closed","template":"","meta":{"_seopress_robots_primary_cat":"","_seopress_titles_title":"","_seopress_titles_desc":"","_seopress_robots_index":"","_uag_custom_page_level_css":"","footnotes":""},"class_list":["post-6838","page","type-page","status-publish","has-post-thumbnail"],"uagb_featured_image_src":{"full":["https:\/\/wp.unil.ch\/aessp\/files\/2025\/03\/IMG-20250307-WA0018.jpg",800,1200,false],"thumbnail":["https:\/\/wp.unil.ch\/aessp\/files\/2025\/03\/IMG-20250307-WA0018-150x150.jpg",150,150,true],"medium":["https:\/\/wp.unil.ch\/aessp\/files\/2025\/03\/IMG-20250307-WA0018-400x600.jpg",400,600,true],"medium_large":["https:\/\/wp.unil.ch\/aessp\/files\/2025\/03\/IMG-20250307-WA0018-768x1152.jpg",768,1152,true],"large":["https:\/\/wp.unil.ch\/aessp\/files\/2025\/03\/IMG-20250307-WA0018-683x1024.jpg",683,1024,true],"1536x1536":["https:\/\/wp.unil.ch\/aessp\/files\/2025\/03\/IMG-20250307-WA0018.jpg",800,1200,false],"2048x2048":["https:\/\/wp.unil.ch\/aessp\/files\/2025\/03\/IMG-20250307-WA0018.jpg",800,1200,false],"mailpoet_newsletter_max":["https:\/\/wp.unil.ch\/aessp\/files\/2025\/03\/IMG-20250307-WA0018.jpg",800,1200,false]},"uagb_author_info":{"display_name":"Amphitryon","author_link":"https:\/\/wp.unil.ch\/aessp\/author\/afontesc\/"},"uagb_comment_info":0,"uagb_excerpt":"Merci \u00e0 toustes ! Les pulls de cette ann\u00e9e sont pr\u00eats. Si vous en avez command\u00e9 un, n&rsquo;oubliez pas de venir le r\u00e9cup\u00e9rer au bureau de l&rsquo;AESSP, GEO 2216. Restez \u00e0 l&rsquo;aff\u00fbt, nous reviendrons bient\u00f4t avec les mod\u00e8les pour 2025-2026 ! Hey ! Tu es bien arriv\u00e9\u00b7e sur notre site pour commander ton pull de&hellip;","_links":{"self":[{"href":"https:\/\/wp.unil.ch\/aessp\/wp-json\/wp\/v2\/pages\/6838","targetHints":{"allow":["GET"]}}],"collection":[{"href":"https:\/\/wp.unil.ch\/aessp\/wp-json\/wp\/v2\/pages"}],"about":[{"href":"https:\/\/wp.unil.ch\/aessp\/wp-json\/wp\/v2\/types\/page"}],"author":[{"embeddable":true,"href":"https:\/\/wp.unil.ch\/aessp\/wp-json\/wp\/v2\/users\/1002759"}],"replies":[{"embeddable":true,"href":"https:\/\/wp.unil.ch\/aessp\/wp-json\/wp\/v2\/comments?post=6838"}],"version-history":[{"count":5,"href":"https:\/\/wp.unil.ch\/aessp\/wp-json\/wp\/v2\/pages\/6838\/revisions"}],"predecessor-version":[{"id":8115,"href":"https:\/\/wp.unil.ch\/aessp\/wp-json\/wp\/v2\/pages\/6838\/revisions\/8115"}],"wp:featuredmedia":[{"embeddable":true,"href":"https:\/\/wp.unil.ch\/aessp\/wp-json\/wp\/v2\/media\/7650"}],"wp:attachment":[{"href":"https:\/\/wp.unil.ch\/aessp\/wp-json\/wp\/v2\/media?parent=6838"}],"curies":[{"name":"wp","href":"https:\/\/api.w.org\/{rel}","templated":true}]}}