{"id":6640,"date":"2024-03-14T19:56:44","date_gmt":"2024-03-14T18:56:44","guid":{"rendered":"https:\/\/wp.unil.ch\/aessp\/?page_id=6640"},"modified":"2024-03-14T19:59:49","modified_gmt":"2024-03-14T18:59:49","slug":"rejoins-nous","status":"publish","type":"page","link":"https:\/\/wp.unil.ch\/aessp\/rejoins-nous\/","title":{"rendered":"Rejoins-nous !"},"content":{"rendered":"\n<p><em><strong>\u00ab\u00a0Je veux participer, qu&rsquo;est-ce que je peux faire ?\u00a0\u00bb<\/strong><\/em><\/p>\n\n\n\n<p>Une meilleure question serait : qu&rsquo;est ce qui m&rsquo;int\u00e9resse ?! En visitant le site et les pages d\u00e9di\u00e9es au comit\u00e9 et \u00e0 nos activit\u00e9s, tu peux d\u00e9j\u00e0 te faire une premi\u00e8re id\u00e9e de ce qui pourrait te plaire. On a aussi une <a rel=\"noreferrer noopener\" href=\"https:\/\/wp.unil.ch\/aessp\/les-departements-de-laessp\/\" target=\"_blank\">page de pr\u00e9sentation<\/a> des divers d\u00e9partements, sections et p\u00f4les. <\/p>\n\n\n\n<p><em><strong>\u00ab\u00a0Comment nous contacter ?\u00a0\u00bb <\/strong><\/em><\/p>\n\n\n\n<p>Passe nous voir \u00e0 notre bureau \u00e0 G\u00e9opolis en 2216. <\/p>\n\n\n\n<p>On a une adresse mail (aessp@unil.ch), une page <a rel=\"noreferrer noopener\" href=\"https:\/\/www.instagram.com\/aessp.unil\/\" target=\"_blank\">Instagram<\/a> et un page <a rel=\"noreferrer noopener\" href=\"https:\/\/www.facebook.com\/AESSPUniL\" target=\"_blank\">Facebook<\/a> auxquelles tu peux envoyer un message en priv\u00e9 sans soucis. <\/p>\n\n\n\n<p>Ce qui fait d\u00e9j\u00e0 beaucoup de moyens diff\u00e9rents de nous contacter alors pas d&rsquo;excuses !!<\/p>\n\n\n\n<p class=\"has-text-align-left\"><em><strong>\u00ab\u00a0Est-ce que \u00e7a prend beaucoup de temps ?\u00a0\u00bb<\/strong><\/em><\/p>\n\n\n\n<p>C&rsquo;est \u00e0 toi d&rsquo;en d\u00e9cider ! Dans l&rsquo;assoc&rsquo; nous sommes tous\u00b7tes \u00e9tudiant\u00b7e\u00b7s et tous\u00b7tes b\u00e9n\u00e9voles. Par cons\u00e9quent nous sommes bien conscients que les \u00e9tudes et le boulot sont parfois prioritaires. Une pr\u00e9sence et une implication r\u00e9guli\u00e8re sont des qualit\u00e9s appr\u00e9ci\u00e9es mais ce qui nous importe le plus c&rsquo;est ta fiabilit\u00e9, c&rsquo;est-\u00e0-dire ta capacit\u00e9 \u00e0 tenir tes engagements et \u00e0 pr\u00e9venir suffisamment t\u00f4t dans le cas contraire. D\u00e8s lors que tu connais \u00e0 peu pr\u00e8s tes disponibilit\u00e9s pour le semestre, tu peux venir nous voir et on t\u00e2chera de trouver ce qui peux te convenir.<\/p>\n\n\n\n<h2 class=\"wp-block-heading\">Alors si tu souhaites<\/h2>\n\n\n\n<ul class=\"wp-block-list\">\n<li>T&rsquo;engager pour la communaut\u00e9<\/li>\n\n\n\n<li>D\u00e9couvrir les dessous de l&rsquo;unil<\/li>\n\n\n\n<li>Devenir acteur\u00b7trice de ce qui se passe dans ta facult\u00e9<\/li>\n\n\n\n<li>Parfaire ta formation avec des exp\u00e9riences concr\u00e8tes et ajouter une ligne \u00e0 ton CV<\/li>\n\n\n\n<li>Faire des rencontres de toutes fili\u00e8res et ann\u00e9es confondues<\/li>\n\n\n\n<li>Faire la f\u00eate une fois le beau travail accompli<\/li>\n<\/ul>\n\n\n\n<p>N&rsquo;h\u00e9site pas, tu seras s\u00fbrement ravi.e d&rsquo;apprendre que tu es d&rsquo;ores et d\u00e9j\u00e0 membre de l&rsquo;AESSP ! En effet, selon <a href=\"https:\/\/wp.unil.ch\/aessp\/files\/2018\/10\/Statuts-AESSP.pdf\">nos statuts<\/a>, tout membre de la communaut\u00e9 estudiantine de SSP est membre de l&rsquo;association et par cons\u00e9quent il ne tient qu&rsquo;\u00e0 toi de devenir actif.ve !<\/p>\n","protected":false},"excerpt":{"rendered":"<p>\u00ab\u00a0Je veux participer, qu&rsquo;est-ce que je peux faire ?\u00a0\u00bb Une meilleure question serait : qu&rsquo;est ce qui m&rsquo;int\u00e9resse ?! En visitant le site et les pages d\u00e9di\u00e9es au comit\u00e9 et \u00e0 nos activit\u00e9s, tu peux d\u00e9j\u00e0 te faire une premi\u00e8re id\u00e9e de ce qui pourrait te plaire. On a aussi une page de pr\u00e9sentation des [&hellip;]<\/p>\n","protected":false},"author":1002759,"featured_media":0,"parent":0,"menu_order":0,"comment_status":"closed","ping_status":"closed","template":"","meta":{"_seopress_robots_primary_cat":"","_seopress_titles_title":"","_seopress_titles_desc":"","_seopress_robots_index":"","_uag_custom_page_level_css":"","footnotes":""},"class_list":["post-6640","page","type-page","status-publish"],"uagb_featured_image_src":{"full":false,"thumbnail":false,"medium":false,"medium_large":false,"large":false,"1536x1536":false,"2048x2048":false,"mailpoet_newsletter_max":false},"uagb_author_info":{"display_name":"Amphitryon","author_link":"https:\/\/wp.unil.ch\/aessp\/author\/afontesc\/"},"uagb_comment_info":0,"uagb_excerpt":"\u00ab\u00a0Je veux participer, qu&rsquo;est-ce que je peux faire ?\u00a0\u00bb Une meilleure question serait : qu&rsquo;est ce qui m&rsquo;int\u00e9resse ?! En visitant le site et les pages d\u00e9di\u00e9es au comit\u00e9 et \u00e0 nos activit\u00e9s, tu peux d\u00e9j\u00e0 te faire une premi\u00e8re id\u00e9e de ce qui pourrait te plaire. On a aussi une page de pr\u00e9sentation des&hellip;","_links":{"self":[{"href":"https:\/\/wp.unil.ch\/aessp\/wp-json\/wp\/v2\/pages\/6640","targetHints":{"allow":["GET"]}}],"collection":[{"href":"https:\/\/wp.unil.ch\/aessp\/wp-json\/wp\/v2\/pages"}],"about":[{"href":"https:\/\/wp.unil.ch\/aessp\/wp-json\/wp\/v2\/types\/page"}],"author":[{"embeddable":true,"href":"https:\/\/wp.unil.ch\/aessp\/wp-json\/wp\/v2\/users\/1002759"}],"replies":[{"embeddable":true,"href":"https:\/\/wp.unil.ch\/aessp\/wp-json\/wp\/v2\/comments?post=6640"}],"version-history":[{"count":1,"href":"https:\/\/wp.unil.ch\/aessp\/wp-json\/wp\/v2\/pages\/6640\/revisions"}],"predecessor-version":[{"id":6641,"href":"https:\/\/wp.unil.ch\/aessp\/wp-json\/wp\/v2\/pages\/6640\/revisions\/6641"}],"wp:attachment":[{"href":"https:\/\/wp.unil.ch\/aessp\/wp-json\/wp\/v2\/media?parent=6640"}],"curies":[{"name":"wp","href":"https:\/\/api.w.org\/{rel}","templated":true}]}}