{"id":6636,"date":"2024-03-14T19:47:47","date_gmt":"2024-03-14T18:47:47","guid":{"rendered":"https:\/\/wp.unil.ch\/aessp\/?page_id=6636"},"modified":"2025-09-12T11:11:05","modified_gmt":"2025-09-12T09:11:05","slug":"essul","status":"publish","type":"page","link":"https:\/\/wp.unil.ch\/aessp\/essul\/","title":{"rendered":"ESSUL"},"content":{"rendered":"\n<p>Hello \u00e0 toustes, l\u2019ESSUL, c\u2019est l\u2019espace \u00e9tudiant des \u00e9tudiant.e.s en section Sport au sein de l\u2019AESSP.<\/p>\n\n\n\n<p>Notre association se base essentiellement sur des \u00e9v\u00e9nements qui seront l\u00e0 pour vous offrir les plus belles soir\u00e9es et \u00e9v\u00e9nements de votre vie estudiantine !<\/p>\n\n\n\n<p>Mais comme faire la f\u00eate n\u2019est pas tout, nous sommes aussi l\u00e0 pour vous \u00e9couter dans les diff\u00e9rentes \u00e9tapes de vos \u00e9tudes en sport. Que ce soit au niveau des cours, des pratiques sportives, des horaires ou autres, nous ferons au mieux pour vous conseiller ou vous diriger au bon endroit afin de trouver la solution \u00e0 votre probl\u00e8me.<\/p>\n\n\n\n<p>Nous vous encourageons \u00e0 porter toute nouvelle id\u00e9e quant \u00e0 la mise en place d\u2019\u00e9v\u00e9nements ou d\u2019activit\u00e9s !!<\/p>\n\n\n\n<p>D\u2019ailleurs, si tu es motiv\u00e9.e et pleins de bonnes id\u00e9es, pourquoi ne pas nous rejoindre au sein de l\u2019ESSUL ?! Allez viens, on est bien !<\/p>\n\n\n\n<p>Vous pouvez suivre tout \u00e7a sur les r\u00e9seaux sociaux o\u00f9 nous mettons \u00e0 jour les \u00e9v\u00e9nements, sur la page <a href=\"https:\/\/www.facebook.com\/EssulUnil\/\">Facebook<\/a> de l\u2019ESSUL, ainsi que la page <a href=\"https:\/\/www.instagram.com\/essul.sportifs\/?igshid=1mkpu4fncekrr\">Instagram<\/a>.<\/p>\n\n\n\n<p>Pour toute demande ou int\u00e9r\u00eat, veuillez \u00e9crire au mail de l\u2019ESSUL :<\/p>\n\n\n\n<p>\u00ab&nbsp;essul.sportifs@gmail.com \u00bb ou vous r\u00e9f\u00e9rez directement aux co-pr\u00e9sidents, \u00e0 savoir:<\/p>\n\n\n\n<ul class=\"wp-block-list\">\n<li>Maxim Nicollier<\/li>\n\n\n\n<li>Jules Gogniat<\/li>\n<\/ul>\n","protected":false},"excerpt":{"rendered":"<p>Hello \u00e0 toustes, l\u2019ESSUL, c\u2019est l\u2019espace \u00e9tudiant des \u00e9tudiant.e.s en section Sport au sein de l\u2019AESSP. Notre association se base essentiellement sur des \u00e9v\u00e9nements qui seront l\u00e0 pour vous offrir les plus belles soir\u00e9es et \u00e9v\u00e9nements de votre vie estudiantine ! Mais comme faire la f\u00eate n\u2019est pas tout, nous sommes aussi l\u00e0 pour vous [&hellip;]<\/p>\n","protected":false},"author":1002759,"featured_media":0,"parent":0,"menu_order":0,"comment_status":"closed","ping_status":"closed","template":"","meta":{"_seopress_robots_primary_cat":"","_seopress_titles_title":"","_seopress_titles_desc":"","_seopress_robots_index":"","_uag_custom_page_level_css":"","footnotes":""},"class_list":["post-6636","page","type-page","status-publish"],"uagb_featured_image_src":{"full":false,"thumbnail":false,"medium":false,"medium_large":false,"large":false,"1536x1536":false,"2048x2048":false,"mailpoet_newsletter_max":false},"uagb_author_info":{"display_name":"Amphitryon","author_link":"https:\/\/wp.unil.ch\/aessp\/author\/afontesc\/"},"uagb_comment_info":0,"uagb_excerpt":"Hello \u00e0 toustes, l\u2019ESSUL, c\u2019est l\u2019espace \u00e9tudiant des \u00e9tudiant.e.s en section Sport au sein de l\u2019AESSP. Notre association se base essentiellement sur des \u00e9v\u00e9nements qui seront l\u00e0 pour vous offrir les plus belles soir\u00e9es et \u00e9v\u00e9nements de votre vie estudiantine ! Mais comme faire la f\u00eate n\u2019est pas tout, nous sommes aussi l\u00e0 pour vous&hellip;","_links":{"self":[{"href":"https:\/\/wp.unil.ch\/aessp\/wp-json\/wp\/v2\/pages\/6636","targetHints":{"allow":["GET"]}}],"collection":[{"href":"https:\/\/wp.unil.ch\/aessp\/wp-json\/wp\/v2\/pages"}],"about":[{"href":"https:\/\/wp.unil.ch\/aessp\/wp-json\/wp\/v2\/types\/page"}],"author":[{"embeddable":true,"href":"https:\/\/wp.unil.ch\/aessp\/wp-json\/wp\/v2\/users\/1002759"}],"replies":[{"embeddable":true,"href":"https:\/\/wp.unil.ch\/aessp\/wp-json\/wp\/v2\/comments?post=6636"}],"version-history":[{"count":4,"href":"https:\/\/wp.unil.ch\/aessp\/wp-json\/wp\/v2\/pages\/6636\/revisions"}],"predecessor-version":[{"id":7868,"href":"https:\/\/wp.unil.ch\/aessp\/wp-json\/wp\/v2\/pages\/6636\/revisions\/7868"}],"wp:attachment":[{"href":"https:\/\/wp.unil.ch\/aessp\/wp-json\/wp\/v2\/media?parent=6636"}],"curies":[{"name":"wp","href":"https:\/\/api.w.org\/{rel}","templated":true}]}}