{"id":6628,"date":"2024-03-14T19:30:09","date_gmt":"2024-03-14T18:30:09","guid":{"rendered":"https:\/\/wp.unil.ch\/aessp\/?page_id=6628"},"modified":"2025-09-12T11:10:03","modified_gmt":"2025-09-12T09:10:03","slug":"essopol","status":"publish","type":"page","link":"https:\/\/wp.unil.ch\/aessp\/essopol\/","title":{"rendered":"ESSOPOL"},"content":{"rendered":"\n<figure class=\"wp-block-image size-large\"><img alt=\"\" loading=\"lazy\" decoding=\"async\" width=\"1024\" height=\"358\" src=\"https:\/\/wp.unil.ch\/aessp\/files\/2025\/02\/logo_essopolfond-e1740066743302-1024x358.png\" alt=\"\" class=\"wp-image-7507\" srcset=\"https:\/\/wp.unil.ch\/aessp\/files\/2025\/02\/logo_essopolfond-e1740066743302-1024x358.png 1024w, https:\/\/wp.unil.ch\/aessp\/files\/2025\/02\/logo_essopolfond-e1740066743302-600x210.png 600w, https:\/\/wp.unil.ch\/aessp\/files\/2025\/02\/logo_essopolfond-e1740066743302-768x269.png 768w, https:\/\/wp.unil.ch\/aessp\/files\/2025\/02\/logo_essopolfond-e1740066743302.png 1200w\" sizes=\"auto, (max-width: 1024px) 100vw, 1024px\" \/><\/figure>\n\n\n\n<div class=\"wp-block-columns alignwide is-layout-flex wp-container-core-columns-is-layout-28f84493 wp-block-columns-is-layout-flex\">\n<div class=\"wp-block-column is-layout-flow wp-block-column-is-layout-flow\">\n<p>Principalement destin\u00e9e aux \u00e9tudiant\u22c5e\u22c5s en sciences sociales et en science politique, cette section s\u2019int\u00e9resse \u00e0 l\u2019environnement qui nous entoure. Pour toi, nous organisons des \u00e9v\u00e9nements qui peuvent enrichir ton cursus acad\u00e9mique, mais \u00e9galement \u00e9veiller ta curiosit\u00e9. Nous proposons aussi d\u2019autres activit\u00e9s afin de r\u00e9unir les \u00e9tudiant\u22c5e\u22c5s dans un cadre plus d\u00e9contract\u00e9.<\/p>\n\n\n\n<p>Tu as la possibilit\u00e9 de t\u2019adresser \u00e0 ta section pour toute demande ou probl\u00e9matique, li\u00e9e notamment aux recours, aux enseignements et divers.<\/p>\n\n\n\n<p>Jeune section, nous sommes encore tr\u00e8s peu, ce qui limite nos activit\u00e9s mais nous permet d\u2019avoir une marge de man\u0153uvre plus large dans les \u00e9v\u00e9nements propos\u00e9s. C\u2019est pourquoi, si tu as un peu de temps \u00e0 consacrer \u00e0 ta fili\u00e8re, nous nous r\u00e9jouissons d\u2019entendre tes id\u00e9es et te compter parmi nous !<\/p>\n\n\n\n<p class=\"has-link-color wp-elements-017dcd482ab734a4b0e7f0a6afb08112\">Reste inform\u00e9\u22c5e de toutes nos activit\u00e9s, en suivant notre compte <strong><a href=\"https:\/\/instagram.com\/essopol_unil?igshid=YmMyMTA2M2Y=\">Instagram<\/a><\/strong><\/p>\n\n\n\n<p class=\"has-link-color wp-elements-5ba3e5be8fdce03ce8d335fb4e2b32d9\">Et pour toutes autres informations, \u00e9cris-nous \u00e0 notre adresse mail&nbsp;: <a href=\"mailto:essopolunil@gmail.com\">essopolunil@gmail.com<\/a> ou aux responsables de la section&nbsp;:<\/p>\n\n\n\n<p class=\"has-text-align-right has-link-color wp-elements-a1c4117384c3d616f034a0723de22a49\">Melanie Chollet, <a href=\"mailto:melanie.chollet@unil.ch\">melanie.chollet@unil.ch<\/a> (responsable en sciences sociales)<\/p>\n\n\n\n<p class=\"has-text-align-right has-link-color wp-elements-9fa1a1572ec84126a676dcb34a2068ad\">Yann Schneller Lorenzoni, <a href=\"mailto:yann.schneller--lorenzoni@unil.ch\">yann.schneller&#8211;lorenzoni@unil.ch<\/a> (responsable en science politique)<\/p>\n<\/div>\n<\/div>\n","protected":false},"excerpt":{"rendered":"<p>Principalement destin\u00e9e aux \u00e9tudiant\u22c5e\u22c5s en sciences sociales et en science politique, cette section s\u2019int\u00e9resse \u00e0 l\u2019environnement qui nous entoure. Pour toi, nous organisons des \u00e9v\u00e9nements qui peuvent enrichir ton cursus acad\u00e9mique, mais \u00e9galement \u00e9veiller ta curiosit\u00e9. Nous proposons aussi d\u2019autres activit\u00e9s afin de r\u00e9unir les \u00e9tudiant\u22c5e\u22c5s dans un cadre plus d\u00e9contract\u00e9. Tu as la possibilit\u00e9 [&hellip;]<\/p>\n","protected":false},"author":1002759,"featured_media":0,"parent":0,"menu_order":0,"comment_status":"closed","ping_status":"closed","template":"page-no-title","meta":{"_seopress_robots_primary_cat":"","_seopress_titles_title":"","_seopress_titles_desc":"","_seopress_robots_index":"","_uag_custom_page_level_css":"","footnotes":""},"class_list":["post-6628","page","type-page","status-publish"],"uagb_featured_image_src":{"full":false,"thumbnail":false,"medium":false,"medium_large":false,"large":false,"1536x1536":false,"2048x2048":false,"mailpoet_newsletter_max":false},"uagb_author_info":{"display_name":"Amphitryon","author_link":"https:\/\/wp.unil.ch\/aessp\/author\/afontesc\/"},"uagb_comment_info":0,"uagb_excerpt":"Principalement destin\u00e9e aux \u00e9tudiant\u22c5e\u22c5s en sciences sociales et en science politique, cette section s\u2019int\u00e9resse \u00e0 l\u2019environnement qui nous entoure. Pour toi, nous organisons des \u00e9v\u00e9nements qui peuvent enrichir ton cursus acad\u00e9mique, mais \u00e9galement \u00e9veiller ta curiosit\u00e9. Nous proposons aussi d\u2019autres activit\u00e9s afin de r\u00e9unir les \u00e9tudiant\u22c5e\u22c5s dans un cadre plus d\u00e9contract\u00e9. Tu as la possibilit\u00e9&hellip;","_links":{"self":[{"href":"https:\/\/wp.unil.ch\/aessp\/wp-json\/wp\/v2\/pages\/6628","targetHints":{"allow":["GET"]}}],"collection":[{"href":"https:\/\/wp.unil.ch\/aessp\/wp-json\/wp\/v2\/pages"}],"about":[{"href":"https:\/\/wp.unil.ch\/aessp\/wp-json\/wp\/v2\/types\/page"}],"author":[{"embeddable":true,"href":"https:\/\/wp.unil.ch\/aessp\/wp-json\/wp\/v2\/users\/1002759"}],"replies":[{"embeddable":true,"href":"https:\/\/wp.unil.ch\/aessp\/wp-json\/wp\/v2\/comments?post=6628"}],"version-history":[{"count":5,"href":"https:\/\/wp.unil.ch\/aessp\/wp-json\/wp\/v2\/pages\/6628\/revisions"}],"predecessor-version":[{"id":7867,"href":"https:\/\/wp.unil.ch\/aessp\/wp-json\/wp\/v2\/pages\/6628\/revisions\/7867"}],"wp:attachment":[{"href":"https:\/\/wp.unil.ch\/aessp\/wp-json\/wp\/v2\/media?parent=6628"}],"curies":[{"name":"wp","href":"https:\/\/api.w.org\/{rel}","templated":true}]}}