{"id":6387,"date":"2023-09-10T20:15:16","date_gmt":"2023-09-10T18:15:16","guid":{"rendered":"https:\/\/wp.unil.ch\/aessp\/?page_id=6387"},"modified":"2025-02-25T18:16:46","modified_gmt":"2025-02-25T17:16:46","slug":"coordination-politique","status":"publish","type":"page","link":"https:\/\/wp.unil.ch\/aessp\/coordination-politique\/","title":{"rendered":"Coordination Politique"},"content":{"rendered":"\n<p><em>Tu as envie de t&rsquo;engager dans la vie politique de ta facult\u00e9, de d\u00e9fendre les int\u00e9r\u00eats des estudiantins aupr\u00e8s du d\u00e9canat ou encore de porter des revendications \u00e9tudiantes ? N&rsquo;h\u00e9sites pas \u00e0 candidater pour faire partie des repr\u00e9sentant\u00b7e\u00b7s \u00e9tudiant\u00b7e\u00b7s. Si tu as des questions, \u00e9cris-nous sur <a href=\"https:\/\/www.instagram.com\/aessp.unil\" target=\"_blank\" rel=\"noreferrer noopener\">insta<\/a> ou envoies-nous un mail (aessp@unil.ch). <\/em><\/p>\n\n\n\n<p>Tu trouveras aussi plus d&rsquo;informations sur la repr\u00e9sentation estudiantine <a href=\"https:\/\/wp.unil.ch\/aessp\/nos-activites\/representation-estudiantine\/\" data-type=\"page\" data-id=\"5112\">ici<\/a>.<\/p>\n\n\n\n<p><em>Tu veux t&rsquo;engager encore plus et \u00eatre au c\u0153ur des instances d\u00e9cisionnelles ? Rejoins notre d\u00e9partement politique pour coordonner le recrutement, la pr\u00e9paration et les explications destin\u00e9s aux \u00e9lu\u00b7e\u00b7s. <\/em><\/p>\n\n\n\n<div class=\"wp-block-columns alignfull is-layout-flex wp-container-core-columns-is-layout-28f84493 wp-block-columns-is-layout-flex\">\n<div class=\"wp-block-column is-layout-flow wp-block-column-is-layout-flow\">\n<div class=\"wp-block-uagb-team uagb-team__image-position-above uagb-team__align-center uagb-team__stack-tablet uagb-block-4e6df9ac\"><div class=\"uagb-team__content\"><img decoding=\"async\" class=\"uagb-team__image-crop-circle\" src=\"https:\/\/wp.unil.ch\/aessp\/files\/2022\/03\/neutre.png\" alt=\"\" height=\"300\" width=\"300\" loading=\"lazy\" \/><h3 class=\"uagb-team__title\">Coordination politique<\/h3><span class=\"uagb-team__prefix\">Nicolas Dufayt<\/span><p class=\"uagb-team__desc\"><\/p><\/div><\/div>\n<\/div>\n\n\n\n<div class=\"wp-block-column is-layout-flow wp-block-column-is-layout-flow\">\n<div class=\"wp-block-uagb-team uagb-team__image-position-above uagb-team__align-center uagb-team__stack-tablet uagb-block-5cec21ec\"><div class=\"uagb-team__content\"><img decoding=\"async\" class=\"uagb-team__image-crop-circle\" src=\"https:\/\/wp.unil.ch\/aessp\/files\/2022\/03\/neutre.png\" alt=\"\" height=\"300\" width=\"300\" loading=\"lazy\" \/><h3 class=\"uagb-team__title\">Coordination politique<\/h3><span class=\"uagb-team__prefix\">Naima Pfanzelter<\/span><p class=\"uagb-team__desc\"><\/p><\/div><\/div>\n<\/div>\n<\/div>\n","protected":false},"excerpt":{"rendered":"<p>Tu as envie de t&rsquo;engager dans la vie politique de ta facult\u00e9, de d\u00e9fendre les int\u00e9r\u00eats des estudiantins aupr\u00e8s du d\u00e9canat ou encore de porter des revendications \u00e9tudiantes ? N&rsquo;h\u00e9sites pas \u00e0 candidater pour faire partie des repr\u00e9sentant\u00b7e\u00b7s \u00e9tudiant\u00b7e\u00b7s. Si tu as des questions, \u00e9cris-nous sur insta ou envoies-nous un mail (aessp@unil.ch). Tu trouveras aussi [&hellip;]<\/p>\n","protected":false},"author":1002759,"featured_media":0,"parent":0,"menu_order":0,"comment_status":"closed","ping_status":"closed","template":"","meta":{"_seopress_robots_primary_cat":"","_seopress_titles_title":"","_seopress_titles_desc":"","_seopress_robots_index":"","_uag_custom_page_level_css":"","footnotes":""},"class_list":["post-6387","page","type-page","status-publish"],"uagb_featured_image_src":{"full":false,"thumbnail":false,"medium":false,"medium_large":false,"large":false,"1536x1536":false,"2048x2048":false,"mailpoet_newsletter_max":false},"uagb_author_info":{"display_name":"Amphitryon","author_link":"https:\/\/wp.unil.ch\/aessp\/author\/afontesc\/"},"uagb_comment_info":0,"uagb_excerpt":"Tu as envie de t&rsquo;engager dans la vie politique de ta facult\u00e9, de d\u00e9fendre les int\u00e9r\u00eats des estudiantins aupr\u00e8s du d\u00e9canat ou encore de porter des revendications \u00e9tudiantes ? N&rsquo;h\u00e9sites pas \u00e0 candidater pour faire partie des repr\u00e9sentant\u00b7e\u00b7s \u00e9tudiant\u00b7e\u00b7s. Si tu as des questions, \u00e9cris-nous sur insta ou envoies-nous un mail (aessp@unil.ch). Tu trouveras aussi&hellip;","_links":{"self":[{"href":"https:\/\/wp.unil.ch\/aessp\/wp-json\/wp\/v2\/pages\/6387","targetHints":{"allow":["GET"]}}],"collection":[{"href":"https:\/\/wp.unil.ch\/aessp\/wp-json\/wp\/v2\/pages"}],"about":[{"href":"https:\/\/wp.unil.ch\/aessp\/wp-json\/wp\/v2\/types\/page"}],"author":[{"embeddable":true,"href":"https:\/\/wp.unil.ch\/aessp\/wp-json\/wp\/v2\/users\/1002759"}],"replies":[{"embeddable":true,"href":"https:\/\/wp.unil.ch\/aessp\/wp-json\/wp\/v2\/comments?post=6387"}],"version-history":[{"count":4,"href":"https:\/\/wp.unil.ch\/aessp\/wp-json\/wp\/v2\/pages\/6387\/revisions"}],"predecessor-version":[{"id":7602,"href":"https:\/\/wp.unil.ch\/aessp\/wp-json\/wp\/v2\/pages\/6387\/revisions\/7602"}],"wp:attachment":[{"href":"https:\/\/wp.unil.ch\/aessp\/wp-json\/wp\/v2\/media?parent=6387"}],"curies":[{"name":"wp","href":"https:\/\/api.w.org\/{rel}","templated":true}]}}