{"id":6371,"date":"2023-09-01T12:29:15","date_gmt":"2023-09-01T10:29:15","guid":{"rendered":"https:\/\/wp.unil.ch\/aessp\/?page_id=6371"},"modified":"2025-02-25T18:19:22","modified_gmt":"2025-02-25T17:19:22","slug":"departement-academique","status":"publish","type":"page","link":"https:\/\/wp.unil.ch\/aessp\/departement-academique\/","title":{"rendered":"D\u00e9partement Acad\u00e9mique"},"content":{"rendered":"\n<h2 class=\"wp-block-heading\">Soutien aux Etudiant\u00b7e\u00b7s <\/h2>\n\n\n\n<p><em>Rendre le campus le plus agr\u00e9able possible pour les \u00e9tudiant\u00b7e\u00b7s ! On va retrouver le syst\u00e8me de parrainage, la vente des pulls de fac et plein d&rsquo;autres \u00e9v\u00e9nements permettant l&rsquo;int\u00e9gration, la joie et la bonne humeur. On y r\u00e9pond aussi aux questions des \u00e9tudiant\u00b7e\u00b7s et on les accompagne. Tu y retrouveras une grande diversit\u00e9 d&rsquo;activit\u00e9s ayant pour point commun d&rsquo;aider au mieux les \u00e9tudiant\u00b7e\u00b7s.<\/em><\/p>\n\n\n\n<div class=\"wp-block-uagb-team uagb-team__image-position-above uagb-team__align-center uagb-team__stack-tablet uagb-block-59bf8aba\"><div class=\"uagb-team__content\"><img decoding=\"async\" class=\"uagb-team__image-crop-circle\" src=\"https:\/\/wp.unil.ch\/aessp\/files\/2022\/03\/neutre.png\" alt=\"\" height=\"300\" width=\"300\" loading=\"lazy\" \/><h3 class=\"uagb-team__title\">Soutien aux \u00e9tudiant\u00b7e\u00b7x\u00b7s<\/h3><span class=\"uagb-team__prefix\">Emma Bruttin &amp; Ma\u00ef-Lyne Steiner<\/span><p class=\"uagb-team__desc\"><\/p><\/div><\/div>\n\n\n\n<h2 class=\"wp-block-heading\">Tutorats<\/h2>\n\n\n\n<p><em>On esp\u00e8re que tu en as d\u00e9j\u00e0 entendu parl\u00e9 vu toute la pub qu&rsquo;on a faite ! Si ce n&rsquo;est pas le cas, ce sont de mini-ateliers organis\u00e9s par tes pairs pour aider les \u00e9tudiant\u00b7e\u00b7s dans tous les aspects acad\u00e9miques hors-cours. On te donnera des astuces pour prendre des notes, r\u00e9diger des dissertations, utiliser Zotero et plus encore.<\/em> <\/p>\n\n\n\n<div class=\"wp-block-uagb-team uagb-team__image-position-above uagb-team__align-center uagb-team__stack-tablet uagb-block-61d826a5\"><div class=\"uagb-team__content\"><img decoding=\"async\" class=\"uagb-team__image-crop-circle\" src=\"https:\/\/wp.unil.ch\/aessp\/files\/2022\/11\/DSC_0192-copie-e1696845223546.jpg\" alt=\"\" height=\"300\" width=\"300\" loading=\"lazy\" \/><h3 class=\"uagb-team__title\">Tutorats<\/h3><span class=\"uagb-team__prefix\">Yasmine Tounsi<\/span><p class=\"uagb-team__desc\"><a href=\"https:\/\/wp.unil.ch\/aessp\/nos-activites\/tutorats-ssp\/\" data-type=\"URL\" data-id=\"https:\/\/wp.unil.ch\/aessp\/nos-activites\/tutorats-ssp\/\">Tutorats SSP<\/a><\/p><\/div><\/div>\n\n\n\n<h2 class=\"wp-block-heading\">Sant\u00e9<\/h2>\n\n\n\n<p><em>Si \u00e7a touche \u00e0 la sant\u00e9 mentale ou physique, \u00e7a se passe ici. Pr\u00e9vention, promotion des comportements de sant\u00e9, projets innovateurs, information, on fait de tout, sans limite. Que tu aies plein d&rsquo;id\u00e9es ou simplement envie de contribuer, viens nous aider \u00e0 renforcer la sant\u00e9 et l&rsquo;image qu&rsquo;on en a sur le campus !<\/em><\/p>\n\n\n\n<div class=\"wp-block-uagb-team uagb-team__image-position-above uagb-team__align-center uagb-team__stack-tablet uagb-block-5c4e18de\"><div class=\"uagb-team__content\"><img decoding=\"async\" class=\"uagb-team__image-crop-circle\" src=\"https:\/\/wp.unil.ch\/aessp\/files\/2024\/10\/IMG_1658-e1730367735721.jpg\" alt=\"\" height=\"300\" width=\"300\" loading=\"lazy\" \/><h3 class=\"uagb-team__title\">Promotion sant\u00e9 \u00e9tudiante<\/h3><span class=\"uagb-team__prefix\">In\u00e8s Martinez<\/span><p class=\"uagb-team__desc\"><\/p><\/div><\/div>\n","protected":false},"excerpt":{"rendered":"<p>Soutien aux Etudiant\u00b7e\u00b7s Rendre le campus le plus agr\u00e9able possible pour les \u00e9tudiant\u00b7e\u00b7s ! On va retrouver le syst\u00e8me de parrainage, la vente des pulls de fac et plein d&rsquo;autres \u00e9v\u00e9nements permettant l&rsquo;int\u00e9gration, la joie et la bonne humeur. On y r\u00e9pond aussi aux questions des \u00e9tudiant\u00b7e\u00b7s et on les accompagne. Tu y retrouveras une [&hellip;]<\/p>\n","protected":false},"author":1002408,"featured_media":0,"parent":0,"menu_order":0,"comment_status":"closed","ping_status":"closed","template":"","meta":{"_seopress_robots_primary_cat":"","_seopress_titles_title":"","_seopress_titles_desc":"","_seopress_robots_index":"","_seopress_analysis_target_kw":"","_uag_custom_page_level_css":"","footnotes":""},"class_list":["post-6371","page","type-page","status-publish"],"uagb_featured_image_src":{"full":false,"thumbnail":false,"medium":false,"medium_large":false,"large":false,"1536x1536":false,"2048x2048":false,"mailpoet_newsletter_max":false},"uagb_author_info":{"display_name":"Lo\u00efc Fanichet","author_link":"https:\/\/wp.unil.ch\/aessp\/author\/lfaniche\/"},"uagb_comment_info":0,"uagb_excerpt":"Soutien aux Etudiant\u00b7e\u00b7s Rendre le campus le plus agr\u00e9able possible pour les \u00e9tudiant\u00b7e\u00b7s ! On va retrouver le syst\u00e8me de parrainage, la vente des pulls de fac et plein d&rsquo;autres \u00e9v\u00e9nements permettant l&rsquo;int\u00e9gration, la joie et la bonne humeur. On y r\u00e9pond aussi aux questions des \u00e9tudiant\u00b7e\u00b7s et on les accompagne. Tu y retrouveras une&hellip;","_links":{"self":[{"href":"https:\/\/wp.unil.ch\/aessp\/wp-json\/wp\/v2\/pages\/6371","targetHints":{"allow":["GET"]}}],"collection":[{"href":"https:\/\/wp.unil.ch\/aessp\/wp-json\/wp\/v2\/pages"}],"about":[{"href":"https:\/\/wp.unil.ch\/aessp\/wp-json\/wp\/v2\/types\/page"}],"author":[{"embeddable":true,"href":"https:\/\/wp.unil.ch\/aessp\/wp-json\/wp\/v2\/users\/1002408"}],"replies":[{"embeddable":true,"href":"https:\/\/wp.unil.ch\/aessp\/wp-json\/wp\/v2\/comments?post=6371"}],"version-history":[{"count":2,"href":"https:\/\/wp.unil.ch\/aessp\/wp-json\/wp\/v2\/pages\/6371\/revisions"}],"predecessor-version":[{"id":7604,"href":"https:\/\/wp.unil.ch\/aessp\/wp-json\/wp\/v2\/pages\/6371\/revisions\/7604"}],"wp:attachment":[{"href":"https:\/\/wp.unil.ch\/aessp\/wp-json\/wp\/v2\/media?parent=6371"}],"curies":[{"name":"wp","href":"https:\/\/api.w.org\/{rel}","templated":true}]}}