{"id":6168,"date":"2022-11-18T16:30:34","date_gmt":"2022-11-18T15:30:34","guid":{"rendered":"https:\/\/wp.unil.ch\/aessp\/?page_id=6168"},"modified":"2025-10-03T14:36:38","modified_gmt":"2025-10-03T12:36:38","slug":"le-workchope","status":"publish","type":"page","link":"https:\/\/wp.unil.ch\/aessp\/le-workchope\/","title":{"rendered":"Le Workchope"},"content":{"rendered":"\n<div class=\"wp-block-columns alignwide is-layout-flex wp-container-core-columns-is-layout-28f84493 wp-block-columns-is-layout-flex\">\n<div class=\"wp-block-column is-layout-flow wp-block-column-is-layout-flow\" style=\"flex-basis:50%\">\n<figure class=\"wp-block-image aligncenter size-large is-resized is-style-default uag-hide-mob\"><img loading=\"lazy\" decoding=\"async\" width=\"768\" height=\"1024\" src=\"https:\/\/wp.unil.ch\/aessp\/files\/2025\/10\/workchope-768x1024.jpg\" alt=\"workchope\" class=\"wp-image-7982\" style=\"width:405px;height:auto\" srcset=\"https:\/\/wp.unil.ch\/aessp\/files\/2025\/10\/workchope-768x1024.jpg 768w, https:\/\/wp.unil.ch\/aessp\/files\/2025\/10\/workchope-450x600.jpg 450w, https:\/\/wp.unil.ch\/aessp\/files\/2025\/10\/workchope.jpg 900w\" sizes=\"auto, (max-width: 768px) 100vw, 768px\" \/><\/figure>\n\n\n\n<p><\/p>\n<\/div>\n\n\n\n<div class=\"wp-block-column is-vertically-aligned-center is-layout-flow wp-block-column-is-layout-flow\" style=\"flex-basis:50%\">\n<p class=\"has-medium-font-size\">Mais c&rsquo;est quoi un Workchope?! Il s&rsquo;agit d&rsquo;un ap\u00e9ro estudiantin organis\u00e9 par ton asso pour te permettre de faire des rencontres tout en buvant des bi\u00e8res \u00e0 un prix tr\u00e8s raisonnable. L&rsquo;organisation des Workchopes est partag\u00e9e entre diff\u00e9rentes associations de facult\u00e9s de l&rsquo;Unil pour que tu puisses en profiter quasiment toutes les semaines. Alors n&rsquo;h\u00e9site plus et informe-toi sur les r\u00e9seaux pour conna\u00eetre la date du prochain Workchope et d\u00e9couvrir Amphip\u00f4le dans une ambiance festive. On a h\u00e2te de t&rsquo;y voir !<\/p>\n<\/div>\n<\/div>\n\n\n\n<figure class=\"wp-block-gallery alignwide has-nested-images columns-default is-cropped wp-block-gallery-1 is-layout-flex wp-block-gallery-is-layout-flex\">\n<figure class=\"wp-block-image size-large\"><img alt=\"\" loading=\"lazy\" decoding=\"async\" width=\"1024\" height=\"722\" data-id=\"6182\" src=\"https:\/\/wp.unil.ch\/aessp\/files\/2022\/11\/311437691_1791199477883320_502378153538795963_n-1024x722.jpg\" alt=\"\" class=\"wp-image-6182\" srcset=\"https:\/\/wp.unil.ch\/aessp\/files\/2022\/11\/311437691_1791199477883320_502378153538795963_n-1024x722.jpg 1024w, https:\/\/wp.unil.ch\/aessp\/files\/2022\/11\/311437691_1791199477883320_502378153538795963_n-600x423.jpg 600w, https:\/\/wp.unil.ch\/aessp\/files\/2022\/11\/311437691_1791199477883320_502378153538795963_n-768x542.jpg 768w, https:\/\/wp.unil.ch\/aessp\/files\/2022\/11\/311437691_1791199477883320_502378153538795963_n-1536x1084.jpg 1536w, https:\/\/wp.unil.ch\/aessp\/files\/2022\/11\/311437691_1791199477883320_502378153538795963_n-1200x847.jpg 1200w, https:\/\/wp.unil.ch\/aessp\/files\/2022\/11\/311437691_1791199477883320_502378153538795963_n-1320x931.jpg 1320w, https:\/\/wp.unil.ch\/aessp\/files\/2022\/11\/311437691_1791199477883320_502378153538795963_n.jpg 1701w\" sizes=\"auto, (max-width: 1024px) 100vw, 1024px\" \/><\/figure>\n\n\n\n<figure class=\"wp-block-image size-large\"><img alt=\"\" loading=\"lazy\" decoding=\"async\" width=\"1024\" height=\"683\" data-id=\"6181\" src=\"https:\/\/wp.unil.ch\/aessp\/files\/2022\/11\/311151051_1791201634549771_7510570326083207163_n-1024x683.jpg\" alt=\"\" class=\"wp-image-6181\" srcset=\"https:\/\/wp.unil.ch\/aessp\/files\/2022\/11\/311151051_1791201634549771_7510570326083207163_n-1024x683.jpg 1024w, https:\/\/wp.unil.ch\/aessp\/files\/2022\/11\/311151051_1791201634549771_7510570326083207163_n-600x400.jpg 600w, https:\/\/wp.unil.ch\/aessp\/files\/2022\/11\/311151051_1791201634549771_7510570326083207163_n-768x512.jpg 768w, https:\/\/wp.unil.ch\/aessp\/files\/2022\/11\/311151051_1791201634549771_7510570326083207163_n-1536x1024.jpg 1536w, https:\/\/wp.unil.ch\/aessp\/files\/2022\/11\/311151051_1791201634549771_7510570326083207163_n-1200x800.jpg 1200w, https:\/\/wp.unil.ch\/aessp\/files\/2022\/11\/311151051_1791201634549771_7510570326083207163_n-1320x880.jpg 1320w, https:\/\/wp.unil.ch\/aessp\/files\/2022\/11\/311151051_1791201634549771_7510570326083207163_n.jpg 1800w\" sizes=\"auto, (max-width: 1024px) 100vw, 1024px\" \/><\/figure>\n\n\n\n<figure class=\"wp-block-image size-large\"><img alt=\"\" loading=\"lazy\" decoding=\"async\" width=\"1024\" height=\"683\" data-id=\"6180\" src=\"https:\/\/wp.unil.ch\/aessp\/files\/2022\/11\/311010669_1791199927883275_7386726848450260468_n-1024x683.jpg\" alt=\"\" class=\"wp-image-6180\" srcset=\"https:\/\/wp.unil.ch\/aessp\/files\/2022\/11\/311010669_1791199927883275_7386726848450260468_n-1024x683.jpg 1024w, https:\/\/wp.unil.ch\/aessp\/files\/2022\/11\/311010669_1791199927883275_7386726848450260468_n-600x400.jpg 600w, https:\/\/wp.unil.ch\/aessp\/files\/2022\/11\/311010669_1791199927883275_7386726848450260468_n-768x512.jpg 768w, https:\/\/wp.unil.ch\/aessp\/files\/2022\/11\/311010669_1791199927883275_7386726848450260468_n-1536x1024.jpg 1536w, https:\/\/wp.unil.ch\/aessp\/files\/2022\/11\/311010669_1791199927883275_7386726848450260468_n-1200x800.jpg 1200w, https:\/\/wp.unil.ch\/aessp\/files\/2022\/11\/311010669_1791199927883275_7386726848450260468_n-1320x880.jpg 1320w, https:\/\/wp.unil.ch\/aessp\/files\/2022\/11\/311010669_1791199927883275_7386726848450260468_n.jpg 1800w\" sizes=\"auto, (max-width: 1024px) 100vw, 1024px\" \/><\/figure>\n\n\n\n<figure class=\"wp-block-image size-large\"><img alt=\"\" loading=\"lazy\" decoding=\"async\" width=\"1024\" height=\"683\" data-id=\"6184\" src=\"https:\/\/wp.unil.ch\/aessp\/files\/2022\/11\/284174251_1686560258347243_1830378478494554158_n-1024x683.jpg\" alt=\"\" class=\"wp-image-6184\" srcset=\"https:\/\/wp.unil.ch\/aessp\/files\/2022\/11\/284174251_1686560258347243_1830378478494554158_n-1024x683.jpg 1024w, https:\/\/wp.unil.ch\/aessp\/files\/2022\/11\/284174251_1686560258347243_1830378478494554158_n-600x400.jpg 600w, https:\/\/wp.unil.ch\/aessp\/files\/2022\/11\/284174251_1686560258347243_1830378478494554158_n-768x512.jpg 768w, https:\/\/wp.unil.ch\/aessp\/files\/2022\/11\/284174251_1686560258347243_1830378478494554158_n-1536x1024.jpg 1536w, https:\/\/wp.unil.ch\/aessp\/files\/2022\/11\/284174251_1686560258347243_1830378478494554158_n-1200x800.jpg 1200w, https:\/\/wp.unil.ch\/aessp\/files\/2022\/11\/284174251_1686560258347243_1830378478494554158_n-1320x880.jpg 1320w, https:\/\/wp.unil.ch\/aessp\/files\/2022\/11\/284174251_1686560258347243_1830378478494554158_n.jpg 1800w\" sizes=\"auto, (max-width: 1024px) 100vw, 1024px\" \/><\/figure>\n\n\n\n<figure class=\"wp-block-image size-large\"><img alt=\"\" loading=\"lazy\" decoding=\"async\" width=\"1024\" height=\"683\" data-id=\"6183\" src=\"https:\/\/wp.unil.ch\/aessp\/files\/2022\/11\/311449257_1791200171216584_5550875989215472857_n-1024x683.jpg\" alt=\"\" class=\"wp-image-6183\" srcset=\"https:\/\/wp.unil.ch\/aessp\/files\/2022\/11\/311449257_1791200171216584_5550875989215472857_n-1024x683.jpg 1024w, https:\/\/wp.unil.ch\/aessp\/files\/2022\/11\/311449257_1791200171216584_5550875989215472857_n-600x400.jpg 600w, https:\/\/wp.unil.ch\/aessp\/files\/2022\/11\/311449257_1791200171216584_5550875989215472857_n-768x512.jpg 768w, https:\/\/wp.unil.ch\/aessp\/files\/2022\/11\/311449257_1791200171216584_5550875989215472857_n-1536x1024.jpg 1536w, https:\/\/wp.unil.ch\/aessp\/files\/2022\/11\/311449257_1791200171216584_5550875989215472857_n-1200x800.jpg 1200w, https:\/\/wp.unil.ch\/aessp\/files\/2022\/11\/311449257_1791200171216584_5550875989215472857_n-1320x880.jpg 1320w, https:\/\/wp.unil.ch\/aessp\/files\/2022\/11\/311449257_1791200171216584_5550875989215472857_n.jpg 1800w\" sizes=\"auto, (max-width: 1024px) 100vw, 1024px\" \/><\/figure>\n\n\n\n<figure class=\"wp-block-image size-large\"><img alt=\"\" loading=\"lazy\" decoding=\"async\" width=\"1024\" height=\"683\" data-id=\"6179\" src=\"https:\/\/wp.unil.ch\/aessp\/files\/2022\/11\/278713767_1658736111129658_3893673656747628740_n-1024x683.jpg\" alt=\"\" class=\"wp-image-6179\" srcset=\"https:\/\/wp.unil.ch\/aessp\/files\/2022\/11\/278713767_1658736111129658_3893673656747628740_n-1024x683.jpg 1024w, https:\/\/wp.unil.ch\/aessp\/files\/2022\/11\/278713767_1658736111129658_3893673656747628740_n-600x400.jpg 600w, https:\/\/wp.unil.ch\/aessp\/files\/2022\/11\/278713767_1658736111129658_3893673656747628740_n-768x512.jpg 768w, https:\/\/wp.unil.ch\/aessp\/files\/2022\/11\/278713767_1658736111129658_3893673656747628740_n-1536x1024.jpg 1536w, https:\/\/wp.unil.ch\/aessp\/files\/2022\/11\/278713767_1658736111129658_3893673656747628740_n-1200x800.jpg 1200w, https:\/\/wp.unil.ch\/aessp\/files\/2022\/11\/278713767_1658736111129658_3893673656747628740_n-1320x880.jpg 1320w, https:\/\/wp.unil.ch\/aessp\/files\/2022\/11\/278713767_1658736111129658_3893673656747628740_n.jpg 1800w\" sizes=\"auto, (max-width: 1024px) 100vw, 1024px\" \/><\/figure>\n<\/figure>\n","protected":false},"excerpt":{"rendered":"<p>Mais c&rsquo;est quoi un Workchope?! Il s&rsquo;agit d&rsquo;un ap\u00e9ro estudiantin organis\u00e9 par ton asso pour te permettre de faire des rencontres tout en buvant des bi\u00e8res \u00e0 un prix tr\u00e8s raisonnable. L&rsquo;organisation des Workchopes est partag\u00e9e entre diff\u00e9rentes associations de facult\u00e9s de l&rsquo;Unil pour que tu puisses en profiter quasiment toutes les semaines. Alors n&rsquo;h\u00e9site [&hellip;]<\/p>\n","protected":false},"author":1002505,"featured_media":0,"parent":0,"menu_order":0,"comment_status":"closed","ping_status":"closed","template":"","meta":{"_seopress_robots_primary_cat":"","_seopress_titles_title":"","_seopress_titles_desc":"","_seopress_robots_index":"","_uag_custom_page_level_css":"","footnotes":""},"class_list":["post-6168","page","type-page","status-publish"],"uagb_featured_image_src":{"full":false,"thumbnail":false,"medium":false,"medium_large":false,"large":false,"1536x1536":false,"2048x2048":false,"mailpoet_newsletter_max":false},"uagb_author_info":{"display_name":"Ainoa Heine Bravo","author_link":"https:\/\/wp.unil.ch\/aessp\/author\/aheinebr\/"},"uagb_comment_info":0,"uagb_excerpt":"Mais c&rsquo;est quoi un Workchope?! Il s&rsquo;agit d&rsquo;un ap\u00e9ro estudiantin organis\u00e9 par ton asso pour te permettre de faire des rencontres tout en buvant des bi\u00e8res \u00e0 un prix tr\u00e8s raisonnable. L&rsquo;organisation des Workchopes est partag\u00e9e entre diff\u00e9rentes associations de facult\u00e9s de l&rsquo;Unil pour que tu puisses en profiter quasiment toutes les semaines. Alors n&rsquo;h\u00e9site&hellip;","_links":{"self":[{"href":"https:\/\/wp.unil.ch\/aessp\/wp-json\/wp\/v2\/pages\/6168","targetHints":{"allow":["GET"]}}],"collection":[{"href":"https:\/\/wp.unil.ch\/aessp\/wp-json\/wp\/v2\/pages"}],"about":[{"href":"https:\/\/wp.unil.ch\/aessp\/wp-json\/wp\/v2\/types\/page"}],"author":[{"embeddable":true,"href":"https:\/\/wp.unil.ch\/aessp\/wp-json\/wp\/v2\/users\/1002505"}],"replies":[{"embeddable":true,"href":"https:\/\/wp.unil.ch\/aessp\/wp-json\/wp\/v2\/comments?post=6168"}],"version-history":[{"count":5,"href":"https:\/\/wp.unil.ch\/aessp\/wp-json\/wp\/v2\/pages\/6168\/revisions"}],"predecessor-version":[{"id":7985,"href":"https:\/\/wp.unil.ch\/aessp\/wp-json\/wp\/v2\/pages\/6168\/revisions\/7985"}],"wp:attachment":[{"href":"https:\/\/wp.unil.ch\/aessp\/wp-json\/wp\/v2\/media?parent=6168"}],"curies":[{"name":"wp","href":"https:\/\/api.w.org\/{rel}","templated":true}]}}