{"id":6017,"date":"2022-12-07T16:28:04","date_gmt":"2022-12-07T15:28:04","guid":{"rendered":"https:\/\/wp.unil.ch\/aessp\/?page_id=6017"},"modified":"2025-02-25T18:44:27","modified_gmt":"2025-02-25T17:44:27","slug":"les-departements-de-laessp","status":"publish","type":"page","link":"https:\/\/wp.unil.ch\/aessp\/les-departements-de-laessp\/","title":{"rendered":"Les d\u00e9partements de l&rsquo;AESSP"},"content":{"rendered":"\n<figure class=\"wp-block-image size-large is-style-rounded is-style-rounded--1\"><img alt=\"\" loading=\"lazy\" decoding=\"async\" width=\"1024\" height=\"506\" src=\"https:\/\/wp.unil.ch\/aessp\/files\/2025\/02\/Organigramme-e1740069353544-1024x506.png\" alt=\"\" class=\"wp-image-7526\" srcset=\"https:\/\/wp.unil.ch\/aessp\/files\/2025\/02\/Organigramme-e1740069353544-1024x506.png 1024w, https:\/\/wp.unil.ch\/aessp\/files\/2025\/02\/Organigramme-e1740069353544-600x296.png 600w, https:\/\/wp.unil.ch\/aessp\/files\/2025\/02\/Organigramme-e1740069353544-768x379.png 768w, https:\/\/wp.unil.ch\/aessp\/files\/2025\/02\/Organigramme-e1740069353544-1536x759.png 1536w, https:\/\/wp.unil.ch\/aessp\/files\/2025\/02\/Organigramme-e1740069353544-1320x652.png 1320w, https:\/\/wp.unil.ch\/aessp\/files\/2025\/02\/Organigramme-e1740069353544.png 1664w\" sizes=\"auto, (max-width: 1024px) 100vw, 1024px\" \/><\/figure>\n\n\n\n<h3 class=\"wp-block-heading alignwide\">Pr\u00e9sidence<\/h3>\n\n\n\n<div class=\"wp-block-columns alignwide is-layout-flex wp-container-core-columns-is-layout-28f84493 wp-block-columns-is-layout-flex\">\n<div class=\"wp-block-column is-layout-flow wp-block-column-is-layout-flow\">\n<p class=\"has-background\" style=\"border-radius:20px;background-color:#ecf6f7;font-size:clamp(0.875rem, 0.875rem + ((1vw - 0.2rem) * 0.708), 1.3rem);\">Les expert\u00b7e\u00b7s de l&rsquo;organisation des AG (qui se terminent toujours par un ap\u00e9ro). Mais plus s\u00e9rieusement, la pr\u00e9sidence et la vice-pr\u00e9sidence sont responsables de g\u00e9rer les besoins et les relations internes et externes \u00e0 l&rsquo;association.<\/p>\n<\/div>\n<\/div>\n\n\n\n<div class=\"wp-block-columns alignwide is-layout-flex wp-container-core-columns-is-layout-28f84493 wp-block-columns-is-layout-flex\">\n<div class=\"wp-block-column is-layout-flow wp-block-column-is-layout-flow\">\n<div class=\"wp-block-uagb-team uagb-team__image-position-above uagb-team__align-center uagb-team__stack-tablet uagb-block-19b8b7a5\"><div class=\"uagb-team__content\"><img decoding=\"async\" class=\"uagb-team__image-crop-circle\" src=\"https:\/\/wp.unil.ch\/aessp\/files\/2025\/09\/dscf6074_cropped.jpg\" alt=\"barth\" height=\"300\" width=\"300\" loading=\"lazy\" \/><h3 class=\"uagb-team__title\">Co-pr\u00e9sidence<\/h3><span class=\"uagb-team__prefix\">Bartholom\u00e9 Chal\u00e9<\/span><p class=\"uagb-team__desc\"><\/p><\/div><\/div>\n<\/div>\n\n\n\n<div class=\"wp-block-column is-layout-flow wp-block-column-is-layout-flow\">\n<div class=\"wp-block-uagb-team uagb-team__image-position-above uagb-team__align-center uagb-team__stack-tablet uagb-block-e6ebb9a6\"><div class=\"uagb-team__content\"><img decoding=\"async\" class=\"uagb-team__image-crop-circle\" src=\"https:\/\/wp.unil.ch\/aessp\/files\/2025\/04\/tamara-faller-e1744367913200.jpg\" alt=\"tamara faller\" height=\"300\" width=\"300\" loading=\"lazy\" \/><h3 class=\"uagb-team__title\">Co-pr\u00e9sidence<\/h3><span class=\"uagb-team__prefix\">Tamara Faller<\/span><p class=\"uagb-team__desc\"><\/p><\/div><\/div>\n<\/div>\n<\/div>\n\n\n\n<h3 class=\"wp-block-heading alignwide\">D\u00e9partement interne<\/h3>\n\n\n\n<div class=\"wp-block-columns alignwide is-layout-flex wp-container-core-columns-is-layout-28f84493 wp-block-columns-is-layout-flex\">\n<div class=\"wp-block-column is-layout-flow wp-block-column-is-layout-flow\">\n<p class=\"has-contrast-color has-text-color has-background has-link-color wp-elements-5eb925efe38619407a20b71bdf0c4736\" style=\"border-radius:20px;background-color:#aacabc;font-size:clamp(0.875rem, 0.875rem + ((1vw - 0.2rem) * 0.708), 1.3rem);\">Aka les rouages de l&rsquo;association. Ici on s&rsquo;occupe de soulager le travail de la pr\u00e9sidence, g\u00e9rer les budgets, les sponsors et l&rsquo;organisation g\u00e9n\u00e9rale. <\/p>\n<\/div>\n<\/div>\n\n\n\n<div class=\"wp-block-uagb-buttons uagb-buttons__outer-wrap uagb-btn__default-btn uagb-btn-tablet__default-btn uagb-btn-mobile__default-btn uagb-block-bafad851\"><div class=\"uagb-buttons__wrap uagb-buttons-layout-wrap \">\n<div class=\"wp-block-uagb-buttons-child uagb-buttons__outer-wrap uagb-block-eac18b46 wp-block-button\"><div class=\"uagb-button__wrapper\"><a class=\"uagb-buttons-repeater wp-block-button__link\" aria-label=\"\" href=\"https:\/\/wp.unil.ch\/aessp\/departement-interne\/\" rel=\"follow noopener\" target=\"_self\" role=\"button\"><div class=\"uagb-button__link\">En savoir plus sur le d\u00e9partement interne<\/div><\/a><\/div><\/div>\n<\/div><\/div>\n\n\n\n<h3 class=\"wp-block-heading alignwide\">D\u00e9partement politique<\/h3>\n\n\n\n<div class=\"wp-block-columns alignwide is-layout-flex wp-container-core-columns-is-layout-28f84493 wp-block-columns-is-layout-flex\">\n<div class=\"wp-block-column is-layout-flow wp-block-column-is-layout-flow\">\n<p class=\"has-background\" style=\"border-radius:20px;background-color:#f5e08f;font-size:clamp(0.875rem, 0.875rem + ((1vw - 0.2rem) * 0.708), 1.3rem);\">Ce d\u00e9partement a la responsabilit\u00e9 de d\u00e9fendre les droits de chaque personne inscrite en SSP. Leurs actions, bien que moins m\u00e9diatis\u00e9es, n&rsquo;en sont pas moins essentielles.<\/p>\n<\/div>\n<\/div>\n\n\n\n<div class=\"wp-block-uagb-buttons uagb-buttons__outer-wrap uagb-btn__default-btn uagb-btn-tablet__default-btn uagb-btn-mobile__default-btn uagb-block-942659f5\"><div class=\"uagb-buttons__wrap uagb-buttons-layout-wrap \">\n<div class=\"wp-block-uagb-buttons-child uagb-buttons__outer-wrap uagb-block-481d31d8 wp-block-button\"><div class=\"uagb-button__wrapper\"><a class=\"uagb-buttons-repeater wp-block-button__link\" aria-label=\"\" href=\"https:\/\/wp.unil.ch\/aessp\/coordination-politique\/\" rel=\"follow noopener\" target=\"_self\" role=\"button\"><div class=\"uagb-button__link\">En savoir plus sur le d\u00e9partement politique<\/div><\/a><\/div><\/div>\n<\/div><\/div>\n\n\n\n<h3 class=\"wp-block-heading alignwide\">D\u00e9partement acad\u00e9mique<\/h3>\n\n\n\n<div class=\"wp-block-columns alignwide is-layout-flex wp-container-core-columns-is-layout-28f84493 wp-block-columns-is-layout-flex\">\n<div class=\"wp-block-column is-layout-flow wp-block-column-is-layout-flow\">\n<p class=\"has-background\" style=\"border-radius:20px;background-color:#fbb387;font-size:clamp(0.875rem, 0.875rem + ((1vw - 0.2rem) * 0.708), 1.3rem);\">Ses membres t&rsquo;aideront \u00e0 maintenir le cap dans tes \u00e9tudes en te proposant tutorats, parrains\/marraines pour te guider dans tes d\u00e9buts \u00e0 la fac et te conseiller de mani\u00e8re g\u00e9n\u00e9rale en termes de parcours universitaire et de sant\u00e9. En bref, ce sont tes anges-gardien\u00b7ne\u00b7s.<\/p>\n<\/div>\n<\/div>\n\n\n\n<div class=\"wp-block-uagb-buttons uagb-buttons__outer-wrap uagb-btn__default-btn uagb-btn-tablet__default-btn uagb-btn-mobile__default-btn uagb-block-bfd81054\"><div class=\"uagb-buttons__wrap uagb-buttons-layout-wrap \">\n<div class=\"wp-block-uagb-buttons-child uagb-buttons__outer-wrap uagb-block-9f9563bf wp-block-button\"><div class=\"uagb-button__wrapper\"><a class=\"uagb-buttons-repeater wp-block-button__link\" aria-label=\"\" href=\"https:\/\/wp.unil.ch\/aessp\/departement-academique\/\" rel=\"follow noopener\" target=\"_self\" role=\"button\"><div class=\"uagb-button__link\">En savoir plus sur le d\u00e9partement acad\u00e9mique<\/div><\/a><\/div><\/div>\n<\/div><\/div>\n\n\n\n<h3 class=\"wp-block-heading alignwide\">D\u00e9partement m\u00e9dia et communication<\/h3>\n\n\n\n<div class=\"wp-block-columns alignwide is-layout-flex wp-container-core-columns-is-layout-28f84493 wp-block-columns-is-layout-flex\">\n<div class=\"wp-block-column is-layout-flow wp-block-column-is-layout-flow\">\n<p class=\"has-background\" style=\"border-radius:20px;background-color:#f8a3a5;font-size:clamp(0.875rem, 0.875rem + ((1vw - 0.2rem) * 0.708), 1.3rem);\">Il s&rsquo;agit du d\u00e9partement cr\u00e9atif au service de l&rsquo;ensemble des p\u00f4les de l&rsquo;association. Les \u00e9quipes de journalisme, photographie, graphisme, r\u00e9seaux sociaux et webmaster sont charg\u00e9es de maintenir la communaut\u00e9 estudiantine inform\u00e9e.<\/p>\n<\/div>\n<\/div>\n\n\n\n<div class=\"wp-block-uagb-buttons uagb-buttons__outer-wrap uagb-btn__default-btn uagb-btn-tablet__default-btn uagb-btn-mobile__default-btn uagb-block-49b1806a\"><div class=\"uagb-buttons__wrap uagb-buttons-layout-wrap \">\n<div class=\"wp-block-uagb-buttons-child uagb-buttons__outer-wrap uagb-block-37019b9e wp-block-button\"><div class=\"uagb-button__wrapper\"><a class=\"uagb-buttons-repeater wp-block-button__link\" aria-label=\"\" href=\"https:\/\/wp.unil.ch\/aessp\/departement-medias-communication\/\" rel=\"follow noopener\" target=\"_self\" role=\"button\"><div class=\"uagb-button__link\">En savoir plus sur le d\u00e9partement m\u00e9dia et communication<\/div><\/a><\/div><\/div>\n<\/div><\/div>\n\n\n\n<h3 class=\"wp-block-heading alignwide\">D\u00e9partement \u00e9v\u00e9nementiel<\/h3>\n\n\n\n<div class=\"wp-block-columns alignwide is-layout-flex wp-container-core-columns-is-layout-28f84493 wp-block-columns-is-layout-flex\">\n<div class=\"wp-block-column is-layout-flow wp-block-column-is-layout-flow\">\n<p class=\"has-background\" style=\"border-radius:20px;background-color:#cfad8a;font-size:clamp(0.875rem, 0.875rem + ((1vw - 0.2rem) * 0.708), 1.3rem);\">Pour \u00e9viter de crouler sous les livres, ce d\u00e9partement te propose des activit\u00e9s pour d\u00e9compresser. Events, Unison et Workchope te r\u00e9galeront toujours avec leurs soir\u00e9es, jams, concerts et boissons fra\u00eeches.<\/p>\n<\/div>\n<\/div>\n\n\n\n<div class=\"wp-block-uagb-buttons uagb-buttons__outer-wrap uagb-btn__default-btn uagb-btn-tablet__default-btn uagb-btn-mobile__default-btn uagb-block-1d71dacd\"><div class=\"uagb-buttons__wrap uagb-buttons-layout-wrap \">\n<div class=\"wp-block-uagb-buttons-child uagb-buttons__outer-wrap uagb-block-e007d413 wp-block-button\"><div class=\"uagb-button__wrapper\"><a class=\"uagb-buttons-repeater wp-block-button__link\" aria-label=\"\" href=\"https:\/\/wp.unil.ch\/aessp\/departement-evenementiel\/\" rel=\"follow noopener\" target=\"_self\" role=\"button\"><div class=\"uagb-button__link\">En savoir plus sur le d\u00e9partement \u00e9v\u00e9nementiel<\/div><\/a><\/div><\/div>\n<\/div><\/div>\n\n\n\n<h3 class=\"wp-block-heading alignwide\">Sections de facult\u00e9<\/h3>\n\n\n\n<div class=\"wp-block-columns alignwide is-layout-flex wp-container-core-columns-is-layout-28f84493 wp-block-columns-is-layout-flex\">\n<div class=\"wp-block-column is-layout-flow wp-block-column-is-layout-flow\">\n<p class=\"has-background\" style=\"border-radius:20px;background-color:#c1a7ca;font-size:clamp(0.875rem, 0.875rem + ((1vw - 0.2rem) * 0.708), 1.3rem);\">Parce que c&rsquo;est toujours cool de se retrouver entre pair\u00b7e\u00b7s, l&rsquo;AESSP compte 3 sections organisant des \u00e9v\u00e9nements principalement destin\u00e9s aux \u00e9tudiant\u00b7e\u00b7s des diff\u00e9rents Instituts que comprend la fac des SSP: <a href=\"https:\/\/wp.unil.ch\/aessp\/lassoc__trashed\/les-sections\/epsyl\/\" target=\"_blank\" rel=\"noreferrer noopener\">EPSYL<\/a>, <a href=\"https:\/\/wp.unil.ch\/aessp\/lassoc__trashed\/les-sections\/essopol\/\" target=\"_blank\" rel=\"noreferrer noopener\">ESSOPOL<\/a> et <a href=\"https:\/\/wp.unil.ch\/aessp\/lassoc__trashed\/les-sections\/essul\/\" target=\"_blank\" rel=\"noreferrer noopener\">ESSUL<\/a>.<\/p>\n<\/div>\n<\/div>\n\n\n\n<div class=\"wp-block-uagb-container uagb-block-4e4a98a3 alignwide uagb-is-root-container\">\n<div class=\"wp-block-uagb-advanced-heading uagb-block-59629a9f\"><h2 class=\"uagb-heading-text\">En savoir plus sur le fonctionnement des p\u00f4les de chaque d\u00e9partement:<\/h2><\/div>\n\n\n\n<div class=\"wp-block-file aligncenter\"><a id=\"wp-block-file--media-1b9f8943-e70f-4e64-aa1a-bb638d23d97f\" href=\"https:\/\/wp.unil.ch\/aessp\/files\/2024\/09\/Cahiers-des-Charges-AESSP-12.23.pdf\">Cahiers des Charges AESSP (12.23)<\/a><\/div>\n<\/div>\n","protected":false},"excerpt":{"rendered":"<p>Pr\u00e9sidence Les expert\u00b7e\u00b7s de l&rsquo;organisation des AG (qui se terminent toujours par un ap\u00e9ro). Mais plus s\u00e9rieusement, la pr\u00e9sidence et la vice-pr\u00e9sidence sont responsables de g\u00e9rer les besoins et les relations internes et externes \u00e0 l&rsquo;association. D\u00e9partement interne Aka les rouages de l&rsquo;association. Ici on s&rsquo;occupe de soulager le travail de la pr\u00e9sidence, g\u00e9rer les [&hellip;]<\/p>\n","protected":false},"author":1002505,"featured_media":0,"parent":0,"menu_order":0,"comment_status":"closed","ping_status":"closed","template":"","meta":{"_seopress_robots_primary_cat":"","_seopress_titles_title":"","_seopress_titles_desc":"","_seopress_robots_index":"","_seopress_analysis_target_kw":"","_uag_custom_page_level_css":"","footnotes":""},"class_list":["post-6017","page","type-page","status-publish"],"uagb_featured_image_src":{"full":false,"thumbnail":false,"medium":false,"medium_large":false,"large":false,"1536x1536":false,"2048x2048":false,"mailpoet_newsletter_max":false},"uagb_author_info":{"display_name":"Ainoa Heine Bravo","author_link":"https:\/\/wp.unil.ch\/aessp\/author\/aheinebr\/"},"uagb_comment_info":0,"uagb_excerpt":"Pr\u00e9sidence Les expert\u00b7e\u00b7s de l&rsquo;organisation des AG (qui se terminent toujours par un ap\u00e9ro). Mais plus s\u00e9rieusement, la pr\u00e9sidence et la vice-pr\u00e9sidence sont responsables de g\u00e9rer les besoins et les relations internes et externes \u00e0 l&rsquo;association. D\u00e9partement interne Aka les rouages de l&rsquo;association. Ici on s&rsquo;occupe de soulager le travail de la pr\u00e9sidence, g\u00e9rer les&hellip;","_links":{"self":[{"href":"https:\/\/wp.unil.ch\/aessp\/wp-json\/wp\/v2\/pages\/6017","targetHints":{"allow":["GET"]}}],"collection":[{"href":"https:\/\/wp.unil.ch\/aessp\/wp-json\/wp\/v2\/pages"}],"about":[{"href":"https:\/\/wp.unil.ch\/aessp\/wp-json\/wp\/v2\/types\/page"}],"author":[{"embeddable":true,"href":"https:\/\/wp.unil.ch\/aessp\/wp-json\/wp\/v2\/users\/1002505"}],"replies":[{"embeddable":true,"href":"https:\/\/wp.unil.ch\/aessp\/wp-json\/wp\/v2\/comments?post=6017"}],"version-history":[{"count":5,"href":"https:\/\/wp.unil.ch\/aessp\/wp-json\/wp\/v2\/pages\/6017\/revisions"}],"predecessor-version":[{"id":7624,"href":"https:\/\/wp.unil.ch\/aessp\/wp-json\/wp\/v2\/pages\/6017\/revisions\/7624"}],"wp:attachment":[{"href":"https:\/\/wp.unil.ch\/aessp\/wp-json\/wp\/v2\/media?parent=6017"}],"curies":[{"name":"wp","href":"https:\/\/api.w.org\/{rel}","templated":true}]}}