{"id":5198,"date":"2020-04-01T10:57:00","date_gmt":"2020-04-01T08:57:00","guid":{"rendered":"http:\/\/wp.unil.ch\/aessp\/?page_id=5198"},"modified":"2025-02-26T13:59:19","modified_gmt":"2025-02-26T12:59:19","slug":"nous-contacter","status":"publish","type":"page","link":"https:\/\/wp.unil.ch\/aessp\/nous-contacter\/","title":{"rendered":"Nous contacter"},"content":{"rendered":"\n<p>Tu as une question ? Une envie de parler ?  Alors passe nous faire un petit coucou \u00e0 notre bureau, dans le b\u00e2timent G\u00e9opolis, ou envoie nous un mail !<\/p>\n\n\n\n<p>Notre bureau : G\u00e9opolis 2216<\/p>\n\n\n\n<p>Et si tu as une folle envie de nous envoyer une carte postale voici notre adresse compl\u00e8te : <\/p>\n\n\n\n<pre class=\"wp-block-verse\">Universit\u00e9 de Lausanne<br \/>AESSP<br \/>G\u00e9opolis<br \/>Bureau 2216<br \/>CH-1015 Lausanne<\/pre>\n\n\n\n<p>Adresse mail g\u00e9n\u00e9rale : <a href=\"mailto:aessp@unil.ch\">aessp@unil.ch<\/a><\/p>\n\n\n\n<p>Adresse mail du d\u00e9partement acad\u00e9mique (pour toutes questions ou probl\u00e8mes concernant les cours, les examens ou la politique facultaire) : <a href=\"mailto:aessp.dep.academique@gmail.com\">aessp.dep.academique@gmail.com<\/a><\/p>\n\n\n\n<p>Adresse mail d&rsquo;EPSYL (pour des questions sp\u00e9cifiques \u00e0 la fili\u00e8re de Psychologie) : <a href=\"mailto:epsyl@unil.ch\">epsyl@unil.ch<\/a><\/p>\n\n\n\n<p>Adresse mail d&rsquo;ESSOPOL (pour des questions sp\u00e9cifiques aux fili\u00e8res de Sciences Sociales et Politique) : <a href=\"mailto:essopolunil@gmail.com\">essopolunil@gmail.com<\/a><\/p>\n\n\n\n<p>Adresse mail d&rsquo;ESSUL (pour des questions sp\u00e9cifiques \u00e0 la fili\u00e8re de Sciences du Mouvement et du Sport) : <a href=\"mailto:essul.sportifs@gmail.com\">essul.sportifs@gmail.com<\/a> <\/p>\n\n\n\n<p>L&rsquo;AESSP est \u00e9galement pr\u00e9sente sur <a href=\"https:\/\/www.facebook.com\/AESSPUniL\" target=\"_blank\" rel=\"noreferrer noopener\">Facebook<\/a> et <a href=\"https:\/\/www.instagram.com\/aessp.unil\/\" target=\"_blank\" rel=\"noreferrer noopener\">Instagram<\/a> ! N&rsquo;h\u00e9site pas \u00e0 nous suivre !<\/p>\n","protected":false},"excerpt":{"rendered":"<p>Tu as une question ? Une envie de parler ? Alors passe nous faire un petit coucou \u00e0 notre bureau, dans le b\u00e2timent G\u00e9opolis, ou envoie nous un mail ! Notre bureau : G\u00e9opolis 2216 Et si tu as une folle envie de nous envoyer une carte postale voici notre adresse compl\u00e8te : Universit\u00e9 de [&hellip;]<\/p>\n","protected":false},"author":1002001,"featured_media":0,"parent":0,"menu_order":0,"comment_status":"closed","ping_status":"closed","template":"","meta":{"_seopress_robots_primary_cat":"","_seopress_titles_title":"","_seopress_titles_desc":"","_seopress_robots_index":"","_uag_custom_page_level_css":"","footnotes":""},"class_list":["post-5198","page","type-page","status-publish"],"uagb_featured_image_src":{"full":false,"thumbnail":false,"medium":false,"medium_large":false,"large":false,"1536x1536":false,"2048x2048":false,"mailpoet_newsletter_max":false},"uagb_author_info":{"display_name":"David Raccaud","author_link":"https:\/\/wp.unil.ch\/aessp\/author\/draccaud\/"},"uagb_comment_info":0,"uagb_excerpt":"Tu as une question ? Une envie de parler ? Alors passe nous faire un petit coucou \u00e0 notre bureau, dans le b\u00e2timent G\u00e9opolis, ou envoie nous un mail ! Notre bureau : G\u00e9opolis 2216 Et si tu as une folle envie de nous envoyer une carte postale voici notre adresse compl\u00e8te : Universit\u00e9 de&hellip;","_links":{"self":[{"href":"https:\/\/wp.unil.ch\/aessp\/wp-json\/wp\/v2\/pages\/5198","targetHints":{"allow":["GET"]}}],"collection":[{"href":"https:\/\/wp.unil.ch\/aessp\/wp-json\/wp\/v2\/pages"}],"about":[{"href":"https:\/\/wp.unil.ch\/aessp\/wp-json\/wp\/v2\/types\/page"}],"author":[{"embeddable":true,"href":"https:\/\/wp.unil.ch\/aessp\/wp-json\/wp\/v2\/users\/1002001"}],"replies":[{"embeddable":true,"href":"https:\/\/wp.unil.ch\/aessp\/wp-json\/wp\/v2\/comments?post=5198"}],"version-history":[{"count":2,"href":"https:\/\/wp.unil.ch\/aessp\/wp-json\/wp\/v2\/pages\/5198\/revisions"}],"predecessor-version":[{"id":7632,"href":"https:\/\/wp.unil.ch\/aessp\/wp-json\/wp\/v2\/pages\/5198\/revisions\/7632"}],"wp:attachment":[{"href":"https:\/\/wp.unil.ch\/aessp\/wp-json\/wp\/v2\/media?parent=5198"}],"curies":[{"name":"wp","href":"https:\/\/api.w.org\/{rel}","templated":true}]}}