{"id":5112,"date":"2020-04-01T17:52:00","date_gmt":"2020-04-01T15:52:00","guid":{"rendered":"http:\/\/wp.unil.ch\/aessp\/?page_id=5112"},"modified":"2026-03-11T11:05:31","modified_gmt":"2026-03-11T10:05:31","slug":"representation-estudiantine","status":"publish","type":"page","link":"https:\/\/wp.unil.ch\/aessp\/representation-estudiantine\/","title":{"rendered":"Repr\u00e9sentation estudiantine"},"content":{"rendered":"\n<div class=\"wp-block-group alignwide is-layout-flow wp-block-group-is-layout-flow\">\n<div class=\"wp-block-uagb-inline-notice uagb-inline_notice__align-left uagb-block-fc20495b\"><button class=\"uagb-notice-close-button\" type=\"button\" aria-label=\"Close\"><\/button><h4 class=\"uagb-notice-title\"><strong>Tu envisages de te lancer dans la repr\u00e9sentation estudiantine&nbsp;?&nbsp;<\/strong><\/h4><div class=\"uagb-notice-text\">\n<p><strong>Tu es au bon endroit. Nous avons besoin de toi pour d\u00e9fendre les int\u00e9r\u00eats estudiantins et am\u00e9liorer continuellement le processus p\u00e9dagogique de la facult\u00e9.&nbsp;<\/strong><\/p>\n<\/div><\/div>\n\n\n\n<figure class=\"wp-block-embed is-type-video is-provider-youtube wp-block-embed-youtube wp-embed-aspect-16-9 wp-has-aspect-ratio\"><div class=\"wp-block-embed__wrapper\">\n<iframe loading=\"lazy\" title=\"Deviens repr\u00e9sentant.e \u00e9tudiant.e en SSP UNIL\" width=\"500\" height=\"281\" src=\"https:\/\/www.youtube.com\/embed\/B1uJGMLWKHk?feature=oembed\" frameborder=\"0\" allow=\"accelerometer; autoplay; clipboard-write; encrypted-media; gyroscope; picture-in-picture; web-share\" referrerpolicy=\"strict-origin-when-cross-origin\" allowfullscreen><\/iframe>\n<\/div><\/figure>\n\n\n\n<p>L\u2019ennemi de l\u2019\u00e9tudiant\u00b7e est certainement l\u2019isolement. R\u00e9ussir \u00e0 l\u2019universit\u00e9, tant sur le plan social que sur le plan des \u00e9tudes passe en outre par le r\u00e9seau de relations que tu sauras te former. La repr\u00e9sentation politique est certainement la meilleure opportunit\u00e9 pour ceux et celles qui aimeraient commencer \u00e0 s\u2019investir d\u2019avantage dans notre facult\u00e9. En effet, les \u00e9tudiant.e.s (tout comme le corps professoral ainsi que le corps interm\u00e9diaire) disposent de si\u00e8ges dans tous les organes qui traitent des questions relatives \u00e0 l\u2019enseignement et aux r\u00e8glements de la facult\u00e9.<\/p>\n\n\n\n<h2 class=\"wp-block-heading\">Qui peut participer?<\/h2>\n\n\n\n<p>Toustes les \u00e9tudiant\u00b7e\u00b7s inscrit\u00b7e\u00b7s dans la facult\u00e9 des sciences sociales et politiques peuvent participer \u00e0 la repr\u00e9sentation politique. Il n\u2019est pas n\u00e9cessaire d\u2019\u00eatre un\u00b7e membre actif\u00b7ve de l\u2019AESSP (ou autrement dit, de faire partie du comit\u00e9 de l\u2019association) pour si\u00e9ger dans un des organes de la facult\u00e9.<\/p>\n\n\n\n<p>Pour la l\u00e9gislature la plus r\u00e9cente les noms des \u00e9tudiant\u00b7e\u00b7s qui te repr\u00e9sentent se trouvent <a href=\"https:\/\/www.unil.ch\/ssp\/home\/menuinst\/faculte\/gouvernance\/conseil-de-faculte\/les-membres.html\" target=\"_blank\" rel=\"noreferrer noopener\">ici<\/a>.<\/p>\n\n\n\n<p>De plus, tu pourras retrouver les diff\u00e9rents noms des personnes \u00e9lues dans les diff\u00e9rentes commissions : <a href=\"https:\/\/www.unil.ch\/ssp\/representants-commissions\">repr\u00e9sentant\u00b7e\u00b7s comissions<\/a><\/p>\n\n\n\n<h2 class=\"wp-block-heading\">Comment participer?<\/h2>\n\n\n\n<p>Si tu souhaites participer, tu peux d\u00e8s la rentr\u00e9e des cours contacter nos responsables de la coordination politique en envoyant un mail \u00e0 <a href=\"mailto:Nicolas.Dufayt@unil.ch\">Nicolas.Dufayt@unil.ch<\/a> ou <a href=\"mailto:Naima.Pfanzelter@unil.ch\">Naima.Pfanzelter@unil.ch<\/a> qui sont \u00e0 ta disposition si tu souhaites recevoir des informations suppl\u00e9mentaires ou candidater directement pour un poste qui t\u2019int\u00e9resse.<\/p>\n\n\n\n<p>Une fois ta candidature annonc\u00e9e aupr\u00e8s de la coordination politique, tu seras convoqu\u00e9\u00b7e \u00e0 l\u2019assembl\u00e9e g\u00e9n\u00e9rale de l\u2019association qui a lieu \u00e0 chaque rentr\u00e9e d\u2019automne. C\u2019est \u00e0 ce moment l\u00e0 qu\u2019auront lieu les \u00e9lections des repr\u00e9sentants. Tous les \u00e9tudiant\u00b7e\u00b7s de la facult\u00e9 sont invit\u00e9\u00b7e\u00b7s \u00e0 participer \u00e0 ces \u00e9lections.<\/p>\n\n\n\n<p>M\u00eame si l\u2019engagement usuel d\u2019un\u00b7e repr\u00e9sentant\u00b7e \u00e9tudiant\u00b7e est de deux semestres, il peut arriver qu\u2019une \u00e9lection compl\u00e9mentaire ait lieu lors du semestre de printemps. De plus, certaines commissions <em>ad hoc<\/em> se constituent durant le courant de l\u2019ann\u00e9e alors m\u00eame si les \u00e9lections d\u2019automne sont pass\u00e9es n\u2019h\u00e9site pas \u00e0 t\u2019annoncer aupr\u00e8s du coordinateur\u00b7rice politique.<\/p>\n\n\n\n<h2 class=\"wp-block-heading\">\u00catre repr\u00e9sentant\u00b7e, qu&rsquo;est-ce que \u00e7a implique?<\/h2>\n\n\n\n<p>Ton r\u00f4le consiste \u00e0 d\u00e9fendre les int\u00e9r\u00eats des \u00e9tudiant\u00b7e\u00b7s de ta facult\u00e9 et\/ou de ta fili\u00e8re. Cela implique un engagement actif et r\u00e9gulier aux s\u00e9ances. Cet engagement signifie, premi\u00e8rement de si\u00e9ger, \u00e9couter et rapporter si besoin vers ces coll\u00e8gues ce qui se passent dans les ar\u00e8nes de d\u00e9cision. Deuxi\u00e8mement, de participer aux d\u00e9bats au sein des commission ainsi qu\u2019a apporter des projets ou probl\u00e9matique \u00e0 l\u2019ordre du jour. \u00c9tant entendu que le deuxi\u00e8me point d\u00e9pend des envies, ressources et qualit\u00e9s de chacun.<\/p>\n\n\n\n<p>Les commissions et les conseils se r\u00e9unissent 2 \u00e0 6 fois par ann\u00e9e selon un calendrier connu \u00e0 l\u2019avance que tu peux consulter <a href=\"https:\/\/www.unil.ch\/ssp\/home\/menuinst\/faculte\/gouvernance\/conseil-de-faculte\/calendrier-et-ordres-du-jour.html\" data-type=\"URL\" data-id=\"https:\/\/www.unil.ch\/ssp\/home\/menuinst\/faculte\/gouvernance\/conseil-de-faculte\/calendrier-et-ordres-du-jour.html\">ici<\/a>. Ces r\u00e9unions ont lieu le jeudi entre 13h00 et 18h00, heure \u00e0 laquelle la facult\u00e9 ne propose plus de cours. Le temps consacr\u00e9 \u00e0 la repr\u00e9sentation varie selon l\u2019engagement que tu souhaites y investir mais le temps minimum est tr\u00e8s raisonnable. Il s\u2019agit de s\u2019informer des dossiers avant la r\u00e9union, de pr\u00e9parer la s\u00e9ance avec tes coll\u00e8gues (pr\u00e9paration qui se d\u00e9roule g\u00e9n\u00e9ralement \u00e0 la pause de midi qui pr\u00e9c\u00e8de la r\u00e9union) puis de se rendre \u00e0 la r\u00e9union. Une fois \u00e9lu\u00b7e tu recevras une convocation ainsi que l\u2019ordre du jour de la s\u00e9ance par email au plus tard une semaine avant le jour de la s\u00e9ance.<\/p>\n\n\n\n<h2 class=\"wp-block-heading\">Est-ce que j&rsquo;ai un contact avec les autres repr\u00e9sentant\u00b7e\u00b7s ?<\/h2>\n\n\n\n<p>Comme tu as pu le constater, il y a de nombreux postes disponibles ainsi la facult\u00e9 compte une trentaine de repr\u00e9sentant\u00b7e\u00b7s \u00e9tudiant\u00b7e\u00b7s. L\u2019AESSP organise une rencontre par semestre entre l\u2019ensemble des repr\u00e9sentant\u00b7e\u00b7s afin que nous puissions \u00e9changer sur les diff\u00e9rents objets et dossiers trait\u00e9s en commission. C\u2019est aussi l\u2019occasion de faire plus amples connaissances et de partager nos exp\u00e9riences. En revanche, le contact avec les \u00e9tudiant\u00b7e\u00b7s qui si\u00e8gent dans la m\u00eame commission que toi est plus r\u00e9gulier car il s\u2019agit de pr\u00e9parer les s\u00e9ances en commun.<\/p>\n\n\n\n<div class=\"wp-block-file\"><a href=\"https:\/\/wp.unil.ch\/aessp\/files\/2011\/03\/Sch\u00e9ma-repr\u00e9sentation-SSP.pdf\">Sch\u00e9ma de la Repr\u00e9sentation du corps \u00e9tudiant de SSP aupr\u00e8s des institutions de l\u2019Unil<\/a><a href=\"https:\/\/wp.unil.ch\/aessp\/files\/2011\/03\/Sch\u00e9ma-repr\u00e9sentation-SSP.pdf\" class=\"wp-block-file__button wp-element-button\" download>T\u00e9l\u00e9charger<\/a><\/div>\n\n\n\n<h2 class=\"wp-block-heading\">Quelles sont les comissions ?<\/h2>\n\n\n\n<ul class=\"wp-block-list\">\n<li>Commissions d&rsquo;enseignement de fili\u00e8re et leurs bureaux<\/li>\n\n\n\n<li>Conseil de l&rsquo;universit\u00e9\n<ul class=\"wp-block-list\">\n<li><a href=\"https:\/\/www.unil.ch\/unil\/fr\/home\/menuinst\/universite\/organisation-universite\/le-conseil.html\">Le Conseil de l&rsquo;Universit\u00e9<\/a> est l&rsquo;autorit\u00e9 d\u00e9lib\u00e9rative de l&rsquo;institution. Cette fonction est semblable \u00e0 celle du Grand Conseil au niveau du Canton. C&rsquo;est le \u00ab\u00a0parlement\u00a0\u00bb de l&rsquo;Universit\u00e9, alors que la Direction en est le \u00ab\u00a0gouvernement\u00a0\u00bb. Les \u00e9tudiant\u00b7e\u00b7s ont 2 repr\u00e9sentant\u00b7e\u00b7s par facult\u00e9 (12 au total). La FAE se charge de coordonner les repr\u00e9sentant\u00b7e\u00b7s \u00e9tudiant\u00b7e\u00b7s au niveau de l&rsquo;universit\u00e9. Le d\u00e9canat se charge d&rsquo;organiser les \u00e9lections par vote \u00e9lectronique.<\/li>\n<\/ul>\n<\/li>\n\n\n\n<li>Conseils d&rsquo;Instituts et leurs bureaux<\/li>\n\n\n\n<li>Conseil de Facult\u00e9\n<ul class=\"wp-block-list\">\n<li><a href=\"https:\/\/www.unil.ch\/ssp\/fr\/home\/menuinst\/faculte\/gouvernance\/conseil-de-faculte.html#1\" data-type=\"link\" data-id=\"https:\/\/www.unil.ch\/ssp\/fr\/home\/menuinst\/faculte\/gouvernance\/conseil-de-faculte.html#1\">Le Conseil de Facult\u00e9<\/a> est l\u2019organe l\u00e9gislatif de la Facult\u00e9. C\u2019est l\u00e0 o\u00f9 sont vot\u00e9s les r\u00e8glements de facult\u00e9 et \u00e9lu\u00b7e\u00b7s les professeur\u00b7e\u00b7s propos\u00e9\u00b7e\u00b7s par les commissions de pr\u00e9sentation. C\u2019est \u00e9galement l\u00e0 que sont approuv\u00e9s les programmes d\u2019\u00e9tudes. Le Conseil de Facult\u00e9 se r\u00e9unit environ une fois par mois durant les mois de cours et les assembl\u00e9es sont pr\u00e9sid\u00e9es par la\u00b7le doyen\u00b7ne de la facult\u00e9.<\/li>\n<\/ul>\n<\/li>\n\n\n\n<li>Commissions d&rsquo;enseignement de facult\u00e9 et son bureau<\/li>\n\n\n\n<li>Commissions de planification<\/li>\n\n\n\n<li>Commission d&rsquo;examen et commission de recours<\/li>\n\n\n\n<li>D&rsquo;autres commissions li\u00e9es \u00e0 la&nbsp;FAE<\/li>\n<\/ul>\n<\/div>\n\n\n\n<p><\/p>\n","protected":false},"excerpt":{"rendered":"<p>L\u2019ennemi de l\u2019\u00e9tudiant\u00b7e est certainement l\u2019isolement. R\u00e9ussir \u00e0 l\u2019universit\u00e9, tant sur le plan social que sur le plan des \u00e9tudes passe en outre par le r\u00e9seau de relations que tu sauras te former. La repr\u00e9sentation politique est certainement la meilleure opportunit\u00e9 pour ceux et celles qui aimeraient commencer \u00e0 s\u2019investir d\u2019avantage dans notre facult\u00e9. En [&hellip;]<\/p>\n","protected":false},"author":1001661,"featured_media":0,"parent":0,"menu_order":0,"comment_status":"closed","ping_status":"closed","template":"","meta":{"_seopress_robots_primary_cat":"","_seopress_titles_title":"","_seopress_titles_desc":"","_seopress_robots_index":"","_seopress_analysis_target_kw":"","_uag_custom_page_level_css":"","footnotes":""},"class_list":["post-5112","page","type-page","status-publish"],"uagb_featured_image_src":{"full":false,"thumbnail":false,"medium":false,"medium_large":false,"large":false,"1536x1536":false,"2048x2048":false,"mailpoet_newsletter_max":false},"uagb_author_info":{"display_name":"","author_link":"https:\/\/wp.unil.ch\/aessp\/author\/"},"uagb_comment_info":0,"uagb_excerpt":"L\u2019ennemi de l\u2019\u00e9tudiant\u00b7e est certainement l\u2019isolement. R\u00e9ussir \u00e0 l\u2019universit\u00e9, tant sur le plan social que sur le plan des \u00e9tudes passe en outre par le r\u00e9seau de relations que tu sauras te former. La repr\u00e9sentation politique est certainement la meilleure opportunit\u00e9 pour ceux et celles qui aimeraient commencer \u00e0 s\u2019investir d\u2019avantage dans notre facult\u00e9. En&hellip;","_links":{"self":[{"href":"https:\/\/wp.unil.ch\/aessp\/wp-json\/wp\/v2\/pages\/5112","targetHints":{"allow":["GET"]}}],"collection":[{"href":"https:\/\/wp.unil.ch\/aessp\/wp-json\/wp\/v2\/pages"}],"about":[{"href":"https:\/\/wp.unil.ch\/aessp\/wp-json\/wp\/v2\/types\/page"}],"author":[{"embeddable":true,"href":"https:\/\/wp.unil.ch\/aessp\/wp-json\/wp\/v2\/users\/1001661"}],"replies":[{"embeddable":true,"href":"https:\/\/wp.unil.ch\/aessp\/wp-json\/wp\/v2\/comments?post=5112"}],"version-history":[{"count":5,"href":"https:\/\/wp.unil.ch\/aessp\/wp-json\/wp\/v2\/pages\/5112\/revisions"}],"predecessor-version":[{"id":8087,"href":"https:\/\/wp.unil.ch\/aessp\/wp-json\/wp\/v2\/pages\/5112\/revisions\/8087"}],"wp:attachment":[{"href":"https:\/\/wp.unil.ch\/aessp\/wp-json\/wp\/v2\/media?parent=5112"}],"curies":[{"name":"wp","href":"https:\/\/api.w.org\/{rel}","templated":true}]}}