{"id":4745,"date":"2019-05-12T13:56:27","date_gmt":"2019-05-12T11:56:27","guid":{"rendered":"http:\/\/wp.unil.ch\/aessp\/?page_id=4745"},"modified":"2025-10-03T14:55:43","modified_gmt":"2025-10-03T12:55:43","slug":"permanences-ur-les-recours","status":"publish","type":"page","link":"https:\/\/wp.unil.ch\/aessp\/permanences-ur-les-recours\/","title":{"rendered":"Permanences sur les recours"},"content":{"rendered":"\n<p>Apr\u00e8s la session d\u2019examen de f\u00e9vrier et de juin, l\u2019AESSP, en collaboration avec la CARE, organise une permanence pour renseigner les \u00e9tudiant.e.s souhaitant faire recours contre les r\u00e9sultats obtenus.<\/p>\n\n\n\n<p>ATTENTION&nbsp;: le recours prend du temps et n\u2019aboutit pas au changement de la note obtenue. Si le recours passe, ladite note sera annul\u00e9e et un nouvel essai \u00e0 l\u2019\u00e9valuation sera mis en place.<\/p>\n\n\n\n<p>Il faut savoir que le recours est soumis \u00e0 quelques conditions et doit se fonder exclusivement \u00ab <em>sur l\u2019ill\u00e9galit\u00e9 de la d\u00e9cision, un grief de vice de forme ou d\u2019arbitraire ainsi que sur tout autre argument juridiquement pertinent. <\/em>\u00bb. Tu trouveras le r\u00e8glement d\u2019\u00e9tude complet, dont l\u2019article 63 r\u00e9git les recours (extrait ci-dessous), sur la page des r\u00e8glements facultaires (en vigueur depuis le 2 janvier 2018)\u00a0:\u00a0 <u><a href=\"https:\/\/www.unil.ch\/ssp\/fr\/home\/menuinst\/faculte\/reglementsdirectives\/reglements-facultaires.html\">en lien ici<\/a><\/u>.<\/p>\n\n\n\n<p><\/p>\n\n\n\n<p>&nbsp;<\/p>\n\n\n\n<h1 class=\"wp-block-heading\">Que faire si\u2026<\/h1>\n\n\n\n<h2 class=\"wp-block-heading\">Une note insuffisante<\/h2>\n\n\n\n<p>On te conseille de&nbsp;:<\/p>\n\n\n\n<ul class=\"wp-block-list\">\n<li>consulter ta copie d\u2019examen pour voir ce qui n\u2019allait pas<\/li>\n\n\n\n<li>prendre rdv avec les professeur.e.s\/enseignant.e.s pour discuter et comprendre ce qui n\u2019allaient pas dans les r\u00e9ponses.<\/li>\n\n\n\n<li>demander sous quelle forme se pr\u00e9sentera l\u2019examen de rattrapage (oral, qcm, dissertation\u2026)<\/li>\n\n\n\n<li>Ainsi, tu repars avec des pr\u00e9cisions pour le rattrapage.<\/li>\n<\/ul>\n\n\n\n<h2 class=\"wp-block-heading\">D\u00e9cid\u00e9.e \u00e0 faire recours<\/h2>\n\n\n\n<ul class=\"wp-block-list\">\n<li>Si tu d\u00e9cides tout de m\u00eame de faire un recours, regarde que tu rentres bien dans les crit\u00e8res donn\u00e9s par le r\u00e8glement (extrait de l\u2019art.63 et lien ci-dessus).<\/li>\n\n\n\n<li>Tu as <strong>30 jours<\/strong> depuis la publication des r\u00e9sultats pour d\u00e9poser ton dossier de recours.<\/li>\n\n\n\n<li>Adresse-toi ensuite aupr\u00e8s de la CARE pour obtenir un soutien juridique gratuit pour ton dossier. Il te suffit de <u><a href=\"https:\/\/www.fae-unil.ch\/services\/aux-etudiant-e-s\/recours\/\">cliquer sur ce lien<\/a><\/u> et remplir le formulaire\u00a0!<\/li>\n\n\n\n<li>\u00ab\u00a0Un recours ne se r\u00e9dige pas en 10 minutes. Il est important de\u00a0<strong>pr\u00e9voir suffisamment de temps\u00a0\u00bb<\/strong><\/li>\n<\/ul>\n\n\n\n<h2 class=\"wp-block-heading\">Un conflit avec un.e professeur.e\/assitant.e\/enseignant.e<\/h2>\n\n\n\n<ul class=\"wp-block-list\">\n<li>Si tu as des soucis avec une personne du corps enseignant, viens en discuter avec nous avant que la situation ne tourne au vinaigre.<\/li>\n\n\n\n<li>On peut te conseiller, t\u2019orienter pour mieux t\u2019aider \u00e0 r\u00e9soudre le probl\u00e8me (d\u00e9lais impos\u00e9s, injustices ou autres).<\/li>\n<\/ul>\n\n\n\n<p>&nbsp;<\/p>\n\n\n\n<h1 class=\"wp-block-heading\">Besoin de plus d\u2019informations<\/h1>\n\n\n\n<p>Nos membres du Groupe de Travail \u00ab&nbsp;Soutien aux \u00e9tudiants&nbsp;\u00bb sont l\u00e0 pour r\u00e9pondre \u00e0 tes questions. Dans certains cas, il est possible que nous te redirigeons vers les personnes qui sont plus \u00e0 m\u00eame de suivre ton dossier. En attendant, les liens ci-dessous peuvent te donner quelques informations&nbsp;:<\/p>\n\n\n\n<ul class=\"wp-block-list\">\n<li><a href=\"https:\/\/www.unil.ch\/ssp\/fr\/home\/menuinst\/faculte\/reglementsdirectives\/reglements-facultaires.html\">R\u00e8glements facultaires<\/a><\/li>\n\n\n\n<li><a href=\"https:\/\/fae-unil.ch\/service-juridique\/\">Formulaire de la CARE<\/a><\/li>\n<\/ul>\n\n\n\n<p><\/p>\n","protected":false},"excerpt":{"rendered":"<p>Apr\u00e8s la session d\u2019examen de f\u00e9vrier et de juin, l\u2019AESSP, en collaboration avec la CARE, organise une permanence pour renseigner les \u00e9tudiant.e.s souhaitant faire recours contre les r\u00e9sultats obtenus. ATTENTION&nbsp;: le recours prend du temps et n\u2019aboutit pas au changement de la note obtenue. Si le recours passe, ladite note sera annul\u00e9e et un nouvel [&hellip;]<\/p>\n","protected":false},"author":1001661,"featured_media":0,"parent":0,"menu_order":0,"comment_status":"closed","ping_status":"closed","template":"","meta":{"_seopress_robots_primary_cat":"","_seopress_titles_title":"","_seopress_titles_desc":"","_seopress_robots_index":"","_seopress_analysis_target_kw":"","_uag_custom_page_level_css":"","footnotes":""},"class_list":["post-4745","page","type-page","status-publish"],"uagb_featured_image_src":{"full":false,"thumbnail":false,"medium":false,"medium_large":false,"large":false,"1536x1536":false,"2048x2048":false,"mailpoet_newsletter_max":false},"uagb_author_info":{"display_name":"","author_link":"https:\/\/wp.unil.ch\/aessp\/author\/"},"uagb_comment_info":0,"uagb_excerpt":"Apr\u00e8s la session d\u2019examen de f\u00e9vrier et de juin, l\u2019AESSP, en collaboration avec la CARE, organise une permanence pour renseigner les \u00e9tudiant.e.s souhaitant faire recours contre les r\u00e9sultats obtenus. ATTENTION&nbsp;: le recours prend du temps et n\u2019aboutit pas au changement de la note obtenue. Si le recours passe, ladite note sera annul\u00e9e et un nouvel&hellip;","_links":{"self":[{"href":"https:\/\/wp.unil.ch\/aessp\/wp-json\/wp\/v2\/pages\/4745","targetHints":{"allow":["GET"]}}],"collection":[{"href":"https:\/\/wp.unil.ch\/aessp\/wp-json\/wp\/v2\/pages"}],"about":[{"href":"https:\/\/wp.unil.ch\/aessp\/wp-json\/wp\/v2\/types\/page"}],"author":[{"embeddable":true,"href":"https:\/\/wp.unil.ch\/aessp\/wp-json\/wp\/v2\/users\/1001661"}],"replies":[{"embeddable":true,"href":"https:\/\/wp.unil.ch\/aessp\/wp-json\/wp\/v2\/comments?post=4745"}],"version-history":[{"count":2,"href":"https:\/\/wp.unil.ch\/aessp\/wp-json\/wp\/v2\/pages\/4745\/revisions"}],"predecessor-version":[{"id":7988,"href":"https:\/\/wp.unil.ch\/aessp\/wp-json\/wp\/v2\/pages\/4745\/revisions\/7988"}],"wp:attachment":[{"href":"https:\/\/wp.unil.ch\/aessp\/wp-json\/wp\/v2\/media?parent=4745"}],"curies":[{"name":"wp","href":"https:\/\/api.w.org\/{rel}","templated":true}]}}