{"id":2101,"date":"2013-09-15T20:30:02","date_gmt":"2013-09-15T18:30:02","guid":{"rendered":"http:\/\/wp.unil.ch\/aessp\/?page_id=2101"},"modified":"2025-10-01T14:05:29","modified_gmt":"2025-10-01T12:05:29","slug":"subventions","status":"publish","type":"page","link":"https:\/\/wp.unil.ch\/aessp\/infos-pratiques\/subventions\/","title":{"rendered":"Subventions"},"content":{"rendered":"\n<div class=\"wp-block-columns alignwide is-layout-flex wp-container-core-columns-is-layout-28f84493 wp-block-columns-is-layout-flex\">\n<div class=\"wp-block-column is-layout-flow wp-block-column-is-layout-flow\" style=\"flex-basis:100%\">\n<p class=\"has-text-align-center\">Une fois par semestre, l&rsquo;AESSP met publiquement au concours une proposition de subventions pour tous projets qui pourraient s&rsquo;adresser aux \u00e9tudiant\u00b7e\u00b7x\u00b7s de la Facult\u00e9 des SSP, \u00e0 hauteur maximale de CHF 1\u2019000.-.<\/p>\n\n\n\n<p class=\"has-text-align-center\">Tu as une id\u00e9e g\u00e9niale que tu souhaiterais \u00e9laborer et qui peut s&rsquo;adresser aux \u00e9tudiant\u00b7e\u00b7x\u00b7s en SSP ? Tu as besoin d&rsquo;un coup de pouce financier pour mettre \u00e0 ex\u00e9cution ton projet ? L\u2019AESSP peut t\u2019aider !<\/p>\n\n\n\n<div class=\"wp-block-columns is-layout-flex wp-container-core-columns-is-layout-28f84493 wp-block-columns-is-layout-flex\">\n<div class=\"wp-block-column is-layout-flow wp-block-column-is-layout-flow\" style=\"flex-basis:100%\">\n<h2 class=\"wp-block-heading has-text-align-center\">Marche \u00e0 suivre<\/h2>\n\n\n\n<p>1. S&rsquo;assurer que ton projet est \u00e9ligible, selon le<strong> <\/strong><a href=\"#r\u00e8glement_des_subventions_aessp\" data-type=\"internal\" data-id=\"#r\u00e8glement_des_subventions_aessp\"><strong>R\u00e8glement des Subvention<\/strong> <strong>AESSP<\/strong><\/a> (que tu trouveras ci-dessous).<\/p>\n\n\n\n<p class=\"has-text-align-left\" style=\"margin-right:0;margin-bottom:0;margin-left:var(--wp--preset--spacing--20)\">Il est important qu&rsquo;il s&rsquo;agisse d&rsquo;un projet pr\u00e9cis et clair que vous comptez mettre en place. Nous n&rsquo;accordons pas de subventions \u00e0 une association, mais pour r\u00e9aliser un projet sp\u00e9cifique.<\/p>\n\n\n\n<p>2. Monter un <strong>dossier de demande de subvention<\/strong>, qui comprend les informations suivantes :<\/p>\n\n\n\n<p class=\"has-text-align-left\" style=\"margin-right:0;margin-bottom:0;margin-left:var(--wp--preset--spacing--20)\">2.1 Budget d\u00e9taill\u00e9 de l\u2019\u00e9v\u00e9nement (rubriques, estimations des d\u00e9penses et recettes, etc.)<\/p>\n\n\n\n<p style=\"margin-left:var(--wp--preset--spacing--40)\">Si vous \u00eates organis\u00e9s en association, merci de nous pr\u00e9senter \u00e9galement vos comptes d\u00e9taill\u00e9s sur les 12 derniers mois.<\/p>\n\n\n\n<p class=\"has-text-align-left\" style=\"margin-right:0;margin-bottom:0;margin-left:var(--wp--preset--spacing--20)\">2.2 Temporalit\u00e9 de l\u2019\u00e9v\u00e9nement<\/p>\n\n\n\n<p class=\"has-text-align-left\" style=\"margin-right:0;margin-bottom:0;margin-left:var(--wp--preset--spacing--20)\">2.3 Objectifs de l\u2019\u00e9v\u00e9nement<\/p>\n\n\n\n<p class=\"has-text-align-left\" style=\"margin-right:0;margin-bottom:0;margin-left:var(--wp--preset--spacing--20)\">2.4 Public-cible<\/p>\n\n\n\n<p>Nous vous encourageons \u00e0 y attacher \u00e9galement <strong>une br\u00e8ve lettre <\/strong>de pr\u00e9sentation du projet, de l&rsquo;\u00e9quipe organisatrice, et contenant vos moyens\/r\u00e9seaux de contact et de communication.<\/p>\n\n\n\n<p>3. Quelques <strong>pr\u00e9cisions <\/strong>suppl\u00e9mentaires :<\/p>\n\n\n\n<p class=\"has-text-align-left\" style=\"margin-right:0;margin-bottom:0;margin-left:var(--wp--preset--spacing--20)\">3.1 Merci de nous transmettre des dossiers clairs, concis (privil\u00e9gier la qualit\u00e9 \u00e0 la quantit\u00e9) et surtout <strong>complets<\/strong>. Si vous avez des doutes sur la mani\u00e8re de pr\u00e9parer votre dossier, mieux vaut commencer par nous contacter par mail pour demander conseil.<\/p>\n\n\n\n<p class=\"has-text-align-left\" style=\"margin-right:0;margin-bottom:0;margin-left:var(--wp--preset--spacing--20)\">3.2 Merci d\u2019envoyer le dossier au format .pdf<\/p>\n\n\n\n<p>4. Nous <strong>transmettre ton dossier complet par mail <\/strong>\u00e0 l\u2019adresse <a href=\"mailto:aessp@unil.ch\">aessp@unil.ch<\/a>, en respectant les d\u00e9lais semestriels d\u2019envoi de dossiers. Nous te garantissons un retour par mail pour confirmer la bonne r\u00e9ception de ta candidature, et reviendrons vers toi officiellement jusqu\u2019\u00e0 3 semaines apr\u00e8s le d\u00e9lai de postulation.&nbsp;<\/p>\n\n\n\n<p class=\"has-text-align-center\" style=\"border-style:none;border-width:0px\"><strong>Prochain d\u00e9lai de postulation : &#8212; &#8212; &#8212;<\/strong><\/p>\n<\/div>\n<\/div>\n<\/div>\n<\/div>\n\n\n\n<div class=\"wp-block-group alignfull has-background has-global-padding is-layout-constrained wp-container-core-group-is-layout-d89aad35 wp-block-group-is-layout-constrained\" style=\"background-color:#df5930;margin-top:0;margin-bottom:0;padding-top:var(--wp--preset--spacing--50);padding-right:var(--wp--preset--spacing--50);padding-bottom:var(--wp--preset--spacing--50);padding-left:var(--wp--preset--spacing--50)\">\n<div class=\"wp-block-columns alignwide is-layout-flex wp-container-core-columns-is-layout-1da03c2a wp-block-columns-is-layout-flex\">\n<div class=\"wp-block-column is-layout-flow wp-block-column-is-layout-flow\" style=\"flex-basis:100%\">\n<h2 class=\"wp-block-heading has-text-align-center has-base-2-color has-text-color has-link-color wp-elements-cac572d9642fe32253ff8046c2f79036\" id=\"r\u00e8glement_des_subventions_aessp\">R\u00e8glement des subventions AESSP<\/h2>\n\n\n\n<p class=\"has-base-2-color has-text-color has-link-color wp-elements-6e272a8e8c1f159bd7d42f3ee524f8be\"><em>Version transitoire pour l&rsquo;ann\u00e9e 2025<\/em><\/p>\n\n\n\n<p class=\"has-base-2-color has-text-color has-link-color wp-elements-47b6664d0ae4257724aeadf2b1382aca\"><strong>Art. 1 Demande de subvention<\/strong><\/p>\n\n\n\n<p class=\"has-base-2-color has-text-color has-link-color wp-elements-b10b0a9c0bd001ed6dd33c14f8ae0d5a\">1. La demande de subvention est possible pour les compositions suivantes :<\/p>\n\n\n\n<p class=\"has-text-align-left has-base-2-color has-text-color has-link-color wp-elements-5d2667fbe8b8092b25cd5b0417971291\" style=\"margin-right:0;margin-bottom:0;margin-left:var(--wp--preset--spacing--20)\"> a. Individus seuls en SSP;<\/p>\n\n\n\n<p class=\"has-text-align-left has-base-2-color has-text-color has-link-color wp-elements-83f6119cdd55f1ba5a4d7f5749da8a96\" style=\"margin-right:0;margin-bottom:0;margin-left:var(--wp--preset--spacing--20)\"> b. Groupes d\u2019individus dont au moins une   personne immatricul\u00e9e en SSP.<\/p>\n\n\n\n<p class=\"has-base-2-color has-text-color has-link-color wp-elements-cf6a0ada83a7398f3cda8baed2cc9025\">2. Seuls les projets auxquels les \u00e9tudiant\u00b7e\u00b7s de SSP peuvent participer peuvent faire l\u2019objet d\u2019une demande de subvention.<\/p>\n\n\n\n<p class=\"has-base-2-color has-text-color has-link-color wp-elements-3cbca51f07f3656f8cff7979587ad4d8\">3. La demande de subvention est effectu\u00e9e au moins le semestre pr\u00e9c\u00e9dant le projet afin de permettre l\u2019\u00e9tude de son accord par le comit\u00e9 et sa votation lors de la r\u00e9union de comit\u00e9;<\/p>\n\n\n\n<p class=\"has-base-2-color has-text-color has-link-color wp-elements-7d143160f58e5aba542d2f1a7340a4a2\">4.La demande de subvention est accompagn\u00e9e d\u2019un dossier contenant les informations suivantes :<\/p>\n\n\n\n<p class=\"has-text-align-left has-base-2-color has-text-color has-link-color wp-elements-72773c5e11b5d957fe96c3fe4cfaa4f4\" style=\"margin-right:0;margin-bottom:0;margin-left:var(--wp--preset--spacing--20)\">a. Budget d\u00e9taill\u00e9 de l\u2019\u00e9v\u00e9nement;<\/p>\n\n\n\n<p class=\"has-base-2-color has-text-color has-link-color wp-elements-652a75aa2877744329a475a1cd85ad2d\" style=\"margin-left:var(--wp--preset--spacing--40)\">i. Ce budget doit \u00eatre accompagn\u00e9 d\u2019un d\u00e9tail des comptes des douze derniers mois dans le cas d\u2019une demande par une association;<\/p>\n\n\n\n<p class=\"has-base-2-color has-text-color has-link-color wp-elements-9e3e06e8a6c60488e4eda6c5a553bccc\" style=\"margin-left:var(--wp--preset--spacing--40)\">ii. Ce budget doit \u00eatre accompagn\u00e9 de l\u2019\u00e9tat des demandes de subventions effectu\u00e9es aupr\u00e8s d\u2019autres organes que l\u2019AESSP si effectu\u00e9es.<\/p>\n\n\n\n<p class=\"has-text-align-left has-base-2-color has-text-color has-link-color wp-elements-997262ecd81e0dfd9683257814b068fc\" style=\"margin-right:0;margin-bottom:0;margin-left:var(--wp--preset--spacing--20)\">b. Temporalit\u00e9 de l\u2019\u00e9v\u00e9nement;<\/p>\n\n\n\n<p class=\"has-text-align-left has-base-2-color has-text-color has-link-color wp-elements-ccc8a2995bef1ff27ed56f43b29a44e5\" style=\"margin-right:0;margin-bottom:0;margin-left:var(--wp--preset--spacing--20)\">c. Objectifs de l\u2019\u00e9v\u00e9nement;<\/p>\n\n\n\n<p class=\"has-text-align-left has-base-2-color has-text-color has-link-color wp-elements-e988b53e9cb566ecb4e22c402cb1e4f6\" style=\"margin-right:0;margin-bottom:0;margin-left:var(--wp--preset--spacing--20)\">d. Public-cible de l\u2019\u00e9v\u00e9nement.&nbsp;<\/p>\n\n\n\n<p class=\"has-base-2-color has-text-color has-link-color wp-elements-316d44f8085de198e38c251708d8d94e\"><strong>Art. 2 Etude de la demande de subvention<\/strong><\/p>\n\n\n\n<p class=\"has-base-2-color has-text-color has-link-color wp-elements-442d8e644a11a9e22e2b6bab980cfc41\">1. La demande de subvention fait l\u2019objet d\u2019une \u00e9tude initiale par la co-pr\u00e9sidence et les responsables tr\u00e9sorerie et sponsoring et partenariat, qui constituent une premi\u00e8re proposition aupr\u00e8s des membres de l\u2019AESSP pr\u00e9sent\u00b7e\u00b7s \u00e0 la r\u00e9union de comit\u00e9. Cette proposition comprend :<\/p>\n\n\n\n<p class=\"has-text-align-left has-base-2-color has-text-color has-link-color wp-elements-27bcba51e03a1f8f5b012a856322d181\" style=\"margin-right:0;margin-bottom:0;margin-left:var(--wp--preset--spacing--20)\">a. L\u2019accord ou non de la subvention;<\/p>\n\n\n\n<p class=\"has-base-2-color has-text-color has-link-color wp-elements-079693f7acb0bc8252b0186538a545a5\" style=\"margin-left:var(--wp--preset--spacing--20)\">b. Si accord, la proposition du montant \u00e0 accorder;<\/p>\n\n\n\n<p class=\"has-text-align-left has-base-2-color has-text-color has-link-color wp-elements-fb78a668a089b858473fc8bdaf4fd04b\" style=\"margin-right:0;margin-bottom:0;margin-left:var(--wp--preset--spacing--20)\">c. Raisons motivant la d\u00e9cision du corps d\u2019\u00e9tude.<\/p>\n\n\n\n<p class=\"has-base-2-color has-text-color has-link-color wp-elements-2479f5d7218aacf5306de41dce6890ad\">2. La demande de subvention est \u00e9tudi\u00e9e sur la base des \u00e9l\u00e9ments suivants :<\/p>\n\n\n\n<p class=\"has-text-align-left has-base-2-color has-text-color has-link-color wp-elements-6e20d866cb1e708783b3d80b57ddb089\" style=\"margin-right:0;margin-bottom:0;margin-left:var(--wp--preset--spacing--20)\">a. L\u2019alignement de la demande avec les valeurs de l\u2019AESSP et de la facult\u00e9 de SSP;&nbsp;<\/p>\n\n\n\n<p class=\"has-text-align-left has-base-2-color has-text-color has-link-color wp-elements-51c81ba550faf720d3d4c57549fbd99a\" style=\"margin-right:0;margin-bottom:0;margin-left:var(--wp--preset--spacing--20)\">b. La viabilit\u00e9 \u00e9conomique du projet ;<\/p>\n\n\n\n<p class=\"has-text-align-left has-base-2-color has-text-color has-link-color wp-elements-35a68b074c7dec49ea3db3624a6fe43a\" style=\"margin-right:0;margin-bottom:0;margin-left:var(--wp--preset--spacing--20)\">c. L\u2019impact du projet sur la communaut\u00e9 \u00e9tudiante;<\/p>\n\n\n\n<p class=\"has-text-align-left has-base-2-color has-text-color has-link-color wp-elements-afaafbd3d3d9433d0c2065514022a37d\" style=\"margin-right:0;margin-bottom:0;margin-left:var(--wp--preset--spacing--20)\">d. Les disponibilit\u00e9s budg\u00e9taires;<\/p>\n\n\n\n<p class=\"has-text-align-left has-base-2-color has-text-color has-link-color wp-elements-b9e75027a0f1559e2e7cc941c5979056\" style=\"margin-right:0;margin-bottom:0;margin-left:var(--wp--preset--spacing--20)\">e. Les contributions alternatives au projet d\u00e9j\u00e0 r\u00e9colt\u00e9es.&nbsp;<\/p>\n\n\n\n<p class=\"has-base-2-color has-text-color has-link-color wp-elements-db91f3071644e6bd78f322cf109c1440\"><strong>Art. 3 Votation de la subvention<\/strong><\/p>\n\n\n\n<p class=\"has-base-2-color has-text-color has-link-color wp-elements-dba3d8beecebc54ab722002c82714718\"> 1. L\u2019accord de la subvention est d\u00e9cid\u00e9e lors de la r\u00e9union de comit\u00e9;<\/p>\n\n\n\n<p class=\"has-base-2-color has-text-color has-link-color wp-elements-805e6d232ddcb1c3e5ddd7fcf13437a0\">2. La composition qui fait la demande de subvention est invit\u00e9e afin de d\u00e9fendre sa demande;<\/p>\n\n\n\n<p class=\"has-base-2-color has-text-color has-link-color wp-elements-24900d6cf50dce75c6d9c742876ae201\">3. La votation de l\u2019accord des subventions, sa modulation ou son refus font l\u2019objet des disposition suivantes :<\/p>\n\n\n\n<p class=\"has-text-align-left has-base-2-color has-text-color has-link-color wp-elements-ea0e739fa316abe0c381d9f5fee4295a\" style=\"margin-right:0;margin-bottom:0;margin-left:var(--wp--preset--spacing--20)\">a. La proposition initiale est soumise au vote avec adoption fix\u00e9e aux deux-tiers;<\/p>\n\n\n\n<p class=\"has-text-align-left has-base-2-color has-text-color has-link-color wp-elements-6edcd834e1636e95c123430ae8b819cb\" style=\"margin-right:0;margin-bottom:0;margin-left:var(--wp--preset--spacing--20)\">b. En cas d\u2019opposition, une ou des contre-propositions doivent \u00eatre effectu\u00e9es par les membres du comit\u00e9 et sont soumises au vote.<\/p>\n\n\n\n<p class=\"has-base-2-color has-text-color has-link-color wp-elements-21e40355fe8c188626bcedd00fb11963\"><strong>Art. 4 Accord de la subvention<\/strong><\/p>\n\n\n\n<p class=\"has-base-2-color has-text-color has-link-color wp-elements-0d76ac39443b4a9cd4bdd59c18b7671c\">1. En cas d\u2019accord de la subvention, la composition s\u2019engage \u00e0 :<\/p>\n\n\n\n<p class=\"has-text-align-left has-base-2-color has-text-color has-link-color wp-elements-ae551ced8cc07e3ede1a286dfc8bb2f0\" style=\"margin-right:0;margin-bottom:0;margin-left:var(--wp--preset--spacing--20)\">a. Employer de mani\u00e8re responsable les fonds qui lui sont accord\u00e9s;&nbsp;<\/p>\n\n\n\n<p class=\"has-text-align-left has-base-2-color has-text-color has-link-color wp-elements-3944dac4cf6630b809340d75ca74629f\" style=\"margin-right:0;margin-bottom:0;margin-left:var(--wp--preset--spacing--20)\">b. Fournir un rapport d\u2019utilisation des fonds de la subvention au maximum quatre mois apr\u00e8s le d\u00e9roulement du projet;<\/p>\n\n\n\n<p class=\"has-text-align-left has-base-2-color has-text-color has-link-color wp-elements-63f611f9238663c5a73b6d8573bb7ae7\" style=\"margin-right:0;margin-bottom:0;margin-left:var(--wp--preset--spacing--20)\">c. Reverser \u00e0 l\u2019AESSP l\u2019int\u00e9gralit\u00e9 des fonds non-utilis\u00e9s \u00e0 l\u2019issue du d\u00e9roulement du projet;<\/p>\n\n\n\n<p class=\"has-text-align-left has-base-2-color has-text-color has-link-color wp-elements-c5923744a556a2346474d7c2ac67ec05\" style=\"margin-right:0;margin-bottom:0;margin-left:var(--wp--preset--spacing--20)\">d. Reverser le montant accord\u00e9 en cas d\u2019annulation de l\u2019\u00e9v\u00e9nement dans la limite du raisonnable.<\/p>\n\n\n\n<p class=\"has-base-2-color has-text-color has-link-color wp-elements-58b75ca3bf76d0dbcc1a6077631119b6\"><strong>Art. 5 Montant et fr\u00e9quence<\/strong><\/p>\n\n\n\n<p class=\"has-base-2-color has-text-color has-link-color wp-elements-b4b4dc193463aa747e76caf1657088bc\">1. Le montant maximal accord\u00e9 \u00e0 l\u2019ensemble des demandes de subvention est fix\u00e9 selon le montant du budget \u201csubvention\u201d;<\/p>\n\n\n\n<p class=\"has-text-align-left has-base-2-color has-text-color has-link-color wp-elements-48a12f847e2f6fa8a097a622768e81ff\" style=\"margin-right:0;margin-bottom:0;margin-left:var(--wp--preset--spacing--20)\">a. Comme tout budget, sa hauteur maximale peut \u00eatre soumise \u00e0 changement via une votation en Assembl\u00e9e G\u00e9n\u00e9rale.&nbsp;<\/p>\n\n\n\n<p class=\"has-base-2-color has-text-color has-link-color wp-elements-50bb891987fa3bbc35449f39fdfbe3a8\">2. Un maximum de 1 subvention par ann\u00e9e peut \u00eatre accord\u00e9e \u00e0 chaque projet ou composition.<\/p>\n\n\n\n<p class=\"has-base-2-color has-text-color has-link-color wp-elements-02051eba106ad9b4c89ad625826d5c68\"><strong>Art. 6 Modulation des subventions<\/strong><\/p>\n\n\n\n<p class=\"has-base-2-color has-text-color has-link-color wp-elements-e112362dc2cfb97f864d9250c2d1f91e\">Dans le cadre de l\u2019\u00e9valuation et de l\u2019attribution des subventions, l\u2019AESSP se r\u00e9serve le droit de moduler le montant de la subvention accord\u00e9e en fonction des crit\u00e8res suivants :<\/p>\n\n\n\n<p class=\"has-base-2-color has-text-color has-link-color wp-elements-43a2ded9e31321183250e5718e525618\">1. Alignement avec les valeurs de l\u2019AESSP et de la Facult\u00e9 de SSP &#8211; Si le projet pr\u00e9sente un alignement partiel avec les valeurs, le montant de la subvention pourra \u00eatre r\u00e9duit afin de refl\u00e9ter cette ad\u00e9quation limit\u00e9e;<\/p>\n\n\n\n<p class=\"has-base-2-color has-text-color has-link-color wp-elements-b3b84fbdf3e1c9806503731a31b1af5b\">2. Viabilit\u00e9 \u00e9conomique du projet &#8211; Si le budget pr\u00e9sent\u00e9 comporte des d\u00e9penses jug\u00e9es non essentielles ou excessives, une modulation peut \u00eatre propos\u00e9e pour soutenir uniquement les aspects fondamentaux du projet;<\/p>\n\n\n\n<p class=\"has-base-2-color has-text-color has-link-color wp-elements-9cd402332a85d0f424b5d49af2c54e0e\">3. Impact sur la communaut\u00e9 \u00e9tudiante &#8211; Si le projet b\u00e9n\u00e9ficie \u00e0 un nombre r\u00e9duit d\u2019\u00e9tudiant\u00b7e\u00b7s ou si son impact potentiel est jug\u00e9 marginal, le montant de la subvention sera ajust\u00e9 proportionnellement&nbsp;;<\/p>\n\n\n\n<p class=\"has-base-2-color has-text-color has-link-color wp-elements-d0e0cca8f574175372138856b2038532\">4. Disponibilit\u00e9s budg\u00e9taires &#8211; En cas de demandes multiples ou si le budget semestriel est presque atteint, les subventions accord\u00e9es peuvent \u00eatre r\u00e9duites pour permettre un soutien \u00e9quitable \u00e0 plusieurs projets;<\/p>\n\n\n\n<p class=\"has-base-2-color has-text-color has-link-color wp-elements-4ee9cbd1cb43108ad6322daa5caa46af\">5. Contributions alternatives &#8211; Si le projet dispose d\u2019autres sources de financement ou de partenariats, le montant de la subvention pourra \u00eatre modul\u00e9 en tenant compte de ces apports externes.<\/p>\n<\/div>\n<\/div>\n<\/div>\n\n\n\n<h2 class=\"wp-block-heading\"><\/h2>\n","protected":false},"excerpt":{"rendered":"<p>Une fois par semestre, l&rsquo;AESSP met publiquement au concours une proposition de subventions pour tous projets qui pourraient s&rsquo;adresser aux \u00e9tudiant\u00b7e\u00b7x\u00b7s de la Facult\u00e9 des SSP, \u00e0 hauteur maximale de CHF 1\u2019000.-. Tu as une id\u00e9e g\u00e9niale que tu souhaiterais \u00e9laborer et qui peut s&rsquo;adresser aux \u00e9tudiant\u00b7e\u00b7x\u00b7s en SSP ? Tu as besoin d&rsquo;un coup [&hellip;]<\/p>\n","protected":false},"author":1001277,"featured_media":0,"parent":235,"menu_order":0,"comment_status":"closed","ping_status":"closed","template":"","meta":{"_seopress_robots_primary_cat":"","_seopress_titles_title":"","_seopress_titles_desc":"","_seopress_robots_index":"","_uag_custom_page_level_css":"","footnotes":""},"class_list":["post-2101","page","type-page","status-publish"],"uagb_featured_image_src":{"full":false,"thumbnail":false,"medium":false,"medium_large":false,"large":false,"1536x1536":false,"2048x2048":false,"mailpoet_newsletter_max":false},"uagb_author_info":{"display_name":"","author_link":"https:\/\/wp.unil.ch\/aessp\/author\/"},"uagb_comment_info":0,"uagb_excerpt":"Une fois par semestre, l&rsquo;AESSP met publiquement au concours une proposition de subventions pour tous projets qui pourraient s&rsquo;adresser aux \u00e9tudiant\u00b7e\u00b7x\u00b7s de la Facult\u00e9 des SSP, \u00e0 hauteur maximale de CHF 1\u2019000.-. Tu as une id\u00e9e g\u00e9niale que tu souhaiterais \u00e9laborer et qui peut s&rsquo;adresser aux \u00e9tudiant\u00b7e\u00b7x\u00b7s en SSP ? Tu as besoin d&rsquo;un coup&hellip;","_links":{"self":[{"href":"https:\/\/wp.unil.ch\/aessp\/wp-json\/wp\/v2\/pages\/2101","targetHints":{"allow":["GET"]}}],"collection":[{"href":"https:\/\/wp.unil.ch\/aessp\/wp-json\/wp\/v2\/pages"}],"about":[{"href":"https:\/\/wp.unil.ch\/aessp\/wp-json\/wp\/v2\/types\/page"}],"author":[{"embeddable":true,"href":"https:\/\/wp.unil.ch\/aessp\/wp-json\/wp\/v2\/users\/1001277"}],"replies":[{"embeddable":true,"href":"https:\/\/wp.unil.ch\/aessp\/wp-json\/wp\/v2\/comments?post=2101"}],"version-history":[{"count":5,"href":"https:\/\/wp.unil.ch\/aessp\/wp-json\/wp\/v2\/pages\/2101\/revisions"}],"predecessor-version":[{"id":7966,"href":"https:\/\/wp.unil.ch\/aessp\/wp-json\/wp\/v2\/pages\/2101\/revisions\/7966"}],"up":[{"embeddable":true,"href":"https:\/\/wp.unil.ch\/aessp\/wp-json\/wp\/v2\/pages\/235"}],"wp:attachment":[{"href":"https:\/\/wp.unil.ch\/aessp\/wp-json\/wp\/v2\/media?parent=2101"}],"curies":[{"name":"wp","href":"https:\/\/api.w.org\/{rel}","templated":true}]}}