{"id":1938,"date":"2013-09-10T02:36:36","date_gmt":"2013-09-10T00:36:36","guid":{"rendered":"http:\/\/wp.unil.ch\/aessp\/?page_id=1938"},"modified":"2025-10-03T14:30:13","modified_gmt":"2025-10-03T12:30:13","slug":"bourses-et-aides-financieres","status":"publish","type":"page","link":"https:\/\/wp.unil.ch\/aessp\/infos-pratiques\/bourses-et-aides-financieres\/","title":{"rendered":"Aides financi\u00e8res et Bourses d&rsquo;\u00e9tudes"},"content":{"rendered":"\n<h2 class=\"wp-block-heading\">Bourses d&rsquo;\u00e9tudes<\/h2>\n\n\n\n<p>Obtenir une bourse n\u2019est pas toujours chose ais\u00e9e. Plut\u00f4t que de tenter de r\u00e9sumer les diff\u00e9rents facteurs en quelques lignes, nous vous proposons de consulter\u00a0<a href=\"https:\/\/www.vd.ch\/formation\/aides-financieres-aux-etudes-et-a-la-formation-professionnelle-bourses-ou-prets\/informations-principales\" target=\"_blank\" rel=\"noreferrer noopener\">les pages du site du Canton de Vaud \u00e0 ce sujet<\/a>. Vous entendrez souvent qu\u2019il faut \u00eatre domicili\u00e9 dans un canton pour recevoir une bourse. Ce n\u2019est pas totalement faux mais, l\u00e0 encore, mieux vaut lire directement ce que dit\u00a0<a href=\"https:\/\/prestations.vd.ch\/pub\/blv-publication\/actes\/consolide\/416.11?key=1569180967887&amp;id=f639ccbd-15e3-4ec1-9f24-482f7edac40d\" target=\"_blank\" rel=\"noreferrer noopener\">la loi sur l\u2019aide aux \u00e9tudes et \u00e0 la formation professionnelle (LAEF)<\/a>, chapitre 2. Pour conna\u00eetre les conditions d\u2019octroi des autres Cantons, clique sur les liens ci-dessous:<\/p>\n\n\n\n<p class=\"has-text-align-center\"><a href=\"https:\/\/www.bkd.be.ch\/fr\/start\/dienstleistungen\/foerderung-und-unterstuetzung\/ausbildungsbeitraege\/stipendien.html\" target=\"_blank\" rel=\"noreferrer noopener\">Berne<\/a>\u00a0 \u00a0 \u00a0\u00a0<a href=\"https:\/\/www.ne.ch\/autorites\/DEAS\/SASO\/bourses\/Pages\/accueil.aspx\" target=\"_blank\" rel=\"noreferrer noopener\">Neuch\u00e2tel<\/a>\u00a0 \u00a0 \u00a0\u00a0<a href=\"https:\/\/www.jura.ch\/bourses\" target=\"_blank\" rel=\"noreferrer noopener\">Jura<\/a>\u00a0 \u00a0 \u00a0\u00a0<a href=\"https:\/\/www.ge.ch\/obtenir-bourse-pret-etudes-apprentissage\" target=\"_blank\" rel=\"noreferrer noopener\">Gen\u00e8ve<\/a>\u00a0 \u00a0 \u00a0\u00a0<a href=\"https:\/\/www.vs.ch\/bourses\" target=\"_blank\" rel=\"noreferrer noopener\">Valais<\/a><\/p>\n\n\n\n<p>Bien s\u00fbr, si tu as besoin d\u2019aide dans tes d\u00e9marches, n\u2019h\u00e9site pas \u00e0 nous contacter ! Tu pourras \u00e9galement obtenir de pr\u00e9cieux conseils du&nbsp;<a href=\"https:\/\/www.unil.ch\/sasme\/home.html\" target=\"_blank\" rel=\"noreferrer noopener\">SASME<\/a><\/p>\n\n\n\n<h2 class=\"wp-block-heading\">Fonds social de l&rsquo;universit\u00e9 de Lausanne<br \/><\/h2>\n\n\n\n<p>Les \u00e9tudiants de l\u2019Universit\u00e9 de Lausanne, qui n\u2019ont pas droit \u00e0 une bourse ou qui re\u00e7oivent un montant insuffisant de l\u2019office des bourses de leur canton ou d\u2019un autre fonds d\u2019aide, peuvent introduire une demande de soutien aupr\u00e8s du&nbsp;<a href=\"https:\/\/www.unil.ch\/sasme\/fr\/home.html\" target=\"_blank\" rel=\"noreferrer noopener\">Service des affaires sociales et de la mobilit\u00e9 \u00e9tudiante<\/a>&nbsp;et ils seront re\u00e7us par un conseiller social. Un dossier de demande d\u2019aide financi\u00e8re sera alors constitu\u00e9 et pr\u00e9sent\u00e9 au Bureau de la Commission sociale.<\/p>\n\n\n\n<p>Ces aides peuvent \u00eatre attribu\u00e9es sous les formes suivantes :<\/p>\n\n\n\n<ul class=\"wp-block-list\">\n<li>D\u00e9pannage (aide unique en cas de probl\u00e8me financier ponctuel)<\/li>\n\n\n\n<li>Allocation compl\u00e9mentaire d\u2019\u00e9tudes (montant vers\u00e9 mensuellement)<\/li>\n\n\n\n<li>Subside lors de frais m\u00e9dicaux (dentiste, lunettes,etc.)<\/li>\n\n\n\n<li>Dispense partielle des droits d\u2019inscription aux cours (r\u00e9serv\u00e9e aux \u00e9tudiants qui ne re\u00e7oivent pas de bourse cantonale)<\/li>\n<\/ul>\n\n\n\n<h2 class=\"wp-block-heading\">Fonds de solidarit\u00e9 \u00e9tudiant<\/h2>\n\n\n\n<p>Si le montant dont tu as besoin n\u2019exc\u00e8de pas quelques centaines de francs, il te faut envoyer un courrier ou un mail (fae@unil.ch) contenant:<\/p>\n\n\n\n<ul class=\"wp-block-list\">\n<li>Une courte lettre de motivation<\/li>\n\n\n\n<li>Le&nbsp;formulaire pour demande de FSE&nbsp;d\u00fbment rempli<\/li>\n\n\n\n<li>Une copie de la facture \u00e0 payer<\/li>\n<\/ul>\n\n\n\n<p>Pour plus d&rsquo;information, jette un \u0153il au <a href=\"https:\/\/fae-unil.ch\/aide-financiere\/\" data-type=\"link\" data-id=\"https:\/\/fae-unil.ch\/aide-financiere\/\" target=\"_blank\" rel=\"noreferrer noopener\">site de la FAE<\/a><\/p>\n\n\n\n<p><\/p>\n","protected":false},"excerpt":{"rendered":"<p>Bourses d&rsquo;\u00e9tudes Obtenir une bourse n\u2019est pas toujours chose ais\u00e9e. Plut\u00f4t que de tenter de r\u00e9sumer les diff\u00e9rents facteurs en quelques lignes, nous vous proposons de consulter\u00a0les pages du site du Canton de Vaud \u00e0 ce sujet. Vous entendrez souvent qu\u2019il faut \u00eatre domicili\u00e9 dans un canton pour recevoir une bourse. Ce n\u2019est pas totalement [&hellip;]<\/p>\n","protected":false},"author":1002759,"featured_media":0,"parent":235,"menu_order":0,"comment_status":"closed","ping_status":"closed","template":"","meta":{"_seopress_robots_primary_cat":"","_seopress_titles_title":"","_seopress_titles_desc":"","_seopress_robots_index":"","_uag_custom_page_level_css":"","footnotes":""},"class_list":["post-1938","page","type-page","status-publish"],"uagb_featured_image_src":{"full":false,"thumbnail":false,"medium":false,"medium_large":false,"large":false,"1536x1536":false,"2048x2048":false,"mailpoet_newsletter_max":false},"uagb_author_info":{"display_name":"Amphitryon","author_link":"https:\/\/wp.unil.ch\/aessp\/author\/afontesc\/"},"uagb_comment_info":0,"uagb_excerpt":"Bourses d&rsquo;\u00e9tudes Obtenir une bourse n\u2019est pas toujours chose ais\u00e9e. Plut\u00f4t que de tenter de r\u00e9sumer les diff\u00e9rents facteurs en quelques lignes, nous vous proposons de consulter\u00a0les pages du site du Canton de Vaud \u00e0 ce sujet. Vous entendrez souvent qu\u2019il faut \u00eatre domicili\u00e9 dans un canton pour recevoir une bourse. Ce n\u2019est pas totalement&hellip;","_links":{"self":[{"href":"https:\/\/wp.unil.ch\/aessp\/wp-json\/wp\/v2\/pages\/1938","targetHints":{"allow":["GET"]}}],"collection":[{"href":"https:\/\/wp.unil.ch\/aessp\/wp-json\/wp\/v2\/pages"}],"about":[{"href":"https:\/\/wp.unil.ch\/aessp\/wp-json\/wp\/v2\/types\/page"}],"author":[{"embeddable":true,"href":"https:\/\/wp.unil.ch\/aessp\/wp-json\/wp\/v2\/users\/1002759"}],"replies":[{"embeddable":true,"href":"https:\/\/wp.unil.ch\/aessp\/wp-json\/wp\/v2\/comments?post=1938"}],"version-history":[{"count":5,"href":"https:\/\/wp.unil.ch\/aessp\/wp-json\/wp\/v2\/pages\/1938\/revisions"}],"predecessor-version":[{"id":7981,"href":"https:\/\/wp.unil.ch\/aessp\/wp-json\/wp\/v2\/pages\/1938\/revisions\/7981"}],"up":[{"embeddable":true,"href":"https:\/\/wp.unil.ch\/aessp\/wp-json\/wp\/v2\/pages\/235"}],"wp:attachment":[{"href":"https:\/\/wp.unil.ch\/aessp\/wp-json\/wp\/v2\/media?parent=1938"}],"curies":[{"name":"wp","href":"https:\/\/api.w.org\/{rel}","templated":true}]}}