{"id":1656,"date":"2013-08-30T05:50:22","date_gmt":"2013-08-30T03:50:22","guid":{"rendered":"http:\/\/wp.unil.ch\/aessp\/?page_id=1656"},"modified":"2026-02-23T11:47:20","modified_gmt":"2026-02-23T10:47:20","slug":"conseil-aux-etudes-et-decanat-ssp","status":"publish","type":"page","link":"https:\/\/wp.unil.ch\/aessp\/conseil-aux-etudes-et-decanat-ssp\/","title":{"rendered":"Conseil aux \u00e9tudes et D\u00e9canat SSP"},"content":{"rendered":"\n<p>Except\u00e9 ton AESSP, que tu connais bien maintenant, voici quelques personnes qui pourront te donner des r\u00e9ponses et t&rsquo;orienter dans tes d\u00e9m\u00e9l\u00e9s administratifs :<\/p>\n\n\n\n<div class=\"wp-block-uagb-container uagb-block-0db0c3df default uagb-is-root-container\">\n<figure class=\"wp-block-table is-style-regular\"><table><tbody><tr><td><strong>Conseil aux \u00e9tudes par facult\u00e9:<\/strong><\/td><td><\/td><\/tr><tr><td><strong>Science politique<\/strong><\/td><td>&nbsp;<\/td><\/tr><tr><td>Mme Valentine Mach-Perrot<br \/>T\u00e9l: +41 (0)21 692 35 65<br \/>Courriel:\u00a0<a href=\"https:\/\/conseil.sciencepolitique@unil.ch\/\">conseil.sciencepolitique@unil.ch<\/a><\/td><td>G\u00e9opolis &#8211; Mouline &#8211; 1015 Lausanne<br \/>Bureau 2618<br \/><span style=\"text-decoration: underline\"><strong>Heures de r\u00e9ception en pr\u00e9sentiel:<\/strong><\/span><br \/>Mardi: 14h00-16h00 <br \/><span style=\"text-decoration: underline\"><strong>Heures de r\u00e9ception sur zoom:<\/strong><\/span><br \/>Jeudi: 10h00-12h00<br \/><a href=\"https:\/\/unil.zoom.us\/j\/6543951391\">https:\/\/unil.zoom.us\/j\/6543951391<\/a><br \/>(ou sur rendez-vous en pr\u00e9sentiel ou sur zoom)<\/td><\/tr><tr><td><strong>Sciences sociales<\/strong><\/td><td>&nbsp;<\/td><\/tr><tr><td>Mme Sung-Mi Kim<br \/>T\u00e9l: +41 (0)21 692 31 04<br \/>Courriel: <a rel=\"noreferrer noopener\" href=\"mailto:conseil.sciencessociales@unil.ch\" target=\"_blank\">conseil.sciencessociales@unil.ch<\/a><\/td><td>G\u00e9opolis &#8211; 1015 Lausanne<br \/>Bureau 2618<br \/><strong><span style=\"text-decoration: underline\">Heures de r\u00e9ception en pr\u00e9sentiel:<\/span>&nbsp;<\/strong><br \/>Mercredi: 10h00-12h00<br \/><span style=\"text-decoration: underline\"><strong>Heures de r\u00e9ception sur zoom:<\/strong><\/span>&nbsp;<br \/>Vendredi: 14h00-16h00<br \/><a rel=\"noreferrer noopener\" href=\"https:\/\/unil.zoom.us\/j\/2189689694\" target=\"_blank\">https:\/\/unil.zoom.us\/j\/2189689694<\/a><br \/>(ou sur rendez-vous en pr\u00e9sentiel ou sur zoom)<\/td><\/tr><tr><td><strong>Psychologie<\/strong><\/td><td>&nbsp;<\/td><\/tr><tr><td><strong>Bachelor<\/strong> : &nbsp;<br \/><br \/>Mme Marie Muratori<br \/>T\u00e9l: +41 (0)21 692 32 91<br \/>Courriel: <a href=\"mailto:conseil.BSCpsychologie@unil.ch\">conseil.BSCpsychologie@unil.ch<\/a><\/td><td>G\u00e9opolis &#8211; Mouline &#8211; 1015 Lausanne<br \/>Bureau 2614<br \/><strong><span style=\"text-decoration: underline\">Heures de r\u00e9ception pr\u00e9sentiel<\/span>:<\/strong><br \/>Mardi : 13h30-15h30 <br \/>Mercredi : 10h-12h<br \/><span style=\"text-decoration: underline\"><strong>Ou sur rendez-vous en pr\u00e9sentiel ou sur zoom<\/strong> <\/span>:<br \/>lundi apr\u00e8s-midi, mardi, mercredi et jeudi<br \/>Zoom&nbsp;:&nbsp;<a href=\"https:\/\/unil.zoom.us\/my\/mariemuratori\" target=\"_blank\" rel=\"noreferrer noopener\">https:\/\/unil.zoom.us\/my\/mariemuratori<\/a><\/td><\/tr><tr><td><strong style=\", serif;font-size: revert;letter-spacing: normal;color: inherit\">Master<\/strong><span style=\", serif;font-size: revert;letter-spacing: normal;font-weight: inherit;color: inherit\"> :<\/span><span style=\"font-family: inherit;font-size: inherit;font-weight: inherit;color: inherit;letter-spacing: -0.015em\"> <\/span><br \/><br \/>Mme Evelyne Bovy Capitanio<br \/>T\u00e9l: +41 (0)21 692 37 66<br \/>Courriel: <a href=\"mailto:conseil.MSCpsychologie@unil.ch\">conseil.MSCpsychologie@unil.ch<\/a><\/td><td>G\u00e9opolis &#8211; Mouline &#8211; 1015 Lausanne<br \/>Bureau 2614<br \/><span style=\"text-decoration: underline\"><strong>Heures de r\u00e9ception en pr\u00e9sentiel: <\/strong><\/span><br \/>Jeudi: 9h30-12h00<br \/><span style=\"text-decoration: underline\"><strong>Heures de r\u00e9ception sur zoom:<\/strong><\/span><br \/>Lundi: 14h00-16h00<br \/><a href=\"https:\/\/unil.zoom.us\/j\/5513603877\">https:\/\/unil.zoom.us\/j\/5513603877<\/a><br \/>(ou sur rendez-vous en pr\u00e9sentiel ou sur zoom)<\/td><\/tr><tr><td><strong>Sciences du sport<\/strong><\/td><td>&nbsp;<\/td><\/tr><tr><td>M. Gianluca Sorrentino<br \/>T\u00e9l: +41 (0)21 692 31 14<br \/>Courriel:&nbsp;<a rel=\"noreferrer noopener\" href=\"mailto:conseil.sport@unil.ch\" target=\"_blank\">conseil.sport@unil.ch<\/a><\/td><td>G\u00e9opolis &#8211; Mouline &#8211; 1015 Lausanne<br \/>Bureau 2622<br \/><strong><span style=\"text-decoration: underline\">Heures de r\u00e9ception en pr\u00e9sentiel:<\/span>&nbsp;<\/strong><br \/>Mardi: 14h00-16h00<br \/><span style=\"text-decoration: underline\"><strong>Heures de r\u00e9ception sur zoom :&nbsp;<\/strong><\/span><br \/>Mercredi : 9h00-11h00<br \/><a href=\"https:\/\/unil.zoom.us\/j\/6556133851\">https:\/\/unil.zoom.us\/j\/6556133851<\/a><br \/>(ou sur rendez-vous en pr\u00e9sentiel ou sur zoom)<\/td><\/tr><\/tbody><\/table><\/figure>\n<\/div>\n\n\n\n<ul class=\"wp-block-list\">\n<li><a href=\"https:\/\/www.unil.ch\/ssp\/page11457.html\" target=\"_blank\" rel=\"noreferrer noopener\">St\u00e9phanie Huguelet<\/a> : Adjointe aux affaires \u00e9tudiantes au D\u00e9canat SSP. Cette personne a pour travail de traiter les cas particuliers concernant, cours, examens, s\u00e9minaires, absences, etc.&nbsp; En cas de doutes, c&rsquo;est la bonne personne pour te r\u00e9pondre !<\/li>\n\n\n\n<li><a rel=\"noopener\" href=\"https:\/\/www.unil.ch\/ssp\/page11457.html\" target=\"_blank\">Jessica D\u2019Alonzo<\/a> : R\u00e9ception des \u00e9tudiants : 10h-13h.&nbsp; Geopolis &#8211; Bureau 2609<\/li>\n<\/ul>\n\n\n\n<p>Retrouve toutes ces informations et davantage sur le&nbsp;<a href=\"https:\/\/www.unil.ch\/ssp\/fr\/home\/menuinst\/faculte\/contacts.html\" target=\"_blank\" rel=\"noreferrer noopener\">site de la Facult\u00e9<\/a>.<\/p>\n\n\n\n<p>Des questions relatives \u00e0 l&rsquo;orientation de tes \u00e9tudes et tes possibilit\u00e9s de carri\u00e8re ? Va faire un tour sur le site du <a href=\"https:\/\/www.unil.ch\/soc\/home.html\">Service d&rsquo;orientation et carri\u00e8res (SOC)<\/a> !<\/p>\n","protected":false},"excerpt":{"rendered":"<p>Except\u00e9 ton AESSP, que tu connais bien maintenant, voici quelques personnes qui pourront te donner des r\u00e9ponses et t&rsquo;orienter dans tes d\u00e9m\u00e9l\u00e9s administratifs : Conseil aux \u00e9tudes par facult\u00e9: Science politique &nbsp; Mme Valentine Mach-PerrotT\u00e9l: +41 (0)21 692 35 65Courriel:\u00a0conseil.sciencepolitique@unil.ch G\u00e9opolis &#8211; Mouline &#8211; 1015 LausanneBureau 2618Heures de r\u00e9ception en pr\u00e9sentiel:Mardi: 14h00-16h00 Heures de r\u00e9ception [&hellip;]<\/p>\n","protected":false},"author":1001277,"featured_media":0,"parent":0,"menu_order":1,"comment_status":"closed","ping_status":"closed","template":"","meta":{"_seopress_robots_primary_cat":"","_seopress_titles_title":"","_seopress_titles_desc":"","_seopress_robots_index":"","_uag_custom_page_level_css":"","footnotes":""},"class_list":["post-1656","page","type-page","status-publish"],"uagb_featured_image_src":{"full":false,"thumbnail":false,"medium":false,"medium_large":false,"large":false,"1536x1536":false,"2048x2048":false,"mailpoet_newsletter_max":false},"uagb_author_info":{"display_name":"","author_link":"https:\/\/wp.unil.ch\/aessp\/author\/"},"uagb_comment_info":0,"uagb_excerpt":"Except\u00e9 ton AESSP, que tu connais bien maintenant, voici quelques personnes qui pourront te donner des r\u00e9ponses et t&rsquo;orienter dans tes d\u00e9m\u00e9l\u00e9s administratifs : Conseil aux \u00e9tudes par facult\u00e9: Science politique &nbsp; Mme Valentine Mach-PerrotT\u00e9l: +41 (0)21 692 35 65Courriel:\u00a0conseil.sciencepolitique@unil.ch G\u00e9opolis &#8211; Mouline &#8211; 1015 LausanneBureau 2618Heures de r\u00e9ception en pr\u00e9sentiel:Mardi: 14h00-16h00 Heures de r\u00e9ception&hellip;","_links":{"self":[{"href":"https:\/\/wp.unil.ch\/aessp\/wp-json\/wp\/v2\/pages\/1656","targetHints":{"allow":["GET"]}}],"collection":[{"href":"https:\/\/wp.unil.ch\/aessp\/wp-json\/wp\/v2\/pages"}],"about":[{"href":"https:\/\/wp.unil.ch\/aessp\/wp-json\/wp\/v2\/types\/page"}],"author":[{"embeddable":true,"href":"https:\/\/wp.unil.ch\/aessp\/wp-json\/wp\/v2\/users\/1001277"}],"replies":[{"embeddable":true,"href":"https:\/\/wp.unil.ch\/aessp\/wp-json\/wp\/v2\/comments?post=1656"}],"version-history":[{"count":5,"href":"https:\/\/wp.unil.ch\/aessp\/wp-json\/wp\/v2\/pages\/1656\/revisions"}],"predecessor-version":[{"id":8072,"href":"https:\/\/wp.unil.ch\/aessp\/wp-json\/wp\/v2\/pages\/1656\/revisions\/8072"}],"wp:attachment":[{"href":"https:\/\/wp.unil.ch\/aessp\/wp-json\/wp\/v2\/media?parent=1656"}],"curies":[{"name":"wp","href":"https:\/\/api.w.org\/{rel}","templated":true}]}}