{"id":1628,"date":"2013-08-30T05:10:36","date_gmt":"2013-08-30T03:10:36","guid":{"rendered":"http:\/\/wp.unil.ch\/aessp\/?page_id=1628"},"modified":"2025-09-13T16:22:54","modified_gmt":"2025-09-13T14:22:54","slug":"bourse-aux-livres","status":"publish","type":"page","link":"https:\/\/wp.unil.ch\/aessp\/nos-activites\/bourse-aux-livres\/","title":{"rendered":"Bourse aux livres"},"content":{"rendered":"\n<div class=\"wp-block-columns alignwide is-layout-flex wp-container-core-columns-is-layout-28f84493 wp-block-columns-is-layout-flex\">\n<div class=\"wp-block-column is-layout-flow wp-block-column-is-layout-flow\" style=\"flex-basis:66.66%\">\n<p>L\u2019AESSP te propose de faire des \u00e9conomies bienvenues sur l\u2019achat de tes lectures obligatoires ! Comment ? Nous organisons chaque ann\u00e9e une Bourse aux Livres lors de laquelle les ancien\u2027ne\u00b7s \u00e9tudiant\u00b7e\u00b7s revendent \u00e0 prix baiss\u00e9 leurs anciens livres. Les Bourses aux Livres sont annonc\u00e9es par mail \u00e0 toustes les \u00e9tudiant\u00b7e\u00b7s de SSP et figurent dans le fil d&rsquo;actualit\u00e9&nbsp;qui se trouve sur notre page d&rsquo;accueil.<\/p>\n<\/div>\n\n\n\n<div class=\"wp-block-column is-layout-flow wp-block-column-is-layout-flow\" style=\"flex-basis:33.33%\">\n<div class=\"wp-block-uagb-image uagb-block-94e4ceaa wp-block-uagb-image--layout-default wp-block-uagb-image--effect-static wp-block-uagb-image--align-none\"><figure class=\"wp-block-uagb-image__figure\"><img decoding=\"async\" src=\"https:\/\/wp.unil.ch\/aessp\/files\/2025\/09\/whatsapp-image-2025-09-12-at-12.53.20_7e536b3e-724x1024.jpg\" alt=\"whatsapp image 2025 09 12 at 12.53.20 7e536b3e\" class=\"uag-image-7870\" width=\"724\" height=\"1024\" title=\"whatsapp image 2025 09 12 at 12.53.20 7e536b3e\" loading=\"lazy\" role=\"img\" \/><\/figure><\/div>\n<\/div>\n<\/div>\n\n\n\n<p><\/p>\n","protected":false},"excerpt":{"rendered":"<p>L\u2019AESSP te propose de faire des \u00e9conomies bienvenues sur l\u2019achat de tes lectures obligatoires ! Comment ? Nous organisons chaque ann\u00e9e une Bourse aux Livres lors de laquelle les ancien\u2027ne\u00b7s \u00e9tudiant\u00b7e\u00b7s revendent \u00e0 prix baiss\u00e9 leurs anciens livres. Les Bourses aux Livres sont annonc\u00e9es par mail \u00e0 toustes les \u00e9tudiant\u00b7e\u00b7s de SSP et figurent dans [&hellip;]<\/p>\n","protected":false},"author":1001661,"featured_media":0,"parent":1615,"menu_order":4,"comment_status":"closed","ping_status":"closed","template":"","meta":{"_seopress_robots_primary_cat":"","_seopress_titles_title":"","_seopress_titles_desc":"","_seopress_robots_index":"","_uag_custom_page_level_css":"","footnotes":""},"class_list":["post-1628","page","type-page","status-publish"],"uagb_featured_image_src":{"full":false,"thumbnail":false,"medium":false,"medium_large":false,"large":false,"1536x1536":false,"2048x2048":false,"mailpoet_newsletter_max":false},"uagb_author_info":{"display_name":"","author_link":"https:\/\/wp.unil.ch\/aessp\/author\/"},"uagb_comment_info":0,"uagb_excerpt":"L\u2019AESSP te propose de faire des \u00e9conomies bienvenues sur l\u2019achat de tes lectures obligatoires ! Comment ? Nous organisons chaque ann\u00e9e une Bourse aux Livres lors de laquelle les ancien\u2027ne\u00b7s \u00e9tudiant\u00b7e\u00b7s revendent \u00e0 prix baiss\u00e9 leurs anciens livres. Les Bourses aux Livres sont annonc\u00e9es par mail \u00e0 toustes les \u00e9tudiant\u00b7e\u00b7s de SSP et figurent dans&hellip;","_links":{"self":[{"href":"https:\/\/wp.unil.ch\/aessp\/wp-json\/wp\/v2\/pages\/1628","targetHints":{"allow":["GET"]}}],"collection":[{"href":"https:\/\/wp.unil.ch\/aessp\/wp-json\/wp\/v2\/pages"}],"about":[{"href":"https:\/\/wp.unil.ch\/aessp\/wp-json\/wp\/v2\/types\/page"}],"author":[{"embeddable":true,"href":"https:\/\/wp.unil.ch\/aessp\/wp-json\/wp\/v2\/users\/1001661"}],"replies":[{"embeddable":true,"href":"https:\/\/wp.unil.ch\/aessp\/wp-json\/wp\/v2\/comments?post=1628"}],"version-history":[{"count":3,"href":"https:\/\/wp.unil.ch\/aessp\/wp-json\/wp\/v2\/pages\/1628\/revisions"}],"predecessor-version":[{"id":7872,"href":"https:\/\/wp.unil.ch\/aessp\/wp-json\/wp\/v2\/pages\/1628\/revisions\/7872"}],"up":[{"embeddable":true,"href":"https:\/\/wp.unil.ch\/aessp\/wp-json\/wp\/v2\/pages\/1615"}],"wp:attachment":[{"href":"https:\/\/wp.unil.ch\/aessp\/wp-json\/wp\/v2\/media?parent=1628"}],"curies":[{"name":"wp","href":"https:\/\/api.w.org\/{rel}","templated":true}]}}