{"id":1310,"date":"2012-09-18T16:46:04","date_gmt":"2012-09-18T14:46:04","guid":{"rendered":"http:\/\/wp.unil.ch\/aessp\/?page_id=1310"},"modified":"2026-02-26T16:26:07","modified_gmt":"2026-02-26T15:26:07","slug":"tutorats-ssp","status":"publish","type":"page","link":"https:\/\/wp.unil.ch\/aessp\/tutorats-ssp\/","title":{"rendered":"Tutorats SSP"},"content":{"rendered":"\n<figure class=\"wp-block-image aligncenter size-full is-resized is-style-default\"><img loading=\"lazy\" decoding=\"async\" width=\"848\" height=\"1200\" src=\"https:\/\/wp.unil.ch\/aessp\/files\/2026\/02\/whatsapp-image-2026-02-25-at-15.03.24.jpeg\" alt=\"tutorats p26\" class=\"wp-image-8074\" style=\"width:506px;height:auto\" srcset=\"https:\/\/wp.unil.ch\/aessp\/files\/2026\/02\/whatsapp-image-2026-02-25-at-15.03.24.jpeg 848w, https:\/\/wp.unil.ch\/aessp\/files\/2026\/02\/whatsapp-image-2026-02-25-at-15.03.24-424x600.jpeg 424w, https:\/\/wp.unil.ch\/aessp\/files\/2026\/02\/whatsapp-image-2026-02-25-at-15.03.24-724x1024.jpeg 724w, https:\/\/wp.unil.ch\/aessp\/files\/2026\/02\/whatsapp-image-2026-02-25-at-15.03.24-768x1087.jpeg 768w\" sizes=\"auto, (max-width: 848px) 100vw, 848px\" \/><\/figure>\n\n\n\n<div class=\"wp-block-group alignwide is-layout-flow wp-block-group-is-layout-flow\">\n<div class=\"wp-block-columns is-layout-flex wp-container-core-columns-is-layout-28f84493 wp-block-columns-is-layout-flex\">\n<div class=\"wp-block-column is-layout-flow wp-block-column-is-layout-flow\" style=\"flex-basis:66.66%\">\n<p>Les ateliers se d\u00e9roulent \u00e0 G\u00e9opolis dans la <strong>salle 2235<\/strong> . <em>Sauf <\/em>pour l&rsquo;atelier du 26 mars \u00ab\u00a0Dissertation I\u00a0\u00bb qui sera dans la <strong>salle 2230<\/strong>, juste \u00e0 c\u00f4t\u00e9<\/p>\n\n\n\n<p>Si tu souhaites en d\u00e9couvrir plus et t&rsquo;inscrire \u00e0 un atelier, rendez-vous sur la page d\u00e9di\u00e9 \u00e0 l\u2019activit\u00e9 des tutorats.<\/p>\n<\/div>\n\n\n\n<div class=\"wp-block-column is-layout-flow wp-block-column-is-layout-flow\" style=\"flex-basis:33.33%\">\n<div class=\"wp-block-buttons is-content-justification-center is-layout-flex wp-container-core-buttons-is-layout-a89b3969 wp-block-buttons-is-layout-flex\">\n<div class=\"wp-block-button\"><a class=\"wp-block-button__link has-base-2-color has-text-color has-background has-link-color wp-element-button\" href=\"https:\/\/moodle.unil.ch\/course\/view.php?id=36107\" style=\"background-color:#00a9e0\">Page Moodle<\/a><\/div>\n<\/div>\n<\/div>\n<\/div>\n\n\n\n<div class=\"wp-block-columns is-layout-flex wp-container-core-columns-is-layout-28f84493 wp-block-columns-is-layout-flex\">\n<div class=\"wp-block-column is-layout-flow wp-block-column-is-layout-flow\" style=\"flex-basis:60%\">\n<p>Le p\u00f4le Tutorat est en charge des Ateliers de pairs en SSP, c&rsquo;est-\u00e0-dire que des \u00e9tudiant\u00b7e\u00b7s exp\u00e9riment\u00e9\u00b7e\u00b7s et form\u00e9\u00b7e\u00b7s sont pr\u00e9sent\u00b7e\u00b7s pour t&rsquo;accompagner durant le semestre \u00e0 travers plusieurs th\u00e8mes probl\u00e9matiques \u00e0 l&rsquo;Universit\u00e9. La mati\u00e8re est cibl\u00e9e pour r\u00e9pondre \u00e0 ton cursus dans la Facult\u00e9 des SSP. Le format est moins rigide qu&rsquo;un cours classique, afin de te permettre d&rsquo;interagir, de faire des exercices et de partager vos exp\u00e9riences.<\/p>\n\n\n\n<p>La\u00b7le responsable Tutorats s\u2019occupe de tout ce qui touche \u00e0 l&rsquo;organisation interne et la coordination entre les tuteur\u00b7trice\u00b7s, les \u00e9tudiant\u00b7e\u00b7s, et l\u2019ing\u00e9nieur\u00b7e p\u00e9dagogique. Cela concerne la promotion des tutorats, la publicit\u00e9 pour les \u00e9tudiant\u00b7e\u00b7s, le recrutement des tuteur\u00b7trice\u00b7s, l\u2019organisation et la mise en place, avec l\u2019\u00e9quipe sus-mentionn\u00e9e, des tutorats, et tout un tas d\u2019autres t\u00e2ches administratives. Tu peux jeter un coup d\u2019\u0153il au&nbsp;<a href=\"https:\/\/wp.unil.ch\/aessp\/files\/2011\/01\/Cahier-des-charges-GT-Tutorats.pdf\">cahier des charges du p\u00f4le Tutorats.<\/a><\/p>\n<\/div>\n\n\n\n<div class=\"wp-block-column is-layout-flow wp-block-column-is-layout-flow\" style=\"flex-basis:40%\">\n<p>\u00ab\u00a0Dynamique et bien structur\u00e9\u00a0\u00bb &#8211; <em>Atelier S&rsquo;organiser et \u00e9tudier pendant le semestre<\/em><\/p>\n\n\n\n<p><em>\u00ab\u00a0Interactif\u00a0\u00bb &#8211; Atelier Dissertation<\/em><\/p>\n\n\n\n<p>\u00ab\u00a0Les exercices permettent de savoir quelle m\u00e9thode on souhaite utiliser\u00a0\u00bb &#8211; <em>Atelier Prise de notes<\/em><\/p>\n\n\n\n<p>\u00ab\u00a0Le temps que vous prenez pour r\u00e9pondre est pr\u00e9cieux. Les comparaisons et les discussions sont top\u00a0\u00bb &#8211; <em>Atelier Prise de notes<\/em><\/p>\n\n\n\n<p>\u00ab\u00a0Les concepts sont bien expliqu\u00e9s\u00a0\u00bb &#8211; <em>Atelier Dissertation<\/em><\/p>\n\n\n\n<p>\u00ab\u00a0Le tuteur partage sa propre exp\u00e9rience\u00a0\u00bb &#8211; <em>Atelier S&rsquo;organiser et \u00e9tudier pendant le semestre<\/em><\/p>\n<\/div>\n<\/div>\n<\/div>\n","protected":false},"excerpt":{"rendered":"<p>Les ateliers se d\u00e9roulent \u00e0 G\u00e9opolis dans la salle 2235 . Sauf pour l&rsquo;atelier du 26 mars \u00ab\u00a0Dissertation I\u00a0\u00bb qui sera dans la salle 2230, juste \u00e0 c\u00f4t\u00e9 Si tu souhaites en d\u00e9couvrir plus et t&rsquo;inscrire \u00e0 un atelier, rendez-vous sur la page d\u00e9di\u00e9 \u00e0 l\u2019activit\u00e9 des tutorats. Le p\u00f4le Tutorat est en charge des [&hellip;]<\/p>\n","protected":false},"author":1001661,"featured_media":0,"parent":0,"menu_order":2,"comment_status":"closed","ping_status":"closed","template":"","meta":{"_seopress_robots_primary_cat":"","_seopress_titles_title":"","_seopress_titles_desc":"","_seopress_robots_index":"","_uag_custom_page_level_css":"","footnotes":""},"class_list":["post-1310","page","type-page","status-publish"],"uagb_featured_image_src":{"full":false,"thumbnail":false,"medium":false,"medium_large":false,"large":false,"1536x1536":false,"2048x2048":false,"mailpoet_newsletter_max":false},"uagb_author_info":{"display_name":"","author_link":"https:\/\/wp.unil.ch\/aessp\/author\/"},"uagb_comment_info":0,"uagb_excerpt":"Les ateliers se d\u00e9roulent \u00e0 G\u00e9opolis dans la salle 2235 . Sauf pour l&rsquo;atelier du 26 mars \u00ab\u00a0Dissertation I\u00a0\u00bb qui sera dans la salle 2230, juste \u00e0 c\u00f4t\u00e9 Si tu souhaites en d\u00e9couvrir plus et t&rsquo;inscrire \u00e0 un atelier, rendez-vous sur la page d\u00e9di\u00e9 \u00e0 l\u2019activit\u00e9 des tutorats. Le p\u00f4le Tutorat est en charge des&hellip;","_links":{"self":[{"href":"https:\/\/wp.unil.ch\/aessp\/wp-json\/wp\/v2\/pages\/1310","targetHints":{"allow":["GET"]}}],"collection":[{"href":"https:\/\/wp.unil.ch\/aessp\/wp-json\/wp\/v2\/pages"}],"about":[{"href":"https:\/\/wp.unil.ch\/aessp\/wp-json\/wp\/v2\/types\/page"}],"author":[{"embeddable":true,"href":"https:\/\/wp.unil.ch\/aessp\/wp-json\/wp\/v2\/users\/1001661"}],"replies":[{"embeddable":true,"href":"https:\/\/wp.unil.ch\/aessp\/wp-json\/wp\/v2\/comments?post=1310"}],"version-history":[{"count":5,"href":"https:\/\/wp.unil.ch\/aessp\/wp-json\/wp\/v2\/pages\/1310\/revisions"}],"predecessor-version":[{"id":8077,"href":"https:\/\/wp.unil.ch\/aessp\/wp-json\/wp\/v2\/pages\/1310\/revisions\/8077"}],"wp:attachment":[{"href":"https:\/\/wp.unil.ch\/aessp\/wp-json\/wp\/v2\/media?parent=1310"}],"curies":[{"name":"wp","href":"https:\/\/api.w.org\/{rel}","templated":true}]}}