{"id":780,"date":"2010-10-17T22:42:38","date_gmt":"2010-10-17T20:42:38","guid":{"rendered":"http:\/\/wp.unil.ch\/aesc\/"},"modified":"2021-04-09T18:58:53","modified_gmt":"2021-04-09T16:58:53","slug":"2010-2011","status":"publish","type":"page","link":"https:\/\/wp.unil.ch\/aesc\/structure\/membres\/2010-2011\/","title":{"rendered":"2010-2011"},"content":{"rendered":"<h2 style=\"text-align: center\">Liste des membres de l&rsquo;exercice 2010-2011<\/h2>\n<h3><strong><span style=\"color: #ff6600\">Bureau<\/span><\/strong><\/h3>\n<table style=\"height: 200px\" border=\"0\" width=\"600\" cellspacing=\"2\" cellpadding=\"2\">\n<tbody>\n<tr>\n<td>\n<h6><strong>Pr\u00e9sidente<\/strong><\/h6>\n<\/td>\n<td><em>L\u00e6titia Maddalena <\/em><em>(MSc Sciences Forensiques)<\/em><\/td>\n<\/tr>\n<tr>\n<td>\n<h6><strong>Vice-Pr\u00e9sident<\/strong><\/h6>\n<\/td>\n<td><em>Damien Rhumorbarbe <\/em><em>(BSc Sciences Forensiques)<\/em><\/td>\n<\/tr>\n<tr>\n<td>\n<h6><strong>Tr\u00e9sori\u00e8re<\/strong><\/h6>\n<\/td>\n<td><em>Sabrina Wenger <\/em><em>(MSc Sciences Forensiques)<\/em><\/td>\n<\/tr>\n<tr>\n<td>\n<h6><strong>Secr\u00e9taire<\/strong><\/h6>\n<\/td>\n<td><em>Mari\u00e8ve Rocque <\/em><em>(MSc Sciences Forensiques)<\/em><\/td>\n<\/tr>\n<tr>\n<td>\n<h6><strong>Charg\u00e9e de communication<br \/>\n<\/strong><\/h6>\n<\/td>\n<td><em>C\u00e9lia Rich <\/em><em>(MSc Sciences Forensiques)<\/em><\/td>\n<\/tr>\n<tr>\n<td>\n<h6><strong>V\u00e9rificateur des comptes<br \/>\n<\/strong><\/h6>\n<\/td>\n<td><em>Ludovic Staehli <\/em><em>(BSc Sciences Forensiques)<\/em><\/td>\n<\/tr>\n<\/tbody>\n<\/table>\n<h3><strong><span style=\"color: #ff6600\">Commission culturelle<\/span><\/strong><\/h3>\n<table style=\"height: 38px\" border=\"0\" width=\"600\" cellspacing=\"2\" cellpadding=\"1\">\n<tbody>\n<tr>\n<td>\n<h6><strong>Responsable de commission<br \/>\n<\/strong><\/h6>\n<\/td>\n<td><em>Julien Lapperouza <\/em><em>(BSc Sciences Forensiques)<\/em><\/td>\n<\/tr>\n<\/tbody>\n<\/table>\n<h6><strong><strong>Membres<\/strong><\/strong><\/h6>\n<ul>\n<li><em>Alessia Bouchet (BSc Sciences Forensiques)<\/em><\/li>\n<li><em>Anne-Lise Costerg (BSc Sciences Forensiques)<\/em><\/li>\n<li><em>Aline Girod (PhD Student)<\/em><\/li>\n<li><em>C\u00e9line Grognuz (MSc Sciences Forensiques)<\/em><\/li>\n<li><em>Yannick Frischknecht (MSc Sciences Forensiques)<\/em><\/li>\n<li><em>Charlotte Maniciati Macario (BSc Sciences Forensiques)<\/em><\/li>\n<li><em>David Millet (MLaw Magistrature)<\/em><\/li>\n<li><em>Margarida Ramos (BSc Sciences Forensiques)<\/em><\/li>\n<li><em>Damien Rhumorbarbe (BSc Sciences Forensiques)<\/em><\/li>\n<li><em>C\u00e9lia Rich (MSc Sciences Forensiques)<\/em><\/li>\n<li><em>Mari\u00e8ve Rocque (MSc Sciences Forensiques)<\/em><\/li>\n<li><em>Aur\u00e8le Scoundrianos (PhD Student)<\/em><\/li>\n<li><em>Florian Vall\u00e9lian (BSc Sciences Forensiques)<\/em><\/li>\n<li><em>Sabrina Wenger (MSc Sciences Forensiques)<\/em><\/li>\n<\/ul>\n<h3><strong><span style=\"color: #ff6600\">Commission des f\u00eates<br \/>\n<\/span><\/strong><\/h3>\n<table style=\"height: 38px\" border=\"0\" width=\"600\" cellspacing=\"2\" cellpadding=\"1\">\n<tbody>\n<tr>\n<td>\n<h6><strong>Responsable de commission<br \/>\n<\/strong><\/h6>\n<\/td>\n<td><em>Ludovic Staehli <\/em><em>(BSc Sciences Forensiques)<\/em><\/td>\n<\/tr>\n<\/tbody>\n<\/table>\n<h6><strong><strong>Membres<\/strong><\/strong><\/h6>\n<ul>\n<li><em>Alessia Bouchet (BSc Sciences Forensiques)<\/em><\/li>\n<li><em>Nicolas Crettaz (MSc Sciences Forensiques)<\/em><\/li>\n<li><em>C\u00e9line Grognuz (MSc Sciences Forensiques)<\/em><\/li>\n<li><em>Thomas Fitzi (MSc Sciences Forensiques)<\/em><\/li>\n<li><em>Johann Jaffrain (BSc Sciences Forensiques)<\/em><\/li>\n<li><em>Julien Laperrouza (BSc Sciences Forensiques)<\/em><\/li>\n<li><em>Laetitia Maddalena (MSc Sciences Forensiques)<\/em><\/li>\n<li><em>Charlotte Maniciati Macario (BSc Sciences Forensiques)<\/em><\/li>\n<li><em>Sarah Pernet (BSc Sciences Forensiques)<\/em><\/li>\n<li><em>Nad\u00e8ge Pio (MLaw New Technologies)<\/em><\/li>\n<li><em>C\u00e9lia Rich (MSc Sciences Forensiques)<\/em><\/li>\n<li><em>Mari\u00e8ve Rocque (MSc Sciences Forensiques)<\/em><\/li>\n<li><em>Am\u00e9lie Sautebin (MSc Sciences Forensiques)<\/em><\/li>\n<li><em>Joana Vicente (BSc Sciences Forensiques)<\/em><\/li>\n<li><em>Fabian Zemp (BSc Sciences Forensiques)<\/em><\/li>\n<\/ul>\n","protected":false},"excerpt":{"rendered":"<p>Liste des membres de l&rsquo;exercice 2010-2011 Bureau Pr\u00e9sidente L\u00e6titia Maddalena (MSc Sciences Forensiques) Vice-Pr\u00e9sident Damien Rhumorbarbe (BSc Sciences Forensiques) Tr\u00e9sori\u00e8re Sabrina Wenger (MSc Sciences Forensiques) Secr\u00e9taire Mari\u00e8ve Rocque (MSc Sciences Forensiques) Charg\u00e9e de communication C\u00e9lia Rich (MSc Sciences Forensiques) V\u00e9rificateur des comptes Ludovic Staehli (BSc Sciences Forensiques) Commission culturelle Responsable de commission Julien Lapperouza (BSc &hellip; <\/p>\n<p class=\"link-more\"><a href=\"https:\/\/wp.unil.ch\/aesc\/structure\/membres\/2010-2011\/\" class=\"more-link\">Continuer la lecture<span class=\"screen-reader-text\"> de &laquo;&nbsp;2010-2011&nbsp;&raquo;<\/span><\/a><\/p>\n","protected":false},"author":157,"featured_media":0,"parent":21,"menu_order":7,"comment_status":"closed","ping_status":"closed","template":"","meta":{"_seopress_robots_primary_cat":"","_seopress_titles_title":"","_seopress_titles_desc":"","_seopress_robots_index":"","footnotes":""},"class_list":["post-780","page","type-page","status-publish"],"_links":{"self":[{"href":"https:\/\/wp.unil.ch\/aesc\/wp-json\/wp\/v2\/pages\/780","targetHints":{"allow":["GET"]}}],"collection":[{"href":"https:\/\/wp.unil.ch\/aesc\/wp-json\/wp\/v2\/pages"}],"about":[{"href":"https:\/\/wp.unil.ch\/aesc\/wp-json\/wp\/v2\/types\/page"}],"author":[{"embeddable":true,"href":"https:\/\/wp.unil.ch\/aesc\/wp-json\/wp\/v2\/users\/157"}],"replies":[{"embeddable":true,"href":"https:\/\/wp.unil.ch\/aesc\/wp-json\/wp\/v2\/comments?post=780"}],"version-history":[{"count":0,"href":"https:\/\/wp.unil.ch\/aesc\/wp-json\/wp\/v2\/pages\/780\/revisions"}],"up":[{"embeddable":true,"href":"https:\/\/wp.unil.ch\/aesc\/wp-json\/wp\/v2\/pages\/21"}],"wp:attachment":[{"href":"https:\/\/wp.unil.ch\/aesc\/wp-json\/wp\/v2\/media?parent=780"}],"curies":[{"name":"wp","href":"https:\/\/api.w.org\/{rel}","templated":true}]}}