{"id":592,"date":"2010-06-05T19:41:16","date_gmt":"2010-06-05T17:41:16","guid":{"rendered":"http:\/\/wp.unil.ch\/aesc\/?page_id=592"},"modified":"2017-09-28T23:10:57","modified_gmt":"2017-09-28T21:10:57","slug":"2009-2010","status":"publish","type":"page","link":"https:\/\/wp.unil.ch\/aesc\/structure\/membres\/2009-2010\/","title":{"rendered":"2009-2010"},"content":{"rendered":"<h2 style=\"text-align: center\">Liste des membres de l&rsquo;exercice 2009-2010<\/h2>\n<h3><strong><span style=\"color: #ff6600\">Bureau<\/span><\/strong><\/h3>\n<table style=\"height: 200px\" border=\"0\" width=\"600\" cellspacing=\"2\" cellpadding=\"1\">\n<tbody>\n<tr>\n<td>\n<h6><strong>Pr\u00e9sidente<\/strong><\/h6>\n<\/td>\n<td><em>Emilie Zamora <\/em><em>(MSc Sciences Forensiques)<\/em><\/td>\n<\/tr>\n<tr>\n<td>\n<h6><strong>Vice-Pr\u00e9sident<\/strong><\/h6>\n<\/td>\n<td><em> <em>Laetitia Maddalena<\/em> <\/em><em>(BSc Sciences Forensiques)<\/em><\/td>\n<\/tr>\n<tr>\n<td>\n<h6><strong>Tr\u00e9sori\u00e8re<\/strong><\/h6>\n<\/td>\n<td><em>M\u00e9lanie Eudes <\/em><em>(BSc Sciences Forensiques)<\/em><\/td>\n<\/tr>\n<tr>\n<td>\n<h6><strong>Secr\u00e9taire<\/strong><\/h6>\n<\/td>\n<td><em>C\u00e9lia Rich <\/em><em>(BSc Sciences Forensiques)<\/em><\/td>\n<\/tr>\n<\/tbody>\n<\/table>\n<h3><strong><span style=\"color: #ff6600\">Commission culturelle<\/span><\/strong><\/h3>\n<table style=\"height: 38px\" border=\"0\" width=\"600\" cellspacing=\"2\" cellpadding=\"1\">\n<tbody>\n<tr>\n<td>\n<h6><strong>Responsable de commission<br \/>\n<\/strong><\/h6>\n<\/td>\n<td><em>Aur\u00e8le Scoundrianos <\/em><em>(MSc Sciences Forensiques)<\/em><\/td>\n<\/tr>\n<\/tbody>\n<\/table>\n<h6><strong><strong>Membres<\/strong><\/strong><\/h6>\n<ul>\n<li><em> Aurore Boillat (BSc Sciences Forensiques) <\/em><\/li>\n<li><em> Valentine Delaloye (MLaw Magistrature) <\/em><\/li>\n<li><em> M\u00e9lanie Eudes (BSc Sciences Forensiques) <\/em><\/li>\n<li><em> Lauriane Fuchs (MSc Sciences Forensiques) <\/em><\/li>\n<li><em> <em>Aline Girod (PhD Student) <\/em> <\/em><\/li>\n<li><em> Lo\u00efc Gouaty (BSc Sciences Forensiques) <\/em><\/li>\n<li><em> L\u00e6titia Maddalena (BSc Sciences Forensiques) <\/em><\/li>\n<li><em>David Millet (MLaw Magistrature)<\/em><\/li>\n<li><em> C\u00e9lia Rich (BSc Sciences Forensiques) <\/em><\/li>\n<li><em> Karoline Riou (MSc Sciences Forensiques) <\/em><\/li>\n<li><em> <em>Sabrina Wenger (BSc Sciences Forensiques)<\/em><\/em><\/li>\n<\/ul>\n<h3><strong><span style=\"color: #ff6600\">Commission des f\u00eates<br \/>\n<\/span><\/strong><\/h3>\n<table style=\"height: 38px\" border=\"0\" width=\"600\" cellspacing=\"2\" cellpadding=\"1\">\n<tbody>\n<tr>\n<td>\n<h6><strong>Responsable de commission<br \/>\n<\/strong><\/h6>\n<\/td>\n<td><em>Laetitia Maddalena <\/em><em>(MSc Sciences Forensiques)<\/em><\/td>\n<\/tr>\n<\/tbody>\n<\/table>\n<h6><strong><strong>Membres<\/strong><\/strong><\/h6>\n<ul>\n<li><em> Vanessa Birraux (MSc Sciences Forensiques) <\/em><\/li>\n<li><em> Aurora Boillat (BSc Sciences Forensiques) <\/em><\/li>\n<li><em> Camille Burrus (MLaw Criminologie) <\/em><\/li>\n<li><em> Nicolas Crettaz (BSc Sciences Forensiques) <\/em><\/li>\n<li><em> Valentine Delaloye (MLaw MAgistrature) <\/em><\/li>\n<li><em> Pascal Durussel (MSc Sciences Forensiques) <\/em><\/li>\n<li><em> Thomas Fitzi (BSc Sciences Forensiques) <\/em><\/li>\n<li><em> Aurore Foex (MLaw Criminologie) <\/em><\/li>\n<li><em> Lauriane Fuchs (MSc Sciences Forensiques) <\/em><\/li>\n<li><em> Ana\u00efs Loeffel (MLaw Magistrature) <\/em><\/li>\n<li><em> Mikael Petit (MSc Sciences Forensiques) <\/em><\/li>\n<li><em> Nad\u00e8ge Pio (BSc Sciences Forensiques) <\/em><\/li>\n<li><em> C\u00e9lia Rich (BSc Sciences Forensiques) <\/em><\/li>\n<li><em> Karoline Riou (MSc Sciences Forensiques) <\/em><\/li>\n<li><em> Damien Rizet (MSc Sciences Forensiques) <\/em><\/li>\n<li><em> Am\u00e9lie Sautebin (BSc Sciences Forensiques) <\/em><\/li>\n<li><em>\u00a0Robin Udrisard (BSc Sciences Forensiques)<\/em><\/li>\n<\/ul>\n<h3><strong><span style=\"color: #ff6600\">Commission sponsoring<\/span><\/strong><\/h3>\n<table style=\"height: 38px\" border=\"0\" width=\"600\" cellspacing=\"2\" cellpadding=\"1\">\n<tbody>\n<tr>\n<td>\n<h6><strong>Responsable de commission<br \/>\n<\/strong><\/h6>\n<\/td>\n<td><em>Damien Rizet <\/em><em>(MSc Sciences Forensiques)<\/em><\/td>\n<\/tr>\n<\/tbody>\n<\/table>\n<h6><strong><strong>Membres<\/strong><\/strong><\/h6>\n<ul>\n<li><em> Vanessa Birraux (MSc Sciences Forensiques) <\/em><\/li>\n<li><em> Valentine Delaloye (MLaw Magistrature) <\/em><\/li>\n<li><em> Lo\u00efc Gouaty (BSc Sciences Forensiques) <\/em><\/li>\n<li><em> Mikael Petit (MSc Sciences Forensiques) <\/em><\/li>\n<li><em> <em>\u00a0Aur\u00e8le Scoundrianos (MSc Sciences Forensiques)<\/em><\/em><\/li>\n<\/ul>\n","protected":false},"excerpt":{"rendered":"<p>Liste des membres de l&rsquo;exercice 2009-2010 Bureau Pr\u00e9sidente Emilie Zamora (MSc Sciences Forensiques) Vice-Pr\u00e9sident Laetitia Maddalena (BSc Sciences Forensiques) Tr\u00e9sori\u00e8re M\u00e9lanie Eudes (BSc Sciences Forensiques) Secr\u00e9taire C\u00e9lia Rich (BSc Sciences Forensiques) Commission culturelle Responsable de commission Aur\u00e8le Scoundrianos (MSc Sciences Forensiques) Membres Aurore Boillat (BSc Sciences Forensiques) Valentine Delaloye (MLaw Magistrature) M\u00e9lanie Eudes (BSc Sciences &hellip; <\/p>\n<p class=\"link-more\"><a href=\"https:\/\/wp.unil.ch\/aesc\/structure\/membres\/2009-2010\/\" class=\"more-link\">Continuer la lecture<span class=\"screen-reader-text\"> de &laquo;&nbsp;2009-2010&nbsp;&raquo;<\/span><\/a><\/p>\n","protected":false},"author":165,"featured_media":0,"parent":21,"menu_order":8,"comment_status":"closed","ping_status":"closed","template":"","meta":{"_seopress_robots_primary_cat":"","_seopress_titles_title":"","_seopress_titles_desc":"","_seopress_robots_index":"","footnotes":""},"class_list":["post-592","page","type-page","status-publish"],"_links":{"self":[{"href":"https:\/\/wp.unil.ch\/aesc\/wp-json\/wp\/v2\/pages\/592","targetHints":{"allow":["GET"]}}],"collection":[{"href":"https:\/\/wp.unil.ch\/aesc\/wp-json\/wp\/v2\/pages"}],"about":[{"href":"https:\/\/wp.unil.ch\/aesc\/wp-json\/wp\/v2\/types\/page"}],"author":[{"embeddable":true,"href":"https:\/\/wp.unil.ch\/aesc\/wp-json\/wp\/v2\/users\/165"}],"replies":[{"embeddable":true,"href":"https:\/\/wp.unil.ch\/aesc\/wp-json\/wp\/v2\/comments?post=592"}],"version-history":[{"count":0,"href":"https:\/\/wp.unil.ch\/aesc\/wp-json\/wp\/v2\/pages\/592\/revisions"}],"up":[{"embeddable":true,"href":"https:\/\/wp.unil.ch\/aesc\/wp-json\/wp\/v2\/pages\/21"}],"wp:attachment":[{"href":"https:\/\/wp.unil.ch\/aesc\/wp-json\/wp\/v2\/media?parent=592"}],"curies":[{"name":"wp","href":"https:\/\/api.w.org\/{rel}","templated":true}]}}