{"id":3708,"date":"2025-10-28T11:49:20","date_gmt":"2025-10-28T10:49:20","guid":{"rendered":"https:\/\/wp.unil.ch\/aesc\/?page_id=3708"},"modified":"2025-11-04T10:53:49","modified_gmt":"2025-11-04T09:53:49","slug":"2025-2026","status":"publish","type":"page","link":"https:\/\/wp.unil.ch\/aesc\/structure\/membres\/2025-2026\/","title":{"rendered":"2025-2026"},"content":{"rendered":"\n<h2 class=\"wp-block-heading\" id=\"block-1e7d099d-d8af-41de-b912-9bdca7e8eb76\"><strong>Bureau<\/strong><\/h2>\n\n\n\n<figure class=\"wp-block-table\"><table class=\"has-fixed-layout\"><tbody><tr><td><strong>Co-pr\u00e9sidents<\/strong><\/td><td>Siena Roes <em>(MSc Science forensique)<\/em> &amp; Aloys Froidevaux <em>(MSc Science forensique)<\/em><\/td><\/tr><tr><td><strong>Tr\u00e9sori\u00e8re<\/strong><\/td><td>Crystel Altenried <em>(MSc Science forensique)<\/em><\/td><\/tr><tr><td><strong>Secr\u00e9taire<\/strong><\/td><td>Gascard Elise <em>(MSc Analyse criminelle et tra\u00e7ologie)<\/em><\/td><\/tr><tr><td><strong>Charg\u00e9e de communication <\/strong><strong>et adjointe<\/strong><\/td><td>Buret Manon (<em>MSc Analyse criminelle et tra\u00e7ologie)<\/em> &amp; Lily Quignon <em>(BSc Science forensique)<\/em><\/td><\/tr><tr><td><strong>V\u00e9rificatrice des comptes<\/strong><\/td><td>L\u00e9na H\u00fcppi <em>(MSc Science forensique)<\/em><\/td><\/tr><\/tbody><\/table><\/figure>\n\n\n\n<figure class=\"wp-block-table has-small-font-size\"><table class=\"has-fixed-layout\"><tbody><tr><td class=\"has-text-align-center\" data-align=\"center\"><img decoding=\"async\" src=\"https:\/\/wp.unil.ch\/aesc\/files\/2025\/10\/img_2967-edited.jpg\" alt=\"\">Siena Roes<\/td><td class=\"has-text-align-center\" data-align=\"center\"><img decoding=\"async\" src=\"https:\/\/wp.unil.ch\/aesc\/files\/2024\/11\/Aloys-793x1024.jpg\" alt=\"\">Aloys Froidevaux<\/td><td class=\"has-text-align-center\" data-align=\"center\"><img decoding=\"async\" src=\"https:\/\/wp.unil.ch\/aesc\/files\/2025\/10\/crystel-768x1024.png\" alt=\"crystel\">Crystel Altenried<\/td><\/tr><tr><td class=\"has-text-align-center\" data-align=\"center\"><img decoding=\"async\" src=\"https:\/\/wp.unil.ch\/aesc\/files\/2025\/10\/elise-gascard-1024x1024.jpg\" alt=\"elise gascard\">Elise Gascard<\/td><td class=\"has-text-align-center\" data-align=\"center\"><img decoding=\"async\" src=\"https:\/\/wp.unil.ch\/aesc\/files\/2023\/10\/Manon-Buret-1-769x1024.jpeg\" alt=\"\">Manon Buret<\/td><td class=\"has-text-align-center\" data-align=\"center\"><img decoding=\"async\" src=\"https:\/\/wp.unil.ch\/aesc\/files\/2025\/10\/lily-edited.jpg\" alt=\"lily\">Lily Quignon<\/td><\/tr><\/tbody><\/table><\/figure>\n\n\n\n<h2 class=\"wp-block-heading\" id=\"block-1c99a0c0-aeae-4771-9204-b8c293f5dc25\"><strong>Commission des f\u00eates<\/strong><\/h2>\n\n\n\n<figure class=\"wp-block-table\"><table class=\"has-fixed-layout\"><tbody><tr><td><strong>Responsables de commission<\/strong><\/td><td>Nina Polianoff <em>(MSc Science forensique) <\/em>&amp; Romane Thiery <em>(MSc Science forensique)<\/em><\/td><\/tr><tr><td><strong>Responsables adjointes<\/strong><\/td><td>Laurine Castillan <em>(Mise \u00e0 niveau en MSc Science forensique)<\/em> &amp; Eva Habault <em>(Mise \u00e0 niveau en MSc Science forensique)<\/em><\/td><\/tr><\/tbody><\/table><\/figure>\n\n\n\n<figure class=\"wp-block-table is-style-regular has-small-font-size\"><table class=\"has-fixed-layout\"><tbody><tr><td class=\"has-text-align-center\" data-align=\"center\"><img decoding=\"async\" src=\"https:\/\/wp.unil.ch\/aesc\/files\/2025\/10\/nina-edited.jpeg\" alt=\"nina\"><br>Nina Polianoff<\/td><td class=\"has-text-align-center\" data-align=\"center\"><img decoding=\"async\" src=\"https:\/\/wp.unil.ch\/aesc\/files\/2025\/10\/romane-814x1024.jpg\" alt=\"romane\">Romane Thiery<\/td><td class=\"has-text-align-center\" data-align=\"center\"><img decoding=\"async\" src=\"https:\/\/wp.unil.ch\/aesc\/files\/2025\/10\/laurine-768x1024.jpeg\" alt=\"laurine\"><br>Laurine Castillan<\/td><td class=\"has-text-align-center\" data-align=\"center\"><img decoding=\"async\" src=\"https:\/\/wp.unil.ch\/aesc\/files\/2025\/10\/eva-edited.jpeg\" alt=\"eva\"><br>Eva Habault<\/td><\/tr><\/tbody><\/table><\/figure>\n\n\n\n<h2 class=\"wp-block-heading\" id=\"block-d74b0dba-27b0-411a-bd4d-2f36d0fe9e4b\"><strong>Commission culturelle<\/strong><\/h2>\n\n\n\n<figure class=\"wp-block-table\"><table class=\"has-fixed-layout\"><tbody><tr><td><strong>Responsables de commission<\/strong><\/td><td>Carla Chevrier <em>(MSc Science forensique)<\/em> &amp; Marine Vandenhoven <em>(MSc Science forensique)<\/em><\/td><\/tr><tr><td><strong>Responsables adjoints<\/strong><\/td><td>Camille Jollien <em>(BSc Science forensique)<\/em> &amp; R\u00e9my Richard <em>(BSc Science forensique)<\/em><\/td><\/tr><\/tbody><\/table><\/figure>\n\n\n\n<figure class=\"wp-block-table has-small-font-size\"><table class=\"has-fixed-layout\"><tbody><tr><td class=\"has-text-align-center\" data-align=\"center\"><img decoding=\"async\" src=\"https:\/\/wp.unil.ch\/aesc\/files\/2024\/11\/carla-822x1024.jpg\" alt=\"\"><br>Carla Chevrier<\/td><td class=\"has-text-align-center\" data-align=\"center\"><img decoding=\"async\" src=\"https:\/\/wp.unil.ch\/aesc\/files\/2025\/10\/marine-edited.jpg\" alt=\"\"><br>Marine Vandenhoven<\/td><td class=\"has-text-align-center\" data-align=\"center\"><img decoding=\"async\" src=\"https:\/\/wp.unil.ch\/aesc\/files\/2024\/11\/Camille-edited.jpg\" alt=\"\"><br>Camille Jollien<\/td><td class=\"has-text-align-center\" data-align=\"center\"><img decoding=\"async\" src=\"https:\/\/wp.unil.ch\/aesc\/files\/2025\/10\/remy.r-edited.jpg\" alt=\"r\u00e9my.r\"><br>R\u00e9my Richard<\/td><\/tr><\/tbody><\/table><\/figure>\n\n\n\n<h2 class=\"wp-block-heading\" id=\"block-e6663e34-7391-4286-be3f-fa59c44ecd7d\"><strong>Commission du Pare-Bal<\/strong><\/h2>\n\n\n\n<figure class=\"wp-block-table\"><table class=\"has-fixed-layout\"><tbody><tr><td><strong>Responsables de la commission<\/strong><\/td><td>Manon Buret <em>(MSc Analyse criminelle et tra\u00e7ologie)<\/em> &amp; Manon Chabert <em>(Doctorante)<\/em><\/td><\/tr><tr><td><strong>Responsable du bar<\/strong><\/td><td>Sophie Thiaville-Bailly <em>(MSc Analyse criminelle et tra\u00e7ologie)<\/em><\/td><\/tr><tr><td><strong>Adjointes<\/strong><\/td><td>Delphine Dubuis <em>(MSc Science forensique)<\/em>, Ahlem Belhadjhamouda <em>(MSc Science forensique)<\/em> &amp; F\u00e9licie Huc <em>(MSc Science forensique)<\/em><\/td><\/tr><\/tbody><\/table><\/figure>\n\n\n\n<figure class=\"wp-block-table has-small-font-size\"><table class=\"has-fixed-layout\"><tbody><tr><td class=\"has-text-align-center\" data-align=\"center\"><img decoding=\"async\" src=\"https:\/\/wp.unil.ch\/aesc\/files\/2023\/10\/Manon-Buret-1-769x1024.jpeg\" alt=\"\">Manon Buret<\/td><td class=\"has-text-align-center\" data-align=\"center\"><img decoding=\"async\" src=\"https:\/\/wp.unil.ch\/aesc\/files\/2025\/11\/whatsapp-image-2025-11-04-at-10.49.58-am-edited.jpeg\" alt=\"whatsapp image 2025 11 04 at 10.49.58\u202fam\"><br>Manon Chabert<figure class=\"wp-block-image size-large\" style=\"text-align: start\"><figcaption class=\"wp-element-caption\"><\/figcaption><\/figure><\/td><td class=\"has-text-align-center\" data-align=\"center\"><img decoding=\"async\" src=\"https:\/\/wp.unil.ch\/aesc\/files\/2025\/10\/sophie-edited.jpg\" alt=\"\"><br>Sophie Thiaville-Bailly<\/td><\/tr><tr><td class=\"has-text-align-center\" data-align=\"center\"><img decoding=\"async\" src=\"https:\/\/wp.unil.ch\/aesc\/files\/2025\/11\/delphine-edited.jpg\" alt=\"delphine\">Delphine Dubuis<\/td><td class=\"has-text-align-center\" data-align=\"center\"><img decoding=\"async\" src=\"https:\/\/wp.unil.ch\/aesc\/files\/2025\/11\/whatsapp-image-2025-10-29-at-5.00.29-pm-edited.jpeg\" alt=\"whatsapp image 2025 10 29 at 5.00.29\u202fpm\"><br>Ahlem Belhadjhamouda<\/td><td class=\"has-text-align-center\" data-align=\"center\"><img decoding=\"async\" src=\"https:\/\/wp.unil.ch\/aesc\/files\/2025\/10\/whatsapp-image-2025-10-13-at-1.20.52-pm-768x1024.jpeg\" alt=\"whatsapp image 2025 10 13 at 1.20.52\u202fpm\">F\u00e9licie Huc<\/td><\/tr><\/tbody><\/table><\/figure>\n\n\n\n<h2 class=\"wp-block-heading\" id=\"block-53bdffde-41ee-424f-aa12-e1e0d3b0aa90\"><strong>Autres postes<\/strong><\/h2>\n\n\n\n<figure class=\"wp-block-table\"><table class=\"has-fixed-layout\"><tbody><tr><td><strong>Repr\u00e9sentants FAE<\/strong><\/td><td>Crystel Altenried, Aloys Froidevaux<\/td><\/tr><tr><td><strong>Photographes<\/strong><\/td><td>Louise Guillaume, Nils Roch, Yasmine Laksiri &amp; Romain Marcot<\/td><\/tr><tr><td><strong>Graphistes<\/strong><\/td><td>Lena H\u00fcppi, Fanny Herment, Lorena Alva S\u00e1nchez &amp; Axelle De Baets<\/td><\/tr><\/tbody><\/table><\/figure>\n\n\n\n<h2 class=\"wp-block-heading\" id=\"block-66e06d79-9227-4b3b-9eff-19beaa6c14fa\"><strong>Nombre de membres<\/strong><\/h2>\n\n\n\n<ul id=\"block-86cfaed8-5b43-4104-be81-e7be0ac05440\" class=\"wp-block-list\">\n<li>153<\/li>\n<\/ul>\n\n\n\n<h2 class=\"wp-block-heading\" id=\"block-77569d15-bf8b-4916-9b0e-582cd09e5152\"><strong>Membres d&rsquo;honneur<\/strong><\/h2>\n\n\n\n<ul id=\"block-87ce61b6-6cad-4cb5-9ef7-792279201a62\" class=\"wp-block-list\">\n<li>Boll\u00e9 Timothy (depuis le 25\/09\/2017)<\/li>\n\n\n\n<li>Rhumorbarbe Damien (depuis le 25\/09\/2017)<\/li>\n\n\n\n<li>Chabert Manon (depuis le 24\/09\/2025)<\/li>\n<\/ul>\n","protected":false},"excerpt":{"rendered":"<p>Bureau Co-pr\u00e9sidents Siena Roes (MSc Science forensique) &amp; Aloys Froidevaux (MSc Science forensique) Tr\u00e9sori\u00e8re Crystel Altenried (MSc Science forensique) Secr\u00e9taire Gascard Elise (MSc Analyse criminelle et tra\u00e7ologie) Charg\u00e9e de communication et adjointe Buret Manon (MSc Analyse criminelle et tra\u00e7ologie) &amp; Lily Quignon (BSc Science forensique) V\u00e9rificatrice des comptes L\u00e9na H\u00fcppi (MSc Science forensique) Siena Roes &hellip; <\/p>\n<p class=\"link-more\"><a href=\"https:\/\/wp.unil.ch\/aesc\/structure\/membres\/2025-2026\/\" class=\"more-link\">Continuer la lecture<span class=\"screen-reader-text\"> de &laquo;&nbsp;2025-2026&nbsp;&raquo;<\/span><\/a><\/p>\n","protected":false},"author":1002709,"featured_media":0,"parent":21,"menu_order":0,"comment_status":"closed","ping_status":"closed","template":"","meta":{"_seopress_robots_primary_cat":"","_seopress_titles_title":"","_seopress_titles_desc":"","_seopress_robots_index":"","footnotes":""},"class_list":["post-3708","page","type-page","status-publish"],"_links":{"self":[{"href":"https:\/\/wp.unil.ch\/aesc\/wp-json\/wp\/v2\/pages\/3708","targetHints":{"allow":["GET"]}}],"collection":[{"href":"https:\/\/wp.unil.ch\/aesc\/wp-json\/wp\/v2\/pages"}],"about":[{"href":"https:\/\/wp.unil.ch\/aesc\/wp-json\/wp\/v2\/types\/page"}],"author":[{"embeddable":true,"href":"https:\/\/wp.unil.ch\/aesc\/wp-json\/wp\/v2\/users\/1002709"}],"replies":[{"embeddable":true,"href":"https:\/\/wp.unil.ch\/aesc\/wp-json\/wp\/v2\/comments?post=3708"}],"version-history":[{"count":3,"href":"https:\/\/wp.unil.ch\/aesc\/wp-json\/wp\/v2\/pages\/3708\/revisions"}],"predecessor-version":[{"id":3718,"href":"https:\/\/wp.unil.ch\/aesc\/wp-json\/wp\/v2\/pages\/3708\/revisions\/3718"}],"up":[{"embeddable":true,"href":"https:\/\/wp.unil.ch\/aesc\/wp-json\/wp\/v2\/pages\/21"}],"wp:attachment":[{"href":"https:\/\/wp.unil.ch\/aesc\/wp-json\/wp\/v2\/media?parent=3708"}],"curies":[{"name":"wp","href":"https:\/\/api.w.org\/{rel}","templated":true}]}}