{"id":3655,"date":"2024-11-13T14:40:47","date_gmt":"2024-11-13T13:40:47","guid":{"rendered":"https:\/\/wp.unil.ch\/aesc\/?page_id=3655"},"modified":"2024-11-13T14:54:11","modified_gmt":"2024-11-13T13:54:11","slug":"2024-2025","status":"publish","type":"page","link":"https:\/\/wp.unil.ch\/aesc\/structure\/membres\/2024-2025\/","title":{"rendered":"2024-2025"},"content":{"rendered":"\n<h2 class=\"wp-block-heading has-large-font-size\"><strong>Bureau<\/strong><\/h2>\n\n\n\n<figure class=\"wp-block-table is-style-regular\"><table><tbody><tr><td><strong>Co-pr\u00e9sidents<\/strong><\/td><td>Morgane Borel <em>(MSc Sciences forensiques)<\/em> &amp; Aloys Froidevaux <em>(BSc Sciences forensiques)<\/em><\/td><\/tr><tr><td><strong>Tr\u00e9sori\u00e8re<\/strong><\/td><td>Crystel Altenried <em>(BSc Sciences forensiques)<\/em><\/td><\/tr><tr><td><strong>Secr\u00e9taire<\/strong><\/td><td>Gascard Elise <em>(MSc <em>Sciences en analyse criminelle et tra\u00e7ologie<\/em>)<\/em><\/td><\/tr><tr><td><strong>Charg\u00e9e de communication<\/strong> <strong>et adjointe<\/strong><\/td><td>Buret Manon (<em>MSc <em>Sciences en analyse criminelle et tra\u00e7ologie<\/em>)<\/em> &amp; Lily Quignon  <em>(BSc Sciences forensiques)<\/em><\/td><\/tr><tr><td><strong>V\u00e9rificateur des comptes<\/strong><\/td><td>Cl\u00e9o Berger <em>(Doctorante)<\/em><\/td><\/tr><\/tbody><\/table><\/figure>\n\n\n\n<figure class=\"wp-block-gallery has-nested-images columns-default is-cropped wp-block-gallery-1 is-layout-flex wp-block-gallery-is-layout-flex\">\n<figure class=\"wp-block-image size-large\"><img alt=\"\" loading=\"lazy\" decoding=\"async\" width=\"763\" height=\"1024\" data-id=\"3656\" src=\"https:\/\/wp.unil.ch\/aesc\/files\/2024\/11\/Morgane-763x1024.jpg\" alt=\"\" class=\"wp-image-3656\" srcset=\"https:\/\/wp.unil.ch\/aesc\/files\/2024\/11\/Morgane-763x1024.jpg 763w, https:\/\/wp.unil.ch\/aesc\/files\/2024\/11\/Morgane-224x300.jpg 224w, https:\/\/wp.unil.ch\/aesc\/files\/2024\/11\/Morgane-768x1031.jpg 768w, https:\/\/wp.unil.ch\/aesc\/files\/2024\/11\/Morgane.jpg 894w\" sizes=\"auto, (max-width: 706px) 89vw, (max-width: 767px) 82vw, 740px\" \/><figcaption class=\"wp-element-caption\">Morgane Borel<\/figcaption><\/figure>\n\n\n\n<figure class=\"wp-block-image size-large\"><img alt=\"\" loading=\"lazy\" decoding=\"async\" width=\"793\" height=\"1024\" data-id=\"3658\" src=\"https:\/\/wp.unil.ch\/aesc\/files\/2024\/11\/Aloys-793x1024.jpg\" alt=\"\" class=\"wp-image-3658\" srcset=\"https:\/\/wp.unil.ch\/aesc\/files\/2024\/11\/Aloys-793x1024.jpg 793w, https:\/\/wp.unil.ch\/aesc\/files\/2024\/11\/Aloys-232x300.jpg 232w, https:\/\/wp.unil.ch\/aesc\/files\/2024\/11\/Aloys-768x992.jpg 768w, https:\/\/wp.unil.ch\/aesc\/files\/2024\/11\/Aloys.jpg 929w\" sizes=\"auto, (max-width: 767px) 89vw, (max-width: 1000px) 54vw, (max-width: 1071px) 543px, 580px\" \/><figcaption class=\"wp-element-caption\">Aloys Froidevaux<\/figcaption><\/figure>\n\n\n\n<figure class=\"wp-block-image size-large\"><img alt=\"\" loading=\"lazy\" decoding=\"async\" width=\"768\" height=\"1024\" data-id=\"3657\" src=\"https:\/\/wp.unil.ch\/aesc\/files\/2024\/11\/Crystel-768x1024.png\" alt=\"\" class=\"wp-image-3657\" srcset=\"https:\/\/wp.unil.ch\/aesc\/files\/2024\/11\/Crystel-768x1024.png 768w, https:\/\/wp.unil.ch\/aesc\/files\/2024\/11\/Crystel-225x300.png 225w, https:\/\/wp.unil.ch\/aesc\/files\/2024\/11\/Crystel.png 900w\" sizes=\"auto, (max-width: 767px) 89vw, (max-width: 1000px) 54vw, (max-width: 1071px) 543px, 580px\" \/><figcaption class=\"wp-element-caption\">Altenried Crystel <\/figcaption><\/figure>\n\n\n\n<figure class=\"wp-block-image size-large\"><img alt=\"\" loading=\"lazy\" decoding=\"async\" width=\"1024\" height=\"1024\" data-id=\"3599\" src=\"https:\/\/wp.unil.ch\/aesc\/files\/2023\/10\/Elise-Gascard-1-1024x1024.jpg\" alt=\"\" class=\"wp-image-3599\" srcset=\"https:\/\/wp.unil.ch\/aesc\/files\/2023\/10\/Elise-Gascard-1-1024x1024.jpg 1024w, https:\/\/wp.unil.ch\/aesc\/files\/2023\/10\/Elise-Gascard-1-300x300.jpg 300w, https:\/\/wp.unil.ch\/aesc\/files\/2023\/10\/Elise-Gascard-1-120x120.jpg 120w, https:\/\/wp.unil.ch\/aesc\/files\/2023\/10\/Elise-Gascard-1-768x768.jpg 768w, https:\/\/wp.unil.ch\/aesc\/files\/2023\/10\/Elise-Gascard-1-100x100.jpg 100w, https:\/\/wp.unil.ch\/aesc\/files\/2023\/10\/Elise-Gascard-1.jpg 1200w\" sizes=\"auto, (max-width: 767px) 89vw, (max-width: 1000px) 54vw, (max-width: 1071px) 543px, 580px\" \/><figcaption class=\"wp-element-caption\">Gascard Elise<\/figcaption><\/figure>\n\n\n\n<figure class=\"wp-block-image size-large\"><img alt=\"\" loading=\"lazy\" decoding=\"async\" width=\"901\" height=\"901\" data-id=\"3606\" src=\"https:\/\/wp.unil.ch\/aesc\/files\/2023\/10\/Manon-Buret-1-edited.jpeg\" alt=\"\" class=\"wp-image-3606\" srcset=\"https:\/\/wp.unil.ch\/aesc\/files\/2023\/10\/Manon-Buret-1-edited.jpeg 901w, https:\/\/wp.unil.ch\/aesc\/files\/2023\/10\/Manon-Buret-1-edited-300x300.jpeg 300w, https:\/\/wp.unil.ch\/aesc\/files\/2023\/10\/Manon-Buret-1-edited-120x120.jpeg 120w, https:\/\/wp.unil.ch\/aesc\/files\/2023\/10\/Manon-Buret-1-edited-768x768.jpeg 768w, https:\/\/wp.unil.ch\/aesc\/files\/2023\/10\/Manon-Buret-1-edited-100x100.jpeg 100w\" sizes=\"auto, (max-width: 767px) 89vw, (max-width: 1000px) 54vw, (max-width: 1071px) 543px, 580px\" \/><figcaption class=\"wp-element-caption\">Buret Manon<\/figcaption><\/figure>\n\n\n\n<figure class=\"wp-block-image size-large\"><img alt=\"\" loading=\"lazy\" decoding=\"async\" width=\"675\" height=\"675\" data-id=\"3669\" src=\"https:\/\/wp.unil.ch\/aesc\/files\/2024\/11\/Lily-edited.jpg\" alt=\"\" class=\"wp-image-3669\" srcset=\"https:\/\/wp.unil.ch\/aesc\/files\/2024\/11\/Lily-edited.jpg 675w, https:\/\/wp.unil.ch\/aesc\/files\/2024\/11\/Lily-edited-300x300.jpg 300w, https:\/\/wp.unil.ch\/aesc\/files\/2024\/11\/Lily-edited-120x120.jpg 120w, https:\/\/wp.unil.ch\/aesc\/files\/2024\/11\/Lily-edited-100x100.jpg 100w\" sizes=\"auto, (max-width: 675px) 100vw, 675px\" \/><figcaption class=\"wp-element-caption\">Lily Quignon<\/figcaption><\/figure>\n<\/figure>\n\n\n\n<h2 class=\"wp-block-heading has-large-font-size\"><strong>Commission des f\u00eates<\/strong><\/h2>\n\n\n\n<figure class=\"wp-block-table\"><table><tbody><tr><td><strong>Responsable de commission<\/strong><\/td><td>Gabella Carena Olivia &amp; Roes Siena <em>(BSc Sciences forensiques)<\/em><\/td><\/tr><tr><td><strong>Responsables adjointes<\/strong><\/td><td>Lara Prodanovic  <em>(BSc Sciences forensiques)<\/em><\/td><\/tr><\/tbody><\/table><\/figure>\n\n\n\n<figure class=\"wp-block-gallery has-nested-images columns-default is-cropped wp-block-gallery-2 is-layout-flex wp-block-gallery-is-layout-flex\">\n<figure class=\"wp-block-image size-large\"><img alt=\"\" loading=\"lazy\" decoding=\"async\" width=\"325\" height=\"325\" data-id=\"3618\" src=\"https:\/\/wp.unil.ch\/aesc\/files\/2023\/10\/5DB2764D-0854-4D52-8111-5D11B5550A89-edited.jpeg\" alt=\"\" class=\"wp-image-3618\" srcset=\"https:\/\/wp.unil.ch\/aesc\/files\/2023\/10\/5DB2764D-0854-4D52-8111-5D11B5550A89-edited.jpeg 325w, https:\/\/wp.unil.ch\/aesc\/files\/2023\/10\/5DB2764D-0854-4D52-8111-5D11B5550A89-edited-300x300.jpeg 300w, https:\/\/wp.unil.ch\/aesc\/files\/2023\/10\/5DB2764D-0854-4D52-8111-5D11B5550A89-edited-120x120.jpeg 120w, https:\/\/wp.unil.ch\/aesc\/files\/2023\/10\/5DB2764D-0854-4D52-8111-5D11B5550A89-edited-100x100.jpeg 100w\" sizes=\"auto, (max-width: 325px) 100vw, 325px\" \/><figcaption class=\"wp-element-caption\">Gabella Carena Olivia<\/figcaption><\/figure>\n\n\n\n<figure class=\"wp-block-image size-large\"><img alt=\"\" loading=\"lazy\" decoding=\"async\" width=\"603\" height=\"603\" data-id=\"3617\" src=\"https:\/\/wp.unil.ch\/aesc\/files\/2023\/10\/IMG_2967-edited.jpg\" alt=\"\" class=\"wp-image-3617\" srcset=\"https:\/\/wp.unil.ch\/aesc\/files\/2023\/10\/IMG_2967-edited.jpg 603w, https:\/\/wp.unil.ch\/aesc\/files\/2023\/10\/IMG_2967-edited-300x300.jpg 300w, https:\/\/wp.unil.ch\/aesc\/files\/2023\/10\/IMG_2967-edited-120x120.jpg 120w, https:\/\/wp.unil.ch\/aesc\/files\/2023\/10\/IMG_2967-edited-100x100.jpg 100w\" sizes=\"auto, (max-width: 603px) 100vw, 603px\" \/><figcaption class=\"wp-element-caption\">Roes Siena<\/figcaption><\/figure>\n\n\n\n<figure class=\"wp-block-image size-large\"><img alt=\"\" loading=\"lazy\" decoding=\"async\" width=\"678\" height=\"679\" data-id=\"3664\" src=\"https:\/\/wp.unil.ch\/aesc\/files\/2024\/11\/Lara-edited.jpg\" alt=\"\" class=\"wp-image-3664\" srcset=\"https:\/\/wp.unil.ch\/aesc\/files\/2024\/11\/Lara-edited.jpg 678w, https:\/\/wp.unil.ch\/aesc\/files\/2024\/11\/Lara-edited-300x300.jpg 300w, https:\/\/wp.unil.ch\/aesc\/files\/2024\/11\/Lara-edited-120x120.jpg 120w, https:\/\/wp.unil.ch\/aesc\/files\/2024\/11\/Lara-edited-100x100.jpg 100w\" sizes=\"auto, (max-width: 678px) 100vw, 678px\" \/><figcaption class=\"wp-element-caption\">Lara Prodanovic<\/figcaption><\/figure>\n<\/figure>\n\n\n\n<h2 class=\"wp-block-heading has-large-font-size\"><strong>Commission culturelle<\/strong><\/h2>\n\n\n\n<figure class=\"wp-block-table\"><table><tbody><tr><td><strong>Responsable de commission<\/strong><\/td><td>Carla Chevrier &amp; Marine Vandenhoven <em>(BSc Sciences forensiques)<\/em><\/td><\/tr><tr><td><strong>Responsables adjointes<\/strong><\/td><td>Camille Jollien  <em>(BSc Sciences forensiques)<\/em><\/td><\/tr><\/tbody><\/table><\/figure>\n\n\n\n<figure class=\"wp-block-gallery has-nested-images columns-default is-cropped wp-block-gallery-3 is-layout-flex wp-block-gallery-is-layout-flex\">\n<figure class=\"wp-block-image size-large\"><img alt=\"\" loading=\"lazy\" decoding=\"async\" width=\"822\" height=\"1024\" data-id=\"3661\" src=\"https:\/\/wp.unil.ch\/aesc\/files\/2024\/11\/carla-822x1024.jpg\" alt=\"\" class=\"wp-image-3661\" srcset=\"https:\/\/wp.unil.ch\/aesc\/files\/2024\/11\/carla-822x1024.jpg 822w, https:\/\/wp.unil.ch\/aesc\/files\/2024\/11\/carla-241x300.jpg 241w, https:\/\/wp.unil.ch\/aesc\/files\/2024\/11\/carla-768x957.jpg 768w, https:\/\/wp.unil.ch\/aesc\/files\/2024\/11\/carla.jpg 913w\" sizes=\"auto, (max-width: 767px) 89vw, (max-width: 1000px) 54vw, (max-width: 1071px) 543px, 580px\" \/><figcaption class=\"wp-element-caption\">Carla Chevrier<\/figcaption><\/figure>\n\n\n\n<figure class=\"wp-block-image size-large\"><img alt=\"\" loading=\"lazy\" decoding=\"async\" width=\"485\" height=\"485\" data-id=\"3665\" src=\"https:\/\/wp.unil.ch\/aesc\/files\/2024\/11\/marine-edited.jpg\" alt=\"\" class=\"wp-image-3665\" srcset=\"https:\/\/wp.unil.ch\/aesc\/files\/2024\/11\/marine-edited.jpg 485w, https:\/\/wp.unil.ch\/aesc\/files\/2024\/11\/marine-edited-300x300.jpg 300w, https:\/\/wp.unil.ch\/aesc\/files\/2024\/11\/marine-edited-120x120.jpg 120w, https:\/\/wp.unil.ch\/aesc\/files\/2024\/11\/marine-edited-100x100.jpg 100w\" sizes=\"auto, (max-width: 485px) 100vw, 485px\" \/><figcaption class=\"wp-element-caption\">Marine Vandenhoven<\/figcaption><\/figure>\n\n\n\n<figure class=\"wp-block-image size-large\"><img alt=\"\" loading=\"lazy\" decoding=\"async\" width=\"675\" height=\"675\" data-id=\"3666\" src=\"https:\/\/wp.unil.ch\/aesc\/files\/2024\/11\/Camille-edited.jpg\" alt=\"\" class=\"wp-image-3666\" srcset=\"https:\/\/wp.unil.ch\/aesc\/files\/2024\/11\/Camille-edited.jpg 675w, https:\/\/wp.unil.ch\/aesc\/files\/2024\/11\/Camille-edited-300x300.jpg 300w, https:\/\/wp.unil.ch\/aesc\/files\/2024\/11\/Camille-edited-120x120.jpg 120w, https:\/\/wp.unil.ch\/aesc\/files\/2024\/11\/Camille-edited-100x100.jpg 100w\" sizes=\"auto, (max-width: 675px) 100vw, 675px\" \/><figcaption class=\"wp-element-caption\">Camille Jollien<\/figcaption><\/figure>\n<\/figure>\n\n\n\n<h2 class=\"wp-block-heading has-large-font-size\"><strong>Commission du Pare-Bal<\/strong><\/h2>\n\n\n\n<figure class=\"wp-block-table\"><table class=\"has-fixed-layout\"><tbody><tr><td><strong>Responsable de la commision<\/strong><\/td><td>Manon Buret<\/td><\/tr><tr><td><strong>Responsable du bar<\/strong><\/td><td>Sophie Thiaville-Bailly<\/td><\/tr><\/tbody><\/table><\/figure>\n\n\n\n<figure class=\"wp-block-gallery has-nested-images columns-default is-cropped wp-block-gallery-4 is-layout-flex wp-block-gallery-is-layout-flex\">\n<figure class=\"wp-block-image size-large\"><img alt=\"\" loading=\"lazy\" decoding=\"async\" width=\"901\" height=\"901\" data-id=\"3606\" src=\"https:\/\/wp.unil.ch\/aesc\/files\/2023\/10\/Manon-Buret-1-edited.jpeg\" alt=\"\" class=\"wp-image-3606\" srcset=\"https:\/\/wp.unil.ch\/aesc\/files\/2023\/10\/Manon-Buret-1-edited.jpeg 901w, https:\/\/wp.unil.ch\/aesc\/files\/2023\/10\/Manon-Buret-1-edited-300x300.jpeg 300w, https:\/\/wp.unil.ch\/aesc\/files\/2023\/10\/Manon-Buret-1-edited-120x120.jpeg 120w, https:\/\/wp.unil.ch\/aesc\/files\/2023\/10\/Manon-Buret-1-edited-768x768.jpeg 768w, https:\/\/wp.unil.ch\/aesc\/files\/2023\/10\/Manon-Buret-1-edited-100x100.jpeg 100w\" sizes=\"auto, (max-width: 767px) 89vw, (max-width: 1000px) 54vw, (max-width: 1071px) 543px, 580px\" \/><figcaption class=\"wp-element-caption\">Manon Buret<\/figcaption><\/figure>\n\n\n\n<figure class=\"wp-block-image size-large\"><img alt=\"\" loading=\"lazy\" decoding=\"async\" width=\"675\" height=\"675\" data-id=\"3668\" src=\"https:\/\/wp.unil.ch\/aesc\/files\/2024\/11\/sophie-edited.jpg\" alt=\"\" class=\"wp-image-3668\" srcset=\"https:\/\/wp.unil.ch\/aesc\/files\/2024\/11\/sophie-edited.jpg 675w, https:\/\/wp.unil.ch\/aesc\/files\/2024\/11\/sophie-edited-300x300.jpg 300w, https:\/\/wp.unil.ch\/aesc\/files\/2024\/11\/sophie-edited-120x120.jpg 120w, https:\/\/wp.unil.ch\/aesc\/files\/2024\/11\/sophie-edited-100x100.jpg 100w\" sizes=\"auto, (max-width: 675px) 100vw, 675px\" \/><figcaption class=\"wp-element-caption\"><br>Sophie Thiaville-Bailly<\/figcaption><\/figure>\n<\/figure>\n\n\n\n<h2 class=\"wp-block-heading\"><strong>Autres postes<\/strong><\/h2>\n\n\n\n<figure class=\"wp-block-table\"><table><tbody><tr><td><strong>Repr\u00e9sentants FAE<\/strong><\/td><td>Crystel Altenried, Lara Prodanovic<\/td><\/tr><tr><td><strong>Photographes<\/strong><\/td><td>Garance Cenlceme, Marc Voeffray Peyro<\/td><\/tr><tr><td><strong>Graphistes<\/strong><\/td><td>Donnet-Monay&nbsp;Marion, Lena H\u00fcppi, Thibault Gavillet, <br>Stephanie Roessinger<\/td><\/tr><\/tbody><\/table><\/figure>\n\n\n\n<h2 class=\"wp-block-heading has-large-font-size\"><strong>Membres<\/strong><\/h2>\n\n\n\n<h2 class=\"wp-block-heading has-medium-font-size\"><strong>Nombre de membres<\/strong><\/h2>\n\n\n\n<ul class=\"wp-block-list\">\n<li>150<\/li>\n<\/ul>\n\n\n\n<h2 class=\"wp-block-heading\"><strong>Membres d&rsquo;honneur<\/strong><\/h2>\n\n\n\n<ul class=\"wp-block-list\">\n<li>Boll\u00e9 Timothy (depuis le 25\/09\/2017)<\/li>\n\n\n\n<li>Rhumorbarbe Damien (depuis le 25\/09\/2017) <\/li>\n<\/ul>\n","protected":false},"excerpt":{"rendered":"<p>Bureau Co-pr\u00e9sidents Morgane Borel (MSc Sciences forensiques) &amp; Aloys Froidevaux (BSc Sciences forensiques) Tr\u00e9sori\u00e8re Crystel Altenried (BSc Sciences forensiques) Secr\u00e9taire Gascard Elise (MSc Sciences en analyse criminelle et tra\u00e7ologie) Charg\u00e9e de communication et adjointe Buret Manon (MSc Sciences en analyse criminelle et tra\u00e7ologie) &amp; Lily Quignon (BSc Sciences forensiques) V\u00e9rificateur des comptes Cl\u00e9o Berger (Doctorante) &hellip; <\/p>\n<p class=\"link-more\"><a href=\"https:\/\/wp.unil.ch\/aesc\/structure\/membres\/2024-2025\/\" class=\"more-link\">Continuer la lecture<span class=\"screen-reader-text\"> de &laquo;&nbsp;2024-2025&nbsp;&raquo;<\/span><\/a><\/p>\n","protected":false},"author":1002709,"featured_media":0,"parent":21,"menu_order":0,"comment_status":"closed","ping_status":"closed","template":"","meta":{"_seopress_robots_primary_cat":"","_seopress_titles_title":"","_seopress_titles_desc":"","_seopress_robots_index":"","footnotes":""},"class_list":["post-3655","page","type-page","status-publish"],"_links":{"self":[{"href":"https:\/\/wp.unil.ch\/aesc\/wp-json\/wp\/v2\/pages\/3655","targetHints":{"allow":["GET"]}}],"collection":[{"href":"https:\/\/wp.unil.ch\/aesc\/wp-json\/wp\/v2\/pages"}],"about":[{"href":"https:\/\/wp.unil.ch\/aesc\/wp-json\/wp\/v2\/types\/page"}],"author":[{"embeddable":true,"href":"https:\/\/wp.unil.ch\/aesc\/wp-json\/wp\/v2\/users\/1002709"}],"replies":[{"embeddable":true,"href":"https:\/\/wp.unil.ch\/aesc\/wp-json\/wp\/v2\/comments?post=3655"}],"version-history":[{"count":4,"href":"https:\/\/wp.unil.ch\/aesc\/wp-json\/wp\/v2\/pages\/3655\/revisions"}],"predecessor-version":[{"id":3683,"href":"https:\/\/wp.unil.ch\/aesc\/wp-json\/wp\/v2\/pages\/3655\/revisions\/3683"}],"up":[{"embeddable":true,"href":"https:\/\/wp.unil.ch\/aesc\/wp-json\/wp\/v2\/pages\/21"}],"wp:attachment":[{"href":"https:\/\/wp.unil.ch\/aesc\/wp-json\/wp\/v2\/media?parent=3655"}],"curies":[{"name":"wp","href":"https:\/\/api.w.org\/{rel}","templated":true}]}}