{"id":3523,"date":"2021-11-04T16:34:15","date_gmt":"2021-11-04T15:34:15","guid":{"rendered":"https:\/\/wp.unil.ch\/aesc\/?page_id=3523"},"modified":"2024-11-13T14:44:22","modified_gmt":"2024-11-13T13:44:22","slug":"2021-2022","status":"publish","type":"page","link":"https:\/\/wp.unil.ch\/aesc\/structure\/membres\/2021-2022\/","title":{"rendered":"2021-2022"},"content":{"rendered":"\n<h3 class=\"wp-block-heading\"><strong>Bureau<\/strong><\/h3>\n\n\n\n<figure class=\"wp-block-table\"><table><tbody><tr><td><strong>Co-Pr\u00e9sidents<\/strong><\/td><td><em>Cl\u00e9o Berger (MSc Sciences Forensiques) &amp; Manon Chabert (MSc Sciences Forensiques)<\/em><\/td><\/tr><tr><td><strong>Tr\u00e9sorier<\/strong><\/td><td><em>Hala Mahmoud (BSc Sciences Forensiques)<\/em><\/td><\/tr><tr><td><strong>Secr\u00e9taire<\/strong><\/td><td><em>Audrey Schrenzel (MSc Sciences Forensiques)<\/em><\/td><\/tr><tr><td><strong>Charg\u00e9 de communication&nbsp;<\/strong><\/td><td><em>Magali Klein (MSc Sciences Forensiques)<\/em><\/td><\/tr><tr><td><strong>Adjoint charg\u00e9 de communication<\/strong><\/td><td><em>Robin Alotti (<\/em> <em>BSc Sciences Forensiques<\/em> )<\/td><\/tr><tr><td><strong>V\u00e9rificateur des comptes<\/strong><\/td><td><em>Timothy Boll\u00e9&nbsp;(Membre d&rsquo;honneur)&nbsp; &nbsp; &nbsp; &nbsp; &nbsp; &nbsp; &nbsp; &nbsp; &nbsp; &nbsp; <\/em><\/td><\/tr><\/tbody><\/table><\/figure>\n\n\n\n<div class=\"wp-block-image\"><figure class=\"aligncenter size-large\"><img alt=\"\" loading=\"lazy\" decoding=\"async\" width=\"1024\" height=\"683\" src=\"https:\/\/wp.unil.ch\/aesc\/files\/2021\/11\/WhatsApp-Image-2021-10-18-at-21.03.10-1024x683.jpeg\" alt=\"\" class=\"wp-image-3529\" srcset=\"https:\/\/wp.unil.ch\/aesc\/files\/2021\/11\/WhatsApp-Image-2021-10-18-at-21.03.10-1024x683.jpeg 1024w, https:\/\/wp.unil.ch\/aesc\/files\/2021\/11\/WhatsApp-Image-2021-10-18-at-21.03.10-300x200.jpeg 300w, https:\/\/wp.unil.ch\/aesc\/files\/2021\/11\/WhatsApp-Image-2021-10-18-at-21.03.10-768x512.jpeg 768w, https:\/\/wp.unil.ch\/aesc\/files\/2021\/11\/WhatsApp-Image-2021-10-18-at-21.03.10-1536x1024.jpeg 1536w, https:\/\/wp.unil.ch\/aesc\/files\/2021\/11\/WhatsApp-Image-2021-10-18-at-21.03.10.jpeg 1920w\" sizes=\"auto, (max-width: 767px) 89vw, (max-width: 1000px) 54vw, (max-width: 1071px) 543px, 580px\" \/><figcaption><strong>Audrey, Manon, Hala, Cl\u00e9o, Magali<\/strong><\/figcaption><\/figure><\/div>\n\n\n\n<h3 class=\"wp-block-heading\"><strong>Commission culturelle<\/strong><\/h3>\n\n\n\n<figure class=\"wp-block-table\"><table><tbody><tr><td><strong>Responsable de commission<\/strong><\/td><td><em>&nbsp;Axel Steiner (MSc Sciences Forensiques)<\/em><\/td><\/tr><tr><td><strong>Responsables adjoints<\/strong><\/td><td><em>Arthur Greiner (MSc Sciences Forensiques),<br>In\u00e8s Labidi&nbsp; (MSc Sciences Forensiques)<\/em> &amp; <br><em>Anastasia Selivanova<\/em> ( <em>MSc Sciences Forensiques<\/em> )<\/td><\/tr><\/tbody><\/table><\/figure>\n\n\n\n<div class=\"wp-block-image\"><figure class=\"aligncenter size-large\"><img alt=\"\" loading=\"lazy\" decoding=\"async\" width=\"1024\" height=\"683\" src=\"https:\/\/wp.unil.ch\/aesc\/files\/2021\/11\/WhatsApp-Image-2021-10-18-at-21.12.02-1024x683.jpeg\" alt=\"\" class=\"wp-image-3530\" srcset=\"https:\/\/wp.unil.ch\/aesc\/files\/2021\/11\/WhatsApp-Image-2021-10-18-at-21.12.02-1024x683.jpeg 1024w, https:\/\/wp.unil.ch\/aesc\/files\/2021\/11\/WhatsApp-Image-2021-10-18-at-21.12.02-300x200.jpeg 300w, https:\/\/wp.unil.ch\/aesc\/files\/2021\/11\/WhatsApp-Image-2021-10-18-at-21.12.02-768x512.jpeg 768w, https:\/\/wp.unil.ch\/aesc\/files\/2021\/11\/WhatsApp-Image-2021-10-18-at-21.12.02-1536x1024.jpeg 1536w, https:\/\/wp.unil.ch\/aesc\/files\/2021\/11\/WhatsApp-Image-2021-10-18-at-21.12.02.jpeg 1800w\" sizes=\"auto, (max-width: 767px) 89vw, (max-width: 1000px) 54vw, (max-width: 1071px) 543px, 580px\" \/><figcaption><strong>Axel, Arthur, In\u00e8s, Anastasia<\/strong><\/figcaption><\/figure><\/div>\n\n\n\n<h4 class=\"wp-block-heading\">&nbsp;<strong>Membres<\/strong><\/h4>\n\n\n\n<p>A-Hadi Noe<br>Allione Lea<br>Alotti Robin<br>Amoyel Hannah<br>Arintsoa Tahiry<br>Arrieu Jeromine<br>Ballevre Nathan<br>Bau Theo<br>Bellier Chloe<br>Bilger Valerie<br>Bilotta Elisabetta<br>Bolle Timothy<br>Briffaz Timothe<br>Bronnimann Jan<br>Chamot Elisa<br>Cottet Ambre<br>Crot Sebastien<br>De Matos Camille<br>Denigot Anais<br>Desbiolles Antoine<br>Deslex Chiara<br>Domingos Malav Igor<br>Egli Chantal<br>Erne Robin<br>Fischer Manon<br>Fleuranceau Marine<br>Foit Laure<br>Frabboni Thibaut<br>Francisco Deborah<br>Fugere Simon<br>Garnier Valery<br>Gautheret Margaux<br>Gianella Olivier<br>Giannardi Leo<br>Goncalves Boris<br>Gonzalez Fidalgo Marie<br>Greiner Arthur<br>Guillaumat Leonard<br>Huber Stephanie<br>Knubel Sarah<br>Labidi Ines<br>Lahlal Rania<br>Leosego Orane<br>Lepretre Julien<br>Leroy Julie<br>Margot Elie<br>Mercanton Gwendoline<br>Meuret Chloe<br>Moftakhari Nathan<br>Mombelli Samuele<br>Mutzenberg Julien<br>Nguyen Tony thai<br>Ornigg Niels<br>Pageot Ethan<br>Rauss Matthieu<br>Ravaz Delphine<br>Roes Siena<br>Savoie Poitras Gabriel<br>Selivanova Anastasia<br>Steiner Axel<br>Teixeira Ilona<br>Thamaraichelvan Jathavan<br>Tilborg Thomas<br>Trezzini Giada<br>Urionag\u00fcena Szerman Daphn\u00e9<br>Vaccaro Loris<br>Vuillemier Romain<br>Werder Marion<br>Yildirm Mahmut<br>Zini Martina<\/p>\n\n\n\n<h3 class=\"wp-block-heading\">Commission des f\u00eates<\/h3>\n\n\n\n<figure class=\"wp-block-table\"><table><tbody><tr><td><strong>Responsable de commission<\/strong><\/td><td><em>L\u00e9a Allione&nbsp; (BSc Sciences Forensiques)<\/em><\/td><\/tr><tr><td><strong>Responsable adjoint<br><\/strong><\/td><td><em>Louis Nef (BSc Sciences Forensiques)<\/em><\/td><\/tr><\/tbody><\/table><\/figure>\n\n\n\n<figure class=\"wp-block-image size-large\"><img alt=\"\" loading=\"lazy\" decoding=\"async\" width=\"568\" height=\"355\" src=\"https:\/\/wp.unil.ch\/aesc\/files\/2021\/11\/image_2021-11-02_211751-edited.png\" alt=\"\" class=\"wp-image-3534\" srcset=\"https:\/\/wp.unil.ch\/aesc\/files\/2021\/11\/image_2021-11-02_211751-edited.png 568w, https:\/\/wp.unil.ch\/aesc\/files\/2021\/11\/image_2021-11-02_211751-edited-300x188.png 300w\" sizes=\"auto, (max-width: 568px) 100vw, 568px\" \/><figcaption><strong>L\u00e9a, Louis<\/strong><\/figcaption><\/figure>\n\n\n\n<h4 class=\"wp-block-heading\"><strong>Membres<\/strong><\/h4>\n\n\n\n<p>Acevedo Ines<br>Airault Lilou<br>Allione Lea<br>Alotti Robin<br>Amoussou Honorine<br>Amoyel Hannah<br>Arintsoa Tahiry<br>Arrieu Jeromine<br>Azema Capucine<br>Baert Arthur<br>Ballevre Nathan<br>Barbey Guillaume<br>Barillere Gaelle<br>Barras Leo<br>Bau Theo<br>Bazin Diane<br>Bellier Chloe<br>Benassi Victoria<br>Bilger Valerie<br>Bolle Timothy<br>Bolzan Noemie<br>Bonvin Joanne<br>Borel Morgane<br>Braconnier Charlotte<br>Briffaz Timothe<br>Bronnimann Jan<br>Chaille Nell<br>Clivaz Estelle<br>Cottet Ambre<br>Crot Sebastien<br>De Matos Camille<br>Denigot Anais<br>Desbiolles Antoine<br>Deslex Chiara<br>Diaz Valentin<br>Domingos Malav Igor<br>Egli Chantal<br>Elkassis Salwa<br>Enet Lucie<br>Enz Noemi<br>Erne Robin<br>Fischer Manon<br>Fleuranceau Marine<br>Foit Laure<br>Forterre Margot<br>Frabboni Thibaut<br>Francisco Deborah<br>Friche Camille<br>fruh Dania<br>Frutschi Eva<br>Fugere Simon<br>Gaillard Laetitia<br>Garnier Valery<br>Gavillet Thibault<br>Germanier Lauranne<br>Gianella Olivier<br>Godel Elodie<br>Gomes Alexandre<br>Goncalves Boris<br>Gonzalez Fidalgo Marie<br>Goux Lea<br>Guillaumat Leonard<br>Huber Stephanie<br>Knubel Sarah<br>Labidi Ines<br>Lacour Sarah<br>Lahlal Rania<br>Leosego Orane<br>Leroy Julie<br>lopes fernandes Kevin<br>Lucia Estelle<br>Mabru Manon<br>Maillard Audrey<br>Margot Elie<br>Martzloff Geoffrey<br>Mendes Cindy<br>Mercanton Gwendoline<br>Meuret Chloe<br>Meylan Benoit<br>Misso Elise<br>Moftakhari Nathan<br>Mombelli Samuele<br>Mutzenberg Julien<br>Nebili Severin<br>Nef Louis<br>Nguyen Tony thai<br>Ornigg Niels<br>Pageot Ethan<br>Pasche Timothee<br>Pesme Manon<br>Rauss Matthieu<br>Ravaz Delphine<br>Renard Elise<br>Robert Lorine<br>Rochat Alexandre<br>Roes Siena<br>Roulet Amelie<br>Rouquette Jose<br>Sambou Melvyn<br>Savoie Poitras Gabriel<br>Selivanova Anastasia<br>Servida Francesco<br>Siri Lizbeth<br>Tache Gregory<br>Teixeira Ilona<br>Thiery Romane<br>Trezzini Giada<br>Trinquet Megane<br>Urionag\u00fcena Szerman Daphn\u00e9<br>Vaccaro Loris<br>Vandenhoven Marine<br>Vuillemier Romain<br>Werder Marion<br>Woets Romane<br>Zeciri Deana<\/p>\n\n\n\n<h3 class=\"wp-block-heading\">Autres postes<\/h3>\n\n\n\n<p><em>Repr\u00e9sentant&nbsp;FAE&nbsp;:<\/em> Cl\u00e9o Berger <\/p>\n\n\n\n<p><em>Photographes :<\/em> Benassi Victoria, Braconnier Charlotte, Enz Noemi, Labidi Ines &amp;Woets Romane<\/p>\n\n\n\n<p><em>Graphistes :<\/em> Chamot Elisa, Greiner Arthur &amp; Tilborg Thomas<\/p>\n\n\n\n<p><em>Commission des examens et des recours :<\/em>  Tilborg Thomas<\/p>\n\n\n\n<p>Conseil de l\u2019ESC suppl\u00e9ant :  Charlotte Merceron<\/p>\n\n\n\n<p><em>Conseil de Facult\u00e9 :<\/em>  Cl\u00e9o Berger &amp; Charlotte Merceron<\/p>\n\n\n\n<p><em>Conseil de l&rsquo;Universit\u00e9 :<\/em>&nbsp;<\/p>\n\n\n\n<h3 class=\"wp-block-heading\">Membres d&rsquo;Honneur<\/h3>\n\n\n\n<p>Damien Rhumorbarbe (depuis le 25\/09\/2017) Timothy Boll\u00e9 (depuis le 25\/09\/2017)<\/p>\n","protected":false},"excerpt":{"rendered":"<p>Bureau Co-Pr\u00e9sidents Cl\u00e9o Berger (MSc Sciences Forensiques) &amp; Manon Chabert (MSc Sciences Forensiques) Tr\u00e9sorier Hala Mahmoud (BSc Sciences Forensiques) Secr\u00e9taire Audrey Schrenzel (MSc Sciences Forensiques) Charg\u00e9 de communication&nbsp; Magali Klein (MSc Sciences Forensiques) Adjoint charg\u00e9 de communication Robin Alotti ( BSc Sciences Forensiques ) V\u00e9rificateur des comptes Timothy Boll\u00e9&nbsp;(Membre d&rsquo;honneur)&nbsp; &nbsp; &nbsp; &nbsp; &nbsp; &nbsp; &hellip; <\/p>\n<p class=\"link-more\"><a href=\"https:\/\/wp.unil.ch\/aesc\/structure\/membres\/2021-2022\/\" class=\"more-link\">Continuer la lecture<span class=\"screen-reader-text\"> de &laquo;&nbsp;2021-2022&nbsp;&raquo;<\/span><\/a><\/p>\n","protected":false},"author":1002173,"featured_media":0,"parent":21,"menu_order":0,"comment_status":"closed","ping_status":"closed","template":"","meta":{"_seopress_robots_primary_cat":"","_seopress_titles_title":"","_seopress_titles_desc":"","_seopress_robots_index":"","footnotes":""},"class_list":["post-3523","page","type-page","status-publish"],"_links":{"self":[{"href":"https:\/\/wp.unil.ch\/aesc\/wp-json\/wp\/v2\/pages\/3523","targetHints":{"allow":["GET"]}}],"collection":[{"href":"https:\/\/wp.unil.ch\/aesc\/wp-json\/wp\/v2\/pages"}],"about":[{"href":"https:\/\/wp.unil.ch\/aesc\/wp-json\/wp\/v2\/types\/page"}],"author":[{"embeddable":true,"href":"https:\/\/wp.unil.ch\/aesc\/wp-json\/wp\/v2\/users\/1002173"}],"replies":[{"embeddable":true,"href":"https:\/\/wp.unil.ch\/aesc\/wp-json\/wp\/v2\/comments?post=3523"}],"version-history":[{"count":1,"href":"https:\/\/wp.unil.ch\/aesc\/wp-json\/wp\/v2\/pages\/3523\/revisions"}],"predecessor-version":[{"id":3674,"href":"https:\/\/wp.unil.ch\/aesc\/wp-json\/wp\/v2\/pages\/3523\/revisions\/3674"}],"up":[{"embeddable":true,"href":"https:\/\/wp.unil.ch\/aesc\/wp-json\/wp\/v2\/pages\/21"}],"wp:attachment":[{"href":"https:\/\/wp.unil.ch\/aesc\/wp-json\/wp\/v2\/media?parent=3523"}],"curies":[{"name":"wp","href":"https:\/\/api.w.org\/{rel}","templated":true}]}}