{"id":3493,"date":"2020-11-07T13:38:01","date_gmt":"2020-11-07T12:38:01","guid":{"rendered":"https:\/\/wp.unil.ch\/aesc\/?page_id=3493"},"modified":"2020-11-07T16:45:56","modified_gmt":"2020-11-07T15:45:56","slug":"2020-2021","status":"publish","type":"page","link":"https:\/\/wp.unil.ch\/aesc\/structure\/membres\/2020-2021\/","title":{"rendered":"2020-2021"},"content":{"rendered":"\n<h3 class=\"wp-block-heading\"><strong>Bureau<\/strong><\/h3>\n\n\n\n<figure class=\"wp-block-table\"><table><tbody><tr><td><strong>Co-Pr\u00e9sidents<\/strong><\/td><td><em>Faustine Queloz (MSc Sciences Forensiques) &amp; Adeline Sieber (MSc Sciences Forensiques<\/em>)<\/td><\/tr><tr><td><strong>Tr\u00e9sorier<\/strong><\/td><td><em>Melina Vona (MSc Sciences Forensiques)<\/em><\/td><\/tr><tr><td><strong>Secr\u00e9taire<\/strong><\/td><td><em>Audrey Schrenzel (BSc Sciences Forensiques)<\/em><\/td><\/tr><tr><td><strong>Charg\u00e9 de communication&nbsp;<\/strong><\/td><td><em>Magali Klein (BSc Sciences Forensiques)<\/em><\/td><\/tr><tr><td><strong>V\u00e9rificateur des comptes<\/strong><\/td><td><em>Timothy Boll\u00e9&nbsp;(Membre d&rsquo;honneur)<\/em><br><em>Kim Zaugg (MSc Sciences Forensiques)<br>Nikola Saric<\/em> (<em>MSc Sciences Forensiques<\/em>)<\/td><\/tr><\/tbody><\/table><\/figure>\n\n\n\n<h3 class=\"wp-block-heading\"><strong>Commission culturelle<\/strong><\/h3>\n\n\n\n<figure class=\"wp-block-table\"><table><tbody><tr><td><strong>Responsable de commission<\/strong><\/td><td><em>Axel Steiner (<em>MSc Sciences Forensiques<\/em><\/em>)<\/td><\/tr><tr><td><strong>Responsables adjoints<\/strong><\/td><td><em>Arthur Greiner (BSc Sciences Forensiques) &amp;<br>In\u00e8s Labidi (BSc Sciences Forensiques)<\/em><\/td><\/tr><\/tbody><\/table><\/figure>\n\n\n\n<h4 class=\"wp-block-heading\"><strong>Membres<\/strong><\/h4>\n\n\n\n<ul class=\"wp-block-list\" id=\"block-22d37516-012b-4801-8ab0-4682dc4a488a\"><li>Allione L\u00e9a<\/li><li>Bellier Chlo\u00e9<\/li><li>Berger Cl\u00e9o<\/li><li>Bilger Val\u00e9rie<\/li><li>Bilotta Elisabetta<\/li><li>Boll\u00e9 Timothy<\/li><li>Brutsh Mirjam<\/li><li>Br\u00f6nnimann Jan<\/li><li>Charmot Elisa<\/li><li>Coupez Alexia<\/li><li>Creux C\u00e9lia<\/li><li>Daridon Nathan<\/li><li>Desbiolles Antoine<\/li><li>Deslex Chiara<\/li><li>Egli Chantal<\/li><li>Fransisco D\u00e9borah<\/li><li>Frey Yannis<\/li><li>Garnier Val\u00e9ry<\/li><li>Gianella Olivier<\/li><li>Gon\u00e7alves Boris<\/li><li>Greiner Artur<\/li><li>Huber Stephanie<\/li><li>Labidi In\u00e8s<\/li><li>Moftakhari Nathan<\/li><li>Monrat Emilie<\/li><li>Morenne H\u00e9l\u00e8ne<\/li><li>Morpurgo Luisa<\/li><li>Pallard Quenet Lally<\/li><li>Ravaz Delphine<\/li><li>Rhumorbarbe Damien<\/li><li>Saric Nikola<\/li><li>Steiner Axel<\/li><li>Szulek Isaac<\/li><li>Tache Gr\u00e9gory<\/li><li>Tilborg Thomas<\/li><li>Turner Matthew<\/li><li>Vaccaro Loris<\/li><li>Zaugg Kim<\/li><\/ul>\n\n\n\n<h3 class=\"wp-block-heading\">Commission des f\u00eates<\/h3>\n\n\n\n<figure class=\"wp-block-table\"><table><tbody><tr><td><strong>Responsable de commission<\/strong><\/td><td><em>Manon Chabert <\/em>(BSc Sciences Forensiques)<\/td><\/tr><tr><td><strong>Responsable adjoint<br><\/strong><\/td><td><em>Adrian Garcia Pousada (BSc Sciences Forensiques)<\/em><\/td><\/tr><\/tbody><\/table><\/figure>\n\n\n\n<h4 class=\"wp-block-heading\">Membres<\/h4>\n\n\n\n<ul class=\"wp-block-list\" id=\"block-8c485e3c-bda6-4c77-9a38-e8fb9edf182b\"><li>Allione L\u00e9a<\/li><li>Alotti Robin<\/li><li>Azema Capucine<\/li><li>Bellier Chlo\u00e9<\/li><li>Berger Cl\u00e9o<\/li><li>Bilger Val\u00e9rie<\/li><li>Boll\u00e9 Timothy<\/li><li>Bonvin Joanne<\/li><li>Braconnier Charlotte<\/li><li>Br\u00f6nnimann Jan<\/li><li>Chabert Manon<\/li><li>Coupez Alexia<\/li><li>Creux C\u00e9lia<\/li><li>Daridon Nathan<\/li><li>Demathieu Emma<\/li><li>Desbiolles Antoine<\/li><li>Deslex Chiara<\/li><li>Egli Chantal<\/li><li>Frey Yannis<\/li><li>Gaillard Laetitia<\/li><li>Garcia Pousada Adrian<\/li><li>Garnier Val\u00e9ry<\/li><li>Gianella Olivier<\/li><li>Goastellec-Losego Orane<\/li><li>Greiner Artur<\/li><li>Huber Stephanie<\/li><li>Iven Nina<\/li><li>Labidi In\u00e8s<\/li><li>Lacour Sarah<\/li><li>Mahmoud Hala<\/li><li>Martzloff Geoffrey<\/li><li>Moftakhari Nathan<\/li><li>Monrat Emilie<\/li><li>Morenne H\u00e9l\u00e8ne<\/li><li>Morpurgo Luisa<\/li><li>Mossu Christelle<\/li><li>Pesme Manon<\/li><li>Ravaz Delphine<\/li><li>Rhumorbarbe Damien<\/li><li>Sattiva Chlo\u00e9<\/li><li>Savidant Tristan<\/li><li>Tache Gr\u00e9gory<\/li><li>Tilborg Thomas<\/li><li>Turner Matthew<\/li><li>Vaccaro Loris<\/li><li>woets Romane<\/li><\/ul>\n\n\n\n<h3 class=\"wp-block-heading\">Autres postes <\/h3>\n\n\n<p>Repr\u00e9sentant FAE : Berger Cl\u00e9o<\/p>\n<p>Photographes : Chamot Elisa, Labidi In\u00e8s &amp; Tillborg Thomas<\/p>\n<p>Graphistes : Gianella Olivier, Greiner Arthur &amp; Monrat Emilie<\/p>\n<p>Commission des examens et des recours : Vona M\u00e9lina<\/p>\n<p>Conseil de l&rsquo;ESC : Queloz Faustine, Roquet Simon &amp; Zaugg Kim<\/p>\n<p>Conseil de l&rsquo;ESC suppl\u00e9ant : Sieber Adeline<\/p>\n<p>Conseil de facult\u00e9 : Queloz Faustine<\/p>\n<p>Conseil de l&rsquo;universit\u00e9 : \/<\/p>\n\n\n<h3 class=\"wp-block-heading\"><strong>Membres d&rsquo;Honneur<\/strong><\/h3>\n\n\n\n<p>Rhumorbarbe Damien (depuis le 25\/09\/2017) &amp;&nbsp;Boll\u00e9 Timothy (depuis le 25\/09\/2017)<\/p>\n","protected":false},"excerpt":{"rendered":"<p>Bureau Co-Pr\u00e9sidents Faustine Queloz (MSc Sciences Forensiques) &amp; Adeline Sieber (MSc Sciences Forensiques) Tr\u00e9sorier Melina Vona (MSc Sciences Forensiques) Secr\u00e9taire Audrey Schrenzel (BSc Sciences Forensiques) Charg\u00e9 de communication&nbsp; Magali Klein (BSc Sciences Forensiques) V\u00e9rificateur des comptes Timothy Boll\u00e9&nbsp;(Membre d&rsquo;honneur)Kim Zaugg (MSc Sciences Forensiques)Nikola Saric (MSc Sciences Forensiques) Commission culturelle Responsable de commission Axel Steiner (MSc &hellip; <\/p>\n<p class=\"link-more\"><a href=\"https:\/\/wp.unil.ch\/aesc\/structure\/membres\/2020-2021\/\" class=\"more-link\">Continuer la lecture<span class=\"screen-reader-text\"> de &laquo;&nbsp;2020-2021&nbsp;&raquo;<\/span><\/a><\/p>\n","protected":false},"author":1002173,"featured_media":0,"parent":21,"menu_order":-1,"comment_status":"closed","ping_status":"closed","template":"","meta":{"_seopress_robots_primary_cat":"","_seopress_titles_title":"","_seopress_titles_desc":"","_seopress_robots_index":"","footnotes":""},"class_list":["post-3493","page","type-page","status-publish"],"_links":{"self":[{"href":"https:\/\/wp.unil.ch\/aesc\/wp-json\/wp\/v2\/pages\/3493","targetHints":{"allow":["GET"]}}],"collection":[{"href":"https:\/\/wp.unil.ch\/aesc\/wp-json\/wp\/v2\/pages"}],"about":[{"href":"https:\/\/wp.unil.ch\/aesc\/wp-json\/wp\/v2\/types\/page"}],"author":[{"embeddable":true,"href":"https:\/\/wp.unil.ch\/aesc\/wp-json\/wp\/v2\/users\/1002173"}],"replies":[{"embeddable":true,"href":"https:\/\/wp.unil.ch\/aesc\/wp-json\/wp\/v2\/comments?post=3493"}],"version-history":[{"count":0,"href":"https:\/\/wp.unil.ch\/aesc\/wp-json\/wp\/v2\/pages\/3493\/revisions"}],"up":[{"embeddable":true,"href":"https:\/\/wp.unil.ch\/aesc\/wp-json\/wp\/v2\/pages\/21"}],"wp:attachment":[{"href":"https:\/\/wp.unil.ch\/aesc\/wp-json\/wp\/v2\/media?parent=3493"}],"curies":[{"name":"wp","href":"https:\/\/api.w.org\/{rel}","templated":true}]}}