{"id":34,"date":"2010-01-19T21:11:28","date_gmt":"2010-01-19T20:11:28","guid":{"rendered":"http:\/\/wp.unil.ch\/aesc\/?page_id=34"},"modified":"2017-09-28T23:11:15","modified_gmt":"2017-09-28T21:11:15","slug":"2008-2009","status":"publish","type":"page","link":"https:\/\/wp.unil.ch\/aesc\/structure\/membres\/2008-2009\/","title":{"rendered":"2008-2009"},"content":{"rendered":"<h2 style=\"text-align: center\">Liste des membres de l&rsquo;exercice 2008-2009<\/h2>\n<h3><strong><span style=\"color: #ff6600\">Bureau<\/span><\/strong><\/h3>\n<table style=\"height: 200px\" border=\"0\" width=\"600\" cellspacing=\"2\" cellpadding=\"1\">\n<tbody>\n<tr>\n<td>\n<h6><strong>Pr\u00e9sidente<\/strong><\/h6>\n<\/td>\n<td><em>Emilie Zamora <\/em><em>(MSc Sciences Forensiques)<\/em><\/td>\n<\/tr>\n<tr>\n<td>\n<h6><strong>Vice-Pr\u00e9sident<\/strong><\/h6>\n<\/td>\n<td><em> <em>Aur\u00e8le Scoundrianos (Msc Sciences Forensiques)<br \/>\n<\/em><\/em><\/td>\n<\/tr>\n<tr>\n<td>\n<h6><strong>Tr\u00e9sori\u00e8re<\/strong><\/h6>\n<\/td>\n<td><em>M\u00e9lanie Eudes <\/em><em>(BSc Sciences Forensiques)<\/em><\/td>\n<\/tr>\n<tr>\n<td>\n<h6><strong>Secr\u00e9taire<\/strong><\/h6>\n<\/td>\n<td><em>M\u00e9lanie Eudes\u00a0 <em>(BSc Sciences Forensiques)<\/em> <\/em><\/td>\n<\/tr>\n<\/tbody>\n<\/table>\n<h3><strong><span style=\"color: #ff6600\">Commission culturelle<\/span><\/strong><\/h3>\n<table style=\"height: 38px\" border=\"0\" width=\"600\" cellspacing=\"2\" cellpadding=\"1\">\n<tbody>\n<tr>\n<td>\n<h6><strong>Responsable de commission<br \/>\n<\/strong><\/h6>\n<\/td>\n<td><em>Simon Baechler (Msc Sciences Forensiques)<br \/>\n<\/em><\/td>\n<\/tr>\n<\/tbody>\n<\/table>\n<h6><strong><strong>Membres<\/strong><\/strong><\/h6>\n<ul>\n<li><em>M\u00e9lanie Eudes (BSc Sciences Forensiques)\u00a0<\/em><\/li>\n<li><em>Ruth Fischer (MSc Sciences Forensiques)<\/em><em>\u00a0<\/em><\/li>\n<li><em> Lauriane Fuchs (MSc Sciences Forensiques) <\/em><\/li>\n<li><em> <em>Aline Girod (PhD Student) <\/em> <\/em><\/li>\n<li><em> Agn\u00e8s Koenig (MSc Sciences Forensiques) <\/em><\/li>\n<li><em>Aur\u00e8le Scoundrianos (MSc Sciences Forensiques)<\/em><\/li>\n<\/ul>\n<h3><strong><span style=\"color: #ff6600\">Commission des f\u00eates<br \/>\n<\/span><\/strong><\/h3>\n<table style=\"height: 38px\" border=\"0\" width=\"600\" cellspacing=\"2\" cellpadding=\"1\">\n<tbody>\n<tr>\n<td>\n<h6><strong>Responsable de commission<br \/>\n<\/strong><\/h6>\n<\/td>\n<td><em>St\u00e9phane Junod (MSc Sciences Forensiques)<\/em><\/td>\n<\/tr>\n<\/tbody>\n<\/table>\n<h6><strong><strong>Membres<\/strong><\/strong><\/h6>\n<ul>\n<li><em> Pascal Durussel (MSc Sciences Forensiques) <\/em><\/li>\n<li><em> Ruth Fischer (MSc Sciences Forensiques) <\/em><\/li>\n<li><em> Agn\u00e8s Koenig (MSc Sciences Forensiques) <\/em><\/li>\n<li><em> Ana\u00efs Loeffel (MLaw Magistrature) <\/em><\/li>\n<li><em> Laetitia Maddalena (BSc Sciences Forensiques) <\/em><\/li>\n<li><em> Mikael Petit (MSc Sciences Forensiques) <\/em><\/li>\n<li><em> Damien Rizet (MSc Sciences Forensiques) <\/em><\/li>\n<li><em> Karoline Riou (BSc Sciences Forensiques) <\/em><\/li>\n<li><em>Emanuele Sironi (MSc Sciences Forensiques)<\/em><\/li>\n<\/ul>\n<h3><strong><span style=\"color: #ff6600\">Commission sponsoring<\/span><\/strong><\/h3>\n<table style=\"height: 38px\" border=\"0\" width=\"600\" cellspacing=\"2\" cellpadding=\"1\">\n<tbody>\n<tr>\n<td>\n<h6><strong>Responsable de commission<br \/>\n<\/strong><\/h6>\n<\/td>\n<td><em>Damien Rizet <\/em><em>(MSc Sciences Forensiques)<\/em><\/td>\n<\/tr>\n<\/tbody>\n<\/table>\n<h6><strong>Membres<\/strong><\/h6>\n<ul>\n<li><em>Simon Baechler (MSc Sciences Forensiques)\u00a0<\/em><\/li>\n<li><em> Mikael Petit (MSc Sciences Forensiques) <\/em><\/li>\n<li><em>Karoline Riou (BSc Sciences Forensiques)<\/em><\/li>\n<\/ul>\n","protected":false},"excerpt":{"rendered":"<p>Liste des membres de l&rsquo;exercice 2008-2009 Bureau Pr\u00e9sidente Emilie Zamora (MSc Sciences Forensiques) Vice-Pr\u00e9sident Aur\u00e8le Scoundrianos (Msc Sciences Forensiques) Tr\u00e9sori\u00e8re M\u00e9lanie Eudes (BSc Sciences Forensiques) Secr\u00e9taire M\u00e9lanie Eudes\u00a0 (BSc Sciences Forensiques) Commission culturelle Responsable de commission Simon Baechler (Msc Sciences Forensiques) Membres M\u00e9lanie Eudes (BSc Sciences Forensiques)\u00a0 Ruth Fischer (MSc Sciences Forensiques)\u00a0 Lauriane Fuchs (MSc &hellip; <\/p>\n<p class=\"link-more\"><a href=\"https:\/\/wp.unil.ch\/aesc\/structure\/membres\/2008-2009\/\" class=\"more-link\">Continuer la lecture<span class=\"screen-reader-text\"> de &laquo;&nbsp;2008-2009&nbsp;&raquo;<\/span><\/a><\/p>\n","protected":false},"author":165,"featured_media":0,"parent":21,"menu_order":9,"comment_status":"closed","ping_status":"closed","template":"","meta":{"_seopress_robots_primary_cat":"","_seopress_titles_title":"","_seopress_titles_desc":"","_seopress_robots_index":"","footnotes":""},"class_list":["post-34","page","type-page","status-publish"],"_links":{"self":[{"href":"https:\/\/wp.unil.ch\/aesc\/wp-json\/wp\/v2\/pages\/34","targetHints":{"allow":["GET"]}}],"collection":[{"href":"https:\/\/wp.unil.ch\/aesc\/wp-json\/wp\/v2\/pages"}],"about":[{"href":"https:\/\/wp.unil.ch\/aesc\/wp-json\/wp\/v2\/types\/page"}],"author":[{"embeddable":true,"href":"https:\/\/wp.unil.ch\/aesc\/wp-json\/wp\/v2\/users\/165"}],"replies":[{"embeddable":true,"href":"https:\/\/wp.unil.ch\/aesc\/wp-json\/wp\/v2\/comments?post=34"}],"version-history":[{"count":0,"href":"https:\/\/wp.unil.ch\/aesc\/wp-json\/wp\/v2\/pages\/34\/revisions"}],"up":[{"embeddable":true,"href":"https:\/\/wp.unil.ch\/aesc\/wp-json\/wp\/v2\/pages\/21"}],"wp:attachment":[{"href":"https:\/\/wp.unil.ch\/aesc\/wp-json\/wp\/v2\/media?parent=34"}],"curies":[{"name":"wp","href":"https:\/\/api.w.org\/{rel}","templated":true}]}}