{"id":2863,"date":"2017-09-27T19:57:52","date_gmt":"2017-09-27T17:57:52","guid":{"rendered":"http:\/\/wp.unil.ch\/aesc\/?page_id=2863"},"modified":"2018-03-10T18:17:16","modified_gmt":"2018-03-10T17:17:16","slug":"2017-2018","status":"publish","type":"page","link":"https:\/\/wp.unil.ch\/aesc\/structure\/membres\/2017-2018\/","title":{"rendered":"2017-2018"},"content":{"rendered":"<h3><strong>Bureau<br \/>\n<\/strong><\/h3>\n<table border=\"0\" cellspacing=\"2\" cellpadding=\"2\">\n<tbody>\n<tr>\n<td>\n<h6><strong>Co-Pr\u00e9sidents<\/strong><\/h6>\n<\/td>\n<td><em>No\u00e9mie Bitschnau\u00a0<\/em><em>(MSc Sciences Forensiques) &amp;<br \/>\n<\/em><em>Adrien Vincart\u00a0(MSc Sciences Forensiques)<\/em><\/td>\n<\/tr>\n<tr>\n<td>\n<h6><strong>Tr\u00e9sorier<\/strong><\/h6>\n<\/td>\n<td><em>Lucy Haas (BSc Sciences Forensiques)<br \/>\n<\/em><\/td>\n<\/tr>\n<tr>\n<td>\n<h6><strong>Secr\u00e9taire<\/strong><\/h6>\n<\/td>\n<td><em>Margaux Dupuy (MSc Sciences Forensiques)<\/em><\/td>\n<\/tr>\n<tr>\n<td>\n<h6><strong>Charg\u00e9 de communication\u00a0<\/strong><\/h6>\n<\/td>\n<td><em>Florian Honor\u00e9\u00a0<\/em><em>(MSc Sciences Forensiques)<\/em><\/td>\n<\/tr>\n<tr>\n<td>\n<h6><strong>V\u00e9rificateurs des comptes<\/strong><\/h6>\n<\/td>\n<td><em>Tim Boll\u00e9 (Membre d&rsquo;Honneur) &amp; VACAT<br \/>\n<\/em><\/td>\n<\/tr>\n<\/tbody>\n<\/table>\n<table border=\"1\" cellspacing=\"1\" cellpadding=\"1\">\n<tbody>\n<tr>\n<td>\n<p><img alt=\"\" loading=\"lazy\" decoding=\"async\" class=\"wp-image-2494 size-medium aligncenter\" src=\"https:\/\/wp.unil.ch\/aesc\/files\/2016\/10\/DSC_0097-300x208.jpg\" alt=\"\" width=\"300\" height=\"208\" srcset=\"https:\/\/wp.unil.ch\/aesc\/files\/2016\/10\/DSC_0097-300x208.jpg 300w, https:\/\/wp.unil.ch\/aesc\/files\/2016\/10\/DSC_0097-768x531.jpg 768w, https:\/\/wp.unil.ch\/aesc\/files\/2016\/10\/DSC_0097-1024x709.jpg 1024w, https:\/\/wp.unil.ch\/aesc\/files\/2016\/10\/DSC_0097.jpg 1156w\" sizes=\"auto, (max-width: 300px) 100vw, 300px\" \/><\/p>\n<p>No\u00e9mie et Adrien<\/td>\n<td>\n<p><img alt=\"\" loading=\"lazy\" decoding=\"async\" class=\"wp-image-2954 aligncenter\" src=\"https:\/\/wp.unil.ch\/aesc\/files\/2010\/01\/IMG_0017-e1507374331194.jpg\" alt=\"\" width=\"164\" height=\"246\" \/><\/p>\n<p>Lucy<\/td>\n<td>\n<p><img alt=\"\" loading=\"lazy\" decoding=\"async\" class=\"wp-image-2518 aligncenter\" src=\"https:\/\/wp.unil.ch\/aesc\/files\/2016\/10\/DSC_0099-262x300.jpg\" alt=\"\" width=\"221\" height=\"253\" srcset=\"https:\/\/wp.unil.ch\/aesc\/files\/2016\/10\/DSC_0099-262x300.jpg 262w, https:\/\/wp.unil.ch\/aesc\/files\/2016\/10\/DSC_0099.jpg 698w\" sizes=\"auto, (max-width: 221px) 100vw, 221px\" \/><\/p>\n<p>Margaux<\/td>\n<td>\n<p><img alt=\"\" loading=\"lazy\" decoding=\"async\" class=\"wp-image-2519 aligncenter\" src=\"https:\/\/wp.unil.ch\/aesc\/files\/2016\/10\/DSC_0105-265x300.jpg\" alt=\"\" width=\"221\" height=\"250\" srcset=\"https:\/\/wp.unil.ch\/aesc\/files\/2016\/10\/DSC_0105-265x300.jpg 265w, https:\/\/wp.unil.ch\/aesc\/files\/2016\/10\/DSC_0105.jpg 706w\" sizes=\"auto, (max-width: 221px) 100vw, 221px\" \/><\/p>\n<p>Florian<\/td>\n<\/tr>\n<\/tbody>\n<\/table>\n<h3><\/h3>\n<h3><strong>Commission culturelle<\/strong><\/h3>\n<table border=\"0\" cellspacing=\"2\" cellpadding=\"1\">\n<tbody>\n<tr>\n<td>\n<h6><strong>Responsable de commission<\/strong><\/h6>\n<\/td>\n<td><em>\u00a0Pascal Lavenex (BSc Sciences Forensiques)<br \/>\n<\/em><\/td>\n<\/tr>\n<tr>\n<td>\n<h6><strong>Responsable adjoint<\/strong><\/h6>\n<\/td>\n<td><em>Kim Zaugg (BSc Sciences Forensiques) &amp;<br \/>\n<\/em><em>Roxana Gutierrez Rojas (BSc Sciences Forensiques)<\/em><\/td>\n<\/tr>\n<\/tbody>\n<\/table>\n<table border=\"1\" cellspacing=\"1\" cellpadding=\"1\" align=\"center\">\n<tbody>\n<tr>\n<td>\n<p><img alt=\"\" loading=\"lazy\" decoding=\"async\" class=\"alignleft wp-image-3151 size-thumbnail\" src=\"https:\/\/wp.unil.ch\/aesc\/files\/2018\/03\/IMG_0013-120x120.jpg\" alt=\"\" width=\"120\" height=\"120\" srcset=\"https:\/\/wp.unil.ch\/aesc\/files\/2018\/03\/IMG_0013-120x120.jpg 120w, https:\/\/wp.unil.ch\/aesc\/files\/2018\/03\/IMG_0013-90x90.jpg 90w\" sizes=\"auto, (max-width: 120px) 100vw, 120px\" \/><img alt=\"\" loading=\"lazy\" decoding=\"async\" class=\"alignleft wp-image-3152 size-thumbnail\" src=\"https:\/\/wp.unil.ch\/aesc\/files\/2018\/03\/73-1-120x120.jpg\" alt=\"\" width=\"120\" height=\"120\" srcset=\"https:\/\/wp.unil.ch\/aesc\/files\/2018\/03\/73-1-120x120.jpg 120w, https:\/\/wp.unil.ch\/aesc\/files\/2018\/03\/73-1-90x90.jpg 90w\" sizes=\"auto, (max-width: 120px) 100vw, 120px\" \/><img alt=\"\" loading=\"lazy\" decoding=\"async\" class=\"alignleft wp-image-3150 size-thumbnail\" src=\"https:\/\/wp.unil.ch\/aesc\/files\/2018\/03\/IMG_7172-120x120.jpg\" alt=\"\" width=\"120\" height=\"120\" srcset=\"https:\/\/wp.unil.ch\/aesc\/files\/2018\/03\/IMG_7172-120x120.jpg 120w, https:\/\/wp.unil.ch\/aesc\/files\/2018\/03\/IMG_7172-90x90.jpg 90w\" sizes=\"auto, (max-width: 120px) 100vw, 120px\" \/><\/p>\n<p>&nbsp;<\/p>\n<p>&nbsp;<\/p>\n<p>&nbsp;<\/p>\n<p>Pascal, Kim &amp; Roxana<\/td>\n<\/tr>\n<\/tbody>\n<\/table>\n<h6>\u00a0<strong>Membres<\/strong><\/h6>\n<ul>\n<li>Ambre Jeanneret<\/li>\n<li>Aliz\u00e9e Prod&rsquo;Hom<\/li>\n<li>C\u00e9line Kung<\/li>\n<li>Charlotte Klein<\/li>\n<li>David Rumo<\/li>\n<li>\u00c9tienne Petit<\/li>\n<li>Fanny Caloz<\/li>\n<li>Florian Gumy<\/li>\n<li>Julia Fischer<\/li>\n<li>Laura Fighera<\/li>\n<li>Leana Fluckiger<\/li>\n<li>L\u00e9o Giannardi<\/li>\n<li>Lilou Risacher<\/li>\n<li>Martin Sand<\/li>\n<li>Melina Vona<\/li>\n<li>Raquel Neto Dias<\/li>\n<li>Sami Tekari<\/li>\n<li>Samuel Bovy<\/li>\n<li>Sol\u00e8ne Lugon-Moulin<\/li>\n<li>Yu Chen Lim<\/li>\n<\/ul>\n<h3><\/h3>\n<h3>Commission des f\u00eates<\/h3>\n<table border=\"0\" cellspacing=\"2\" cellpadding=\"1\">\n<tbody>\n<tr>\n<td>\n<h6><strong>Responsable de commission<\/strong><\/h6>\n<\/td>\n<td><em>Manon Fischer\u00a0(MSc Sciences Forensiques)<\/em><\/td>\n<\/tr>\n<tr>\n<td>\n<h6><strong>Responsable adjoint<br \/>\n<\/strong><\/h6>\n<\/td>\n<td><em>Faustine Queloz (BSc Sciences Forensiques)<\/em><\/td>\n<\/tr>\n<\/tbody>\n<\/table>\n<table border=\"1\" cellspacing=\"1\" cellpadding=\"1\" align=\"center\">\n<tbody>\n<tr>\n<td>\n<p><img alt=\"\" loading=\"lazy\" decoding=\"async\" class=\"size-full wp-image-2955 alignnone\" src=\"https:\/\/wp.unil.ch\/aesc\/files\/2010\/01\/DSC_0062.jpg\" alt=\"\" width=\"157\" height=\"236\" \/><img alt=\"\" loading=\"lazy\" decoding=\"async\" class=\"size-full wp-image-2953 alignnone\" src=\"https:\/\/wp.unil.ch\/aesc\/files\/2010\/01\/DSC_0013.jpg\" alt=\"\" width=\"157\" height=\"236\" \/><\/p>\n<p>Manon &amp; Faustine<\/td>\n<\/tr>\n<\/tbody>\n<\/table>\n<h4><strong>Membres<\/strong><\/h4>\n<ul>\n<li>Adeline Sieber<\/li>\n<li>Alain Iglesias<\/li>\n<li>Alexandre Barris<\/li>\n<li>Ambre Jeanneret<\/li>\n<li>Anais Beigneux<\/li>\n<li>Anna Zehnder<\/li>\n<li>Anouk Chalaron<\/li>\n<li>Audrey Maillard<\/li>\n<li>Caroline Moutiez<\/li>\n<li>Catherine Schaus<\/li>\n<li>C\u00e9line\u00a0 Kung<\/li>\n<li>Chaline Hannen<\/li>\n<li>Charlotte Klein<\/li>\n<li>Chlo\u00e9 Sattiva<\/li>\n<li>Chlo\u00e9 Giraud<\/li>\n<li>Chlo\u00e9 Roussel<\/li>\n<li>Clarisse Boyer<\/li>\n<li>Cleo Berger<\/li>\n<li>Esther Fantin<\/li>\n<li>\u00c9tienne Petit<\/li>\n<li>Fanny Allegre<\/li>\n<li>Fanny Caloz<\/li>\n<li>Francesco Servida<\/li>\n<li>Geraldine Gobat<\/li>\n<li>Juliette Traiber<\/li>\n<li>Kevin Buffaz<\/li>\n<li>Kilian Hoffmeyer<\/li>\n<li>Laura Duchesneau<\/li>\n<li>Laura Fighera<\/li>\n<li>Laure Pierron<\/li>\n<li>Lea Nickel<\/li>\n<li>Leana Fluckiger<\/li>\n<li>Leo Giannardi<\/li>\n<li>Lilou Risacher<\/li>\n<li>Louise Dubout<\/li>\n<li>Lucie Dubost<\/li>\n<li>Lucie Enet<\/li>\n<li>Lucie Treton<\/li>\n<li>Malou Den Harder<\/li>\n<li>Mariam Diallo<\/li>\n<li>Marine Denel<\/li>\n<li>Martin Sans<\/li>\n<li>Martina Robbiani<\/li>\n<li>Melissa Bryois<\/li>\n<li>Michel Saner<\/li>\n<li>Nicolas Sacroug<\/li>\n<li>Raquel Neto Dias<\/li>\n<li>Sami Tekari<\/li>\n<li>Virginie Redout\u00e9<\/li>\n<li>Xavier Burri<\/li>\n<\/ul>\n<h3>Autres postes<\/h3>\n<div>Repr\u00e9santants FAE\u00a0: Pascal Lavenex &amp; VACAT<\/div>\n<div>Photographes : Francesco Servida, Anna Zehnder &amp; Catherine Schaus<\/div>\n<div>Commission des examens et des recours : Ambre Jeanneret<\/div>\n<div>Conseil de l&rsquo;ESC : Ambre Jeanneret, Manon Fischer &amp; No\u00e9mie Bitschnau (Suppl\u00e9ant-e-s : Margaux Dupuy &amp; Florian Honor\u00e9)<\/div>\n<div>Conseil de Facult\u00e9 : Melissa Bryois &amp;\u00a0Ambre Jeanneret<\/div>\n<div>Conseil de l&rsquo;Universit\u00e9 : Adrien Vincart<\/div>\n<div><\/div>\n<h3>Membres d&rsquo;Honneur<\/h3>\n<div>\n<div>Damien Rhumorbarbe (depuis le 25\/09\/2017)<\/div>\n<div>Timothy Boll\u00e9 (depuis le 25\/09\/2017)<\/div>\n<\/div>\n","protected":false},"excerpt":{"rendered":"<p>Bureau Co-Pr\u00e9sidents No\u00e9mie Bitschnau\u00a0(MSc Sciences Forensiques) &amp; Adrien Vincart\u00a0(MSc Sciences Forensiques) Tr\u00e9sorier Lucy Haas (BSc Sciences Forensiques) Secr\u00e9taire Margaux Dupuy (MSc Sciences Forensiques) Charg\u00e9 de communication\u00a0 Florian Honor\u00e9\u00a0(MSc Sciences Forensiques) V\u00e9rificateurs des comptes Tim Boll\u00e9 (Membre d&rsquo;Honneur) &amp; VACAT No\u00e9mie et Adrien Lucy Margaux Florian Commission culturelle Responsable de commission \u00a0Pascal Lavenex (BSc Sciences Forensiques) &hellip; <\/p>\n<p class=\"link-more\"><a href=\"https:\/\/wp.unil.ch\/aesc\/structure\/membres\/2017-2018\/\" class=\"more-link\">Continuer la lecture<span class=\"screen-reader-text\"> de &laquo;&nbsp;2017-2018&nbsp;&raquo;<\/span><\/a><\/p>\n","protected":false},"author":157,"featured_media":0,"parent":21,"menu_order":0,"comment_status":"closed","ping_status":"closed","template":"","meta":{"_seopress_robots_primary_cat":"","_seopress_titles_title":"","_seopress_titles_desc":"","_seopress_robots_index":"","footnotes":""},"class_list":["post-2863","page","type-page","status-publish"],"_links":{"self":[{"href":"https:\/\/wp.unil.ch\/aesc\/wp-json\/wp\/v2\/pages\/2863","targetHints":{"allow":["GET"]}}],"collection":[{"href":"https:\/\/wp.unil.ch\/aesc\/wp-json\/wp\/v2\/pages"}],"about":[{"href":"https:\/\/wp.unil.ch\/aesc\/wp-json\/wp\/v2\/types\/page"}],"author":[{"embeddable":true,"href":"https:\/\/wp.unil.ch\/aesc\/wp-json\/wp\/v2\/users\/157"}],"replies":[{"embeddable":true,"href":"https:\/\/wp.unil.ch\/aesc\/wp-json\/wp\/v2\/comments?post=2863"}],"version-history":[{"count":0,"href":"https:\/\/wp.unil.ch\/aesc\/wp-json\/wp\/v2\/pages\/2863\/revisions"}],"up":[{"embeddable":true,"href":"https:\/\/wp.unil.ch\/aesc\/wp-json\/wp\/v2\/pages\/21"}],"wp:attachment":[{"href":"https:\/\/wp.unil.ch\/aesc\/wp-json\/wp\/v2\/media?parent=2863"}],"curies":[{"name":"wp","href":"https:\/\/api.w.org\/{rel}","templated":true}]}}