{"id":2489,"date":"2016-10-30T12:13:00","date_gmt":"2016-10-30T11:13:00","guid":{"rendered":"http:\/\/wp.unil.ch\/aesc\/?page_id=2489"},"modified":"2021-03-10T09:56:24","modified_gmt":"2021-03-10T08:56:24","slug":"2016-2017","status":"publish","type":"page","link":"https:\/\/wp.unil.ch\/aesc\/structure\/membres\/2016-2017\/","title":{"rendered":"2016-2017"},"content":{"rendered":"<h3><strong>Bureau<br \/>\n<\/strong><\/h3>\n<table style=\"width: 600px\" border=\"0\" cellspacing=\"2\" cellpadding=\"2\">\n<tbody>\n<tr>\n<td>\n<h6><strong>Co-Pr\u00e9sidents<\/strong><\/h6>\n<\/td>\n<td><em>No\u00e9mie Bitschnau\u00a0<\/em><em>(MSc Sciences Forensiques) &amp;<br \/>\n<\/em><em>Adrien Vincart\u00a0(MSc Sciences Forensiques)<\/em><\/td>\n<\/tr>\n<tr>\n<td>\n<h6><strong>Tr\u00e9sorier<\/strong><\/h6>\n<\/td>\n<td><em>Tim Gelmi <\/em><em>(MSc Sciences Forensiques)<br \/>\n<\/em><em>Lucy Haas (BSc Sciences Forensiques)<br \/>\n<\/em><\/td>\n<\/tr>\n<tr>\n<td>\n<h6><strong>Secr\u00e9taire<\/strong><\/h6>\n<\/td>\n<td><em>Margaux Dupuy (MSc Sciences Forensiques)<\/em><\/td>\n<\/tr>\n<tr>\n<td>\n<h6><strong>Charg\u00e9 de communication\u00a0<\/strong><\/h6>\n<\/td>\n<td><em>Florian Honor\u00e9\u00a0<\/em><em>(MSc Sciences Forensiques)<\/em><\/td>\n<\/tr>\n<tr>\n<td>\n<h6><strong>V\u00e9rificateurs des comptes<\/strong><\/h6>\n<\/td>\n<td><em>D\u00e9borah Francisco (BSc Sciences Forensiques) &amp;<br \/>\nTim Boll\u00e9 (MSc Sciences Forensiques)<br \/>\n<\/em><\/td>\n<\/tr>\n<\/tbody>\n<\/table>\n<table style=\"width: 1000px;height: 273px\" border=\"1\" cellspacing=\"1\" cellpadding=\"1\">\n<tbody>\n<tr>\n<td><img loading=\"lazy\" decoding=\"async\" class=\"wp-image-2494 alignright\" src=\"https:\/\/wp.unil.ch\/aesc\/files\/2016\/10\/DSC_0097-1024x709.jpg\" alt=\"dsc_0097\" width=\"369\" height=\"255\" srcset=\"https:\/\/wp.unil.ch\/aesc\/files\/2016\/10\/DSC_0097-1024x709.jpg 1024w, https:\/\/wp.unil.ch\/aesc\/files\/2016\/10\/DSC_0097-300x208.jpg 300w, https:\/\/wp.unil.ch\/aesc\/files\/2016\/10\/DSC_0097-768x531.jpg 768w, https:\/\/wp.unil.ch\/aesc\/files\/2016\/10\/DSC_0097.jpg 1156w\" sizes=\"auto, (max-width: 369px) 100vw, 369px\" \/><\/p>\n<p style=\"text-align: center\">No\u00e9mie et Adrien<\/p>\n<\/td>\n<td style=\"text-align: center\"><img loading=\"lazy\" decoding=\"async\" class=\"alignnone size-medium wp-image-2517\" src=\"https:\/\/wp.unil.ch\/aesc\/files\/2016\/10\/DSC_0109-287x300.jpg\" alt=\"dsc_0109\" width=\"287\" height=\"300\" srcset=\"https:\/\/wp.unil.ch\/aesc\/files\/2016\/10\/DSC_0109-287x300.jpg 287w, https:\/\/wp.unil.ch\/aesc\/files\/2016\/10\/DSC_0109-24x24.jpg 24w, https:\/\/wp.unil.ch\/aesc\/files\/2016\/10\/DSC_0109.jpg 766w\" sizes=\"auto, (max-width: 287px) 100vw, 287px\" \/>Tim<\/td>\n<td style=\"text-align: center\"><img loading=\"lazy\" decoding=\"async\" class=\"alignnone wp-image-2518\" src=\"https:\/\/wp.unil.ch\/aesc\/files\/2016\/10\/DSC_0099-262x300.jpg\" alt=\"dsc_0099\" width=\"221\" height=\"253\" srcset=\"https:\/\/wp.unil.ch\/aesc\/files\/2016\/10\/DSC_0099-262x300.jpg 262w, https:\/\/wp.unil.ch\/aesc\/files\/2016\/10\/DSC_0099.jpg 698w\" sizes=\"auto, (max-width: 221px) 100vw, 221px\" \/>Margaux<\/td>\n<td style=\"text-align: center\"><img loading=\"lazy\" decoding=\"async\" class=\"alignnone wp-image-2519\" src=\"https:\/\/wp.unil.ch\/aesc\/files\/2016\/10\/DSC_0105-265x300.jpg\" alt=\"dsc_0105\" width=\"227\" height=\"257\" srcset=\"https:\/\/wp.unil.ch\/aesc\/files\/2016\/10\/DSC_0105-265x300.jpg 265w, https:\/\/wp.unil.ch\/aesc\/files\/2016\/10\/DSC_0105.jpg 706w\" sizes=\"auto, (max-width: 227px) 100vw, 227px\" \/>Florian<\/td>\n<\/tr>\n<\/tbody>\n<\/table>\n<h3><\/h3>\n<h3><strong>Commission culturelle<\/strong><\/h3>\n<table style=\"width: 600px\" border=\"0\" cellspacing=\"2\" cellpadding=\"1\">\n<tbody>\n<tr>\n<td>\n<h6><strong>Responsable de commission<\/strong><\/h6>\n<\/td>\n<td><em>D\u00e9borah Francisco\u00a0<\/em><em>(BSc Sciences Forensiques)<\/em><\/td>\n<\/tr>\n<tr>\n<td>\n<h6><strong>Responsable adjoint<\/strong><\/h6>\n<\/td>\n<td><em>Prod&rsquo;Hom Aliz\u00e9e\u00a0(BSc Sciences Forensiques)<\/em><\/td>\n<\/tr>\n<\/tbody>\n<\/table>\n<table style=\"width: 300px;height: 269px\" border=\"1\" cellspacing=\"1\" cellpadding=\"1\" align=\"center\">\n<tbody>\n<tr>\n<td>\n<p style=\"text-align: center\"><img loading=\"lazy\" decoding=\"async\" class=\"size-medium wp-image-2520 aligncenter\" src=\"https:\/\/wp.unil.ch\/aesc\/files\/2016\/10\/DSC_0120-300x203.jpg\" alt=\"dsc_0120\" width=\"300\" height=\"203\" srcset=\"https:\/\/wp.unil.ch\/aesc\/files\/2016\/10\/DSC_0120-300x203.jpg 300w, https:\/\/wp.unil.ch\/aesc\/files\/2016\/10\/DSC_0120-768x521.jpg 768w, https:\/\/wp.unil.ch\/aesc\/files\/2016\/10\/DSC_0120-1024x694.jpg 1024w, https:\/\/wp.unil.ch\/aesc\/files\/2016\/10\/DSC_0120.jpg 1180w\" sizes=\"auto, (max-width: 300px) 100vw, 300px\" \/><\/p>\n<p style=\"text-align: center\">Aliz\u00e9e et D\u00e9borah<\/p>\n<\/td>\n<\/tr>\n<\/tbody>\n<\/table>\n<h6><\/h6>\n<p><strong>Membres<\/strong><\/p>\n<ul>\n<li>Barris Alexandre<\/li>\n<li>Baud Juliette<\/li>\n<li>Bilat Claire<\/li>\n<li>Bolle Timothy<\/li>\n<li>Bovy Samuel<\/li>\n<li>Bozic Susana<\/li>\n<li>Chappuis Kelig<\/li>\n<li>Corbaz Julie<\/li>\n<li>Corcoba J\u00e9r\u00e9my<\/li>\n<li>Di Floriano Matthieu<\/li>\n<li>Gonthier Constance<\/li>\n<li>Gorgoni Sabrina<\/li>\n<li>Hanson Michael<\/li>\n<li>H\u00e4ssig Seline<\/li>\n<li>Hoffmeyer Kilian<\/li>\n<li>Jorg Gianna<\/li>\n<li>K\u00f6nig Anna<\/li>\n<li>Kretschmar Katja Verena<\/li>\n<li>Kroujkov Nora<\/li>\n<li>Lavenex Pascal<\/li>\n<li>Michelet Ga\u00ebtan<\/li>\n<li>Mury Mikaela<\/li>\n<li>Panchaud Damien<\/li>\n<li>Trincat Th\u00e9o<\/li>\n<li>Wang Perrine<\/li>\n<li>Wider Theo<\/li>\n<\/ul>\n<h3><\/h3>\n<h3>Commission des f\u00eates<\/h3>\n<table style=\"width: 600px\" border=\"0\" cellspacing=\"2\" cellpadding=\"1\">\n<tbody>\n<tr>\n<td>\n<h6><strong>Responsable de commission<\/strong><\/h6>\n<\/td>\n<td><em>Manon Fischer\u00a0(BSc Sciences Forensiques)<\/em><\/td>\n<\/tr>\n<tr>\n<td>\n<h6><strong>Responsable adjoint<br \/>\n<\/strong><\/h6>\n<\/td>\n<td><em>B\u00e9r\u00e9nice Bonnaz (Bsc Sciences Forensiques)<\/em><\/td>\n<\/tr>\n<\/tbody>\n<\/table>\n<table style=\"width: 300px;height: 269px\" border=\"1\" cellspacing=\"1\" cellpadding=\"1\" align=\"center\">\n<tbody>\n<tr>\n<td style=\"text-align: center\"><img loading=\"lazy\" decoding=\"async\" class=\"size-medium wp-image-2521 aligncenter\" src=\"https:\/\/wp.unil.ch\/aesc\/files\/2016\/10\/DSC_0111-300x216.jpg\" alt=\"dsc_0111\" width=\"300\" height=\"216\" srcset=\"https:\/\/wp.unil.ch\/aesc\/files\/2016\/10\/DSC_0111-300x216.jpg 300w, https:\/\/wp.unil.ch\/aesc\/files\/2016\/10\/DSC_0111-768x554.jpg 768w, https:\/\/wp.unil.ch\/aesc\/files\/2016\/10\/DSC_0111-1024x739.jpg 1024w, https:\/\/wp.unil.ch\/aesc\/files\/2016\/10\/DSC_0111.jpg 1109w\" sizes=\"auto, (max-width: 300px) 100vw, 300px\" \/>B\u00e9r\u00e9nice et Manon<\/td>\n<\/tr>\n<\/tbody>\n<\/table>\n<h4><strong>Membres<\/strong><\/h4>\n<ul>\n<li>Allegre Fanny<\/li>\n<li>Arminjon-Gallay Devlan<\/li>\n<li>Auf der Maur Claudia<\/li>\n<li>Bariatti Romain<\/li>\n<li>Baumann Eva<\/li>\n<li>Berthod Romain<\/li>\n<li>Boyer Clarisse<\/li>\n<li>Bryois Melissa<\/li>\n<li>Bugna Valentin<\/li>\n<li>Burri Xavier<\/li>\n<li>Choulat Guillaume<\/li>\n<li>Cochard Alessia<\/li>\n<li>Den Harder Malou<\/li>\n<li>Denel Marine<\/li>\n<li>Di Fatta Barbara<\/li>\n<li>Douis Laurene<\/li>\n<li>Dubout Louise<\/li>\n<li>Duchesneau Laura<\/li>\n<li>Elkassis Salwa<\/li>\n<li>Epiney Fabien<\/li>\n<li>Fantin Esther<\/li>\n<li>Fischer Julia<\/li>\n<li>Fluckiger Leana<\/li>\n<li>Galais Virginie<\/li>\n<li>Gibson Aline<\/li>\n<li>Gobat Geraldine<\/li>\n<li>Gross Delphine<\/li>\n<li>Hermelin Ana\u00efs<\/li>\n<li>Hirsch Sylvain<\/li>\n<li>Horta Christopher<\/li>\n<li>Jeanneret Ambre<\/li>\n<li>Kohler Danny<\/li>\n<li>Lauria Melanie<\/li>\n<li>Leisi Carine<\/li>\n<li>Li Frederic<\/li>\n<li>Lugon-Moulin Solene<\/li>\n<li>Mauviel Maeva<\/li>\n<li>Mendes Cindy<\/li>\n<li>Moutiez Caroline<\/li>\n<li>Nadarajah Thivanaa<\/li>\n<li>Oweini Wa\u00ebl<\/li>\n<li>Perchaud Estelle<\/li>\n<li>Pierron Laure<\/li>\n<li>Ponosov Ivan<\/li>\n<li>Pop Morgane<\/li>\n<li>Python Joseph<\/li>\n<li>Queloz Faustine<\/li>\n<li>Radgen-Morvant Isabelle<\/li>\n<li>Renner Bryan<\/li>\n<li>Rumo David<\/li>\n<li>Sacroug Nicolas<\/li>\n<li>Saner Michel<\/li>\n<li>Schaus Catherine<\/li>\n<li>Schmit Nicolas<\/li>\n<li>Servida Francesco<\/li>\n<li>Sieber Adeline<\/li>\n<li>Tanzi Rossana<\/li>\n<li>Thomas-Chemin Oph\u00e9lie<\/li>\n<li>Traiber Juliette<\/li>\n<li>Wronkowski Vincent<\/li>\n<li>W\u00fcest Sophie<\/li>\n<li>Zehnder Anna<\/li>\n<\/ul>\n<h3>Autres postes<\/h3>\n<div>Repr\u00e9santants FAE\u00a0: Ambre Jeanneret, Tim Boll\u00e9 &amp; Pascal Lavenex<\/div>\n<div>Photographes : Francesco Servida,\u00a0Pascal Lavenex\u00a0&amp; Faustine Queloz<\/div>\n<div>Conseil de l&rsquo;ESC : Michael Hanson, Juliette Baud &amp; Tim Gelmi<\/div>\n<div>Commission des examens : Tim Gelmi<\/div>\n<div>Conseil de Facult\u00e9: Matthieu Di Floriano &amp;\u00a0Ambre Jeanneret<\/div>\n","protected":false},"excerpt":{"rendered":"<p>Bureau Co-Pr\u00e9sidents No\u00e9mie Bitschnau\u00a0(MSc Sciences Forensiques) &amp; Adrien Vincart\u00a0(MSc Sciences Forensiques) Tr\u00e9sorier Tim Gelmi (MSc Sciences Forensiques) Lucy Haas (BSc Sciences Forensiques) Secr\u00e9taire Margaux Dupuy (MSc Sciences Forensiques) Charg\u00e9 de communication\u00a0 Florian Honor\u00e9\u00a0(MSc Sciences Forensiques) V\u00e9rificateurs des comptes D\u00e9borah Francisco (BSc Sciences Forensiques) &amp; Tim Boll\u00e9 (MSc Sciences Forensiques) No\u00e9mie et Adrien Tim Margaux Florian &hellip; <\/p>\n<p class=\"link-more\"><a href=\"https:\/\/wp.unil.ch\/aesc\/structure\/membres\/2016-2017\/\" class=\"more-link\">Continuer la lecture<span class=\"screen-reader-text\"> de &laquo;&nbsp;2016-2017&nbsp;&raquo;<\/span><\/a><\/p>\n","protected":false},"author":157,"featured_media":0,"parent":21,"menu_order":1,"comment_status":"closed","ping_status":"closed","template":"","meta":{"_seopress_robots_primary_cat":"","_seopress_titles_title":"","_seopress_titles_desc":"","_seopress_robots_index":"","footnotes":""},"class_list":["post-2489","page","type-page","status-publish"],"_links":{"self":[{"href":"https:\/\/wp.unil.ch\/aesc\/wp-json\/wp\/v2\/pages\/2489","targetHints":{"allow":["GET"]}}],"collection":[{"href":"https:\/\/wp.unil.ch\/aesc\/wp-json\/wp\/v2\/pages"}],"about":[{"href":"https:\/\/wp.unil.ch\/aesc\/wp-json\/wp\/v2\/types\/page"}],"author":[{"embeddable":true,"href":"https:\/\/wp.unil.ch\/aesc\/wp-json\/wp\/v2\/users\/157"}],"replies":[{"embeddable":true,"href":"https:\/\/wp.unil.ch\/aesc\/wp-json\/wp\/v2\/comments?post=2489"}],"version-history":[{"count":0,"href":"https:\/\/wp.unil.ch\/aesc\/wp-json\/wp\/v2\/pages\/2489\/revisions"}],"up":[{"embeddable":true,"href":"https:\/\/wp.unil.ch\/aesc\/wp-json\/wp\/v2\/pages\/21"}],"wp:attachment":[{"href":"https:\/\/wp.unil.ch\/aesc\/wp-json\/wp\/v2\/media?parent=2489"}],"curies":[{"name":"wp","href":"https:\/\/api.w.org\/{rel}","templated":true}]}}