{"id":2451,"date":"2015-11-03T14:53:53","date_gmt":"2015-11-03T13:53:53","guid":{"rendered":"http:\/\/wp.unil.ch\/aesc\/?page_id=2451"},"modified":"2017-09-28T23:08:09","modified_gmt":"2017-09-28T21:08:09","slug":"2015-2016","status":"publish","type":"page","link":"https:\/\/wp.unil.ch\/aesc\/structure\/membres\/2015-2016\/","title":{"rendered":"2015-2016"},"content":{"rendered":"<p><strong>Bureau<\/strong><\/p>\n<table style=\"width: 423px;height: 353px\" border=\"0\" cellspacing=\"2\" cellpadding=\"2\">\n<tbody>\n<tr>\n<td>\n<h6><strong>Co-Pr\u00e9sidents<\/strong><\/h6>\n<\/td>\n<td><em>Michael Hanson <\/em><em>(MSc Sciences Forensiques) &amp;<br \/>\nJuliette Baud <\/em><em>(MSc Sciences Forensiques)<\/em><\/td>\n<\/tr>\n<tr>\n<td>\n<h6><strong>Tr\u00e9sorier<\/strong><\/h6>\n<\/td>\n<td><em>Tim Gelmi <\/em><em>(MSc Sciences Forensiques)<\/em><\/td>\n<\/tr>\n<tr>\n<td>\n<h6><strong>Secr\u00e9taire g\u00e9n\u00e9ral<\/strong><\/h6>\n<\/td>\n<td><em>Giulia Cinaglia (MLaw Sciences Criminelles)<\/em><\/td>\n<\/tr>\n<tr>\n<td>\n<h6><strong>Charg\u00e9 de communication\u00a0<\/strong><\/h6>\n<\/td>\n<td><em><em>Matthieu Di Floriano<\/em> <\/em><em>(MSc Sciences Forensiques) <\/em><\/td>\n<\/tr>\n<tr>\n<td>\n<h6><strong>V\u00e9rificateurs des comptes<\/strong><\/h6>\n<\/td>\n<td><em>Timothy Boll\u00e9 (M<em>Sc Sciences Forensiques) &amp;<br \/>\nWermelinger Marc <em>(B<em>Sc Sciences Forensiques)<\/em><\/em><br \/>\n<\/em><\/em><\/td>\n<\/tr>\n<\/tbody>\n<\/table>\n<p><strong>Commission culturelle<\/strong><\/p>\n<table style=\"width: 600px\" border=\"0\" cellspacing=\"2\" cellpadding=\"1\">\n<tbody>\n<tr>\n<td>\n<h6><strong>Responsable de commission <\/strong><\/h6>\n<\/td>\n<td><em>No\u00e9mie Bitschnau <\/em><em>(BSc Sciences Forensiques)<\/em><\/td>\n<\/tr>\n<tr>\n<td>\n<h6><strong>Responsable adjoint<\/strong><\/h6>\n<\/td>\n<td><em>\u00a0Timothy Boll\u00e9 (MSc Sciences Forensiques)<\/em><\/td>\n<\/tr>\n<\/tbody>\n<\/table>\n<p><strong><strong>Membres<\/strong><\/strong><\/p>\n<ul>\n<li>Berthoud Samuel<\/li>\n<li>Chappuis Kelig<\/li>\n<li>Colletti Julia<\/li>\n<li>Francisco D\u00e9borah<\/li>\n<li>Gilli\u00e9ron Quentin<\/li>\n<li>Giordano Manon<\/li>\n<li>Gorgoni Sabrina<\/li>\n<li>Iglesias Alain<\/li>\n<li>Jaquier Benjamin<\/li>\n<li>Langel Sandra<\/li>\n<li>Medeiros Bozic Susana<\/li>\n<li>Prod&rsquo;Hom Aliz\u00e9e<\/li>\n<li>Sabountchi Florian<\/li>\n<li>Steiner Romain<\/li>\n<li>Stephan \u00c9lodie<\/li>\n<li>Stritt Nastasia<\/li>\n<li>Wermelinger Marc<\/li>\n<\/ul>\n<h3>Commission des f\u00eates<\/h3>\n<table style=\"width: 600px\" border=\"0\" cellspacing=\"2\" cellpadding=\"1\">\n<tbody>\n<tr>\n<td>\n<h6><strong>Responsable de commission <\/strong><\/h6>\n<\/td>\n<td><em>Adrien Vincart\u00a0(BSc Sciences Forensiques)<\/em><\/td>\n<\/tr>\n<tr>\n<td>\n<h6><strong>Responsables adjoints<br \/>\n<\/strong><\/h6>\n<\/td>\n<td><em><em>\u00a0B\u00e9r\u00e9nice Bonnaz (BSc Sciences Forensiques) &amp; Manon Fischer (BSc Sciences Forensiques)<br \/>\n<\/em><\/em><\/td>\n<\/tr>\n<\/tbody>\n<\/table>\n<p>&nbsp;<\/p>\n<p><strong><strong>Membres<\/strong><\/strong><\/p>\n<ul>\n<li>Allegre Fanny<\/li>\n<li>Al-Rustom Marie<\/li>\n<li>Bariatti Romain<\/li>\n<li>Barris Alexandre<\/li>\n<li>Bernay Julie<\/li>\n<li>Berthet Chlo\u00e9<\/li>\n<li>Berthod Romain<\/li>\n<li>Bou Assaf C\u00e9drian<\/li>\n<li>Burri Xavier<\/li>\n<li>Chiapparelli Nadja<\/li>\n<li>Corcoba\u00a0 J\u00e9r\u00e9my<\/li>\n<li>den Harder Malou<\/li>\n<li>Dubout Louise<\/li>\n<li>Duchesneau Laura<\/li>\n<li>Dupuy Margaux<\/li>\n<li>Ehrhardt Caroline<\/li>\n<li>Epiney Fabien<\/li>\n<li>Geiger Camille<\/li>\n<li>Gobat G\u00e9raldine<\/li>\n<li>Gross Delphine<\/li>\n<li>Gu\u00e9rin Justine<\/li>\n<li>Haas Lucy<\/li>\n<li>Hell Mathilde<\/li>\n<li>Hirsch Sylvain<\/li>\n<li>Hoffmeyer Kilian<\/li>\n<li>Jeanneret-Grosjean Ambre<\/li>\n<li>Katanga Sharon<\/li>\n<li>Lauria M\u00e9lanie<\/li>\n<li>Lugon Moulin Sol\u00e8ne<\/li>\n<li>L\u00fcthi Lena<\/li>\n<li>Miles St\u00e9phanie<\/li>\n<li>Moutiez Caroline<\/li>\n<li>Mury Angela-Mia<\/li>\n<li>Nguyen Julien<\/li>\n<li>Panchaud Damien<\/li>\n<li>Pettinato Michaela<\/li>\n<li>Potez Hugo<\/li>\n<li>Pr\u00e9tot Sylvain<\/li>\n<li>Raccurt Louis<\/li>\n<li>Renner Bryan<\/li>\n<li>Reymond Naomi<\/li>\n<li>Rumo David<\/li>\n<li>Sacroug Nicolas<\/li>\n<li>Saner Michel<\/li>\n<li>Schaus Catherine<\/li>\n<li>Sciarretta Livia<\/li>\n<li>Tanzi Rossana<\/li>\n<li>Toriel Marc<\/li>\n<li>Trincat Th\u00e9o<\/li>\n<li>Vullo Rita<\/li>\n<li>Wahlen L\u00e9onie<\/li>\n<li>Zehnder Anna<\/li>\n<li>Bretz Louise<\/li>\n<li>Queloz Faustine<\/li>\n<li>Servida Francesco<\/li>\n<\/ul>\n<h3>Autres postes<\/h3>\n<div>Commission des examens : Giulia Cinaglia<\/div>\n<div>Photographe : Faustine Queloz et Francesco Servida<\/div>\n<div>Conseil de l&rsquo;ESC : Michael Hanson &amp; Juliette Baud &amp; Giulia Cinaglia<\/div>\n<div>Consel de Facult\u00e9: Matthieu Di Floriano &amp; Timothy Boll\u00e9<\/div>\n<div>Commission de l&rsquo;Enseignement et de la Recherche: Juliette Baud &amp; Giulia Cinaglia (suppl\u00e9ante)<\/div>\n<div>Repr\u00e9sentant FAE: Timothy Bolly<\/div>\n","protected":false},"excerpt":{"rendered":"<p>Bureau Co-Pr\u00e9sidents Michael Hanson (MSc Sciences Forensiques) &amp; Juliette Baud (MSc Sciences Forensiques) Tr\u00e9sorier Tim Gelmi (MSc Sciences Forensiques) Secr\u00e9taire g\u00e9n\u00e9ral Giulia Cinaglia (MLaw Sciences Criminelles) Charg\u00e9 de communication\u00a0 Matthieu Di Floriano (MSc Sciences Forensiques) V\u00e9rificateurs des comptes Timothy Boll\u00e9 (MSc Sciences Forensiques) &amp; Wermelinger Marc (BSc Sciences Forensiques) Commission culturelle Responsable de commission No\u00e9mie &hellip; <\/p>\n<p class=\"link-more\"><a href=\"https:\/\/wp.unil.ch\/aesc\/structure\/membres\/2015-2016\/\" class=\"more-link\">Continuer la lecture<span class=\"screen-reader-text\"> de &laquo;&nbsp;2015-2016&nbsp;&raquo;<\/span><\/a><\/p>\n","protected":false},"author":1390,"featured_media":0,"parent":21,"menu_order":2,"comment_status":"closed","ping_status":"closed","template":"","meta":{"_seopress_robots_primary_cat":"","_seopress_titles_title":"","_seopress_titles_desc":"","_seopress_robots_index":"","footnotes":""},"class_list":["post-2451","page","type-page","status-publish"],"_links":{"self":[{"href":"https:\/\/wp.unil.ch\/aesc\/wp-json\/wp\/v2\/pages\/2451","targetHints":{"allow":["GET"]}}],"collection":[{"href":"https:\/\/wp.unil.ch\/aesc\/wp-json\/wp\/v2\/pages"}],"about":[{"href":"https:\/\/wp.unil.ch\/aesc\/wp-json\/wp\/v2\/types\/page"}],"author":[{"embeddable":true,"href":"https:\/\/wp.unil.ch\/aesc\/wp-json\/wp\/v2\/users\/1390"}],"replies":[{"embeddable":true,"href":"https:\/\/wp.unil.ch\/aesc\/wp-json\/wp\/v2\/comments?post=2451"}],"version-history":[{"count":0,"href":"https:\/\/wp.unil.ch\/aesc\/wp-json\/wp\/v2\/pages\/2451\/revisions"}],"up":[{"embeddable":true,"href":"https:\/\/wp.unil.ch\/aesc\/wp-json\/wp\/v2\/pages\/21"}],"wp:attachment":[{"href":"https:\/\/wp.unil.ch\/aesc\/wp-json\/wp\/v2\/media?parent=2451"}],"curies":[{"name":"wp","href":"https:\/\/api.w.org\/{rel}","templated":true}]}}