{"id":2421,"date":"2015-11-03T13:35:10","date_gmt":"2015-11-03T12:35:10","guid":{"rendered":"http:\/\/wp.unil.ch\/aesc\/?page_id=2421"},"modified":"2017-09-28T23:04:11","modified_gmt":"2017-09-28T21:04:11","slug":"lassociation","status":"publish","type":"page","link":"https:\/\/wp.unil.ch\/aesc\/structure\/lassociation\/","title":{"rendered":"L&rsquo;association"},"content":{"rendered":"<p>L\u2019AESC est l\u2019association cr\u00e9e par les \u00e9tudiants de l\u2019ESC pour les \u00e9tudiants de l\u2019ESC. Elle propose ses services aux \u00e9tudiants, \u00e9coute leurs questions d\u2019une oreille attentive et tente d\u2019y r\u00e9pondre ou de les rediriger vers la personne comp\u00e9tente. L\u2019AESC ne repr\u00e9sente pas formellement les \u00e9tudiants, car il s\u2019agit de la t\u00e2che des repr\u00e9sentants \u00e9tudiants de l\u2019ESC \u00e9lus par les \u00e9tudiants. Cependant, l\u2019AESC tente de r\u00e9unir en son sein tous ces repr\u00e9sentants afin de pouvoir les rapprocher des \u00e9tudiants. En cas de question ou de probl\u00e8me, n\u2019h\u00e9sitez pas \u00e0 contacter votre association. L\u2019AESC est \u00e9galement pr\u00e9sente lors des journ\u00e9es d\u2019accueil des nouveaux \u00e9tudiants ou lors des journ\u00e9es des gymnasiens dans le but de vous informer. Futur \u00e9tudiant \u00e0 l\u2019ESC ? n\u2019h\u00e9sitez pas \u00e0 nous contacter.<\/p>\n<p>Diff\u00e9rentes activit\u00e9s sont men\u00e9es chaque ann\u00e9e par l\u2019association en son ensemble ou par le biais de ses commissions sp\u00e9cialis\u00e9es :<\/p>\n<p>La commission culturelle s\u2019occupe de vous proposer des activit\u00e9s telles que des visites de mus\u00e9es ou d\u2019expositions. Elle organise conjointement avec l\u2019ESC un cycle de conf\u00e9rence dont le but initial est de vous pr\u00e9senter diff\u00e9rents d\u00e9bouch\u00e9s que vous offrent vos \u00e9tudes. Qu\u2019il s\u2019agisse d\u2019anciens \u00e9tudiants de l\u2019ESC vous pr\u00e9sentant leur parcours, de praticiens vous exposant leur activit\u00e9, la volont\u00e9 est de vous pr\u00e9senter diff\u00e9rents aspects de ce que peut \u00eatre l\u2019apr\u00e8s-ESC. La commission organise \u00e9galement le parrainage des nouveaux \u00e9tudiants de deuxi\u00e8me ann\u00e9e et de master pour faciliter leur int\u00e9gration au sein de leur \u00e9cole (d\u00e9sol\u00e9, pas encore pour les premi\u00e8res bachelor pour des raisons logistiques et de nombre, il faudra patienter une ann\u00e9e). Une soir\u00e9e ludique vous propose \u00e0 tous de se r\u00e9unir autour de jeux de soci\u00e9t\u00e9 une fois par semestre.<\/p>\n<p>La commission des f\u00eates s\u2019occupe de tout ce qui est du ressort du divertissement, de la f\u00eate et de ce qui peut vous d\u00e9fouler et vous changer les id\u00e9es. Elle organise des f\u00eates pour les \u00e9tudiants de l\u2019ESC et participe occasionnellement \u00e0 des \u00e9v\u00e9nements tels que des festivals. La d\u00e9sormais traditionnelle Nuit du Crime s\u2019impose comme \u00e9tant LA soir\u00e9e \u00e0 ne manquer sous aucun pr\u00e9texte et dont le rayonnement d\u00e9passe largement l\u2019Unil. D\u2019autres soir\u00e9es peuvent \u00eatre organis\u00e9es dans l\u2019ann\u00e9e \u00e0 une \u00e9chelle plus proche de l\u2019ESC, dans le but de rassembler les \u00e9tudiants le temps d\u2019une f\u00eate. La commission nous concocte apr\u00e8s les examens la traditionnelle soir\u00e9e de fin d&rsquo;ann\u00e9e apr\u00e8s les examens avec un barbecue au bord du lac, un tournoi sportif et une tombola. Bref, faites leur confiance pour passer de bons moments !<\/p>\n","protected":false},"excerpt":{"rendered":"<p>L\u2019AESC est l\u2019association cr\u00e9e par les \u00e9tudiants de l\u2019ESC pour les \u00e9tudiants de l\u2019ESC. Elle propose ses services aux \u00e9tudiants, \u00e9coute leurs questions d\u2019une oreille attentive et tente d\u2019y r\u00e9pondre ou de les rediriger vers la personne comp\u00e9tente. L\u2019AESC ne repr\u00e9sente pas formellement les \u00e9tudiants, car il s\u2019agit de la t\u00e2che des repr\u00e9sentants \u00e9tudiants de &hellip; <\/p>\n<p class=\"link-more\"><a href=\"https:\/\/wp.unil.ch\/aesc\/structure\/lassociation\/\" class=\"more-link\">Continuer la lecture<span class=\"screen-reader-text\"> de &laquo;&nbsp;L&rsquo;association&nbsp;&raquo;<\/span><\/a><\/p>\n","protected":false},"author":1390,"featured_media":0,"parent":14,"menu_order":0,"comment_status":"closed","ping_status":"closed","template":"","meta":{"_seopress_robots_primary_cat":"","_seopress_titles_title":"","_seopress_titles_desc":"","_seopress_robots_index":"","footnotes":""},"class_list":["post-2421","page","type-page","status-publish"],"_links":{"self":[{"href":"https:\/\/wp.unil.ch\/aesc\/wp-json\/wp\/v2\/pages\/2421","targetHints":{"allow":["GET"]}}],"collection":[{"href":"https:\/\/wp.unil.ch\/aesc\/wp-json\/wp\/v2\/pages"}],"about":[{"href":"https:\/\/wp.unil.ch\/aesc\/wp-json\/wp\/v2\/types\/page"}],"author":[{"embeddable":true,"href":"https:\/\/wp.unil.ch\/aesc\/wp-json\/wp\/v2\/users\/1390"}],"replies":[{"embeddable":true,"href":"https:\/\/wp.unil.ch\/aesc\/wp-json\/wp\/v2\/comments?post=2421"}],"version-history":[{"count":0,"href":"https:\/\/wp.unil.ch\/aesc\/wp-json\/wp\/v2\/pages\/2421\/revisions"}],"up":[{"embeddable":true,"href":"https:\/\/wp.unil.ch\/aesc\/wp-json\/wp\/v2\/pages\/14"}],"wp:attachment":[{"href":"https:\/\/wp.unil.ch\/aesc\/wp-json\/wp\/v2\/media?parent=2421"}],"curies":[{"name":"wp","href":"https:\/\/api.w.org\/{rel}","templated":true}]}}