{"id":2343,"date":"2014-10-09T14:36:50","date_gmt":"2014-10-09T12:36:50","guid":{"rendered":"http:\/\/wp.unil.ch\/aesc\/?page_id=2343"},"modified":"2017-09-28T23:08:51","modified_gmt":"2017-09-28T21:08:51","slug":"2014-2015","status":"publish","type":"page","link":"https:\/\/wp.unil.ch\/aesc\/structure\/membres\/2014-2015\/","title":{"rendered":"2014-2015"},"content":{"rendered":"<p><strong>Bureau<\/strong><\/p>\n<table style=\"width: 423px;height: 353px\" border=\"0\" cellspacing=\"2\" cellpadding=\"2\">\n<tbody>\n<tr>\n<td>\n<h6><strong>Co-Pr\u00e9sidents<\/strong><\/h6>\n<\/td>\n<td><em>Michael Hanson <\/em><em>(MSc Sciences Forensiques) &amp;<br \/>\nJuliette Baud <\/em><em>(BSc Sciences Forensiques)<\/em><\/td>\n<\/tr>\n<tr>\n<td>\n<h6><strong>Tr\u00e9sorier<\/strong><\/h6>\n<\/td>\n<td><em>Sandra Langel <\/em><em>(MSc Sciences Forensiques)<\/em><\/td>\n<\/tr>\n<tr>\n<td>\n<h6><strong>Secr\u00e9taire g\u00e9n\u00e9ral<\/strong><\/h6>\n<\/td>\n<td><em>Giulia Cinaglia (MLaw en Sciences Criminelles)<\/em><\/td>\n<\/tr>\n<tr>\n<td>\n<h6><strong>Charg\u00e9 de communication\u00a0<\/strong><\/h6>\n<\/td>\n<td><em><em>Matthieu Di Floriano<\/em> <\/em><em>(MSc Sciences Forensiques) <\/em><\/td>\n<\/tr>\n<tr>\n<td>\n<h6><strong>V\u00e9rificateurs des comptes<\/strong><\/h6>\n<\/td>\n<td><em>Timothy Boll\u00e9 (M<em>Sc Sciences Forensiques) &amp;<br \/>\nWermelinger Marc <em>(B<em>Sc Sciences Forensiques)<\/em><\/em> &amp; Micka\u00ebl Jacquier (BSc Sciences Forensiques<br \/>\n<\/em><\/em><\/td>\n<\/tr>\n<\/tbody>\n<\/table>\n<table style=\"width: 1013px;height: 257px\" border=\"1\" cellspacing=\"1\" cellpadding=\"1\">\n<tbody>\n<tr>\n<td>\u00a0<a href=\"https:\/\/wp.unil.ch\/aesc\/files\/2014\/10\/DSC_0946.jpg\"><img loading=\"lazy\" decoding=\"async\" class=\"alignnone wp-image-2403\" src=\"https:\/\/wp.unil.ch\/aesc\/files\/2014\/10\/DSC_0946-300x199.jpg\" alt=\"DSC_0946\" width=\"291\" height=\"193\" srcset=\"https:\/\/wp.unil.ch\/aesc\/files\/2014\/10\/DSC_0946-300x199.jpg 300w, https:\/\/wp.unil.ch\/aesc\/files\/2014\/10\/DSC_0946-1024x680.jpg 1024w, https:\/\/wp.unil.ch\/aesc\/files\/2014\/10\/DSC_0946.jpg 1200w\" sizes=\"auto, (max-width: 291px) 100vw, 291px\" \/><\/a><\/td>\n<td>\u00a0<a href=\"https:\/\/wp.unil.ch\/aesc\/files\/2014\/10\/DSC_09481.jpg\"><img loading=\"lazy\" decoding=\"async\" class=\"alignnone wp-image-2405\" src=\"https:\/\/wp.unil.ch\/aesc\/files\/2014\/10\/DSC_09481-300x225.jpg\" alt=\"DSC_0948\" width=\"252\" height=\"189\" srcset=\"https:\/\/wp.unil.ch\/aesc\/files\/2014\/10\/DSC_09481-300x225.jpg 300w, https:\/\/wp.unil.ch\/aesc\/files\/2014\/10\/DSC_09481-1024x768.jpg 1024w, https:\/\/wp.unil.ch\/aesc\/files\/2014\/10\/DSC_09481.jpg 1066w\" sizes=\"auto, (max-width: 252px) 100vw, 252px\" \/><\/a><\/td>\n<td>\u00a0<a href=\"https:\/\/wp.unil.ch\/aesc\/files\/2014\/10\/DSC_0951.jpg\"><img loading=\"lazy\" decoding=\"async\" class=\"alignnone size-medium wp-image-2406\" src=\"https:\/\/wp.unil.ch\/aesc\/files\/2014\/10\/DSC_0951-300x189.jpg\" alt=\"DSC_0951\" width=\"300\" height=\"189\" srcset=\"https:\/\/wp.unil.ch\/aesc\/files\/2014\/10\/DSC_0951-300x189.jpg 300w, https:\/\/wp.unil.ch\/aesc\/files\/2014\/10\/DSC_0951-1024x643.jpg 1024w, https:\/\/wp.unil.ch\/aesc\/files\/2014\/10\/DSC_0951.jpg 1200w\" sizes=\"auto, (max-width: 300px) 100vw, 300px\" \/><\/a><\/td>\n<td><\/td>\n<td><\/td>\n<\/tr>\n<tr>\n<td>Michael et Juliette<\/td>\n<td>Sandra L.<\/td>\n<td>Giulia C.<\/td>\n<td>Matthieu D.F.<\/td>\n<td><\/td>\n<\/tr>\n<\/tbody>\n<\/table>\n<h3><strong>Commission culturelle<\/strong><\/h3>\n<table style=\"width: 600px\" border=\"0\" cellspacing=\"2\" cellpadding=\"1\">\n<tbody>\n<tr>\n<td>\n<h6><strong>Responsable de commission <\/strong><\/h6>\n<\/td>\n<td><em>Quentin Gilli\u00e9ron <\/em><em>(MSc Sciences Forensiques)<\/em><\/td>\n<\/tr>\n<tr>\n<td>\n<h6><strong>Responsable adjoint<\/strong><\/h6>\n<\/td>\n<td>\u00a0Marc Wermelinger (BSc Sciences Forensiques)<\/td>\n<\/tr>\n<\/tbody>\n<\/table>\n<table style=\"width: 490px;height: 269px\" border=\"1\" cellspacing=\"1\" cellpadding=\"1\" align=\"center\">\n<tbody>\n<tr>\n<td><\/td>\n<td><\/td>\n<\/tr>\n<tr>\n<td>Quentin<\/td>\n<td>\u00a0Marc<\/td>\n<\/tr>\n<\/tbody>\n<\/table>\n<p><strong><strong>Membres<\/strong><\/strong><\/p>\n<ul>\n<li>Fanny Allere<\/li>\n<li>Soumeya Ben Saida<\/li>\n<li>No\u00e9mie Bitschnau<\/li>\n<li>Timothy Boll\u00e9<\/li>\n<li>Manuela B\u00fchler<\/li>\n<li>Kelig Chappuis<\/li>\n<li>Tamara El Saadany<\/li>\n<li>Deborah Francisco<\/li>\n<li>Manon Giordano<\/li>\n<li>C\u00e9dric Grisoni<\/li>\n<li>Gwena\u00eblle Hache<\/li>\n<li>Jasmine Haller<\/li>\n<li>Micka\u00ebl Jacquier<\/li>\n<li>Lidia Lacruz<\/li>\n<li>Jacques Linden<\/li>\n<li>Sara Nouri<\/li>\n<li>Angela Price<\/li>\n<li>Aliz\u00e9e Prod&rsquo;Hom<\/li>\n<li>M\u00e9lanie Rouiller<\/li>\n<li>Partizia Rulli<\/li>\n<li>Florian Sabountchi<\/li>\n<li>Romain Steiner<\/li>\n<li>Nastasia Stritt<\/li>\n<li>Marc Wermelinger<\/li>\n<\/ul>\n<h3>Commission des f\u00eates<\/h3>\n<table style=\"width: 600px\" border=\"0\" cellspacing=\"2\" cellpadding=\"1\">\n<tbody>\n<tr>\n<td>\n<h6><strong>Responsable de commission <\/strong><\/h6>\n<\/td>\n<td><em>Adrien Vincart\u00a0(BSc Sciences Forensiques)<\/em><\/td>\n<\/tr>\n<tr>\n<td>\n<h6><strong>Responsable adjoint<br \/>\n<\/strong><\/h6>\n<\/td>\n<td><em><em>\u00a0Marie Gorka (BSc Sciences Forensiques)<br \/>\n<\/em><\/em><\/td>\n<\/tr>\n<\/tbody>\n<\/table>\n<table style=\"width: 509px;height: 268px\" border=\"1\" cellspacing=\"1\" cellpadding=\"1\" align=\"center\">\n<tbody>\n<tr>\n<td>\u00a0<a href=\"https:\/\/wp.unil.ch\/aesc\/files\/2014\/10\/DSC_0953.jpg\"><img loading=\"lazy\" decoding=\"async\" class=\"alignnone wp-image-2404\" src=\"https:\/\/wp.unil.ch\/aesc\/files\/2014\/10\/DSC_0953-300x258.jpg\" alt=\"DSC_0953\" width=\"265\" height=\"228\" srcset=\"https:\/\/wp.unil.ch\/aesc\/files\/2014\/10\/DSC_0953-300x258.jpg 300w, https:\/\/wp.unil.ch\/aesc\/files\/2014\/10\/DSC_0953.jpg 929w\" sizes=\"auto, (max-width: 265px) 100vw, 265px\" \/><\/a><\/td>\n<td><\/td>\n<\/tr>\n<tr>\n<td>Adrien<\/td>\n<td>\u00a0Marie<\/td>\n<\/tr>\n<\/tbody>\n<\/table>\n<h6><strong><strong>Membres<\/strong><\/strong><\/h6>\n<ul>\n<li>Mattia Arosio<\/li>\n<li>Romain Bariatti<\/li>\n<li>Alexandre Barris<\/li>\n<li>Artem Beglaryan<\/li>\n<li>Maud B\u00e9nichou<\/li>\n<li>L\u00e9onie Biba<\/li>\n<li>Myriam Bloch<\/li>\n<li>B\u00e9r\u00e9nice Bonnaz<\/li>\n<li>Xavier Burri<\/li>\n<li>Raffaella Conconi<\/li>\n<li>Malou Den Harder<\/li>\n<li>Louise Dubout<\/li>\n<li>Laura Duchesneau<\/li>\n<li>Margaux Dupuy<\/li>\n<li>Fabien Epiney<\/li>\n<li>Manon Fischer<\/li>\n<li>Davide Franscella<\/li>\n<li>Marie Gorka<\/li>\n<li>Caroline Goubert<\/li>\n<li>Justine Gu\u00e9rin<\/li>\n<li>Sylvain Hirsch<\/li>\n<li>Alain Iglesias<\/li>\n<li>Sharon Katanga<\/li>\n<li>Emilie Lardet-Vieudrin<\/li>\n<li>Elodie Lefran\u00e7ois<\/li>\n<li>Sol\u00e8ne Lugon-Moulin<\/li>\n<li>Caroline Moutiez<\/li>\n<li>Damien Panchaud<\/li>\n<li>\u00c9lodie Panzer<\/li>\n<li>Louis Raccurt<\/li>\n<li>Bryan Renner<\/li>\n<li>David Rumo<\/li>\n<li>Catherine Schaus<\/li>\n<li>Francesco Servida<\/li>\n<li>Kim Spring<\/li>\n<li>Martina Zinetti<\/li>\n<\/ul>\n<p>&nbsp;<\/p>\n<h3>Autres postes<\/h3>\n<div>Commission des examens : Giulia Cinaglia<\/div>\n<div>Photographe : Adrien Vincart<\/div>\n<div>Conseil de l&rsquo;ESC : Michael Hanson &amp; Juliette Baud &amp; Giulia Cinaglia<\/div>\n<div>Consel de Facult\u00e9: Matthieu Di Floriano<\/div>\n<div>Commission de l&rsquo;Enseignement et de la Recherche: Juliette Baud &amp; Giulia Cinaglia (suppl\u00e9ante)<\/div>\n","protected":false},"excerpt":{"rendered":"<p>Bureau Co-Pr\u00e9sidents Michael Hanson (MSc Sciences Forensiques) &amp; Juliette Baud (BSc Sciences Forensiques) Tr\u00e9sorier Sandra Langel (MSc Sciences Forensiques) Secr\u00e9taire g\u00e9n\u00e9ral Giulia Cinaglia (MLaw en Sciences Criminelles) Charg\u00e9 de communication\u00a0 Matthieu Di Floriano (MSc Sciences Forensiques) V\u00e9rificateurs des comptes Timothy Boll\u00e9 (MSc Sciences Forensiques) &amp; Wermelinger Marc (BSc Sciences Forensiques) &amp; Micka\u00ebl Jacquier (BSc Sciences &hellip; <\/p>\n<p class=\"link-more\"><a href=\"https:\/\/wp.unil.ch\/aesc\/structure\/membres\/2014-2015\/\" class=\"more-link\">Continuer la lecture<span class=\"screen-reader-text\"> de &laquo;&nbsp;2014-2015&nbsp;&raquo;<\/span><\/a><\/p>\n","protected":false},"author":1390,"featured_media":0,"parent":21,"menu_order":3,"comment_status":"closed","ping_status":"closed","template":"","meta":{"_seopress_robots_primary_cat":"","_seopress_titles_title":"","_seopress_titles_desc":"","_seopress_robots_index":"","footnotes":""},"class_list":["post-2343","page","type-page","status-publish"],"_links":{"self":[{"href":"https:\/\/wp.unil.ch\/aesc\/wp-json\/wp\/v2\/pages\/2343","targetHints":{"allow":["GET"]}}],"collection":[{"href":"https:\/\/wp.unil.ch\/aesc\/wp-json\/wp\/v2\/pages"}],"about":[{"href":"https:\/\/wp.unil.ch\/aesc\/wp-json\/wp\/v2\/types\/page"}],"author":[{"embeddable":true,"href":"https:\/\/wp.unil.ch\/aesc\/wp-json\/wp\/v2\/users\/1390"}],"replies":[{"embeddable":true,"href":"https:\/\/wp.unil.ch\/aesc\/wp-json\/wp\/v2\/comments?post=2343"}],"version-history":[{"count":0,"href":"https:\/\/wp.unil.ch\/aesc\/wp-json\/wp\/v2\/pages\/2343\/revisions"}],"up":[{"embeddable":true,"href":"https:\/\/wp.unil.ch\/aesc\/wp-json\/wp\/v2\/pages\/21"}],"wp:attachment":[{"href":"https:\/\/wp.unil.ch\/aesc\/wp-json\/wp\/v2\/media?parent=2343"}],"curies":[{"name":"wp","href":"https:\/\/api.w.org\/{rel}","templated":true}]}}