{"id":2234,"date":"2013-10-09T09:57:31","date_gmt":"2013-10-09T07:57:31","guid":{"rendered":"http:\/\/wp.unil.ch\/aesc\/?page_id=2234"},"modified":"2017-09-28T23:09:10","modified_gmt":"2017-09-28T21:09:10","slug":"2013-2014","status":"publish","type":"page","link":"https:\/\/wp.unil.ch\/aesc\/structure\/membres\/2013-2014\/","title":{"rendered":"2013-2014"},"content":{"rendered":"<p><strong>Bureau<\/strong><\/p>\n<table style=\"width: 600px\" border=\"0\" cellspacing=\"2\" cellpadding=\"2\">\n<tbody>\n<tr>\n<td>\n<h6><strong>Co-Pr\u00e9sidents<\/strong><\/h6>\n<\/td>\n<td><em><em>Ludovic Staehli<\/em>\u00a0<\/em><em>(MSc Sciences Forensiques) &amp;<br \/>\nMichael Hanson<\/em><em> (BSc Sciences Forensiques)<\/em><\/td>\n<\/tr>\n<tr>\n<td>\n<h6><strong>Tr\u00e9sorier<\/strong><\/h6>\n<\/td>\n<td><em>Juliette Baud <\/em><em>(BSc Sciences Forensiques)<\/em><\/td>\n<\/tr>\n<tr>\n<td>\n<h6><strong>Secr\u00e9taire g\u00e9n\u00e9ral<\/strong><\/h6>\n<\/td>\n<td><em>Giulia Cinaglia (BSc Sciences Forensiques)<\/em><\/td>\n<\/tr>\n<tr>\n<td>\n<h6><strong>Charg\u00e9 de communication\u00a0<\/strong><\/h6>\n<\/td>\n<td><em><em>Matthieu Di Floriano<\/em> <\/em><em>(BSc Sciences Forensiques) <\/em><\/td>\n<\/tr>\n<tr>\n<td>\n<h6><strong>V\u00e9rificateurs des comptes<\/strong><\/h6>\n<\/td>\n<td><em>Linda Schlatter (B<em>Sc Sciences Forensiques) &amp;<br \/>\nWermelinger Marc <em>(B<em>Sc Sciences Forensiques)<\/em><\/em><br \/>\n<\/em><\/em><\/td>\n<\/tr>\n<\/tbody>\n<\/table>\n<table style=\"width: 1013px;height: 257px\" border=\"1\" cellspacing=\"1\" cellpadding=\"1\">\n<tbody>\n<tr>\n<td><a href=\"https:\/\/wp.unil.ch\/aesc\/files\/2013\/10\/DSC_0104-e1381303981116.jpg\"><img loading=\"lazy\" decoding=\"async\" class=\"alignnone size-medium wp-image-2237\" src=\"https:\/\/wp.unil.ch\/aesc\/files\/2013\/10\/DSC_0104-e1381303981116-300x245.jpg\" alt=\"DSC_0104\" width=\"276\" height=\"225\" srcset=\"https:\/\/wp.unil.ch\/aesc\/files\/2013\/10\/DSC_0104-e1381303981116-300x245.jpg 300w, https:\/\/wp.unil.ch\/aesc\/files\/2013\/10\/DSC_0104-e1381303981116.jpg 738w\" sizes=\"auto, (max-width: 276px) 100vw, 276px\" \/><\/a><\/td>\n<td><a href=\"https:\/\/wp.unil.ch\/aesc\/files\/2013\/10\/DSC_0046-e1381304075989.jpg\"><img loading=\"lazy\" decoding=\"async\" class=\"alignnone size-medium wp-image-2238\" src=\"https:\/\/wp.unil.ch\/aesc\/files\/2013\/10\/DSC_0046-e1381304075989-300x284.jpg\" alt=\"DSC_0046\" width=\"245\" height=\"231\" \/><\/a><\/td>\n<td><a href=\"https:\/\/wp.unil.ch\/aesc\/files\/2013\/10\/DSC_0121-e1381304215730.jpg\"><img loading=\"lazy\" decoding=\"async\" class=\"alignnone size-medium wp-image-2239\" src=\"https:\/\/wp.unil.ch\/aesc\/files\/2013\/10\/DSC_0121-e1381304215730-300x294.jpg\" alt=\"DSC_0121\" width=\"235\" height=\"230\" srcset=\"https:\/\/wp.unil.ch\/aesc\/files\/2013\/10\/DSC_0121-e1381304215730-300x294.jpg 300w, https:\/\/wp.unil.ch\/aesc\/files\/2013\/10\/DSC_0121-e1381304215730.jpg 405w\" sizes=\"auto, (max-width: 235px) 100vw, 235px\" \/><\/a><\/td>\n<td><a href=\"https:\/\/wp.unil.ch\/aesc\/files\/2013\/10\/DSC_0119-e1381304299476.jpg\"><img loading=\"lazy\" decoding=\"async\" class=\"alignnone size-medium wp-image-2240\" src=\"https:\/\/wp.unil.ch\/aesc\/files\/2013\/10\/DSC_0119-e1381304299476-300x294.jpg\" alt=\"DSC_0119\" width=\"233\" height=\"227\" \/><\/a><\/td>\n<td><\/td>\n<\/tr>\n<tr>\n<td>Ludovic et Michael<\/td>\n<td>Juliette B.<\/td>\n<td>Giulia C.<\/td>\n<td>Matthieu D.F.<\/td>\n<td><\/td>\n<\/tr>\n<\/tbody>\n<\/table>\n<h3><strong>Commission culturelle<\/strong><\/h3>\n<table style=\"width: 600px\" border=\"0\" cellspacing=\"2\" cellpadding=\"1\">\n<tbody>\n<tr>\n<td>\n<h6><strong>Responsable de commission <\/strong><\/h6>\n<\/td>\n<td><em>Bettina Hirter <\/em><em>(MSc Sciences Forensiques)<\/em><\/td>\n<\/tr>\n<tr>\n<td>\n<h6><strong>Responsable adjoint<\/strong><\/h6>\n<\/td>\n<td><em>Lukas Ineichen (MSc Sciences Forensiques)<\/em><\/td>\n<\/tr>\n<\/tbody>\n<\/table>\n<table style=\"width: 490px;height: 269px\" border=\"1\" cellspacing=\"1\" cellpadding=\"1\" align=\"center\">\n<tbody>\n<tr>\n<td><a href=\"https:\/\/wp.unil.ch\/aesc\/files\/2013\/10\/DSC_0066-e1381304419433.jpg\"><img loading=\"lazy\" decoding=\"async\" class=\"size-medium wp-image-2241\" src=\"https:\/\/wp.unil.ch\/aesc\/files\/2013\/10\/DSC_0066-e1381304419433-290x300.jpg\" alt=\"DSC_0066\" width=\"235\" height=\"243\" srcset=\"https:\/\/wp.unil.ch\/aesc\/files\/2013\/10\/DSC_0066-e1381304419433-290x300.jpg 290w, https:\/\/wp.unil.ch\/aesc\/files\/2013\/10\/DSC_0066-e1381304419433.jpg 462w\" sizes=\"auto, (max-width: 235px) 100vw, 235px\" \/><\/a><\/td>\n<td><a href=\"https:\/\/wp.unil.ch\/aesc\/files\/2013\/10\/DSC_0058-e1381304526164.jpg\"><img loading=\"lazy\" decoding=\"async\" class=\"size-medium wp-image-2242 alignleft\" src=\"https:\/\/wp.unil.ch\/aesc\/files\/2013\/10\/DSC_0058-e1381304526164-300x288.jpg\" alt=\"DSC_0058\" width=\"253\" height=\"242\" srcset=\"https:\/\/wp.unil.ch\/aesc\/files\/2013\/10\/DSC_0058-e1381304526164-300x288.jpg 300w, https:\/\/wp.unil.ch\/aesc\/files\/2013\/10\/DSC_0058-e1381304526164.jpg 525w\" sizes=\"auto, (max-width: 253px) 100vw, 253px\" \/><\/a><\/td>\n<\/tr>\n<tr>\n<td>Bettina<\/td>\n<td>Lukas<\/td>\n<\/tr>\n<\/tbody>\n<\/table>\n<p><strong><strong>Membres<\/strong><\/strong><\/p>\n<ul>\n<li>Timothy Boll\u00e9<\/li>\n<li>J\u00e9r\u00e9my Corcoba<\/li>\n<li>Tim Gelmi<\/li>\n<li>Quentin Gilli\u00e9ron<\/li>\n<li>Jasmine Haller<\/li>\n<li>Bettina Hirter<\/li>\n<li>Sarah Hochholdinger<\/li>\n<li>Lukas Ineichen<\/li>\n<li>Alexandre Ionescu<\/li>\n<li>Sandra\u00a0 Langel<\/li>\n<li>Patrizia Rulli<\/li>\n<li>Romain Steiner<\/li>\n<li>Nastasia\u00a0 Stritt<\/li>\n<li>Marc Wermelinger<\/li>\n<\/ul>\n<h3>Commission des f\u00eates<\/h3>\n<table style=\"width: 600px\" border=\"0\" cellspacing=\"2\" cellpadding=\"1\">\n<tbody>\n<tr>\n<td>\n<h6><strong>Responsable de commission <\/strong><\/h6>\n<\/td>\n<td><em>Fabian Zemp (MSc Sciences Forensiques)<\/em><\/td>\n<\/tr>\n<tr>\n<td>\n<h6><strong>Responsable adjoint<br \/>\n<\/strong><\/h6>\n<\/td>\n<td><em>Adrien <em>Vincart <\/em>(Bsc Sciences Forensiques)<\/em><\/td>\n<\/tr>\n<\/tbody>\n<\/table>\n<table style=\"width: 509px;height: 268px\" border=\"1\" cellspacing=\"1\" cellpadding=\"1\" align=\"center\">\n<tbody>\n<tr>\n<td><a href=\"https:\/\/wp.unil.ch\/aesc\/files\/2013\/10\/DSC_0049-e1381304597946.jpg\"><img loading=\"lazy\" decoding=\"async\" class=\"alignnone size-medium wp-image-2243\" src=\"https:\/\/wp.unil.ch\/aesc\/files\/2013\/10\/DSC_0049-e1381304597946-300x281.jpg\" alt=\"DSC_0049\" width=\"253\" height=\"236\" srcset=\"https:\/\/wp.unil.ch\/aesc\/files\/2013\/10\/DSC_0049-e1381304597946-300x281.jpg 300w, https:\/\/wp.unil.ch\/aesc\/files\/2013\/10\/DSC_0049-e1381304597946.jpg 684w\" sizes=\"auto, (max-width: 253px) 100vw, 253px\" \/><\/a><\/td>\n<td><a href=\"https:\/\/wp.unil.ch\/aesc\/files\/2013\/10\/DSC_0091_21-e1382191565480.jpeg\"><img loading=\"lazy\" decoding=\"async\" class=\"size-medium wp-image-2270 alignleft\" src=\"https:\/\/wp.unil.ch\/aesc\/files\/2013\/10\/DSC_0091_21-e1382191565480-300x293.jpeg\" alt=\"DSC_0091_2\" width=\"245\" height=\"238\" srcset=\"https:\/\/wp.unil.ch\/aesc\/files\/2013\/10\/DSC_0091_21-e1382191565480-300x293.jpeg 300w, https:\/\/wp.unil.ch\/aesc\/files\/2013\/10\/DSC_0091_21-e1382191565480.jpeg 440w\" sizes=\"auto, (max-width: 245px) 100vw, 245px\" \/><\/a><\/td>\n<\/tr>\n<tr>\n<td>Fabian<\/td>\n<td>Adrien<\/td>\n<\/tr>\n<\/tbody>\n<\/table>\n<h6><strong><strong>Membres<\/strong><\/strong><\/h6>\n<ul>\n<li>Romain Bariatti<\/li>\n<li>Camille Baumann<\/li>\n<li>C\u00e9line Burnier<\/li>\n<li>Alice Desplancke<\/li>\n<li>Florim Fazlija<\/li>\n<li>Manon Fischer<\/li>\n<li>Marie Gorka<\/li>\n<li>Cedric Grisoni<\/li>\n<li>Sylvain Hirsch<\/li>\n<li>L\u00e9titia Larchet<\/li>\n<li>Emilie Lardet-Vieudrin<\/li>\n<li>Valentina Lasso Gomez<\/li>\n<li>Elodie Lefran\u00e7ois<\/li>\n<li>Mathilde Maillard<\/li>\n<li>Manolita Monzo<\/li>\n<li>Elise Ngo<\/li>\n<li>Tiziana Nicora<\/li>\n<li>Damien Panchaud<\/li>\n<li>Fifonsi-Gwladys Quenum Possy-Berry<\/li>\n<li>Isabelle Radgen-Morvan<\/li>\n<li>Veronica Rogoo<\/li>\n<li>Lydie Samie-Foucart<\/li>\n<li>Am\u00e9lie Scalfo<\/li>\n<li>Linda Schlatter<\/li>\n<li>Adrien Vincart<\/li>\n<li>Florian Woehle<\/li>\n<li>Fabian Zemp<\/li>\n<\/ul>\n<p>&nbsp;<\/p>\n<h3>Autres postes<\/h3>\n<div>Commission des examens : Ludovic Staehli<br \/>\nCommission plan strat\u00e9gique ESC : Fabian Zemp<\/div>\n<div>Photographes : Adrien Vincart et Alice Desplancke<\/div>\n<div>Conseil de l&rsquo;ESC : Ludovic Staehli &amp; Michael Hanson<\/div>\n","protected":false},"excerpt":{"rendered":"<p>Bureau Co-Pr\u00e9sidents Ludovic Staehli\u00a0(MSc Sciences Forensiques) &amp; Michael Hanson (BSc Sciences Forensiques) Tr\u00e9sorier Juliette Baud (BSc Sciences Forensiques) Secr\u00e9taire g\u00e9n\u00e9ral Giulia Cinaglia (BSc Sciences Forensiques) Charg\u00e9 de communication\u00a0 Matthieu Di Floriano (BSc Sciences Forensiques) V\u00e9rificateurs des comptes Linda Schlatter (BSc Sciences Forensiques) &amp; Wermelinger Marc (BSc Sciences Forensiques) Ludovic et Michael Juliette B. Giulia C. &hellip; <\/p>\n<p class=\"link-more\"><a href=\"https:\/\/wp.unil.ch\/aesc\/structure\/membres\/2013-2014\/\" class=\"more-link\">Continuer la lecture<span class=\"screen-reader-text\"> de &laquo;&nbsp;2013-2014&nbsp;&raquo;<\/span><\/a><\/p>\n","protected":false},"author":1390,"featured_media":0,"parent":21,"menu_order":4,"comment_status":"closed","ping_status":"closed","template":"","meta":{"_seopress_robots_primary_cat":"","_seopress_titles_title":"","_seopress_titles_desc":"","_seopress_robots_index":"","footnotes":""},"class_list":["post-2234","page","type-page","status-publish"],"_links":{"self":[{"href":"https:\/\/wp.unil.ch\/aesc\/wp-json\/wp\/v2\/pages\/2234","targetHints":{"allow":["GET"]}}],"collection":[{"href":"https:\/\/wp.unil.ch\/aesc\/wp-json\/wp\/v2\/pages"}],"about":[{"href":"https:\/\/wp.unil.ch\/aesc\/wp-json\/wp\/v2\/types\/page"}],"author":[{"embeddable":true,"href":"https:\/\/wp.unil.ch\/aesc\/wp-json\/wp\/v2\/users\/1390"}],"replies":[{"embeddable":true,"href":"https:\/\/wp.unil.ch\/aesc\/wp-json\/wp\/v2\/comments?post=2234"}],"version-history":[{"count":0,"href":"https:\/\/wp.unil.ch\/aesc\/wp-json\/wp\/v2\/pages\/2234\/revisions"}],"up":[{"embeddable":true,"href":"https:\/\/wp.unil.ch\/aesc\/wp-json\/wp\/v2\/pages\/21"}],"wp:attachment":[{"href":"https:\/\/wp.unil.ch\/aesc\/wp-json\/wp\/v2\/media?parent=2234"}],"curies":[{"name":"wp","href":"https:\/\/api.w.org\/{rel}","templated":true}]}}