{"id":21,"date":"2010-01-19T21:05:13","date_gmt":"2010-01-19T20:05:13","guid":{"rendered":"http:\/\/wp.unil.ch\/aesc\/?page_id=21"},"modified":"2025-10-28T11:50:50","modified_gmt":"2025-10-28T10:50:50","slug":"membres","status":"publish","type":"page","link":"https:\/\/wp.unil.ch\/aesc\/structure\/membres\/","title":{"rendered":"Membres"},"content":{"rendered":"\n<h2 class=\"wp-block-heading\"><strong>Bureau<\/strong><\/h2>\n\n\n\n<figure class=\"wp-block-table\"><table><tbody><tr><td><strong>Co-pr\u00e9sidents<\/strong><\/td><td>Deslex Chiara &amp; Gianella Olivier&nbsp;<em>(MSc Sciences forensiques)<\/em><\/td><\/tr><tr><td><strong>Tr\u00e9sori\u00e8re<\/strong><\/td><td>Mahmoud Hala&nbsp;<em>(MSc Sciences en analyse criminelle et tra\u00e7ologie)<\/em><\/td><\/tr><tr><td><strong>Secr\u00e9taire<\/strong><\/td><td>Barill\u00e8re&nbsp;Ga\u00eblle&nbsp;<em>(MSc&nbsp;Sciences en analyse criminelle et tra\u00e7ologie)<\/em><\/td><\/tr><tr><td><strong>Co-charg\u00e9es de communication<\/strong><\/td><td>Buret Manon &amp; Gascard Elise&nbsp;<em>(BSc Sciences forensiques)<\/em><\/td><\/tr><tr><td><strong>V\u00e9rificateur des comptes<\/strong><\/td><td>Bau Th\u00e9o&nbsp;<em>(MSc Sciences&nbsp;en analyse criminelle et tra\u00e7ologie)<\/em><\/td><\/tr><\/tbody><\/table><\/figure>\n\n\n\n<figure class=\"wp-block-gallery has-nested-images columns-default is-cropped wp-block-gallery-1 is-layout-flex wp-block-gallery-is-layout-flex\">\n<figure class=\"wp-block-image size-large\"><img alt=\"\" loading=\"lazy\" decoding=\"async\" width=\"792\" height=\"792\" data-id=\"3602\" src=\"https:\/\/wp.unil.ch\/aesc\/files\/2023\/10\/Chiara-Deslex-4-edited.jpg\" alt=\"\" class=\"wp-image-3602\" srcset=\"https:\/\/wp.unil.ch\/aesc\/files\/2023\/10\/Chiara-Deslex-4-edited.jpg 792w, https:\/\/wp.unil.ch\/aesc\/files\/2023\/10\/Chiara-Deslex-4-edited-300x300.jpg 300w, https:\/\/wp.unil.ch\/aesc\/files\/2023\/10\/Chiara-Deslex-4-edited-120x120.jpg 120w, https:\/\/wp.unil.ch\/aesc\/files\/2023\/10\/Chiara-Deslex-4-edited-768x768.jpg 768w, https:\/\/wp.unil.ch\/aesc\/files\/2023\/10\/Chiara-Deslex-4-edited-100x100.jpg 100w\" sizes=\"auto, (max-width: 767px) 89vw, (max-width: 1000px) 54vw, (max-width: 1071px) 543px, 580px\" \/><figcaption class=\"wp-element-caption\">Deslex Chiara<\/figcaption><\/figure>\n\n\n\n<figure class=\"wp-block-image size-large\"><img alt=\"\" loading=\"lazy\" decoding=\"async\" width=\"900\" height=\"900\" data-id=\"3603\" src=\"https:\/\/wp.unil.ch\/aesc\/files\/2023\/10\/IMG_58193590-1-edited.jpeg\" alt=\"\" class=\"wp-image-3603\" srcset=\"https:\/\/wp.unil.ch\/aesc\/files\/2023\/10\/IMG_58193590-1-edited.jpeg 900w, https:\/\/wp.unil.ch\/aesc\/files\/2023\/10\/IMG_58193590-1-edited-300x300.jpeg 300w, https:\/\/wp.unil.ch\/aesc\/files\/2023\/10\/IMG_58193590-1-edited-120x120.jpeg 120w, https:\/\/wp.unil.ch\/aesc\/files\/2023\/10\/IMG_58193590-1-edited-768x768.jpeg 768w, https:\/\/wp.unil.ch\/aesc\/files\/2023\/10\/IMG_58193590-1-edited-100x100.jpeg 100w\" sizes=\"auto, (max-width: 767px) 89vw, (max-width: 1000px) 54vw, (max-width: 1071px) 543px, 580px\" \/><figcaption class=\"wp-element-caption\">Gianella Olivier<\/figcaption><\/figure>\n\n\n\n<figure class=\"wp-block-image size-large\"><img alt=\"\" loading=\"lazy\" decoding=\"async\" width=\"768\" height=\"768\" data-id=\"3604\" src=\"https:\/\/wp.unil.ch\/aesc\/files\/2023\/10\/Hala-edited.jpeg\" alt=\"\" class=\"wp-image-3604\" srcset=\"https:\/\/wp.unil.ch\/aesc\/files\/2023\/10\/Hala-edited.jpeg 768w, https:\/\/wp.unil.ch\/aesc\/files\/2023\/10\/Hala-edited-300x300.jpeg 300w, https:\/\/wp.unil.ch\/aesc\/files\/2023\/10\/Hala-edited-120x120.jpeg 120w, https:\/\/wp.unil.ch\/aesc\/files\/2023\/10\/Hala-edited-100x100.jpeg 100w\" sizes=\"auto, (max-width: 767px) 89vw, (max-width: 1000px) 54vw, (max-width: 1071px) 543px, 580px\" \/><figcaption class=\"wp-element-caption\">Mahmoud Hala<\/figcaption><\/figure>\n\n\n\n<figure class=\"wp-block-image size-large\"><img alt=\"\" loading=\"lazy\" decoding=\"async\" width=\"554\" height=\"554\" data-id=\"3605\" src=\"https:\/\/wp.unil.ch\/aesc\/files\/2023\/10\/Gaelle-Barillere-edited.png\" alt=\"\" class=\"wp-image-3605\" srcset=\"https:\/\/wp.unil.ch\/aesc\/files\/2023\/10\/Gaelle-Barillere-edited.png 554w, https:\/\/wp.unil.ch\/aesc\/files\/2023\/10\/Gaelle-Barillere-edited-300x300.png 300w, https:\/\/wp.unil.ch\/aesc\/files\/2023\/10\/Gaelle-Barillere-edited-120x120.png 120w, https:\/\/wp.unil.ch\/aesc\/files\/2023\/10\/Gaelle-Barillere-edited-100x100.png 100w\" sizes=\"auto, (max-width: 554px) 100vw, 554px\" \/><figcaption class=\"wp-element-caption\">Barill\u00e8re Ga\u00eblle<\/figcaption><\/figure>\n\n\n\n<figure class=\"wp-block-image size-large\"><img alt=\"\" loading=\"lazy\" decoding=\"async\" width=\"901\" height=\"901\" data-id=\"3606\" src=\"https:\/\/wp.unil.ch\/aesc\/files\/2023\/10\/Manon-Buret-1-edited.jpeg\" alt=\"\" class=\"wp-image-3606\" srcset=\"https:\/\/wp.unil.ch\/aesc\/files\/2023\/10\/Manon-Buret-1-edited.jpeg 901w, https:\/\/wp.unil.ch\/aesc\/files\/2023\/10\/Manon-Buret-1-edited-300x300.jpeg 300w, https:\/\/wp.unil.ch\/aesc\/files\/2023\/10\/Manon-Buret-1-edited-120x120.jpeg 120w, https:\/\/wp.unil.ch\/aesc\/files\/2023\/10\/Manon-Buret-1-edited-768x768.jpeg 768w, https:\/\/wp.unil.ch\/aesc\/files\/2023\/10\/Manon-Buret-1-edited-100x100.jpeg 100w\" sizes=\"auto, (max-width: 767px) 89vw, (max-width: 1000px) 54vw, (max-width: 1071px) 543px, 580px\" \/><figcaption class=\"wp-element-caption\">Buret Manon<\/figcaption><\/figure>\n\n\n\n<figure class=\"wp-block-image size-large\"><img alt=\"\" loading=\"lazy\" decoding=\"async\" width=\"1024\" height=\"1024\" data-id=\"3599\" src=\"https:\/\/wp.unil.ch\/aesc\/files\/2023\/10\/Elise-Gascard-1-1024x1024.jpg\" alt=\"\" class=\"wp-image-3599\" srcset=\"https:\/\/wp.unil.ch\/aesc\/files\/2023\/10\/Elise-Gascard-1-1024x1024.jpg 1024w, https:\/\/wp.unil.ch\/aesc\/files\/2023\/10\/Elise-Gascard-1-300x300.jpg 300w, https:\/\/wp.unil.ch\/aesc\/files\/2023\/10\/Elise-Gascard-1-120x120.jpg 120w, https:\/\/wp.unil.ch\/aesc\/files\/2023\/10\/Elise-Gascard-1-768x768.jpg 768w, https:\/\/wp.unil.ch\/aesc\/files\/2023\/10\/Elise-Gascard-1-100x100.jpg 100w, https:\/\/wp.unil.ch\/aesc\/files\/2023\/10\/Elise-Gascard-1.jpg 1200w\" sizes=\"auto, (max-width: 767px) 89vw, (max-width: 1000px) 54vw, (max-width: 1071px) 543px, 580px\" \/><figcaption class=\"wp-element-caption\">Gascard Elise<\/figcaption><\/figure>\n<\/figure>\n\n\n\n<h2 class=\"wp-block-heading\"><strong>Commission des f\u00eates<\/strong><\/h2>\n\n\n\n<figure class=\"wp-block-table\"><table><tbody><tr><td><strong>Responsable de commission<\/strong><\/td><td>Pasche Timoth\u00e9e&nbsp;<em>(BSc Sciences forensiques)<\/em><\/td><\/tr><tr><td><strong>Responsables adjointes<\/strong><\/td><td>Gabella Carena Olivia &amp; Roes Siena&nbsp;<em>(BSc Sciences forensiques)<\/em><\/td><\/tr><\/tbody><\/table><\/figure>\n\n\n\n<figure class=\"wp-block-gallery has-nested-images columns-default is-cropped wp-block-gallery-2 is-layout-flex wp-block-gallery-is-layout-flex\">\n<figure class=\"wp-block-image size-large\"><img alt=\"\" loading=\"lazy\" decoding=\"async\" width=\"1024\" height=\"1024\" data-id=\"3619\" src=\"https:\/\/wp.unil.ch\/aesc\/files\/2023\/10\/IMG_0036-edited-1024x1024.jpg\" alt=\"\" class=\"wp-image-3619\" srcset=\"https:\/\/wp.unil.ch\/aesc\/files\/2023\/10\/IMG_0036-edited-1024x1024.jpg 1024w, https:\/\/wp.unil.ch\/aesc\/files\/2023\/10\/IMG_0036-edited-300x300.jpg 300w, https:\/\/wp.unil.ch\/aesc\/files\/2023\/10\/IMG_0036-edited-120x120.jpg 120w, https:\/\/wp.unil.ch\/aesc\/files\/2023\/10\/IMG_0036-edited-768x768.jpg 768w, https:\/\/wp.unil.ch\/aesc\/files\/2023\/10\/IMG_0036-edited-100x100.jpg 100w, https:\/\/wp.unil.ch\/aesc\/files\/2023\/10\/IMG_0036-edited.jpg 1200w\" sizes=\"auto, (max-width: 767px) 89vw, (max-width: 1000px) 54vw, (max-width: 1071px) 543px, 580px\" \/><figcaption class=\"wp-element-caption\">Pasche Timoth\u00e9e<\/figcaption><\/figure>\n\n\n\n<figure class=\"wp-block-image size-large\"><img alt=\"\" loading=\"lazy\" decoding=\"async\" width=\"325\" height=\"325\" data-id=\"3618\" src=\"https:\/\/wp.unil.ch\/aesc\/files\/2023\/10\/5DB2764D-0854-4D52-8111-5D11B5550A89-edited.jpeg\" alt=\"\" class=\"wp-image-3618\" srcset=\"https:\/\/wp.unil.ch\/aesc\/files\/2023\/10\/5DB2764D-0854-4D52-8111-5D11B5550A89-edited.jpeg 325w, https:\/\/wp.unil.ch\/aesc\/files\/2023\/10\/5DB2764D-0854-4D52-8111-5D11B5550A89-edited-300x300.jpeg 300w, https:\/\/wp.unil.ch\/aesc\/files\/2023\/10\/5DB2764D-0854-4D52-8111-5D11B5550A89-edited-120x120.jpeg 120w, https:\/\/wp.unil.ch\/aesc\/files\/2023\/10\/5DB2764D-0854-4D52-8111-5D11B5550A89-edited-100x100.jpeg 100w\" sizes=\"auto, (max-width: 325px) 100vw, 325px\" \/><figcaption class=\"wp-element-caption\">Gabella Carena Olivia<\/figcaption><\/figure>\n\n\n\n<figure class=\"wp-block-image size-large\"><img alt=\"\" loading=\"lazy\" decoding=\"async\" width=\"603\" height=\"603\" data-id=\"3617\" src=\"https:\/\/wp.unil.ch\/aesc\/files\/2023\/10\/IMG_2967-edited.jpg\" alt=\"\" class=\"wp-image-3617\" srcset=\"https:\/\/wp.unil.ch\/aesc\/files\/2023\/10\/IMG_2967-edited.jpg 603w, https:\/\/wp.unil.ch\/aesc\/files\/2023\/10\/IMG_2967-edited-300x300.jpg 300w, https:\/\/wp.unil.ch\/aesc\/files\/2023\/10\/IMG_2967-edited-120x120.jpg 120w, https:\/\/wp.unil.ch\/aesc\/files\/2023\/10\/IMG_2967-edited-100x100.jpg 100w\" sizes=\"auto, (max-width: 603px) 100vw, 603px\" \/><figcaption class=\"wp-element-caption\">Roes Siena<\/figcaption><\/figure>\n<\/figure>\n\n\n\n<p><strong>Membres<\/strong><\/p>\n\n\n\n<ul class=\"wp-block-list\">\n<li>Airault&nbsp;Lilou<\/li>\n\n\n\n<li>Allione&nbsp;L\u00e9a<\/li>\n\n\n\n<li>Altenried Crystel<\/li>\n\n\n\n<li>Andrieux Chlo\u00e9<\/li>\n\n\n\n<li>Az\u00e9ma&nbsp;Capucine<\/li>\n\n\n\n<li>Barbey&nbsp;Guillaume<\/li>\n\n\n\n<li>Barill\u00e8re Ga\u00eblle<\/li>\n\n\n\n<li>Baromes Alexandra<\/li>\n\n\n\n<li>Barth Ga\u00eblle<\/li>\n\n\n\n<li>Berger&nbsp;Cl\u00e9o<\/li>\n\n\n\n<li>Bernard Manon<\/li>\n\n\n\n<li>Bianco&nbsp;Sarah<\/li>\n\n\n\n<li>Bilger Val\u00e9rie<\/li>\n\n\n\n<li>Bivas Sol\u00e8ne<\/li>\n\n\n\n<li>Bolzan&nbsp;Noemie<\/li>\n\n\n\n<li>Boutaga Kalissa<\/li>\n\n\n\n<li>Bulteau Marie<\/li>\n\n\n\n<li>Buret Manon<\/li>\n\n\n\n<li>Burnand Ilona<\/li>\n\n\n\n<li>Cauchy&nbsp;Camille<\/li>\n\n\n\n<li>Chabert Manon<\/li>\n\n\n\n<li>Chain\u00e9&nbsp;Sandrine<\/li>\n\n\n\n<li>Chartaud Nolwenn<\/li>\n\n\n\n<li>Chollet Hortense<\/li>\n\n\n\n<li>De Mavaleix Laurie<\/li>\n\n\n\n<li>Debrun Mathilde<\/li>\n\n\n\n<li>DeSailly Chlo\u00e9<\/li>\n\n\n\n<li>Di Legge Luana<\/li>\n\n\n\n<li>Diaz Valentin<\/li>\n\n\n\n<li>Dostal Tuan<\/li>\n\n\n\n<li>Dousse Cassandra<\/li>\n\n\n\n<li>Droz Louis-Xavier<\/li>\n\n\n\n<li>Egeler Selina<\/li>\n\n\n\n<li>El Cassis Salwa<\/li>\n\n\n\n<li>Emhoff Olivier<\/li>\n\n\n\n<li>Evard Zo\u00e9<\/li>\n\n\n\n<li>Faisandel Florant<\/li>\n\n\n\n<li>Falk Margaux<\/li>\n\n\n\n<li>Frabboni Thibaut<\/li>\n\n\n\n<li>Froidevaux Aloys<\/li>\n\n\n\n<li>Fug\u00e8re&nbsp;Simon<\/li>\n\n\n\n<li>Furrer Scott<\/li>\n\n\n\n<li>Gabella Carena Olivia<\/li>\n\n\n\n<li>Gascard Elise<\/li>\n\n\n\n<li>Gauthey Ma\u00efa<\/li>\n\n\n\n<li>Gianella Olivier<\/li>\n\n\n\n<li>Gon\u00e7alves Boris<\/li>\n\n\n\n<li>Goncalves Da Silva Laura<\/li>\n\n\n\n<li>Goux L\u00e9a<\/li>\n\n\n\n<li>Grossenbacher Yasmina<\/li>\n\n\n\n<li>Hegel Th\u00e9o<\/li>\n\n\n\n<li>Hofmann Sambre<\/li>\n\n\n\n<li>Kilchenmann Pierre<\/li>\n\n\n\n<li>Lahlal Rania<\/li>\n\n\n\n<li>Lambert Penelope<\/li>\n\n\n\n<li>Le Clanche Oc\u00e9ane<\/li>\n\n\n\n<li>Le goff&nbsp;Amy<\/li>\n\n\n\n<li>Levain Caroline<\/li>\n\n\n\n<li>Levieux Yann<\/li>\n\n\n\n<li>Luisier&nbsp;Jessy<\/li>\n\n\n\n<li>Mallet&nbsp;Clemence<\/li>\n\n\n\n<li>Martelli Maxim<\/li>\n\n\n\n<li>Matray Kieran<\/li>\n\n\n\n<li>Mayance Lucy<\/li>\n\n\n\n<li>Metivier Luna<\/li>\n\n\n\n<li>Moser No\u00e9<\/li>\n\n\n\n<li>M\u00fctzenber Julien<\/li>\n\n\n\n<li>Nef Louis<\/li>\n\n\n\n<li>Nitzan Kadouri<\/li>\n\n\n\n<li>Ottenwaelter Blanche<\/li>\n\n\n\n<li>Pahud&nbsp;Simon<\/li>\n\n\n\n<li>Pasche&nbsp;Timoth\u00e9e<\/li>\n\n\n\n<li>Perrin Caroline<\/li>\n\n\n\n<li>Pinton&nbsp;In\u00e8s<\/li>\n\n\n\n<li>Prodanovic Lara<\/li>\n\n\n\n<li>Pruvost Hermine<\/li>\n\n\n\n<li>Quesnel Ambre<\/li>\n\n\n\n<li>Quignon Lily<\/li>\n\n\n\n<li>Renard&nbsp;Elise<\/li>\n\n\n\n<li>Robert Lorine<\/li>\n\n\n\n<li>Rochat Tara<\/li>\n\n\n\n<li>Roes Siena<\/li>\n\n\n\n<li>Rondeau Louise<\/li>\n\n\n\n<li>Roux Marco<\/li>\n\n\n\n<li>Sadiku Loreta<\/li>\n\n\n\n<li>Sammon Lillie-Anne<\/li>\n\n\n\n<li>Scherrer Constance<\/li>\n\n\n\n<li>Seligman-Sch\u00fcrch Naomi<\/li>\n\n\n\n<li>Sevaz Macha<\/li>\n\n\n\n<li>Sieber Fabrice<\/li>\n\n\n\n<li>T\u00e2che Gregory<\/li>\n\n\n\n<li>Tavares Catarina<\/li>\n\n\n\n<li>Thiaville Sophie<\/li>\n\n\n\n<li>Trinquet Megane<\/li>\n\n\n\n<li>Urfer Elise<\/li>\n\n\n\n<li>Urionag\u00fcena Szerman Daphn\u00e9<\/li>\n\n\n\n<li>Vaccaro Loris<\/li>\n\n\n\n<li>Vaubourg Simon<\/li>\n\n\n\n<li>Vende Arnell Quentin<\/li>\n\n\n\n<li>Voegeli Guillaume<\/li>\n\n\n\n<li>Vuillemier Romain<\/li>\n\n\n\n<li>Whittaker James<\/li>\n\n\n\n<li>Wicki Florian<\/li>\n\n\n\n<li>Zwahlen Ma\u00eblie<\/li>\n<\/ul>\n\n\n\n<h2 class=\"wp-block-heading\"><strong>Commission culturelle<\/strong><\/h2>\n\n\n\n<figure class=\"wp-block-table\"><table><tbody><tr><td><strong>Responsable de commission<\/strong><\/td><td>Bilotta Elisabetta&nbsp;<em>(MSc Sciences forensiques)<\/em><\/td><\/tr><tr><td><strong>Responsables adjointes<\/strong><\/td><td>Benassi Victoria &amp; Borel Morgane&nbsp;<em>(MSc Sciences forensiques)<\/em><\/td><\/tr><\/tbody><\/table><\/figure>\n\n\n\n<figure class=\"wp-block-gallery has-nested-images columns-default is-cropped wp-block-gallery-3 is-layout-flex wp-block-gallery-is-layout-flex\">\n<figure class=\"wp-block-image size-large\"><img alt=\"\" loading=\"lazy\" decoding=\"async\" width=\"900\" height=\"900\" data-id=\"3611\" src=\"https:\/\/wp.unil.ch\/aesc\/files\/2023\/10\/Lisa-Bilotta-edited.jpg\" alt=\"\" class=\"wp-image-3611\" srcset=\"https:\/\/wp.unil.ch\/aesc\/files\/2023\/10\/Lisa-Bilotta-edited.jpg 900w, https:\/\/wp.unil.ch\/aesc\/files\/2023\/10\/Lisa-Bilotta-edited-300x300.jpg 300w, https:\/\/wp.unil.ch\/aesc\/files\/2023\/10\/Lisa-Bilotta-edited-120x120.jpg 120w, https:\/\/wp.unil.ch\/aesc\/files\/2023\/10\/Lisa-Bilotta-edited-768x768.jpg 768w, https:\/\/wp.unil.ch\/aesc\/files\/2023\/10\/Lisa-Bilotta-edited-100x100.jpg 100w\" sizes=\"auto, (max-width: 767px) 89vw, (max-width: 1000px) 54vw, (max-width: 1071px) 543px, 580px\" \/><figcaption class=\"wp-element-caption\">Bilotta Elisabetta<\/figcaption><\/figure>\n\n\n\n<figure class=\"wp-block-image size-large\"><img alt=\"\" loading=\"lazy\" decoding=\"async\" width=\"364\" height=\"364\" data-id=\"3612\" src=\"https:\/\/wp.unil.ch\/aesc\/files\/2023\/10\/Victoria-edited.jpg\" alt=\"\" class=\"wp-image-3612\" srcset=\"https:\/\/wp.unil.ch\/aesc\/files\/2023\/10\/Victoria-edited.jpg 364w, https:\/\/wp.unil.ch\/aesc\/files\/2023\/10\/Victoria-edited-300x300.jpg 300w, https:\/\/wp.unil.ch\/aesc\/files\/2023\/10\/Victoria-edited-120x120.jpg 120w, https:\/\/wp.unil.ch\/aesc\/files\/2023\/10\/Victoria-edited-100x100.jpg 100w\" sizes=\"auto, (max-width: 364px) 100vw, 364px\" \/><figcaption class=\"wp-element-caption\">Benassi Victoria<\/figcaption><\/figure>\n\n\n\n<figure class=\"wp-block-image size-large\"><img alt=\"\" loading=\"lazy\" decoding=\"async\" width=\"894\" height=\"894\" data-id=\"3613\" src=\"https:\/\/wp.unil.ch\/aesc\/files\/2023\/10\/Morgane-edited.jpg\" alt=\"\" class=\"wp-image-3613\" srcset=\"https:\/\/wp.unil.ch\/aesc\/files\/2023\/10\/Morgane-edited.jpg 894w, https:\/\/wp.unil.ch\/aesc\/files\/2023\/10\/Morgane-edited-300x300.jpg 300w, https:\/\/wp.unil.ch\/aesc\/files\/2023\/10\/Morgane-edited-120x120.jpg 120w, https:\/\/wp.unil.ch\/aesc\/files\/2023\/10\/Morgane-edited-768x768.jpg 768w, https:\/\/wp.unil.ch\/aesc\/files\/2023\/10\/Morgane-edited-100x100.jpg 100w\" sizes=\"auto, (max-width: 767px) 89vw, (max-width: 1000px) 54vw, (max-width: 1071px) 543px, 580px\" \/><figcaption class=\"wp-element-caption\">Borel Morgane<\/figcaption><\/figure>\n<\/figure>\n\n\n\n<p><strong>Membres<\/strong><\/p>\n\n\n\n<ul class=\"wp-block-list\">\n<li>Abadoma Elian<\/li>\n\n\n\n<li>Allione&nbsp;L\u00e9a<\/li>\n\n\n\n<li>Andrieux Chlo\u00e9<\/li>\n\n\n\n<li>Aubry Emma<\/li>\n\n\n\n<li>Barbey Guillaume<\/li>\n\n\n\n<li>Barill\u00e8re Ga\u00eblle<\/li>\n\n\n\n<li>Benassi Victoria<\/li>\n\n\n\n<li>Berger Cl\u00e9o<\/li>\n\n\n\n<li>Bernard Manon<\/li>\n\n\n\n<li>Bianco Sarah<\/li>\n\n\n\n<li>Bilotta Elisabetta<\/li>\n\n\n\n<li>Bivas Sol\u00e8ne<\/li>\n\n\n\n<li>Borel Morgane<\/li>\n\n\n\n<li>Bulteau Marie<\/li>\n\n\n\n<li>Cabellan Marine<\/li>\n\n\n\n<li>Cauchy Camille<\/li>\n\n\n\n<li>Challandes Dounia<\/li>\n\n\n\n<li>Chartaud Nolwenn<\/li>\n\n\n\n<li>Deffayet Romane<\/li>\n\n\n\n<li>Diaz Valentin<\/li>\n\n\n\n<li>Donnet-Monay Marion<\/li>\n\n\n\n<li>Emhoff Olivier<\/li>\n\n\n\n<li>Faisandel Florant<\/li>\n\n\n\n<li>Frabboni Thibaut<\/li>\n\n\n\n<li>Froidevaux Aloys<\/li>\n\n\n\n<li>Fug\u00e8re Simon<\/li>\n\n\n\n<li>Furrer Scott<\/li>\n\n\n\n<li>Gabella Carena Olivia<\/li>\n\n\n\n<li>Gianella Olivier<\/li>\n\n\n\n<li>Gon\u00e7alves Boris<\/li>\n\n\n\n<li>Hard Sarah<\/li>\n\n\n\n<li>Kilchenmann Pierre<\/li>\n\n\n\n<li>Klammers Selma<\/li>\n\n\n\n<li>Lambert Penelope<\/li>\n\n\n\n<li>Levain Caroline<\/li>\n\n\n\n<li>Mabru Manon<\/li>\n\n\n\n<li>Mancuso Alexia<\/li>\n\n\n\n<li>Matray&nbsp;Kieran<\/li>\n\n\n\n<li>Mayance Lucy<\/li>\n\n\n\n<li>Misso Elise<\/li>\n\n\n\n<li>Moser No\u00e9<\/li>\n\n\n\n<li>M\u00fctzenber Julien<\/li>\n\n\n\n<li>Ottenwaelter Blanche<\/li>\n\n\n\n<li>Recasens Eglantine<\/li>\n\n\n\n<li>Roes Siena<\/li>\n\n\n\n<li>Roten Lara<\/li>\n\n\n\n<li>Scoundrianos Aur\u00e8le<\/li>\n\n\n\n<li>Seligman-Sch\u00fcrch Naomi&nbsp;<\/li>\n\n\n\n<li>Sieber Fabrice<\/li>\n\n\n\n<li>Tchuente Mvondo Agrippine<\/li>\n\n\n\n<li>Tiberghien Ambre<\/li>\n\n\n\n<li>Tran Thi\u00ean-Ch\u00e2u<\/li>\n\n\n\n<li>Vaccaro Loris<\/li>\n\n\n\n<li>Vende Arnell Quentin<\/li>\n\n\n\n<li>Whittaker James<\/li>\n<\/ul>\n\n\n\n<h2 class=\"wp-block-heading\"><strong>Autres postes<\/strong><\/h2>\n\n\n\n<figure class=\"wp-block-table\"><table><tbody><tr><td><strong>Repr\u00e9sentants FAE<\/strong><\/td><td>Deslex Chiara et Tchuente Mvondo Agrippine&nbsp;<\/td><\/tr><tr><td><strong>Photographes<\/strong><\/td><td>Rondeau Louise<\/td><\/tr><tr><td><strong>Graphistes<\/strong><\/td><td>Donnet-Monay Marion et Pinton In\u00e8s<\/td><\/tr><tr><td><strong>Commission des examens et recours<\/strong><\/td><td>Bau Th\u00e9o<\/td><\/tr><tr><td><strong>Conseil de l\u2019ESC<\/strong><\/td><td>Crot S\u00e9bastien, Deslex Chiara et Roux Marco<\/td><\/tr><tr><td><strong>Conseil de facult\u00e9<\/strong><\/td><td>Roux Marco<\/td><\/tr><tr><td><strong>Conseil de l\u2019Universit\u00e9<\/strong><\/td><td><\/td><\/tr><\/tbody><\/table><\/figure>\n\n\n\n<h2 class=\"wp-block-heading\"><strong>Membres d\u2019honneur<\/strong><\/h2>\n\n\n\n<ul class=\"wp-block-list\">\n<li>Boll\u00e9 Timothy (depuis le 25\/09\/2017)<\/li>\n\n\n\n<li>Rhumorbarbe Damien (depuis le 25\/09\/2017)<\/li>\n<\/ul>\n","protected":false},"excerpt":{"rendered":"<p>Bureau Co-pr\u00e9sidents Deslex Chiara &amp; Gianella Olivier&nbsp;(MSc Sciences forensiques) Tr\u00e9sori\u00e8re Mahmoud Hala&nbsp;(MSc Sciences en analyse criminelle et tra\u00e7ologie) Secr\u00e9taire Barill\u00e8re&nbsp;Ga\u00eblle&nbsp;(MSc&nbsp;Sciences en analyse criminelle et tra\u00e7ologie) Co-charg\u00e9es de communication Buret Manon &amp; Gascard Elise&nbsp;(BSc Sciences forensiques) V\u00e9rificateur des comptes Bau Th\u00e9o&nbsp;(MSc Sciences&nbsp;en analyse criminelle et tra\u00e7ologie) Commission des f\u00eates Responsable de commission Pasche Timoth\u00e9e&nbsp;(BSc Sciences forensiques) &hellip; <\/p>\n<p class=\"link-more\"><a href=\"https:\/\/wp.unil.ch\/aesc\/structure\/membres\/\" class=\"more-link\">Continuer la lecture<span class=\"screen-reader-text\"> de &laquo;&nbsp;Membres&nbsp;&raquo;<\/span><\/a><\/p>\n","protected":false},"author":157,"featured_media":0,"parent":14,"menu_order":1,"comment_status":"closed","ping_status":"closed","template":"","meta":{"_seopress_robots_primary_cat":"","_seopress_titles_title":"","_seopress_titles_desc":"","_seopress_robots_index":"","footnotes":""},"class_list":["post-21","page","type-page","status-publish"],"_links":{"self":[{"href":"https:\/\/wp.unil.ch\/aesc\/wp-json\/wp\/v2\/pages\/21","targetHints":{"allow":["GET"]}}],"collection":[{"href":"https:\/\/wp.unil.ch\/aesc\/wp-json\/wp\/v2\/pages"}],"about":[{"href":"https:\/\/wp.unil.ch\/aesc\/wp-json\/wp\/v2\/types\/page"}],"author":[{"embeddable":true,"href":"https:\/\/wp.unil.ch\/aesc\/wp-json\/wp\/v2\/users\/157"}],"replies":[{"embeddable":true,"href":"https:\/\/wp.unil.ch\/aesc\/wp-json\/wp\/v2\/comments?post=21"}],"version-history":[{"count":5,"href":"https:\/\/wp.unil.ch\/aesc\/wp-json\/wp\/v2\/pages\/21\/revisions"}],"predecessor-version":[{"id":3711,"href":"https:\/\/wp.unil.ch\/aesc\/wp-json\/wp\/v2\/pages\/21\/revisions\/3711"}],"up":[{"embeddable":true,"href":"https:\/\/wp.unil.ch\/aesc\/wp-json\/wp\/v2\/pages\/14"}],"wp:attachment":[{"href":"https:\/\/wp.unil.ch\/aesc\/wp-json\/wp\/v2\/media?parent=21"}],"curies":[{"name":"wp","href":"https:\/\/api.w.org\/{rel}","templated":true}]}}