{"id":200,"date":"2010-01-24T00:16:35","date_gmt":"2010-01-23T23:16:35","guid":{"rendered":"http:\/\/wp.unil.ch\/aesc\/?page_id=200"},"modified":"2017-12-28T14:25:17","modified_gmt":"2017-12-28T13:25:17","slug":"rejoignez-nous","status":"publish","type":"page","link":"https:\/\/wp.unil.ch\/aesc\/structure\/rejoignez-nous\/","title":{"rendered":"Rejoignez-nous !"},"content":{"rendered":"<p><a href=\"https:\/\/wp.unil.ch\/aesc\/files\/2010\/01\/I-want-you.jpg\"><img loading=\"lazy\" decoding=\"async\" class=\"size-large wp-image-201 aligncenter\" src=\"https:\/\/wp.unil.ch\/aesc\/files\/2010\/01\/I-want-you-662x1024.jpg\" alt=\"I want you\" width=\"391\" height=\"605\" srcset=\"https:\/\/wp.unil.ch\/aesc\/files\/2010\/01\/I-want-you-662x1024.jpg 662w, https:\/\/wp.unil.ch\/aesc\/files\/2010\/01\/I-want-you-193x300.jpg 193w, https:\/\/wp.unil.ch\/aesc\/files\/2010\/01\/I-want-you.jpg 774w\" sizes=\"auto, (max-width: 391px) 100vw, 391px\" \/><\/a><\/p>\n<p style=\"text-align: center\">Tout \u00e9tudiant inscrit \u00e0 l&rsquo;ESC peut \u00eatre membre de l&rsquo;AESC. Si vous \u00eates int\u00e9ress\u00e9 par une activit\u00e9 associative, que vous souhaitez vous impliquer dans la vie de l&rsquo;ESC et nouer des contacts avec d&rsquo;autres \u00e9tudiants d&rsquo;autres vol\u00e9es, rejoignez-nous !<\/p>\n<p style=\"text-align: center\">\n","protected":false},"excerpt":{"rendered":"<p>Tout \u00e9tudiant inscrit \u00e0 l&rsquo;ESC peut \u00eatre membre de l&rsquo;AESC. Si vous \u00eates int\u00e9ress\u00e9 par une activit\u00e9 associative, que vous souhaitez vous impliquer dans la vie de l&rsquo;ESC et nouer des contacts avec d&rsquo;autres \u00e9tudiants d&rsquo;autres vol\u00e9es, rejoignez-nous !<\/p>\n","protected":false},"author":165,"featured_media":0,"parent":14,"menu_order":3,"comment_status":"closed","ping_status":"closed","template":"","meta":{"_seopress_robots_primary_cat":"","_seopress_titles_title":"","_seopress_titles_desc":"","_seopress_robots_index":"","footnotes":""},"class_list":["post-200","page","type-page","status-publish"],"_links":{"self":[{"href":"https:\/\/wp.unil.ch\/aesc\/wp-json\/wp\/v2\/pages\/200","targetHints":{"allow":["GET"]}}],"collection":[{"href":"https:\/\/wp.unil.ch\/aesc\/wp-json\/wp\/v2\/pages"}],"about":[{"href":"https:\/\/wp.unil.ch\/aesc\/wp-json\/wp\/v2\/types\/page"}],"author":[{"embeddable":true,"href":"https:\/\/wp.unil.ch\/aesc\/wp-json\/wp\/v2\/users\/165"}],"replies":[{"embeddable":true,"href":"https:\/\/wp.unil.ch\/aesc\/wp-json\/wp\/v2\/comments?post=200"}],"version-history":[{"count":0,"href":"https:\/\/wp.unil.ch\/aesc\/wp-json\/wp\/v2\/pages\/200\/revisions"}],"up":[{"embeddable":true,"href":"https:\/\/wp.unil.ch\/aesc\/wp-json\/wp\/v2\/pages\/14"}],"wp:attachment":[{"href":"https:\/\/wp.unil.ch\/aesc\/wp-json\/wp\/v2\/media?parent=200"}],"curies":[{"name":"wp","href":"https:\/\/api.w.org\/{rel}","templated":true}]}}