{"id":18,"date":"2010-01-19T21:03:40","date_gmt":"2010-01-19T20:03:40","guid":{"rendered":"http:\/\/wp.unil.ch\/aesc\/?page_id=18"},"modified":"2019-10-21T21:57:09","modified_gmt":"2019-10-21T19:57:09","slug":"liens","status":"publish","type":"page","link":"https:\/\/wp.unil.ch\/aesc\/liens\/","title":{"rendered":"Liens et Partenaires"},"content":{"rendered":"<ul>\n<li><a href=\"https:\/\/www.facebook.com\/aesc.unil\/\" target=\"_blank\" rel=\"noopener noreferrer\">L&rsquo;AESC sur Facebook<\/a><\/li>\n<li><a href=\"https:\/\/www.instagram.com\/aesc_unil\/\">L&rsquo;AESC sur Instagram<\/a><\/li>\n<\/ul>\n<h2>Institutions :<\/h2>\n<ul>\n<li><a href=\"https:\/\/www.unil.ch\" target=\"_blank\" rel=\"noopener noreferrer\">Universit\u00e9 de Lausanne (UNIL)<\/a><\/li>\n<li><a href=\"https:\/\/www.unil.ch\/esc\" target=\"_blank\" rel=\"noopener noreferrer\">Ecole des Sciences Criminelles (ESC)<\/a><\/li>\n<li><a href=\"https:\/\/www.unil.ch\/esc\/page10062.html\" target=\"_blank\" rel=\"noopener noreferrer\">Horaire des cours<\/a><\/li>\n<li><a href=\"https:\/\/www.unil.ch\/inscription.\" target=\"_blank\" rel=\"noopener noreferrer\">Inscription aux examens et aux cours<\/a><\/li>\n<li><a href=\"https:\/\/www.unil.ch\/fdca\/home.html\" target=\"_blank\" rel=\"noopener noreferrer\">Facult\u00e9 de Droit et des Sciences Criminelles<\/a><\/li>\n<li><a href=\"https:\/\/www.unil.ch\/dcs\" target=\"_blank\" rel=\"noopener noreferrer\">Site internet du Master en droit, criminalit\u00e9 et s\u00e9curit\u00e9 des technologies de l&rsquo;information<\/a><\/li>\n<li><a href=\"https:\/\/www.epfl.ch\" target=\"_blank\" rel=\"noopener noreferrer\">Ecole Polytechnique F\u00e9d\u00e9rale de Lausanne (EPFL)<\/a><\/li>\n<\/ul>\n<p>&nbsp;<\/p>\n<h2>Partenaires et amis :<\/h2>\n<ul>\n<li><a href=\"https:\/\/www.adsc.ch\/index.php\" target=\"_blank\" rel=\"noopener noreferrer\">Association des Dipl\u00f4m\u00e9s en Sciences Criminelles (ADSC)<\/a><\/li>\n<li><a href=\"https:\/\/www.facebook.com\/aedll\/\" target=\"_blank\" rel=\"noopener noreferrer\">Association des Etudiants en Droit de Lausanne (AEDL)<\/a><\/li>\n<li><a href=\"https:\/\/www.fae-unil.ch\/?fbclid=IwAR1e-ltp5GuUjw7T4O2xo5LdpCPjwW2BDZPsmpvfN-mjta5VfcrvpS6a14Q\" target=\"_blank\" rel=\"noopener noreferrer\">F\u00e9d\u00e9ration des Association d&rsquo;Etudiant-es de l&rsquo;Universit\u00e9 de Lausanne (FAE)<\/a><\/li>\n<li><a href=\"https:\/\/www.thinkforensic.ch\/\" target=\"_blank\" rel=\"noopener noreferrer\">L&rsquo;association Think Forensic<\/a><\/li>\n<li><a href=\"https:\/\/www.unilive.ch\/\" target=\"_blank\" rel=\"noopener noreferrer\">L&rsquo;association Unilive<\/a><\/li>\n<\/ul>\n","protected":false},"excerpt":{"rendered":"<p>L&rsquo;AESC sur Facebook L&rsquo;AESC sur Instagram Institutions : Universit\u00e9 de Lausanne (UNIL) Ecole des Sciences Criminelles (ESC) Horaire des cours Inscription aux examens et aux cours Facult\u00e9 de Droit et des Sciences Criminelles Site internet du Master en droit, criminalit\u00e9 et s\u00e9curit\u00e9 des technologies de l&rsquo;information Ecole Polytechnique F\u00e9d\u00e9rale de Lausanne (EPFL) &nbsp; Partenaires et &hellip; <\/p>\n<p class=\"link-more\"><a href=\"https:\/\/wp.unil.ch\/aesc\/liens\/\" class=\"more-link\">Continuer la lecture<span class=\"screen-reader-text\"> de &laquo;&nbsp;Liens et Partenaires&nbsp;&raquo;<\/span><\/a><\/p>\n","protected":false},"author":157,"featured_media":0,"parent":0,"menu_order":7,"comment_status":"closed","ping_status":"closed","template":"","meta":{"_seopress_robots_primary_cat":"","_seopress_titles_title":"","_seopress_titles_desc":"","_seopress_robots_index":"","footnotes":""},"class_list":["post-18","page","type-page","status-publish"],"_links":{"self":[{"href":"https:\/\/wp.unil.ch\/aesc\/wp-json\/wp\/v2\/pages\/18","targetHints":{"allow":["GET"]}}],"collection":[{"href":"https:\/\/wp.unil.ch\/aesc\/wp-json\/wp\/v2\/pages"}],"about":[{"href":"https:\/\/wp.unil.ch\/aesc\/wp-json\/wp\/v2\/types\/page"}],"author":[{"embeddable":true,"href":"https:\/\/wp.unil.ch\/aesc\/wp-json\/wp\/v2\/users\/157"}],"replies":[{"embeddable":true,"href":"https:\/\/wp.unil.ch\/aesc\/wp-json\/wp\/v2\/comments?post=18"}],"version-history":[{"count":0,"href":"https:\/\/wp.unil.ch\/aesc\/wp-json\/wp\/v2\/pages\/18\/revisions"}],"wp:attachment":[{"href":"https:\/\/wp.unil.ch\/aesc\/wp-json\/wp\/v2\/media?parent=18"}],"curies":[{"name":"wp","href":"https:\/\/api.w.org\/{rel}","templated":true}]}}