{"id":15,"date":"2010-01-19T21:03:08","date_gmt":"2010-01-19T20:03:08","guid":{"rendered":"http:\/\/wp.unil.ch\/aesc\/?page_id=15"},"modified":"2024-08-22T00:26:11","modified_gmt":"2024-08-21T22:26:11","slug":"pratique","status":"publish","type":"page","link":"https:\/\/wp.unil.ch\/aesc\/pratique\/","title":{"rendered":"Pratique &#8211; FAQ"},"content":{"rendered":"<p>Cette rubrique \u00e9voluera au gr\u00e9 des questions que vous nous poserez.<\/p>\n<p><em><strong>Guides pour les \u00c9tudiants de l&rsquo;ESC:<\/strong><\/em><\/p>\n<ul>\n<li>Les nouveaux \u00e9tudiants sont souvent perdus lors de leur arriv\u00e9e \u00e0 l&rsquo;ESC. Pour les aider, des guides pour les \u00e9tudiants ont \u00e9t\u00e9 cr\u00e9\u00e9s par l&rsquo;AESC.\n<ul>\n<li>Voici le guide pour les futurs \u00e9tudiants de Bachelor : <a href=\"https:\/\/www.unil.ch\/files\/live\/sites\/formations\/files\/PDF\/guide_des_etudes\/2022\/FDCA_2022_light.pdf\">GUIDE FUTURS \u00c9TUDIANTS<\/a><\/li>\n<li>Voici le guide pour les \u00e9tudiants en 1\u00e8re ann\u00e9e de Bachelor : <a href=\"https:\/\/drive.switch.ch\/remote.php\/webdav\/AESC%20Switch%202\/AESC\/Bureau\/Guides%20Site%20AESC\/Guide%201.pdf\">GUIDE 1ere BACHELOR<\/a><\/li>\n<li>Les guides pour les \u00e9tudiants en 2\u00e8me et 3\u00e8me ann\u00e9e de Bachelor ainsi que pour les nouveaux \u00e9tudiants en Master se trouvent sur le serveur de l&rsquo;ESC (ESC -&gt; Etudiant -&gt; AESC -&gt; Guides)<\/li>\n<\/ul>\n<\/li>\n<\/ul>\n<p><em><strong>Cours:<\/strong><\/em><\/p>\n<ul>\n<li>Mais o\u00f9 a lieu ce cours? vous ne vous y retrouvez pas les premiers jours? consultez les plans interactifs de <a href=\"https:\/\/planete.unil.ch\/\" target=\"_blank\" rel=\"noopener noreferrer\">l&rsquo;UNIL<\/a> et de<a href=\"https:\/\/plan.epfl.ch\/?lang=fr\" target=\"_blank\" rel=\"noopener noreferrer\"> l&rsquo;EPFL<\/a><\/li>\n<li>Tu as besoin d&rsquo;acheter un livre recommand\u00e9 pour un cours ou tu d\u00e9sires lui donner une seconde vie ? <a href=\"https:\/\/www.bibliomarkt.ch\">Bibliomarkt.com<\/a> est le site web fait pour toi, cr\u00e9\u00e9 par un ancien membre de l&rsquo;AESC.<\/li>\n<\/ul>\n<p><em><strong>Examens:<\/strong><\/em><\/p>\n<ul>\n<li>Pour pouvoir s&rsquo;inscrire aux examens, il faut au pr\u00e9alable s&rsquo;\u00eatre inscrit aux enseignements. Tout cela se fait en ligne dans certains d\u00e9lais. Surveillez vos e-mails, vous recevrez durant le semestre un message de la part du secr\u00e9tariat vous indiquant les d\u00e9lais. Vous trouverez le fichier r\u00e9capitulatif des d\u00e9lais et le lien pour le serveur d&rsquo;inscription \u00e0 l&rsquo;adresse suivante:<\/li>\n<\/ul>\n<p style=\"text-align: center\"><a href=\"https:\/\/www.unil.ch\/esc\/page17603.html\" target=\"_blank\" rel=\"noopener noreferrer\">https:\/\/www.unil.ch\/esc\/page17603.html<\/a><\/p>\n<ul>\n<li>Veillez \u00e0 respecter les d\u00e9lais d&rsquo;inscription, le serveur est ferm\u00e9 \u00e0 minuit le jour o\u00f9 le d\u00e9lai \u00e9choit.<\/li>\n<\/ul>\n<ul>\n<li>En cas de probl\u00e8me \u00e0 un examen ou si vous voulez vous renseigner sur un recours, visitez\u00a0<a href=\"https:\/\/fae-unil.ch\/service-juridique\/#:~:text=Instances%20et%20d\u00e9lais%20de%20recours&amp;text=La%20Facult\u00e9%20(d\u00e9lai%20de%2030,)%20\u2013%20frais%20de%20CHF%20300.\" target=\"_blank\" rel=\"noopener noreferrer\"> la section d\u00e9di\u00e9e du site de la FAE<\/a> qui est tr\u00e8s bien faite. Consultez au pr\u00e9alable <a href=\"https:\/\/unil.ch\/esc\/files\/live\/sites\/esc\/files\/Fichiers%202019bis\/2019_Reg._ESC.pdf\" target=\"_blank\" rel=\"noopener noreferrer\">le r\u00e8glement de l\u2019ESC<\/a> aux articles 49 \u00e0 51 et en cas de question ou de probl\u00e8me, vous pouvez toujours vous adresser \u00e0 vos <a href=\"https:\/\/wp.unil.ch\/aesc\/structure\/membres\/\" target=\"_blank\" rel=\"noopener noreferrer\">repr\u00e9sentants \u00e9tudiants<\/a> au sein des diff\u00e9rents conseils, soit directement, soit en passant par l\u2019AESC si vous ne savez pas \u00e0 qui vous adresser. La FAE (F\u00e9d\u00e9ration des Associations d&rsquo;Etudiants) se tient \u00e9galement \u00e0 votre disposition pour vous aider. Dans tous les cas, veuillez faire attention au d\u00e9lai de recours de *<strong>30 jours<\/strong>* seulement, ne tardez donc pas \u00e0 contacter les diverses personnes et associations cit\u00e9es pr\u00e9c\u00e9demment.<\/li>\n<\/ul>\n<p><em><strong>Divers:<\/strong><\/em><\/p>\n<ul>\n<li>Au cours de vos \u00e9tudes, vous serez amen\u00e9s \u00e0 chercher, lire et citer une importante litt\u00e9rature, compos\u00e9e notamment de livres et d&rsquo;articles. Nous vous invitons \u00e0 utiliser un programme de gestion bibliographique. Ces programmes facilitent la recherche, le stockage et la citation de votre bibliographie. Profitez de ce type de programmes d\u00e8s le d\u00e9but de vos \u00e9tudes et r\u00e9f\u00e9rencez vos sources bibliographiques au fur et \u00e0 mesure, ce qui vous sera tr\u00e8s utile pour vos \u00e9tudes. Des logiciels commerciaux comme EndNote ou gratuits comme Zotero par exemple sont d\u00e9di\u00e9s \u00e0 cet usage.<\/li>\n<\/ul>\n<p><em><strong>Pas de maturit\u00e9 ?\u00a0<\/strong><\/em><\/p>\n<ul>\n<li>Il y a depuis quelques ann\u00e9es un programme d&rsquo;admission pour les personnes ne poss\u00e9dant pas les titres exig\u00e9es pour une admission normale. Afin de pouvoir laisser une chance \u00e0 tout le monde, l&rsquo;universit\u00e9 de Lausanne a ouvert un examen pr\u00e9alable pour toute personne voulant acc\u00e9der \u00e0 l&rsquo;Ecole des Sciences Criminelles avec le programme <a href=\"https:\/\/www.unil.ch\/formations\/files\/live\/sites\/formations\/files\/PDF\/sans_matu\/Sans_matu_2020.pdf\">\u00ab\u00a0sans Matu\u00a0\u00bb<\/a>. Pour plus d&rsquo;information, nous vous prions de vous renseigner sur le <a href=\"https:\/\/www.unil.ch\/immat\/fr\/home\/menuinst\/futurs-etudiants\/bachelor\/pas-de-maturite.html\">site internet de l&rsquo;universit\u00e9 de Lausanne<\/a>.<\/li>\n<\/ul>\n","protected":false},"excerpt":{"rendered":"<p>Cette rubrique \u00e9voluera au gr\u00e9 des questions que vous nous poserez. Guides pour les \u00c9tudiants de l&rsquo;ESC: Les nouveaux \u00e9tudiants sont souvent perdus lors de leur arriv\u00e9e \u00e0 l&rsquo;ESC. Pour les aider, des guides pour les \u00e9tudiants ont \u00e9t\u00e9 cr\u00e9\u00e9s par l&rsquo;AESC. Voici le guide pour les futurs \u00e9tudiants de Bachelor : GUIDE FUTURS \u00c9TUDIANTS &hellip; <\/p>\n<p class=\"link-more\"><a href=\"https:\/\/wp.unil.ch\/aesc\/pratique\/\" class=\"more-link\">Continuer la lecture<span class=\"screen-reader-text\"> de &laquo;&nbsp;Pratique &#8211; FAQ&nbsp;&raquo;<\/span><\/a><\/p>\n","protected":false},"author":157,"featured_media":0,"parent":0,"menu_order":4,"comment_status":"closed","ping_status":"closed","template":"","meta":{"_seopress_robots_primary_cat":"","_seopress_titles_title":"","_seopress_titles_desc":"","_seopress_robots_index":"","footnotes":""},"class_list":["post-15","page","type-page","status-publish"],"_links":{"self":[{"href":"https:\/\/wp.unil.ch\/aesc\/wp-json\/wp\/v2\/pages\/15","targetHints":{"allow":["GET"]}}],"collection":[{"href":"https:\/\/wp.unil.ch\/aesc\/wp-json\/wp\/v2\/pages"}],"about":[{"href":"https:\/\/wp.unil.ch\/aesc\/wp-json\/wp\/v2\/types\/page"}],"author":[{"embeddable":true,"href":"https:\/\/wp.unil.ch\/aesc\/wp-json\/wp\/v2\/users\/157"}],"replies":[{"embeddable":true,"href":"https:\/\/wp.unil.ch\/aesc\/wp-json\/wp\/v2\/comments?post=15"}],"version-history":[{"count":2,"href":"https:\/\/wp.unil.ch\/aesc\/wp-json\/wp\/v2\/pages\/15\/revisions"}],"predecessor-version":[{"id":3650,"href":"https:\/\/wp.unil.ch\/aesc\/wp-json\/wp\/v2\/pages\/15\/revisions\/3650"}],"wp:attachment":[{"href":"https:\/\/wp.unil.ch\/aesc\/wp-json\/wp\/v2\/media?parent=15"}],"curies":[{"name":"wp","href":"https:\/\/api.w.org\/{rel}","templated":true}]}}