{"id":14,"date":"2010-01-19T21:05:26","date_gmt":"2010-01-19T20:05:26","guid":{"rendered":"http:\/\/wp.unil.ch\/aesc\/?page_id=14"},"modified":"2024-08-22T00:11:02","modified_gmt":"2024-08-21T22:11:02","slug":"structure","status":"publish","type":"page","link":"https:\/\/wp.unil.ch\/aesc\/structure\/","title":{"rendered":"Organisation"},"content":{"rendered":"<p style=\"text-align: justify\"><a href=\"https:\/\/wp.unil.ch\/aesc\/files\/2010\/01\/Capture.jpg\"><img loading=\"lazy\" decoding=\"async\" class=\"size-large wp-image-2423 aligncenter\" src=\"https:\/\/wp.unil.ch\/aesc\/files\/2010\/01\/Capture-1024x560.jpg\" alt=\"Capture\" width=\"695\" height=\"380\" srcset=\"https:\/\/wp.unil.ch\/aesc\/files\/2010\/01\/Capture-1024x560.jpg 1024w, https:\/\/wp.unil.ch\/aesc\/files\/2010\/01\/Capture-300x164.jpg 300w, https:\/\/wp.unil.ch\/aesc\/files\/2010\/01\/Capture.jpg 1055w\" sizes=\"auto, (max-width: 695px) 100vw, 695px\" \/><\/a>L\u2019AESC regroupe des \u00e9tudiants de l\u2019Ecole des Sciences Criminelles (ESC) de l\u2019Universit\u00e9 de Lausanne, qu\u2019il s\u2019agisse des forensiciens, criminologues, magistrats ou sp\u00e9cialistes des technologies de l\u2019information. Elle agit dans l\u2019int\u00e9r\u00eat de ces derniers et leur propose diverses activit\u00e9s et services. Tout \u00e9tudiant inscrit \u00e0 l\u2019ESC peut \u00eatre membre de l\u2019AESC. Tous les membres de l\u2019AESC sont regroup\u00e9s au sein de l\u2019assembl\u00e9e g\u00e9n\u00e9rale de l\u2019association (AG). L\u2019AG est l\u2019organe l\u00e9gislatif et de surveillance de l\u2019association. Elle \u00e9lit le bureau et cr\u00e9e les commissions et les groupes de travail.<\/p>\n<p style=\"text-align: justify\">Le comit\u00e9, ou bureau, est l\u2019organe ex\u00e9cutif de l\u2019association. Il est compos\u00e9 du poste de pr\u00e9sident, de vice ou co-pr\u00e9sident, du poste de secr\u00e9taire, de tr\u00e9sorier et de charg\u00e9 de communication<\/p>\n<p style=\"text-align: justify\">Les commissions sont charg\u00e9es d\u2019organiser les activit\u00e9s de l\u2019association. Chaque commission est dirig\u00e9e par un responsable. Il y a deux commissions qui se r\u00e9partissent les activit\u00e9s de l\u2019association\u00a0; la commission des f\u00eates et la commission culturelle.<\/p>\n<p style=\"text-align: justify\">Des groupes de travail peuvent \u00eatre form\u00e9s de fa\u00e7on permanente ou non\u00a0 pour une t\u00e2che particuli\u00e8re, t\u00e2che ne ressortant pas des attributions des commissions.<\/p>\n","protected":false},"excerpt":{"rendered":"<p>L\u2019AESC regroupe des \u00e9tudiants de l\u2019Ecole des Sciences Criminelles (ESC) de l\u2019Universit\u00e9 de Lausanne, qu\u2019il s\u2019agisse des forensiciens, criminologues, magistrats ou sp\u00e9cialistes des technologies de l\u2019information. Elle agit dans l\u2019int\u00e9r\u00eat de ces derniers et leur propose diverses activit\u00e9s et services. Tout \u00e9tudiant inscrit \u00e0 l\u2019ESC peut \u00eatre membre de l\u2019AESC. Tous les membres de l\u2019AESC &hellip; <\/p>\n<p class=\"link-more\"><a href=\"https:\/\/wp.unil.ch\/aesc\/structure\/\" class=\"more-link\">Continuer la lecture<span class=\"screen-reader-text\"> de &laquo;&nbsp;Organisation&nbsp;&raquo;<\/span><\/a><\/p>\n","protected":false},"author":165,"featured_media":0,"parent":0,"menu_order":3,"comment_status":"closed","ping_status":"closed","template":"","meta":{"_seopress_robots_primary_cat":"","_seopress_titles_title":"","_seopress_titles_desc":"","_seopress_robots_index":"","footnotes":""},"class_list":["post-14","page","type-page","status-publish"],"_links":{"self":[{"href":"https:\/\/wp.unil.ch\/aesc\/wp-json\/wp\/v2\/pages\/14","targetHints":{"allow":["GET"]}}],"collection":[{"href":"https:\/\/wp.unil.ch\/aesc\/wp-json\/wp\/v2\/pages"}],"about":[{"href":"https:\/\/wp.unil.ch\/aesc\/wp-json\/wp\/v2\/types\/page"}],"author":[{"embeddable":true,"href":"https:\/\/wp.unil.ch\/aesc\/wp-json\/wp\/v2\/users\/165"}],"replies":[{"embeddable":true,"href":"https:\/\/wp.unil.ch\/aesc\/wp-json\/wp\/v2\/comments?post=14"}],"version-history":[{"count":1,"href":"https:\/\/wp.unil.ch\/aesc\/wp-json\/wp\/v2\/pages\/14\/revisions"}],"predecessor-version":[{"id":3648,"href":"https:\/\/wp.unil.ch\/aesc\/wp-json\/wp\/v2\/pages\/14\/revisions\/3648"}],"wp:attachment":[{"href":"https:\/\/wp.unil.ch\/aesc\/wp-json\/wp\/v2\/media?parent=14"}],"curies":[{"name":"wp","href":"https:\/\/api.w.org\/{rel}","templated":true}]}}