{"id":1219,"date":"2012-10-04T13:40:55","date_gmt":"2012-10-04T11:40:55","guid":{"rendered":"http:\/\/wp.unil.ch\/aesc\/?page_id=1219"},"modified":"2024-06-05T22:16:00","modified_gmt":"2024-06-05T20:16:00","slug":"2012-2013","status":"publish","type":"page","link":"https:\/\/wp.unil.ch\/aesc\/structure\/membres\/2012-2013\/","title":{"rendered":"2012-2013"},"content":{"rendered":"<p><strong>Bureau<\/strong><\/p>\n<table border=\"0\" width=\"600\" cellspacing=\"2\" cellpadding=\"2\">\n<tbody>\n<tr>\n<td>\n<h6><strong>Co-Pr\u00e9sidents<\/strong><\/h6>\n<\/td>\n<td><em><em>Damien Rhumorbarbe<\/em> <\/em><em>(MSc Sciences Forensiques) &amp; <\/em><em>Ludovic Staehli (MSc Sciences Forensiques)<\/em><\/td>\n<\/tr>\n<tr>\n<td>\n<h6><strong>Tr\u00e9sorier<\/strong><\/h6>\n<\/td>\n<td><em>Michael Hanson <\/em><em>(BSc Sciences Forensiques)<\/em><\/td>\n<\/tr>\n<tr>\n<td>\n<h6><strong>Secr\u00e9taire g\u00e9n\u00e9ral<\/strong><\/h6>\n<\/td>\n<td><em>M. S. (MSc Sciences Forensiques)<\/em><\/td>\n<\/tr>\n<tr>\n<td>\n<h6><strong>Charg\u00e9s de communication\u00a0<\/strong><\/h6>\n<\/td>\n<td><em><em>Marco De Donno<\/em> <\/em><em>(MSc Sciences Forensiques) &amp; <\/em><em>Florian Honor\u00e9 (BSc Sciences Forensiques)<\/em><\/td>\n<\/tr>\n<tr>\n<td>\n<h6><strong>V\u00e9rificateur des comptes<\/strong><\/h6>\n<\/td>\n<td><em>Adrien Schopfer (<em>MSc Sciences Forensiques)<\/em><\/em><\/td>\n<\/tr>\n<\/tbody>\n<\/table>\n<table style=\"width: 672px;height: 224px\" border=\"1\" cellspacing=\"1\" cellpadding=\"1\">\n<tbody>\n<tr>\n<td style=\"text-align: center\"><img alt=\"\" loading=\"lazy\" decoding=\"async\" class=\"alignright size-medium wp-image-1507\" src=\"https:\/\/wp.unil.ch\/aesc\/files\/2012\/10\/IMG_2364-300x300.jpg\" alt=\"\" width=\"200\" height=\"200\" srcset=\"https:\/\/wp.unil.ch\/aesc\/files\/2012\/10\/IMG_2364-300x300.jpg 300w, https:\/\/wp.unil.ch\/aesc\/files\/2012\/10\/IMG_2364-120x120.jpg 120w, https:\/\/wp.unil.ch\/aesc\/files\/2012\/10\/IMG_2364-96x96.jpg 96w, https:\/\/wp.unil.ch\/aesc\/files\/2012\/10\/IMG_2364-24x24.jpg 24w, https:\/\/wp.unil.ch\/aesc\/files\/2012\/10\/IMG_2364-36x36.jpg 36w, https:\/\/wp.unil.ch\/aesc\/files\/2012\/10\/IMG_2364-48x48.jpg 48w, https:\/\/wp.unil.ch\/aesc\/files\/2012\/10\/IMG_2364-64x64.jpg 64w, https:\/\/wp.unil.ch\/aesc\/files\/2012\/10\/IMG_2364.jpg 800w\" sizes=\"auto, (max-width: 200px) 100vw, 200px\" \/><\/td>\n<td style=\"text-align: center\"><img alt=\"\" loading=\"lazy\" decoding=\"async\" class=\"alignright size-medium wp-image-1508\" src=\"https:\/\/wp.unil.ch\/aesc\/files\/2012\/10\/IMG_2370-300x300.jpg\" alt=\"\" width=\"200\" height=\"200\" srcset=\"https:\/\/wp.unil.ch\/aesc\/files\/2012\/10\/IMG_2370-300x300.jpg 300w, https:\/\/wp.unil.ch\/aesc\/files\/2012\/10\/IMG_2370-120x120.jpg 120w, https:\/\/wp.unil.ch\/aesc\/files\/2012\/10\/IMG_2370-96x96.jpg 96w, https:\/\/wp.unil.ch\/aesc\/files\/2012\/10\/IMG_2370-24x24.jpg 24w, https:\/\/wp.unil.ch\/aesc\/files\/2012\/10\/IMG_2370-36x36.jpg 36w, https:\/\/wp.unil.ch\/aesc\/files\/2012\/10\/IMG_2370-48x48.jpg 48w, https:\/\/wp.unil.ch\/aesc\/files\/2012\/10\/IMG_2370-64x64.jpg 64w, https:\/\/wp.unil.ch\/aesc\/files\/2012\/10\/IMG_2370.jpg 800w\" sizes=\"auto, (max-width: 200px) 100vw, 200px\" \/><\/td>\n<td><\/td>\n<td style=\"text-align: center\"><img alt=\"\" loading=\"lazy\" decoding=\"async\" class=\"alignright size-medium wp-image-1510\" src=\"https:\/\/wp.unil.ch\/aesc\/files\/2012\/10\/IMG_2373-300x300.jpg\" alt=\"\" width=\"200\" height=\"200\" srcset=\"https:\/\/wp.unil.ch\/aesc\/files\/2012\/10\/IMG_2373-300x300.jpg 300w, https:\/\/wp.unil.ch\/aesc\/files\/2012\/10\/IMG_2373-120x120.jpg 120w, https:\/\/wp.unil.ch\/aesc\/files\/2012\/10\/IMG_2373-96x96.jpg 96w, https:\/\/wp.unil.ch\/aesc\/files\/2012\/10\/IMG_2373-24x24.jpg 24w, https:\/\/wp.unil.ch\/aesc\/files\/2012\/10\/IMG_2373-36x36.jpg 36w, https:\/\/wp.unil.ch\/aesc\/files\/2012\/10\/IMG_2373-48x48.jpg 48w, https:\/\/wp.unil.ch\/aesc\/files\/2012\/10\/IMG_2373-64x64.jpg 64w, https:\/\/wp.unil.ch\/aesc\/files\/2012\/10\/IMG_2373.jpg 800w\" sizes=\"auto, (max-width: 200px) 100vw, 200px\" \/><\/td>\n<td style=\"text-align: center\"><\/td>\n<\/tr>\n<tr>\n<td style=\"text-align: center\">Damien et Ludovic<\/td>\n<td style=\"text-align: center\">Michael H.<\/td>\n<td style=\"text-align: center\"><\/td>\n<td style=\"text-align: center\">Marco et Florian<\/td>\n<td style=\"text-align: center\"><strong style=\"font-size: 1.125rem\">\u00a0<\/strong><\/td>\n<\/tr>\n<\/tbody>\n<\/table>\n<table border=\"0\" width=\"600\" cellspacing=\"2\" cellpadding=\"1\">\n<tbody>\n<tr>\n<td>\n<h6><strong>Responsable de commission <\/strong><\/h6>\n<\/td>\n<td><em>Bettina Hirter <\/em><em>(MSc Sciences Forensiques)<\/em><\/td>\n<\/tr>\n<tr>\n<td>\n<h6><strong>Responsable adjoint<\/strong><\/h6>\n<\/td>\n<td><em>Lukas Ineichen (MSc Sciences Forensiques)<\/em><\/td>\n<\/tr>\n<\/tbody>\n<\/table>\n<table style=\"width: 200px\" border=\"1\" cellspacing=\"1\" cellpadding=\"1\" align=\"center\">\n<tbody>\n<tr>\n<td style=\"text-align: center\"><img alt=\"\" loading=\"lazy\" decoding=\"async\" class=\"alignright size-medium wp-image-1520\" src=\"https:\/\/wp.unil.ch\/aesc\/files\/2012\/10\/IMG_2376-300x300.jpg\" alt=\"\" width=\"200\" height=\"200\" srcset=\"https:\/\/wp.unil.ch\/aesc\/files\/2012\/10\/IMG_2376-300x300.jpg 300w, https:\/\/wp.unil.ch\/aesc\/files\/2012\/10\/IMG_2376-120x120.jpg 120w, https:\/\/wp.unil.ch\/aesc\/files\/2012\/10\/IMG_2376-96x96.jpg 96w, https:\/\/wp.unil.ch\/aesc\/files\/2012\/10\/IMG_2376-24x24.jpg 24w, https:\/\/wp.unil.ch\/aesc\/files\/2012\/10\/IMG_2376-36x36.jpg 36w, https:\/\/wp.unil.ch\/aesc\/files\/2012\/10\/IMG_2376-48x48.jpg 48w, https:\/\/wp.unil.ch\/aesc\/files\/2012\/10\/IMG_2376-64x64.jpg 64w, https:\/\/wp.unil.ch\/aesc\/files\/2012\/10\/IMG_2376.jpg 800w\" sizes=\"auto, (max-width: 200px) 100vw, 200px\" \/><\/td>\n<td style=\"text-align: center\"><img alt=\"\" loading=\"lazy\" decoding=\"async\" class=\"alignright size-medium wp-image-1521\" src=\"https:\/\/wp.unil.ch\/aesc\/files\/2012\/10\/ESC-Pub-Night-Halloween-2012-137-300x300.jpg\" alt=\"\" width=\"200\" height=\"200\" srcset=\"https:\/\/wp.unil.ch\/aesc\/files\/2012\/10\/ESC-Pub-Night-Halloween-2012-137-300x300.jpg 300w, https:\/\/wp.unil.ch\/aesc\/files\/2012\/10\/ESC-Pub-Night-Halloween-2012-137-120x120.jpg 120w, https:\/\/wp.unil.ch\/aesc\/files\/2012\/10\/ESC-Pub-Night-Halloween-2012-137-96x96.jpg 96w, https:\/\/wp.unil.ch\/aesc\/files\/2012\/10\/ESC-Pub-Night-Halloween-2012-137-24x24.jpg 24w, https:\/\/wp.unil.ch\/aesc\/files\/2012\/10\/ESC-Pub-Night-Halloween-2012-137-36x36.jpg 36w, https:\/\/wp.unil.ch\/aesc\/files\/2012\/10\/ESC-Pub-Night-Halloween-2012-137-48x48.jpg 48w, https:\/\/wp.unil.ch\/aesc\/files\/2012\/10\/ESC-Pub-Night-Halloween-2012-137-64x64.jpg 64w, https:\/\/wp.unil.ch\/aesc\/files\/2012\/10\/ESC-Pub-Night-Halloween-2012-137.jpg 800w\" sizes=\"auto, (max-width: 200px) 100vw, 200px\" \/><\/td>\n<\/tr>\n<tr>\n<td style=\"text-align: center\">Bettina<\/td>\n<td style=\"text-align: center\">Lukas<\/td>\n<\/tr>\n<\/tbody>\n<\/table>\n<p><strong><strong>Membres<\/strong><\/strong><\/p>\n<ul>\n<li>Bettina Hirter<\/li>\n<li>Lukas Ineichen<\/li>\n<li>Corinne Aebi<\/li>\n<li>Giuliana Schwendener<\/li>\n<li>Marie-Laure Gilgien<\/li>\n<li>Margarida Vivas Ramos<\/li>\n<li>Nadine Marti<\/li>\n<li>Nastasia Stritt<\/li>\n<li>Romain Steiner<\/li>\n<li>Sandra Lecci<\/li>\n<li>Tim Gelmi<\/li>\n<li>Timothy Boll\u00e9<\/li>\n<li>Aur\u00e9lie L\u00e9vy<\/li>\n<li>Geraldine Gobat<\/li>\n<li>Jasmine Haller<\/li>\n<li>Olivia Hebert<\/li>\n<li>Patrizia Rulli<\/li>\n<li>Regula Hiltebrand<\/li>\n<li>Tamara Croizeau<\/li>\n<\/ul>\n<h3>Commission des f\u00eates<\/h3>\n<table border=\"0\" width=\"600\" cellspacing=\"2\" cellpadding=\"1\">\n<tbody>\n<tr>\n<td>\n<h6><strong>Responsable de commission <\/strong><\/h6>\n<\/td>\n<td><em>Fabian Zemp (MSc Sciences Forensiques)<\/em><\/td>\n<\/tr>\n<tr>\n<td>\n<h6><strong>Secr\u00e9taire <\/strong><\/h6>\n<\/td>\n<td><em>Johann Jaffrain (Msc Sciences Forensiques)<\/em><\/td>\n<\/tr>\n<\/tbody>\n<\/table>\n<table style=\"width: 200px\" border=\"1\" cellspacing=\"1\" cellpadding=\"1\" align=\"center\">\n<tbody>\n<tr>\n<td style=\"text-align: center\"><img alt=\"\" loading=\"lazy\" decoding=\"async\" class=\"alignright size-medium wp-image-1522\" src=\"https:\/\/wp.unil.ch\/aesc\/files\/2012\/10\/IMG_2368-300x300.jpg\" alt=\"\" width=\"200\" height=\"200\" srcset=\"https:\/\/wp.unil.ch\/aesc\/files\/2012\/10\/IMG_2368-300x300.jpg 300w, https:\/\/wp.unil.ch\/aesc\/files\/2012\/10\/IMG_2368-120x120.jpg 120w, https:\/\/wp.unil.ch\/aesc\/files\/2012\/10\/IMG_2368-96x96.jpg 96w, https:\/\/wp.unil.ch\/aesc\/files\/2012\/10\/IMG_2368-24x24.jpg 24w, https:\/\/wp.unil.ch\/aesc\/files\/2012\/10\/IMG_2368-36x36.jpg 36w, https:\/\/wp.unil.ch\/aesc\/files\/2012\/10\/IMG_2368-48x48.jpg 48w, https:\/\/wp.unil.ch\/aesc\/files\/2012\/10\/IMG_2368-64x64.jpg 64w, https:\/\/wp.unil.ch\/aesc\/files\/2012\/10\/IMG_2368.jpg 799w\" sizes=\"auto, (max-width: 200px) 100vw, 200px\" \/><\/td>\n<td style=\"text-align: center\"><img alt=\"\" loading=\"lazy\" decoding=\"async\" class=\"alignright size-medium wp-image-1523\" src=\"https:\/\/wp.unil.ch\/aesc\/files\/2012\/10\/IMG_2375-300x300.jpg\" alt=\"\" width=\"200\" height=\"200\" srcset=\"https:\/\/wp.unil.ch\/aesc\/files\/2012\/10\/IMG_2375-300x300.jpg 300w, https:\/\/wp.unil.ch\/aesc\/files\/2012\/10\/IMG_2375-120x120.jpg 120w, https:\/\/wp.unil.ch\/aesc\/files\/2012\/10\/IMG_2375-96x96.jpg 96w, https:\/\/wp.unil.ch\/aesc\/files\/2012\/10\/IMG_2375-24x24.jpg 24w, https:\/\/wp.unil.ch\/aesc\/files\/2012\/10\/IMG_2375-36x36.jpg 36w, https:\/\/wp.unil.ch\/aesc\/files\/2012\/10\/IMG_2375-48x48.jpg 48w, https:\/\/wp.unil.ch\/aesc\/files\/2012\/10\/IMG_2375-64x64.jpg 64w, https:\/\/wp.unil.ch\/aesc\/files\/2012\/10\/IMG_2375.jpg 800w\" sizes=\"auto, (max-width: 200px) 100vw, 200px\" \/><\/td>\n<\/tr>\n<tr>\n<td style=\"text-align: center\">Fabian<\/td>\n<td style=\"text-align: center\">Johann<\/td>\n<\/tr>\n<\/tbody>\n<\/table>\n<h6><strong><strong>Membres<\/strong><\/strong><\/h6>\n<ul>\n<li>Adrien Schopfer<\/li>\n<li>Wanda Muehlemann<\/li>\n<li>Emmanuelle Erne<\/li>\n<li>Francesca Pedrazzi<\/li>\n<li>Guillaume Grange<\/li>\n<li>Loretta Berger<\/li>\n<li>Malika Ducommun<\/li>\n<li>M\u00e9lanie Ross\u00e9<\/li>\n<li>Michael Zasso<\/li>\n<li>Fabian Zemp<\/li>\n<li>Johann Jaffrain<\/li>\n<li>Lydie Samie<\/li>\n<li>Valentin Carlier<\/li>\n<li>Harmonie Michelot<\/li>\n<li>Davide Franscella<\/li>\n<li>Luca Artari<\/li>\n<li>Mathieu Aymon<\/li>\n<li>Amandine Uffer<\/li>\n<li>Camille Corset<\/li>\n<li>Cedric Grisoni<\/li>\n<li>C\u00e9line Burnier<\/li>\n<li>Giulia Cinaglia<\/li>\n<li>Linda Schlatter<\/li>\n<li>Lor\u00e8ne Salatko<\/li>\n<li>Manolita Monzo<\/li>\n<li>Matthieu Di Floriano<\/li>\n<li>Milena Rudig<\/li>\n<li>Adrien Vincart<\/li>\n<li>Alexandra Farinha Calelhas<\/li>\n<li>Alice Desplancke<\/li>\n<li>Florim Fazlija<\/li>\n<li>Giulia Margagliotti<\/li>\n<li>Jacqueline L\u00fcber<\/li>\n<li>Jorina Marti<\/li>\n<li>Julian Bourban<\/li>\n<li>Juliette Baud<\/li>\n<li>Lisa Staehli<\/li>\n<li>Marie Gorka<\/li>\n<li>Mariska Girard<\/li>\n<li>Mathilde Maillard<\/li>\n<li>Semir El Mezri<\/li>\n<li>Sevxhan Fazlija<\/li>\n<li>Typhen Perrin<\/li>\n<li>Damien Panchaud<\/li>\n<li>Fiona Langlois<\/li>\n<\/ul>\n<h3>Autres postes<\/h3>\n<div>Liaison ESC : Damien Rhumorbarbe et C\u00e9line Burnier<\/div>\n<div>Commission des examens : M. S.<br \/>\nCommission plan strat\u00e9gique ESC : Fabian Zemp<br \/>\nCommission nouveau prof. IPS : Damien Rhumorbarbe<\/div>\n<div>Responsable mat\u00e9riel : C\u00e9dric Grisoni<\/div>\n<div>Photographes : Adrien Vincart et Manolita Monzo<\/div>\n<div>Conseil de l&rsquo;ESC : Damien Rhumorbarbe &amp; Ludovic Staehli<\/div>\n","protected":false},"excerpt":{"rendered":"<p>Bureau Co-Pr\u00e9sidents Damien Rhumorbarbe (MSc Sciences Forensiques) &amp; Ludovic Staehli (MSc Sciences Forensiques) Tr\u00e9sorier Michael Hanson (BSc Sciences Forensiques) Secr\u00e9taire g\u00e9n\u00e9ral M. S. (MSc Sciences Forensiques) Charg\u00e9s de communication\u00a0 Marco De Donno (MSc Sciences Forensiques) &amp; Florian Honor\u00e9 (BSc Sciences Forensiques) V\u00e9rificateur des comptes Adrien Schopfer (MSc Sciences Forensiques) Damien et Ludovic Michael H. Marco &hellip; <\/p>\n<p class=\"link-more\"><a href=\"https:\/\/wp.unil.ch\/aesc\/structure\/membres\/2012-2013\/\" class=\"more-link\">Continuer la lecture<span class=\"screen-reader-text\"> de &laquo;&nbsp;2012-2013&nbsp;&raquo;<\/span><\/a><\/p>\n","protected":false},"author":698,"featured_media":0,"parent":21,"menu_order":5,"comment_status":"closed","ping_status":"closed","template":"","meta":{"_seopress_robots_primary_cat":"","_seopress_titles_title":"","_seopress_titles_desc":"","_seopress_robots_index":"","footnotes":""},"class_list":["post-1219","page","type-page","status-publish"],"_links":{"self":[{"href":"https:\/\/wp.unil.ch\/aesc\/wp-json\/wp\/v2\/pages\/1219","targetHints":{"allow":["GET"]}}],"collection":[{"href":"https:\/\/wp.unil.ch\/aesc\/wp-json\/wp\/v2\/pages"}],"about":[{"href":"https:\/\/wp.unil.ch\/aesc\/wp-json\/wp\/v2\/types\/page"}],"author":[{"embeddable":true,"href":"https:\/\/wp.unil.ch\/aesc\/wp-json\/wp\/v2\/users\/698"}],"replies":[{"embeddable":true,"href":"https:\/\/wp.unil.ch\/aesc\/wp-json\/wp\/v2\/comments?post=1219"}],"version-history":[{"count":1,"href":"https:\/\/wp.unil.ch\/aesc\/wp-json\/wp\/v2\/pages\/1219\/revisions"}],"predecessor-version":[{"id":3644,"href":"https:\/\/wp.unil.ch\/aesc\/wp-json\/wp\/v2\/pages\/1219\/revisions\/3644"}],"up":[{"embeddable":true,"href":"https:\/\/wp.unil.ch\/aesc\/wp-json\/wp\/v2\/pages\/21"}],"wp:attachment":[{"href":"https:\/\/wp.unil.ch\/aesc\/wp-json\/wp\/v2\/media?parent=1219"}],"curies":[{"name":"wp","href":"https:\/\/api.w.org\/{rel}","templated":true}]}}