{"id":1092,"date":"2012-03-12T16:46:31","date_gmt":"2012-03-12T15:46:31","guid":{"rendered":"http:\/\/wp.unil.ch\/aesc\/?page_id=1092"},"modified":"2024-06-05T22:16:54","modified_gmt":"2024-06-05T20:16:54","slug":"2011-2012","status":"publish","type":"page","link":"https:\/\/wp.unil.ch\/aesc\/structure\/membres\/2011-2012\/","title":{"rendered":"2011-2012"},"content":{"rendered":"<h2>Liste des membres de l&rsquo;exercice 2011-2012<\/h2>\n<h3><strong>Bureau<\/strong><\/h3>\n<table border=\"0\" width=\"600\" cellspacing=\"2\" cellpadding=\"2\">\n<tbody>\n<tr>\n<td>\n<h6><strong>Co-Pr\u00e9sidents<\/strong><\/h6>\n<\/td>\n<td><em><em>Damien Rhumorbarbe<\/em> <\/em><em>(MSc Sciences Forensiques) &amp; <\/em><em>Ludovic Staehli (MSc Sciences Forensiques)<\/em><\/td>\n<\/tr>\n<tr>\n<td>\n<h6><strong>Tr\u00e9sori\u00e8re<\/strong><\/h6>\n<\/td>\n<td><em>Sabrina Wenger <\/em><em>(MSc Sciences Forensiques)<\/em><\/td>\n<\/tr>\n<tr>\n<td>\n<h6><strong>Secr\u00e9taire g\u00e9n\u00e9ral<\/strong><\/h6>\n<\/td>\n<td><em>M. S. (MSc Sciences Forensiques)<\/em><\/td>\n<\/tr>\n<tr>\n<td>\n<h6><strong>Charg\u00e9s de communication\u00a0<\/strong><\/h6>\n<\/td>\n<td><em><em>Marco De Donno<\/em> <\/em><em>(MSc Sciences Forensiques) &amp; <\/em><em>C\u00e9lia Rich (MSc Sciences Forensiques)<\/em><\/td>\n<\/tr>\n<tr>\n<td>\n<h6><strong>V\u00e9rificateur des comptes <\/strong><\/h6>\n<\/td>\n<td><em>Adrien Schopfer (<em>MSc Sciences Forensiques)<\/em> <\/em><\/td>\n<\/tr>\n<\/tbody>\n<\/table>\n<h3><strong>Commission culturelle<\/strong><\/h3>\n<table border=\"0\" width=\"600\" cellspacing=\"2\" cellpadding=\"1\">\n<tbody>\n<tr>\n<td>\n<h6><strong>Responsable de commission <\/strong><\/h6>\n<\/td>\n<td><em>Julien Lapperouza <\/em><em>(BSc Sciences Forensiques)<\/em><\/td>\n<\/tr>\n<tr>\n<td>\n<h6><strong>Secr\u00e9taire <\/strong><\/h6>\n<\/td>\n<td><em>Bettina Hirter (BSc Sciences Forensiques)<\/em><\/td>\n<\/tr>\n<\/tbody>\n<\/table>\n<h6><strong><strong>Membres<\/strong><\/strong><\/h6>\n<ul>\n<li>Bettina Hirter<\/li>\n<li>C\u00e9lia Rich<\/li>\n<li>Damien Ruhmorbarbe<\/li>\n<li>Laetitia Maddalena<\/li>\n<li>Lukas Ineichen<\/li>\n<li>Margarida Vivas Ramos<\/li>\n<li>Queenie Th\u00e9raulaz<\/li>\n<li>Romain Steiner<\/li>\n<li>Sabrina Wenger<\/li>\n<li>Simone Bernasconi<\/li>\n<li>Yannick Frischknecht<\/li>\n<li>Alessio Meli<\/li>\n<li>Alexander Schellenberg<\/li>\n<li>Aur\u00e8le Scoundrianos<\/li>\n<li>Beatrice Zurbuchen<\/li>\n<li>Dominique Tinquely<\/li>\n<li>Jasmine Haller<\/li>\n<li>Martina Hauser<\/li>\n<li>Martina Limacher<\/li>\n<li>Patrizia Rulli<\/li>\n<li>Marco De Donno<\/li>\n<\/ul>\n<h3><strong>Commission des f\u00eates <\/strong><\/h3>\n<table border=\"0\" width=\"600\" cellspacing=\"2\" cellpadding=\"1\">\n<tbody>\n<tr>\n<td>\n<h6><strong>Responsable de commission <\/strong><\/h6>\n<\/td>\n<td><em>Fabian Zemp (BSc Sciences Forensiques)<\/em><\/td>\n<\/tr>\n<tr>\n<td>\n<h6><strong>Secr\u00e9taire <\/strong><\/h6>\n<\/td>\n<td><em>M. S. (Msc Sciences Forensiques)<\/em><\/td>\n<\/tr>\n<\/tbody>\n<\/table>\n<h6><strong><strong>Membres<\/strong><\/strong><\/h6>\n<ul>\n<li><em>C\u00e9lia Rich<\/em><\/li>\n<li><em>Laetitia Maddalena<\/em><\/li>\n<li><em>Adrien Schopfer<\/em><\/li>\n<li><em>Anne-Lise Costerg<\/em><\/li>\n<li><em>Antonio Jos\u00e9 Lopez Oliveira<\/em><\/li>\n<li><em>Emmanuelle Erne<\/em><\/li>\n<li><em>Flavie Mialcon<\/em><\/li>\n<li><em>Florian Honor\u00e9<\/em><\/li>\n<li><em>Georges Willa<\/em><\/li>\n<li><em>Guillaume Granges<\/em><\/li>\n<li><em>Johann Jaffrain<\/em><\/li>\n<li><em>Linda Schlatter<\/em><\/li>\n<li><em>Loretta Berger<\/em><\/li>\n<li><em>Loue Vuilleumier<\/em><\/li>\n<li><em>Ludovic Staehli<\/em><\/li>\n<li><em>Malika Ducommun<\/em><\/li>\n<li><em>M\u00e9lanie Ross\u00e9<\/em><\/li>\n<li><em>Michael Hanson<\/em><\/li>\n<li><em>Micha\u00ebl Zasso<\/em><\/li>\n<li><em>Nicolas Crettaz<\/em><\/li>\n<li><em>Thomas Fitzi<\/em><\/li>\n<\/ul>\n","protected":false},"excerpt":{"rendered":"<p>Liste des membres de l&rsquo;exercice 2011-2012 Bureau Co-Pr\u00e9sidents Damien Rhumorbarbe (MSc Sciences Forensiques) &amp; Ludovic Staehli (MSc Sciences Forensiques) Tr\u00e9sori\u00e8re Sabrina Wenger (MSc Sciences Forensiques) Secr\u00e9taire g\u00e9n\u00e9ral M. S. (MSc Sciences Forensiques) Charg\u00e9s de communication\u00a0 Marco De Donno (MSc Sciences Forensiques) &amp; C\u00e9lia Rich (MSc Sciences Forensiques) V\u00e9rificateur des comptes Adrien Schopfer (MSc Sciences Forensiques) &hellip; <\/p>\n<p class=\"link-more\"><a href=\"https:\/\/wp.unil.ch\/aesc\/structure\/membres\/2011-2012\/\" class=\"more-link\">Continuer la lecture<span class=\"screen-reader-text\"> de &laquo;&nbsp;2011-2012&nbsp;&raquo;<\/span><\/a><\/p>\n","protected":false},"author":698,"featured_media":0,"parent":21,"menu_order":6,"comment_status":"closed","ping_status":"closed","template":"","meta":{"_seopress_robots_primary_cat":"","_seopress_titles_title":"","_seopress_titles_desc":"","_seopress_robots_index":"","footnotes":""},"class_list":["post-1092","page","type-page","status-publish"],"_links":{"self":[{"href":"https:\/\/wp.unil.ch\/aesc\/wp-json\/wp\/v2\/pages\/1092","targetHints":{"allow":["GET"]}}],"collection":[{"href":"https:\/\/wp.unil.ch\/aesc\/wp-json\/wp\/v2\/pages"}],"about":[{"href":"https:\/\/wp.unil.ch\/aesc\/wp-json\/wp\/v2\/types\/page"}],"author":[{"embeddable":true,"href":"https:\/\/wp.unil.ch\/aesc\/wp-json\/wp\/v2\/users\/698"}],"replies":[{"embeddable":true,"href":"https:\/\/wp.unil.ch\/aesc\/wp-json\/wp\/v2\/comments?post=1092"}],"version-history":[{"count":1,"href":"https:\/\/wp.unil.ch\/aesc\/wp-json\/wp\/v2\/pages\/1092\/revisions"}],"predecessor-version":[{"id":3645,"href":"https:\/\/wp.unil.ch\/aesc\/wp-json\/wp\/v2\/pages\/1092\/revisions\/3645"}],"up":[{"embeddable":true,"href":"https:\/\/wp.unil.ch\/aesc\/wp-json\/wp\/v2\/pages\/21"}],"wp:attachment":[{"href":"https:\/\/wp.unil.ch\/aesc\/wp-json\/wp\/v2\/media?parent=1092"}],"curies":[{"name":"wp","href":"https:\/\/api.w.org\/{rel}","templated":true}]}}