{"id":538,"date":"2015-12-07T23:35:41","date_gmt":"2015-12-07T22:35:41","guid":{"rendered":"http:\/\/wp.unil.ch\/aelac\/?page_id=538"},"modified":"2015-12-08T16:14:50","modified_gmt":"2015-12-08T15:14:50","slug":"bibliographie","status":"publish","type":"page","link":"https:\/\/wp.unil.ch\/aelac\/bibliographie\/","title":{"rendered":"Bibliographie"},"content":{"rendered":"<p><a href=\"https:\/\/wp.unil.ch\/aelac\/files\/2015\/12\/logo_bibil.jpg\"><img loading=\"lazy\" decoding=\"async\" class=\"alignleft size-full wp-image-540\" src=\"https:\/\/wp.unil.ch\/aelac\/files\/2015\/12\/logo_bibil.jpg\" alt=\"logo_bibil\" width=\"272\" height=\"63\" \/><\/a><a href=\"https:\/\/bibil.unil.ch\" target=\"_blank\">La Bibliographie Biblique Informatis\u00e9e de Lausanne (BiBIL)<\/a> vous donne acc\u00e8s aux travaux concernant la litt\u00e9rature apocryphe signal\u00e9s par les collaborateurs de l&rsquo;AELAC (publi\u00e9s dans les Bulletins de l&rsquo;AELAC) ainsi qu&rsquo;aux notices bibliographiques recueillies dans les livres et revues recens\u00e9s par l&rsquo;Institut romand des sciences bibliques.<\/p>\n<p>BiBIL propose plusieurs approches de la banque de donn\u00e9es :<br \/>\n\u2013 La <strong>recherche avanc\u00e9e<\/strong> vous permet de trouver des documents de mani\u00e8re cibl\u00e9e : par ex. un auteur ou un texte pr\u00e9cis, les termes d&rsquo;un titre<br \/>\net circonscrite : par ex. limit\u00e9e \u00e0 une tranche d&rsquo;ann\u00e9es, \u00e0 une revue.<\/p>\n<p>\u2013 La <strong>recherche par arborescence (th\u00e9saurus)<\/strong> affiche les notices bibliographiques selon une structure hi\u00e9rarchique. On peut parcourir le th\u00e9saurus en cliquant sur + et, une fois le niveau souhait\u00e9 atteint, afficher les notices bibliographiques en choisissant l&rsquo;intitul\u00e9 et en cliquant sur \u00ab\u00a0rechercher\u00a0\u00bb.<br \/>\nPar exemple, pour chercher les notices bibliographiques concernant les \u00ab\u00a0\u00c9vangiles apocryphes\u00a0\u00bb (un niveau qui contient lui-m\u00eame une douzaine de textes), on descend le th\u00e9saurus \u00e9tape par \u00e9tape :<br \/>\n1. Pseud\u00e9pigraphes &#8211; Apocryphes &#8211; Juda\u00efsme ancien &#8211; Gnosticisme &#8211; Monde gr\u00e9co-romain<br \/>\n1.1. Textes pseud\u00e9pigraphiques et apocryphes<br \/>\n1.1.1. Textes apocryphes relatifs \u00e0 un \u00e9v\u00e9nement ou un personnage du Nouveau Testament<br \/>\n1.1.1.1. \u00c9vangiles de l&rsquo;enfance<\/p>\n<p>Pour vous guider, une rubrique d&rsquo;aide figure \u00e0 droite la page de recherche.<br \/>\n<a href=\"https:\/\/bibil.unil.ch\" target=\"_blank\">BiBIL<\/a><\/p>\n","protected":false},"excerpt":{"rendered":"<p>La Bibliographie Biblique Informatis\u00e9e de Lausanne (BiBIL) vous donne acc\u00e8s aux travaux concernant la litt\u00e9rature apocryphe signal\u00e9s par les collaborateurs de l&rsquo;AELAC (publi\u00e9s dans les Bulletins de l&rsquo;AELAC) ainsi qu&rsquo;aux &hellip; <\/p>\n","protected":false},"author":1798,"featured_media":0,"parent":0,"menu_order":4,"comment_status":"closed","ping_status":"closed","template":"","meta":{"_seopress_robots_primary_cat":"","_seopress_titles_title":"","_seopress_titles_desc":"","_seopress_robots_index":"","footnotes":""},"class_list":["post-538","page","type-page","status-publish"],"_links":{"self":[{"href":"https:\/\/wp.unil.ch\/aelac\/wp-json\/wp\/v2\/pages\/538","targetHints":{"allow":["GET"]}}],"collection":[{"href":"https:\/\/wp.unil.ch\/aelac\/wp-json\/wp\/v2\/pages"}],"about":[{"href":"https:\/\/wp.unil.ch\/aelac\/wp-json\/wp\/v2\/types\/page"}],"author":[{"embeddable":true,"href":"https:\/\/wp.unil.ch\/aelac\/wp-json\/wp\/v2\/users\/1798"}],"replies":[{"embeddable":true,"href":"https:\/\/wp.unil.ch\/aelac\/wp-json\/wp\/v2\/comments?post=538"}],"version-history":[{"count":0,"href":"https:\/\/wp.unil.ch\/aelac\/wp-json\/wp\/v2\/pages\/538\/revisions"}],"wp:attachment":[{"href":"https:\/\/wp.unil.ch\/aelac\/wp-json\/wp\/v2\/media?parent=538"}],"curies":[{"name":"wp","href":"https:\/\/api.w.org\/{rel}","templated":true}]}}