{"id":500,"date":"2015-12-07T16:38:18","date_gmt":"2015-12-07T15:38:18","guid":{"rendered":"http:\/\/wp.unil.ch\/aelac\/?page_id=500"},"modified":"2019-11-22T19:02:05","modified_gmt":"2019-11-22T18:02:05","slug":"autres-publications","status":"publish","type":"page","link":"https:\/\/wp.unil.ch\/aelac\/publications\/autres-publications\/","title":{"rendered":"Autres publications"},"content":{"rendered":"<p><a href=\"https:\/\/wp.unil.ch\/aelac\/files\/2019\/11\/ISCAL2.jpg\"><img alt=\"\" loading=\"lazy\" decoding=\"async\" class=\"alignleft size-medium wp-image-1136\" src=\"https:\/\/wp.unil.ch\/aelac\/files\/2019\/11\/ISCAL2-212x300.jpg\" alt=\"\" width=\"70\" height=\"102\" \/><\/a>A.-C Baudoin \u2013 Z. Izydorczyk, \u00e9d, <a href=\"https:\/\/wp.unil.ch\/aelac\/files\/2019\/11\/19.ISCAL_2019_21_11.DEFb_.pdf\"><i>The Oldest Manuscript of the Acts of Pilate:<br \/>\nA Collaborative Commentary on the Vienna Palimpsest<\/i><\/a> (<i>Proceedings of the International Summer School on Christian Apocryphal Literature<\/i> 2), 2019, 166 p., <a href=\"https:\/\/wp.unil.ch\/aelac\/files\/2019\/11\/19.ISCAL_2019_21_11.DEFb_.pdf\">disponible uniquement en ligne<\/a>.<\/p>\n<p>&nbsp;<\/p>\n<p><a href=\"https:\/\/wp.unil.ch\/aelac\/files\/2015\/12\/edzpir08.jpg\"><img alt=\"\" loading=\"lazy\" decoding=\"async\" class=\"alignleft size-medium wp-image-828\" src=\"https:\/\/wp.unil.ch\/aelac\/files\/2015\/12\/edzpir08-205x300.jpg\" alt=\"\" width=\"70\" height=\"102\" srcset=\"https:\/\/wp.unil.ch\/aelac\/files\/2015\/12\/edzpir08-205x300.jpg 205w, https:\/\/wp.unil.ch\/aelac\/files\/2015\/12\/edzpir08-768x1125.jpg 768w, https:\/\/wp.unil.ch\/aelac\/files\/2015\/12\/edzpir08-699x1024.jpg 699w, https:\/\/wp.unil.ch\/aelac\/files\/2015\/12\/edzpir08.jpg 819w\" sizes=\"auto, (max-width: 70px) 100vw, 70px\" \/><\/a>F. Amsler \u2013 A. Frey \u2013 J.-D. Kaestli \u2013 A.-L. Rey (\u00e9ds), avecla collaboration de B. Cangemi Trolla et M. Rouquette,\u00a0 <em><a href=\"https:\/\/zebre.ch\/edznet\/edzpir08.htm\">La Vie d&rsquo;Adam et \u00c8ve et les traditions adamiques<\/a><\/em> (Publications de l\u2019Institut romand des sciences bibliques 8),\u00a0 2015, 480 p., 18 pl.<\/p>\n<p>&nbsp;<\/p>\n<p><a href=\"https:\/\/wp.unil.ch\/aelac\/files\/2015\/12\/edzpir07.jpg\"><img loading=\"lazy\" decoding=\"async\" class=\"alignleft size-medium wp-image-503\" src=\"https:\/\/wp.unil.ch\/aelac\/files\/2015\/12\/edzpir07-211x300.jpg\" alt=\"PIRSB07\" width=\"70\" height=\"100\" srcset=\"https:\/\/wp.unil.ch\/aelac\/files\/2015\/12\/edzpir07-211x300.jpg 211w, https:\/\/wp.unil.ch\/aelac\/files\/2015\/12\/edzpir07.jpg 562w\" sizes=\"auto, (max-width: 70px) 100vw, 70px\" \/><\/a>R. Gounelle \u2013 B. Mounier, \u00e9ds, <a href=\"https:\/\/www.zebre.ch\/edznet\/indpir07.htm\"><i>La litt\u00e9rature apocryphe chr\u00e9tienne et les \u00c9critures juives<\/i><\/a> (<i>Publications de l\u2019Institut romand des sciences bibliques<\/i> 7), 2015, 507\u00a0p.<\/p>\n<p>&nbsp;<\/p>\n<p><a href=\"https:\/\/wp.unil.ch\/aelac\/files\/2015\/12\/iscal1.jpg\"><img loading=\"lazy\" decoding=\"async\" class=\"alignleft wp-image-559\" src=\"https:\/\/wp.unil.ch\/aelac\/files\/2015\/12\/iscal1.jpg\" alt=\"ISCAL 1\" width=\"70\" height=\"105\" srcset=\"https:\/\/wp.unil.ch\/aelac\/files\/2015\/12\/iscal1.jpg 534w, https:\/\/wp.unil.ch\/aelac\/files\/2015\/12\/iscal1-200x300.jpg 200w\" sizes=\"auto, (max-width: 70px) 100vw, 70px\" \/><\/a>E. Rose, \u00e9d, <a href=\"https:\/\/www.brepolsonline.net\/doi\/book\/10.1484\/M.books.6.09070802050003050503000203\"><i>The Apocryphal Acts of the Apostles in Latin Christianity: Proceedings of the First International Summer School on Christian Apocryphal Literature (ISCAL), Strasbourg, 24-27 June 2012<\/i><\/a> (<i>Proceedings of the International Summer School on Christian Apocryphal Literature<\/i> 1), 2015, 136 p., <a href=\"https:\/\/www.brepolsonline.net\/doi\/book\/10.1484\/M.books.6.09070802050003050503000203\">disponible uniquement en ligne<\/a>.<\/p>\n<p><a href=\"https:\/\/wp.unil.ch\/aelac\/files\/2015\/12\/edzhtb09.jpg\"><img loading=\"lazy\" decoding=\"async\" class=\"alignleft wp-image-680\" src=\"https:\/\/wp.unil.ch\/aelac\/files\/2015\/12\/edzhtb09-150x150.jpg\" alt=\"La bible juive dans l'antiquit\u00e9\" width=\"70\" height=\"102\" srcset=\"https:\/\/wp.unil.ch\/aelac\/files\/2015\/12\/edzhtb09-206x300.jpg 206w, https:\/\/wp.unil.ch\/aelac\/files\/2015\/12\/edzhtb09.jpg 550w\" sizes=\"auto, (max-width: 70px) 100vw, 70px\" \/><\/a>R. Gounelle &#8211; J. Joosten, \u00e9ds, <a><i>La Bible juive dans l&rsquo;antiquit\u00e9<\/i><\/a> (<i>Histoire du texte biblique<\/i> 9), 2014, 271 p.<\/p>\n<p>&nbsp;<\/p>\n<p><a href=\"https:\/\/wp.unil.ch\/aelac\/files\/2015\/12\/dIS-9782906805118-1.jpg\"><img loading=\"lazy\" decoding=\"async\" class=\"alignleft size-full wp-image-521\" src=\"https:\/\/wp.unil.ch\/aelac\/files\/2015\/12\/dIS-9782906805118-1.jpg\" alt=\"dIS-9782906805118-1\" width=\"70\" height=\"100\" \/><\/a>G. Aragione \u2013 R. Gounelle, \u00e9ds, <a href=\"https:\/\/www.brepols.net\/Pages\/ShowProduct.aspx?prod_id=IS-9782906805118-1\"><i>\u00ab\u00a0Soyez des changeurs avis\u00e9s\u00a0\u00bb. Controverses ex\u00e9g\u00e9tiques dans la litt\u00e9rature apocryphe chr\u00e9tienne<\/i><\/a> (<i>Cahiers de Biblia patristica<\/i> 12), 2013, 175\u00a0p.<\/p>\n<p>&nbsp;<\/p>\n<p><a href=\"https:\/\/wp.unil.ch\/aelac\/files\/2015\/12\/edzpir06.jpg\"><img loading=\"lazy\" decoding=\"async\" class=\"alignleft size-medium wp-image-519\" src=\"https:\/\/wp.unil.ch\/aelac\/files\/2015\/12\/edzpir06-206x300.jpg\" alt=\"edzpir06\" width=\"70\" height=\"100\" \/><\/a>F. Amsler \u2013 A. Frey \u2013 C. Touati, \u00e9ds, <a href=\"https:\/\/www.zebre.ch\/edznet\/indpir06.htm\"><i>Nouvelles intrigues pseudo-cl\u00e9mentines \u2013 Plots in the Pseudo-Clementine Romance. Actes du deuxi\u00e8me colloque international sur la litt\u00e9rature apocryphe chr\u00e9tienne, Lausanne &#8211; Gen\u00e8ve, 30 ao\u00fbt &#8211; 2 septembre 2006<\/i><\/a> (<i>Publications de l\u2019Institut romand des sciences bibliques<\/i> 6), 2008, 511\u00a0p., 3\u00a0pl.<\/p>\n<p>&nbsp;<\/p>\n<p><a href=\"https:\/\/wp.unil.ch\/aelac\/files\/2015\/12\/edzpir01.jpg\"><img loading=\"lazy\" decoding=\"async\" class=\"alignleft size-medium wp-image-520\" src=\"https:\/\/wp.unil.ch\/aelac\/files\/2015\/12\/edzpir01-200x300.jpg\" alt=\"edzpir01\" width=\"70\" height=\"100\" \/><\/a><br \/>\nV. Calzolari \u2013 J.-D. Kaestli \u2013 B. Outtier, \u00e9ds, <a href=\"https:\/\/www.zebre.ch\/edznet\/indpir01.htm\"><i>Apocryphes arm\u00e9niens. Transmission \u2013 traduction \u2013 cr\u00e9ation \u2013 iconographie. Actes du colloque international sur la litt\u00e9rature apocryphe en langue arm\u00e9nienne (Gen\u00e8ve, 18-20 septembre 1997)<\/i><\/a> (<i>Publications de l\u2019Institut romand des sciences bibliques<\/i> 1), 1999, 192\u00a0p., 21\u00a0pl.<\/p>\n","protected":false},"excerpt":{"rendered":"<p>A.-C Baudoin \u2013 Z. Izydorczyk, \u00e9d, The Oldest Manuscript of the Acts of Pilate: A Collaborative Commentary on the Vienna Palimpsest (Proceedings of the International Summer School on Christian Apocryphal &hellip; <\/p>\n","protected":false},"author":1798,"featured_media":0,"parent":87,"menu_order":64,"comment_status":"closed","ping_status":"closed","template":"","meta":{"_seopress_robots_primary_cat":"","_seopress_titles_title":"","_seopress_titles_desc":"","_seopress_robots_index":"","footnotes":""},"class_list":["post-500","page","type-page","status-publish"],"_links":{"self":[{"href":"https:\/\/wp.unil.ch\/aelac\/wp-json\/wp\/v2\/pages\/500","targetHints":{"allow":["GET"]}}],"collection":[{"href":"https:\/\/wp.unil.ch\/aelac\/wp-json\/wp\/v2\/pages"}],"about":[{"href":"https:\/\/wp.unil.ch\/aelac\/wp-json\/wp\/v2\/types\/page"}],"author":[{"embeddable":true,"href":"https:\/\/wp.unil.ch\/aelac\/wp-json\/wp\/v2\/users\/1798"}],"replies":[{"embeddable":true,"href":"https:\/\/wp.unil.ch\/aelac\/wp-json\/wp\/v2\/comments?post=500"}],"version-history":[{"count":0,"href":"https:\/\/wp.unil.ch\/aelac\/wp-json\/wp\/v2\/pages\/500\/revisions"}],"up":[{"embeddable":true,"href":"https:\/\/wp.unil.ch\/aelac\/wp-json\/wp\/v2\/pages\/87"}],"wp:attachment":[{"href":"https:\/\/wp.unil.ch\/aelac\/wp-json\/wp\/v2\/media?parent=500"}],"curies":[{"name":"wp","href":"https:\/\/api.w.org\/{rel}","templated":true}]}}